
{"id":9626,"date":"2024-07-25T00:46:32","date_gmt":"2024-07-25T00:46:32","guid":{"rendered":"https:\/\/uvastrading.es\/?post_type=product&#038;p=9626"},"modified":"2025-04-03T15:46:45","modified_gmt":"2025-04-03T15:46:45","slug":"pack-vinos-blancos-fresco-facil-de-beber","status":"publish","type":"product","link":"https:\/\/uvastrading.es\/en\/tienda\/paquetes\/pack-vinos-blancos-fresco-facil-de-beber\/","title":{"rendered":"Fresh white wine pack, easy to drink"},"content":{"rendered":"<p>Contenido del pack:<\/p>\n<ul>\n<li>Konrad Wines Sauvignon Blanc 2022<\/li>\n<li>Castle of the Rock Touraine 2022<\/li>\n<li>ETNA White 2022<\/li>\n<li>Le Temps est Venu C\u00f4tes du Rh\u00f4ne white 2022<\/li>\n<li>Little Chablis 2022<\/li>\n<li>OZU by Otazu 2023 Chardonnay<\/li>\n<\/ul>","protected":false},"excerpt":{"rendered":"<p>Contenido del pack: Konrad Wines Sauvignon Blanc 2022 Ch\u00e2teau de la Roche Touraine 2022 ETNA Bianco 2022 Le Temps est Venu C\u00f4tes du Rh\u00f4ne blanc 2022 Petit Chablis 2022 OZU by Otazu 2023 Chardonnay<\/p>","protected":false},"featured_media":12677,"comment_status":"open","ping_status":"closed","template":"","meta":{"_acf_changed":false,"om_disable_all_campaigns":false,"inline_featured_image":false,"_monsterinsights_skip_tracking":false,"_monsterinsights_sitenote_active":false,"_monsterinsights_sitenote_note":"","_monsterinsights_sitenote_category":0,"_joinchat":[]},"product_brand":[],"product_cat":[711],"product_tag":[708],"class_list":{"0":"post-9626","1":"product","2":"type-product","3":"status-publish","4":"has-post-thumbnail","6":"product_cat-paquetes","7":"product_tag-tipo-pack","9":"first","10":"instock","11":"sale","12":"taxable","13":"shipping-taxable","14":"purchasable","15":"product-type-woosb"},"acf":[],"yoast_head":"<!-- This site is optimized with the Yoast SEO plugin v26.6 - https:\/\/yoast.com\/wordpress\/plugins\/seo\/ -->\n<title>Pack vinos Blancos fresco, f\u00e1cil de beber - UVAS Trading<\/title>\n<meta name=\"robots\" content=\"index, follow, max-snippet:-1, max-image-preview:large, max-video-preview:-1\" \/>\n<link rel=\"canonical\" href=\"https:\/\/uvastrading.es\/en\/tienda\/paquetes\/pack-vinos-blancos-fresco-facil-de-beber\/\" \/>\n<meta property=\"og:locale\" content=\"en_US\" \/>\n<meta property=\"og:type\" content=\"article\" \/>\n<meta property=\"og:title\" content=\"Pack vinos Blancos fresco, f\u00e1cil de beber - UVAS Trading\" \/>\n<meta property=\"og:description\" content=\"Contenido del pack: Konrad Wines Sauvignon Blanc 2022 Ch\u00e2teau de la Roche Touraine 2022 ETNA Bianco 2022 Le Temps est Venu C\u00f4tes du Rh\u00f4ne blanc 2022 Petit Chablis 2022 OZU by Otazu 2023 Chardonnay\" \/>\n<meta property=\"og:url\" content=\"https:\/\/uvastrading.es\/en\/tienda\/paquetes\/pack-vinos-blancos-fresco-facil-de-beber\/\" \/>\n<meta property=\"og:site_name\" content=\"UVAS Trading\" \/>\n<meta property=\"article:modified_time\" content=\"2025-04-03T15:46:45+00:00\" \/>\n<meta property=\"og:image\" content=\"https:\/\/uvastrading.es\/wp-content\/uploads\/2024\/07\/pack-23.2.webp\" \/>\n\t<meta property=\"og:image:width\" content=\"1000\" \/>\n\t<meta property=\"og:image:height\" content=\"1000\" \/>\n\t<meta property=\"og:image:type\" content=\"image\/webp\" \/>\n<meta name=\"twitter:card\" content=\"summary_large_image\" \/>\n<meta name=\"twitter:label1\" content=\"Est. reading time\" \/>\n\t<meta name=\"twitter:data1\" content=\"1 minute\" \/>\n<script type=\"application\/ld+json\" class=\"yoast-schema-graph\">{\"@context\":\"https:\/\/schema.org\",\"@graph\":[{\"@type\":\"WebPage\",\"@id\":\"https:\/\/uvastrading.es\/tienda\/paquetes\/pack-vinos-blancos-fresco-facil-de-beber\/\",\"url\":\"https:\/\/uvastrading.es\/tienda\/paquetes\/pack-vinos-blancos-fresco-facil-de-beber\/\",\"name\":\"Pack vinos Blancos fresco, f\u00e1cil de beber - UVAS Trading\",\"isPartOf\":{\"@id\":\"https:\/\/uvastrading.es\/#website\"},\"primaryImageOfPage\":{\"@id\":\"https:\/\/uvastrading.es\/tienda\/paquetes\/pack-vinos-blancos-fresco-facil-de-beber\/#primaryimage\"},\"image\":{\"@id\":\"https:\/\/uvastrading.es\/tienda\/paquetes\/pack-vinos-blancos-fresco-facil-de-beber\/#primaryimage\"},\"thumbnailUrl\":\"https:\/\/uvastrading.es\/wp-content\/uploads\/2024\/07\/pack-23.2.webp\",\"datePublished\":\"2024-07-25T00:46:32+00:00\",\"dateModified\":\"2025-04-03T15:46:45+00:00\",\"breadcrumb\":{\"@id\":\"https:\/\/uvastrading.es\/tienda\/paquetes\/pack-vinos-blancos-fresco-facil-de-beber\/#breadcrumb\"},\"inLanguage\":\"en-US\",\"potentialAction\":[{\"@type\":\"ReadAction\",\"target\":[\"https:\/\/uvastrading.es\/tienda\/paquetes\/pack-vinos-blancos-fresco-facil-de-beber\/\"]}]},{\"@type\":\"ImageObject\",\"inLanguage\":\"en-US\",\"@id\":\"https:\/\/uvastrading.es\/tienda\/paquetes\/pack-vinos-blancos-fresco-facil-de-beber\/#primaryimage\",\"url\":\"https:\/\/uvastrading.es\/wp-content\/uploads\/2024\/07\/pack-23.2.webp\",\"contentUrl\":\"https:\/\/uvastrading.es\/wp-content\/uploads\/2024\/07\/pack-23.2.webp\",\"width\":1000,\"height\":1000},{\"@type\":\"BreadcrumbList\",\"@id\":\"https:\/\/uvastrading.es\/tienda\/paquetes\/pack-vinos-blancos-fresco-facil-de-beber\/#breadcrumb\",\"itemListElement\":[{\"@type\":\"ListItem\",\"position\":1,\"name\":\"Home\",\"item\":\"https:\/\/uvastrading.es\/\"},{\"@type\":\"ListItem\",\"position\":2,\"name\":\"Tienda\",\"item\":\"https:\/\/uvastrading.es\/tienda\/\"},{\"@type\":\"ListItem\",\"position\":3,\"name\":\"Pack vinos Blancos fresco, f\u00e1cil de beber\"}]},{\"@type\":\"WebSite\",\"@id\":\"https:\/\/uvastrading.es\/#website\",\"url\":\"https:\/\/uvastrading.es\/\",\"name\":\"UVAS Trading\",\"description\":\"Importador y distribuidor exclusivo de bodegas familiares y de renombre de 25 regiones vitivin\u00edcolas de todo el mundo.\",\"publisher\":{\"@id\":\"https:\/\/uvastrading.es\/#organization\"},\"alternateName\":\"Inicio - UVAS Trading\",\"potentialAction\":[{\"@type\":\"SearchAction\",\"target\":{\"@type\":\"EntryPoint\",\"urlTemplate\":\"https:\/\/uvastrading.es\/?s={search_term_string}\"},\"query-input\":{\"@type\":\"PropertyValueSpecification\",\"valueRequired\":true,\"valueName\":\"search_term_string\"}}],\"inLanguage\":\"en-US\"},{\"@type\":\"Organization\",\"@id\":\"https:\/\/uvastrading.es\/#organization\",\"name\":\"UVAS Trading\",\"alternateName\":\"UVAS Trading\",\"url\":\"https:\/\/uvastrading.es\/\",\"logo\":{\"@type\":\"ImageObject\",\"inLanguage\":\"en-US\",\"@id\":\"https:\/\/uvastrading.es\/#\/schema\/logo\/image\/\",\"url\":\"https:\/\/uvastrading.es\/wp-content\/uploads\/2024\/07\/cropped-IMAGOTIPO-COLOR-1.jpg\",\"contentUrl\":\"https:\/\/uvastrading.es\/wp-content\/uploads\/2024\/07\/cropped-IMAGOTIPO-COLOR-1.jpg\",\"width\":2195,\"height\":1901,\"caption\":\"UVAS Trading\"},\"image\":{\"@id\":\"https:\/\/uvastrading.es\/#\/schema\/logo\/image\/\"}}]}<\/script>\n<!-- \/ Yoast SEO plugin. -->","yoast_head_json":{"title":"Pack vinos Blancos fresco, f\u00e1cil de beber - UVAS Trading","robots":{"index":"index","follow":"follow","max-snippet":"max-snippet:-1","max-image-preview":"max-image-preview:large","max-video-preview":"max-video-preview:-1"},"canonical":"https:\/\/uvastrading.es\/en\/tienda\/paquetes\/pack-vinos-blancos-fresco-facil-de-beber\/","og_locale":"en_US","og_type":"article","og_title":"Pack vinos Blancos fresco, f\u00e1cil de beber - UVAS Trading","og_description":"Contenido del pack: Konrad Wines Sauvignon Blanc 2022 Ch\u00e2teau de la Roche Touraine 2022 ETNA Bianco 2022 Le Temps est Venu C\u00f4tes du Rh\u00f4ne blanc 2022 Petit Chablis 2022 OZU by Otazu 2023 Chardonnay","og_url":"https:\/\/uvastrading.es\/en\/tienda\/paquetes\/pack-vinos-blancos-fresco-facil-de-beber\/","og_site_name":"UVAS Trading","article_modified_time":"2025-04-03T15:46:45+00:00","og_image":[{"width":1000,"height":1000,"url":"https:\/\/uvastrading.es\/wp-content\/uploads\/2024\/07\/pack-23.2.webp","type":"image\/webp"}],"twitter_card":"summary_large_image","twitter_misc":{"Est. reading time":"1 minute"},"schema":{"@context":"https:\/\/schema.org","@graph":[{"@type":"WebPage","@id":"https:\/\/uvastrading.es\/tienda\/paquetes\/pack-vinos-blancos-fresco-facil-de-beber\/","url":"https:\/\/uvastrading.es\/tienda\/paquetes\/pack-vinos-blancos-fresco-facil-de-beber\/","name":"Pack vinos Blancos fresco, f\u00e1cil de beber - UVAS Trading","isPartOf":{"@id":"https:\/\/uvastrading.es\/#website"},"primaryImageOfPage":{"@id":"https:\/\/uvastrading.es\/tienda\/paquetes\/pack-vinos-blancos-fresco-facil-de-beber\/#primaryimage"},"image":{"@id":"https:\/\/uvastrading.es\/tienda\/paquetes\/pack-vinos-blancos-fresco-facil-de-beber\/#primaryimage"},"thumbnailUrl":"https:\/\/uvastrading.es\/wp-content\/uploads\/2024\/07\/pack-23.2.webp","datePublished":"2024-07-25T00:46:32+00:00","dateModified":"2025-04-03T15:46:45+00:00","breadcrumb":{"@id":"https:\/\/uvastrading.es\/tienda\/paquetes\/pack-vinos-blancos-fresco-facil-de-beber\/#breadcrumb"},"inLanguage":"en-US","potentialAction":[{"@type":"ReadAction","target":["https:\/\/uvastrading.es\/tienda\/paquetes\/pack-vinos-blancos-fresco-facil-de-beber\/"]}]},{"@type":"ImageObject","inLanguage":"en-US","@id":"https:\/\/uvastrading.es\/tienda\/paquetes\/pack-vinos-blancos-fresco-facil-de-beber\/#primaryimage","url":"https:\/\/uvastrading.es\/wp-content\/uploads\/2024\/07\/pack-23.2.webp","contentUrl":"https:\/\/uvastrading.es\/wp-content\/uploads\/2024\/07\/pack-23.2.webp","width":1000,"height":1000},{"@type":"BreadcrumbList","@id":"https:\/\/uvastrading.es\/tienda\/paquetes\/pack-vinos-blancos-fresco-facil-de-beber\/#breadcrumb","itemListElement":[{"@type":"ListItem","position":1,"name":"Home","item":"https:\/\/uvastrading.es\/"},{"@type":"ListItem","position":2,"name":"Tienda","item":"https:\/\/uvastrading.es\/tienda\/"},{"@type":"ListItem","position":3,"name":"Pack vinos Blancos fresco, f\u00e1cil de beber"}]},{"@type":"WebSite","@id":"https:\/\/uvastrading.es\/#website","url":"https:\/\/uvastrading.es\/","name":"UVAS Trading","description":"Importador y distribuidor exclusivo de bodegas familiares y de renombre de 25 regiones vitivin\u00edcolas de todo el mundo.","publisher":{"@id":"https:\/\/uvastrading.es\/#organization"},"alternateName":"Inicio - UVAS Trading","potentialAction":[{"@type":"SearchAction","target":{"@type":"EntryPoint","urlTemplate":"https:\/\/uvastrading.es\/?s={search_term_string}"},"query-input":{"@type":"PropertyValueSpecification","valueRequired":true,"valueName":"search_term_string"}}],"inLanguage":"en-US"},{"@type":"Organization","@id":"https:\/\/uvastrading.es\/#organization","name":"UVAS Trading","alternateName":"UVAS Trading","url":"https:\/\/uvastrading.es\/","logo":{"@type":"ImageObject","inLanguage":"en-US","@id":"https:\/\/uvastrading.es\/#\/schema\/logo\/image\/","url":"https:\/\/uvastrading.es\/wp-content\/uploads\/2024\/07\/cropped-IMAGOTIPO-COLOR-1.jpg","contentUrl":"https:\/\/uvastrading.es\/wp-content\/uploads\/2024\/07\/cropped-IMAGOTIPO-COLOR-1.jpg","width":2195,"height":1901,"caption":"UVAS Trading"},"image":{"@id":"https:\/\/uvastrading.es\/#\/schema\/logo\/image\/"}}]}},"_links":{"self":[{"href":"https:\/\/uvastrading.es\/en\/wp-json\/wp\/v2\/product\/9626","targetHints":{"allow":["GET"]}}],"collection":[{"href":"https:\/\/uvastrading.es\/en\/wp-json\/wp\/v2\/product"}],"about":[{"href":"https:\/\/uvastrading.es\/en\/wp-json\/wp\/v2\/types\/product"}],"replies":[{"embeddable":true,"href":"https:\/\/uvastrading.es\/en\/wp-json\/wp\/v2\/comments?post=9626"}],"version-history":[{"count":8,"href":"https:\/\/uvastrading.es\/en\/wp-json\/wp\/v2\/product\/9626\/revisions"}],"predecessor-version":[{"id":14637,"href":"https:\/\/uvastrading.es\/en\/wp-json\/wp\/v2\/product\/9626\/revisions\/14637"}],"wp:featuredmedia":[{"embeddable":true,"href":"https:\/\/uvastrading.es\/en\/wp-json\/wp\/v2\/media\/12677"}],"wp:attachment":[{"href":"https:\/\/uvastrading.es\/en\/wp-json\/wp\/v2\/media?parent=9626"}],"wp:term":[{"taxonomy":"product_brand","embeddable":true,"href":"https:\/\/uvastrading.es\/en\/wp-json\/wp\/v2\/product_brand?post=9626"},{"taxonomy":"product_cat","embeddable":true,"href":"https:\/\/uvastrading.es\/en\/wp-json\/wp\/v2\/product_cat?post=9626"},{"taxonomy":"product_tag","embeddable":true,"href":"https:\/\/uvastrading.es\/en\/wp-json\/wp\/v2\/product_tag?post=9626"}],"curies":[{"name":"wp","href":"https:\/\/api.w.org\/{rel}","templated":true}]}}