
{"id":9607,"date":"2024-07-25T00:24:30","date_gmt":"2024-07-25T00:24:30","guid":{"rendered":"https:\/\/uvastrading.es\/?post_type=product&#038;p=9607"},"modified":"2025-04-03T15:47:48","modified_gmt":"2025-04-03T15:47:48","slug":"pack-lo-mejor-de-lo-mejor-altamente-valorado","status":"publish","type":"product","link":"https:\/\/uvastrading.es\/en\/tienda\/paquetes\/pack-lo-mejor-de-lo-mejor-altamente-valorado\/","title":{"rendered":"Pack The best of the best (highly valued)"},"content":{"rendered":"<p>Contenido del pack:<\/p>\n<ul>\n<li>Edouard Duval, Millesime Brut Nature 2015<\/li>\n<li>Domaine Florent Garaudet, Le Mons H\u00e9lios Monthelie 2020<\/li>\n<li>Ch\u00e2teau du Paradis, St Emilion Grand Cru 2016<\/li>\n<li>Domaine Chantal Lescure, Les Bertins Pommard 1er Cru 2019<\/li>\n<li>Ch\u00e2teau Pontet Canet 5th Grand Cru Class Pauillac 2017<\/li>\n<li>Giovanni Rosso, Serra Barolo DOCG 2020<\/li>\n<\/ul>","protected":false},"excerpt":{"rendered":"<p>Contenido del pack: Edouard Duval, Millesime Brut Nature 2015 Domaine Florent Garaudet, Le Mons H\u00e9lios Monthelie 2020 Ch\u00e2teau du Paradis, St Emilion Grand Cru 2016 Domaine Chantal Lescure, Les Bertins Pommard 1er Cru 2019 Ch\u00e2teau Pontet Canet 5th Grand Cru Classe Pauillac 2017 Giovanni Rosso, Serra Barolo DOCG 2020<\/p>","protected":false},"featured_media":9608,"comment_status":"open","ping_status":"closed","template":"","meta":{"_acf_changed":false,"om_disable_all_campaigns":false,"inline_featured_image":false,"_monsterinsights_skip_tracking":false,"_monsterinsights_sitenote_active":false,"_monsterinsights_sitenote_note":"","_monsterinsights_sitenote_category":0,"_joinchat":[]},"product_brand":[],"product_cat":[711],"product_tag":[708],"class_list":{"0":"post-9607","1":"product","2":"type-product","3":"status-publish","4":"has-post-thumbnail","6":"product_cat-paquetes","7":"product_tag-tipo-pack","9":"first","10":"instock","11":"sale","12":"taxable","13":"shipping-taxable","14":"purchasable","15":"product-type-woosb"},"acf":[],"yoast_head":"<!-- This site is optimized with the Yoast SEO plugin v26.6 - https:\/\/yoast.com\/wordpress\/plugins\/seo\/ -->\n<title>Pack Lo mejor de lo mejor (altamente valorado) - UVAS Trading<\/title>\n<meta name=\"robots\" content=\"index, follow, max-snippet:-1, max-image-preview:large, max-video-preview:-1\" \/>\n<link rel=\"canonical\" href=\"https:\/\/uvastrading.es\/en\/tienda\/paquetes\/pack-lo-mejor-de-lo-mejor-altamente-valorado\/\" \/>\n<meta property=\"og:locale\" content=\"en_US\" \/>\n<meta property=\"og:type\" content=\"article\" \/>\n<meta property=\"og:title\" content=\"Pack Lo mejor de lo mejor (altamente valorado) - UVAS Trading\" \/>\n<meta property=\"og:description\" content=\"Contenido del pack: Edouard Duval, Millesime Brut Nature 2015 Domaine Florent Garaudet, Le Mons H\u00e9lios Monthelie 2020 Ch\u00e2teau du Paradis, St Emilion Grand Cru 2016 Domaine Chantal Lescure, Les Bertins Pommard 1er Cru 2019 Ch\u00e2teau Pontet Canet 5th Grand Cru Classe Pauillac 2017 Giovanni Rosso, Serra Barolo DOCG 2020\" \/>\n<meta property=\"og:url\" content=\"https:\/\/uvastrading.es\/en\/tienda\/paquetes\/pack-lo-mejor-de-lo-mejor-altamente-valorado\/\" \/>\n<meta property=\"og:site_name\" content=\"UVAS Trading\" \/>\n<meta property=\"article:modified_time\" content=\"2025-04-03T15:47:48+00:00\" \/>\n<meta property=\"og:image\" content=\"https:\/\/uvastrading.es\/wp-content\/uploads\/2024\/07\/pack-17.png\" \/>\n\t<meta property=\"og:image:width\" content=\"1000\" \/>\n\t<meta property=\"og:image:height\" content=\"1000\" \/>\n\t<meta property=\"og:image:type\" content=\"image\/png\" \/>\n<meta name=\"twitter:card\" content=\"summary_large_image\" \/>\n<meta name=\"twitter:label1\" content=\"Est. reading time\" \/>\n\t<meta name=\"twitter:data1\" content=\"1 minute\" \/>\n<script type=\"application\/ld+json\" class=\"yoast-schema-graph\">{\"@context\":\"https:\/\/schema.org\",\"@graph\":[{\"@type\":\"WebPage\",\"@id\":\"https:\/\/uvastrading.es\/tienda\/paquetes\/pack-lo-mejor-de-lo-mejor-altamente-valorado\/\",\"url\":\"https:\/\/uvastrading.es\/tienda\/paquetes\/pack-lo-mejor-de-lo-mejor-altamente-valorado\/\",\"name\":\"Pack Lo mejor de lo mejor (altamente valorado) - UVAS Trading\",\"isPartOf\":{\"@id\":\"https:\/\/uvastrading.es\/#website\"},\"primaryImageOfPage\":{\"@id\":\"https:\/\/uvastrading.es\/tienda\/paquetes\/pack-lo-mejor-de-lo-mejor-altamente-valorado\/#primaryimage\"},\"image\":{\"@id\":\"https:\/\/uvastrading.es\/tienda\/paquetes\/pack-lo-mejor-de-lo-mejor-altamente-valorado\/#primaryimage\"},\"thumbnailUrl\":\"https:\/\/uvastrading.es\/wp-content\/uploads\/2024\/07\/pack-17.png\",\"datePublished\":\"2024-07-25T00:24:30+00:00\",\"dateModified\":\"2025-04-03T15:47:48+00:00\",\"breadcrumb\":{\"@id\":\"https:\/\/uvastrading.es\/tienda\/paquetes\/pack-lo-mejor-de-lo-mejor-altamente-valorado\/#breadcrumb\"},\"inLanguage\":\"en-US\",\"potentialAction\":[{\"@type\":\"ReadAction\",\"target\":[\"https:\/\/uvastrading.es\/tienda\/paquetes\/pack-lo-mejor-de-lo-mejor-altamente-valorado\/\"]}]},{\"@type\":\"ImageObject\",\"inLanguage\":\"en-US\",\"@id\":\"https:\/\/uvastrading.es\/tienda\/paquetes\/pack-lo-mejor-de-lo-mejor-altamente-valorado\/#primaryimage\",\"url\":\"https:\/\/uvastrading.es\/wp-content\/uploads\/2024\/07\/pack-17.png\",\"contentUrl\":\"https:\/\/uvastrading.es\/wp-content\/uploads\/2024\/07\/pack-17.png\",\"width\":1000,\"height\":1000,\"caption\":\"Pack Lo mejor de lo mejor (altamente valorado)\"},{\"@type\":\"BreadcrumbList\",\"@id\":\"https:\/\/uvastrading.es\/tienda\/paquetes\/pack-lo-mejor-de-lo-mejor-altamente-valorado\/#breadcrumb\",\"itemListElement\":[{\"@type\":\"ListItem\",\"position\":1,\"name\":\"Home\",\"item\":\"https:\/\/uvastrading.es\/\"},{\"@type\":\"ListItem\",\"position\":2,\"name\":\"Tienda\",\"item\":\"https:\/\/uvastrading.es\/tienda\/\"},{\"@type\":\"ListItem\",\"position\":3,\"name\":\"Pack Lo mejor de lo mejor (altamente valorado)\"}]},{\"@type\":\"WebSite\",\"@id\":\"https:\/\/uvastrading.es\/#website\",\"url\":\"https:\/\/uvastrading.es\/\",\"name\":\"UVAS Trading\",\"description\":\"Importador y distribuidor exclusivo de bodegas familiares y de renombre de 25 regiones vitivin\u00edcolas de todo el mundo.\",\"publisher\":{\"@id\":\"https:\/\/uvastrading.es\/#organization\"},\"alternateName\":\"Inicio - UVAS Trading\",\"potentialAction\":[{\"@type\":\"SearchAction\",\"target\":{\"@type\":\"EntryPoint\",\"urlTemplate\":\"https:\/\/uvastrading.es\/?s={search_term_string}\"},\"query-input\":{\"@type\":\"PropertyValueSpecification\",\"valueRequired\":true,\"valueName\":\"search_term_string\"}}],\"inLanguage\":\"en-US\"},{\"@type\":\"Organization\",\"@id\":\"https:\/\/uvastrading.es\/#organization\",\"name\":\"UVAS Trading\",\"alternateName\":\"UVAS Trading\",\"url\":\"https:\/\/uvastrading.es\/\",\"logo\":{\"@type\":\"ImageObject\",\"inLanguage\":\"en-US\",\"@id\":\"https:\/\/uvastrading.es\/#\/schema\/logo\/image\/\",\"url\":\"https:\/\/uvastrading.es\/wp-content\/uploads\/2024\/07\/cropped-IMAGOTIPO-COLOR-1.jpg\",\"contentUrl\":\"https:\/\/uvastrading.es\/wp-content\/uploads\/2024\/07\/cropped-IMAGOTIPO-COLOR-1.jpg\",\"width\":2195,\"height\":1901,\"caption\":\"UVAS Trading\"},\"image\":{\"@id\":\"https:\/\/uvastrading.es\/#\/schema\/logo\/image\/\"}}]}<\/script>\n<!-- \/ Yoast SEO plugin. -->","yoast_head_json":{"title":"Pack Lo mejor de lo mejor (altamente valorado) - UVAS Trading","robots":{"index":"index","follow":"follow","max-snippet":"max-snippet:-1","max-image-preview":"max-image-preview:large","max-video-preview":"max-video-preview:-1"},"canonical":"https:\/\/uvastrading.es\/en\/tienda\/paquetes\/pack-lo-mejor-de-lo-mejor-altamente-valorado\/","og_locale":"en_US","og_type":"article","og_title":"Pack Lo mejor de lo mejor (altamente valorado) - UVAS Trading","og_description":"Contenido del pack: Edouard Duval, Millesime Brut Nature 2015 Domaine Florent Garaudet, Le Mons H\u00e9lios Monthelie 2020 Ch\u00e2teau du Paradis, St Emilion Grand Cru 2016 Domaine Chantal Lescure, Les Bertins Pommard 1er Cru 2019 Ch\u00e2teau Pontet Canet 5th Grand Cru Classe Pauillac 2017 Giovanni Rosso, Serra Barolo DOCG 2020","og_url":"https:\/\/uvastrading.es\/en\/tienda\/paquetes\/pack-lo-mejor-de-lo-mejor-altamente-valorado\/","og_site_name":"UVAS Trading","article_modified_time":"2025-04-03T15:47:48+00:00","og_image":[{"width":1000,"height":1000,"url":"https:\/\/uvastrading.es\/wp-content\/uploads\/2024\/07\/pack-17.png","type":"image\/png"}],"twitter_card":"summary_large_image","twitter_misc":{"Est. reading time":"1 minute"},"schema":{"@context":"https:\/\/schema.org","@graph":[{"@type":"WebPage","@id":"https:\/\/uvastrading.es\/tienda\/paquetes\/pack-lo-mejor-de-lo-mejor-altamente-valorado\/","url":"https:\/\/uvastrading.es\/tienda\/paquetes\/pack-lo-mejor-de-lo-mejor-altamente-valorado\/","name":"Pack Lo mejor de lo mejor (altamente valorado) - UVAS Trading","isPartOf":{"@id":"https:\/\/uvastrading.es\/#website"},"primaryImageOfPage":{"@id":"https:\/\/uvastrading.es\/tienda\/paquetes\/pack-lo-mejor-de-lo-mejor-altamente-valorado\/#primaryimage"},"image":{"@id":"https:\/\/uvastrading.es\/tienda\/paquetes\/pack-lo-mejor-de-lo-mejor-altamente-valorado\/#primaryimage"},"thumbnailUrl":"https:\/\/uvastrading.es\/wp-content\/uploads\/2024\/07\/pack-17.png","datePublished":"2024-07-25T00:24:30+00:00","dateModified":"2025-04-03T15:47:48+00:00","breadcrumb":{"@id":"https:\/\/uvastrading.es\/tienda\/paquetes\/pack-lo-mejor-de-lo-mejor-altamente-valorado\/#breadcrumb"},"inLanguage":"en-US","potentialAction":[{"@type":"ReadAction","target":["https:\/\/uvastrading.es\/tienda\/paquetes\/pack-lo-mejor-de-lo-mejor-altamente-valorado\/"]}]},{"@type":"ImageObject","inLanguage":"en-US","@id":"https:\/\/uvastrading.es\/tienda\/paquetes\/pack-lo-mejor-de-lo-mejor-altamente-valorado\/#primaryimage","url":"https:\/\/uvastrading.es\/wp-content\/uploads\/2024\/07\/pack-17.png","contentUrl":"https:\/\/uvastrading.es\/wp-content\/uploads\/2024\/07\/pack-17.png","width":1000,"height":1000,"caption":"Pack Lo mejor de lo mejor (altamente valorado)"},{"@type":"BreadcrumbList","@id":"https:\/\/uvastrading.es\/tienda\/paquetes\/pack-lo-mejor-de-lo-mejor-altamente-valorado\/#breadcrumb","itemListElement":[{"@type":"ListItem","position":1,"name":"Home","item":"https:\/\/uvastrading.es\/"},{"@type":"ListItem","position":2,"name":"Tienda","item":"https:\/\/uvastrading.es\/tienda\/"},{"@type":"ListItem","position":3,"name":"Pack Lo mejor de lo mejor (altamente valorado)"}]},{"@type":"WebSite","@id":"https:\/\/uvastrading.es\/#website","url":"https:\/\/uvastrading.es\/","name":"UVAS Trading","description":"Importador y distribuidor exclusivo de bodegas familiares y de renombre de 25 regiones vitivin\u00edcolas de todo el mundo.","publisher":{"@id":"https:\/\/uvastrading.es\/#organization"},"alternateName":"Inicio - UVAS Trading","potentialAction":[{"@type":"SearchAction","target":{"@type":"EntryPoint","urlTemplate":"https:\/\/uvastrading.es\/?s={search_term_string}"},"query-input":{"@type":"PropertyValueSpecification","valueRequired":true,"valueName":"search_term_string"}}],"inLanguage":"en-US"},{"@type":"Organization","@id":"https:\/\/uvastrading.es\/#organization","name":"UVAS Trading","alternateName":"UVAS Trading","url":"https:\/\/uvastrading.es\/","logo":{"@type":"ImageObject","inLanguage":"en-US","@id":"https:\/\/uvastrading.es\/#\/schema\/logo\/image\/","url":"https:\/\/uvastrading.es\/wp-content\/uploads\/2024\/07\/cropped-IMAGOTIPO-COLOR-1.jpg","contentUrl":"https:\/\/uvastrading.es\/wp-content\/uploads\/2024\/07\/cropped-IMAGOTIPO-COLOR-1.jpg","width":2195,"height":1901,"caption":"UVAS Trading"},"image":{"@id":"https:\/\/uvastrading.es\/#\/schema\/logo\/image\/"}}]}},"_links":{"self":[{"href":"https:\/\/uvastrading.es\/en\/wp-json\/wp\/v2\/product\/9607","targetHints":{"allow":["GET"]}}],"collection":[{"href":"https:\/\/uvastrading.es\/en\/wp-json\/wp\/v2\/product"}],"about":[{"href":"https:\/\/uvastrading.es\/en\/wp-json\/wp\/v2\/types\/product"}],"replies":[{"embeddable":true,"href":"https:\/\/uvastrading.es\/en\/wp-json\/wp\/v2\/comments?post=9607"}],"version-history":[{"count":7,"href":"https:\/\/uvastrading.es\/en\/wp-json\/wp\/v2\/product\/9607\/revisions"}],"predecessor-version":[{"id":13324,"href":"https:\/\/uvastrading.es\/en\/wp-json\/wp\/v2\/product\/9607\/revisions\/13324"}],"wp:featuredmedia":[{"embeddable":true,"href":"https:\/\/uvastrading.es\/en\/wp-json\/wp\/v2\/media\/9608"}],"wp:attachment":[{"href":"https:\/\/uvastrading.es\/en\/wp-json\/wp\/v2\/media?parent=9607"}],"wp:term":[{"taxonomy":"product_brand","embeddable":true,"href":"https:\/\/uvastrading.es\/en\/wp-json\/wp\/v2\/product_brand?post=9607"},{"taxonomy":"product_cat","embeddable":true,"href":"https:\/\/uvastrading.es\/en\/wp-json\/wp\/v2\/product_cat?post=9607"},{"taxonomy":"product_tag","embeddable":true,"href":"https:\/\/uvastrading.es\/en\/wp-json\/wp\/v2\/product_tag?post=9607"}],"curies":[{"name":"wp","href":"https:\/\/api.w.org\/{rel}","templated":true}]}}