
{"id":7676,"date":"2024-06-04T15:19:55","date_gmt":"2024-06-04T15:19:55","guid":{"rendered":"https:\/\/uvastrading.es\/tienda\/sin%20categor\u00eda\/tyrells-old-winery-shiraz-2021-2\/"},"modified":"2025-06-17T22:02:35","modified_gmt":"2025-06-17T22:02:35","slug":"tyrells-old-winery-shiraz-2021-2","status":"publish","type":"product","link":"https:\/\/uvastrading.es\/en\/tienda\/australia\/victoria\/tyrells-old-winery-shiraz-2021-2\/","title":{"rendered":"Tyrell's Old Winery Shiraz 2021"},"content":{"rendered":"<p>This wine comes from selected grapes from the vineyards of Heathcote and McLaren Vale. Its production took place at the Hunter Valley winery, using a combination of open fermenters and stainless steel tanks. The aging was carried out in French and American oak barrels for 12 to 15 months after the harvest.<\/p>\n<p>It presents a deep red color with a bright purple edge. On the nose, it stands out as a smooth, spicy red wine, with aromas of dark ripe fruits and subtle hints of oak with vanilla. On the palate, it offers intense flavors of shiraz, backed by firm tannins that provide length and complexity. This wine is a rich and elegant expression of shiraz, ideal for enjoying on a variety of occasions.<\/p>\n<p><span style=\"display: none;\">Tyrell&#8217;s<\/span><\/p>","protected":false},"excerpt":{"rendered":"<p>Este vino proviene de uvas selectas de los vi\u00f1edos de Heathcote y McLaren Vale. Su elaboraci\u00f3n se llev\u00f3 a cabo en la bodega Hunter Valley, utilizando una combinaci\u00f3n de fermentadores abiertos y tanques de acero inoxidable. La maduraci\u00f3n se realiz\u00f3 en barricas de roble franc\u00e9s y americano durante 12 a 15 meses tras la vendimia. [&hellip;]<\/p>","protected":false},"featured_media":6448,"comment_status":"open","ping_status":"closed","template":"","meta":{"_acf_changed":false,"om_disable_all_campaigns":false,"inline_featured_image":false,"_monsterinsights_skip_tracking":false,"_monsterinsights_sitenote_active":false,"_monsterinsights_sitenote_note":"","_monsterinsights_sitenote_category":0,"_joinchat":[]},"product_brand":[],"product_cat":[327,653],"product_tag":[654],"class_list":{"0":"post-7676","1":"product","2":"type-product","3":"status-publish","4":"has-post-thumbnail","6":"product_cat-australia","7":"product_cat-victoria","8":"product_tag-tyrells","10":"first","11":"instock","12":"taxable","13":"shipping-taxable","14":"purchasable","15":"product-type-simple"},"acf":[],"yoast_head":"<!-- This site is optimized with the Yoast SEO plugin v26.6 - https:\/\/yoast.com\/wordpress\/plugins\/seo\/ -->\n<title>Tyrell&#039;s Old Winery Shiraz 2021 - UVAS Trading<\/title>\n<meta name=\"robots\" content=\"index, follow, max-snippet:-1, max-image-preview:large, max-video-preview:-1\" \/>\n<link rel=\"canonical\" href=\"https:\/\/uvastrading.es\/en\/tienda\/australia\/victoria\/tyrells-old-winery-shiraz-2021-2\/\" \/>\n<meta property=\"og:locale\" content=\"en_US\" \/>\n<meta property=\"og:type\" content=\"article\" \/>\n<meta property=\"og:title\" content=\"Tyrell&#039;s Old Winery Shiraz 2021 - UVAS Trading\" \/>\n<meta property=\"og:description\" content=\"Este vino proviene de uvas selectas de los vi\u00f1edos de Heathcote y McLaren Vale. Su elaboraci\u00f3n se llev\u00f3 a cabo en la bodega Hunter Valley, utilizando una combinaci\u00f3n de fermentadores abiertos y tanques de acero inoxidable. La maduraci\u00f3n se realiz\u00f3 en barricas de roble franc\u00e9s y americano durante 12 a 15 meses tras la vendimia. [&hellip;]\" \/>\n<meta property=\"og:url\" content=\"https:\/\/uvastrading.es\/en\/tienda\/australia\/victoria\/tyrells-old-winery-shiraz-2021-2\/\" \/>\n<meta property=\"og:site_name\" content=\"UVAS Trading\" \/>\n<meta property=\"article:modified_time\" content=\"2025-06-17T22:02:35+00:00\" \/>\n<meta property=\"og:image\" content=\"https:\/\/uvastrading.es\/wp-content\/uploads\/2024\/01\/6438.png\" \/>\n\t<meta property=\"og:image:width\" content=\"520\" \/>\n\t<meta property=\"og:image:height\" content=\"1473\" \/>\n\t<meta property=\"og:image:type\" content=\"image\/png\" \/>\n<meta name=\"twitter:card\" content=\"summary_large_image\" \/>\n<meta name=\"twitter:label1\" content=\"Est. reading time\" \/>\n\t<meta name=\"twitter:data1\" content=\"1 minute\" \/>\n<script type=\"application\/ld+json\" class=\"yoast-schema-graph\">{\"@context\":\"https:\/\/schema.org\",\"@graph\":[{\"@type\":\"WebPage\",\"@id\":\"https:\/\/uvastrading.es\/tienda\/australia\/victoria\/tyrells-old-winery-shiraz-2021-2\/\",\"url\":\"https:\/\/uvastrading.es\/tienda\/australia\/victoria\/tyrells-old-winery-shiraz-2021-2\/\",\"name\":\"Tyrell's Old Winery Shiraz 2021 - UVAS Trading\",\"isPartOf\":{\"@id\":\"https:\/\/uvastrading.es\/#website\"},\"primaryImageOfPage\":{\"@id\":\"https:\/\/uvastrading.es\/tienda\/australia\/victoria\/tyrells-old-winery-shiraz-2021-2\/#primaryimage\"},\"image\":{\"@id\":\"https:\/\/uvastrading.es\/tienda\/australia\/victoria\/tyrells-old-winery-shiraz-2021-2\/#primaryimage\"},\"thumbnailUrl\":\"https:\/\/uvastrading.es\/wp-content\/uploads\/2024\/01\/6438.png\",\"datePublished\":\"2024-06-04T15:19:55+00:00\",\"dateModified\":\"2025-06-17T22:02:35+00:00\",\"breadcrumb\":{\"@id\":\"https:\/\/uvastrading.es\/tienda\/australia\/victoria\/tyrells-old-winery-shiraz-2021-2\/#breadcrumb\"},\"inLanguage\":\"en-US\",\"potentialAction\":[{\"@type\":\"ReadAction\",\"target\":[\"https:\/\/uvastrading.es\/tienda\/australia\/victoria\/tyrells-old-winery-shiraz-2021-2\/\"]}]},{\"@type\":\"ImageObject\",\"inLanguage\":\"en-US\",\"@id\":\"https:\/\/uvastrading.es\/tienda\/australia\/victoria\/tyrells-old-winery-shiraz-2021-2\/#primaryimage\",\"url\":\"https:\/\/uvastrading.es\/wp-content\/uploads\/2024\/01\/6438.png\",\"contentUrl\":\"https:\/\/uvastrading.es\/wp-content\/uploads\/2024\/01\/6438.png\",\"width\":520,\"height\":1473,\"caption\":\"Tyrell's Old Winery Shiraz 2021\"},{\"@type\":\"BreadcrumbList\",\"@id\":\"https:\/\/uvastrading.es\/tienda\/australia\/victoria\/tyrells-old-winery-shiraz-2021-2\/#breadcrumb\",\"itemListElement\":[{\"@type\":\"ListItem\",\"position\":1,\"name\":\"Home\",\"item\":\"https:\/\/uvastrading.es\/\"},{\"@type\":\"ListItem\",\"position\":2,\"name\":\"Tienda\",\"item\":\"https:\/\/uvastrading.es\/tienda\/\"},{\"@type\":\"ListItem\",\"position\":3,\"name\":\"Tyrell&#8217;s Old Winery Shiraz 2021\"}]},{\"@type\":\"WebSite\",\"@id\":\"https:\/\/uvastrading.es\/#website\",\"url\":\"https:\/\/uvastrading.es\/\",\"name\":\"UVAS Trading\",\"description\":\"Importador y distribuidor exclusivo de bodegas familiares y de renombre de 25 regiones vitivin\u00edcolas de todo el mundo.\",\"publisher\":{\"@id\":\"https:\/\/uvastrading.es\/#organization\"},\"alternateName\":\"Inicio - UVAS Trading\",\"potentialAction\":[{\"@type\":\"SearchAction\",\"target\":{\"@type\":\"EntryPoint\",\"urlTemplate\":\"https:\/\/uvastrading.es\/?s={search_term_string}\"},\"query-input\":{\"@type\":\"PropertyValueSpecification\",\"valueRequired\":true,\"valueName\":\"search_term_string\"}}],\"inLanguage\":\"en-US\"},{\"@type\":\"Organization\",\"@id\":\"https:\/\/uvastrading.es\/#organization\",\"name\":\"UVAS Trading\",\"alternateName\":\"UVAS Trading\",\"url\":\"https:\/\/uvastrading.es\/\",\"logo\":{\"@type\":\"ImageObject\",\"inLanguage\":\"en-US\",\"@id\":\"https:\/\/uvastrading.es\/#\/schema\/logo\/image\/\",\"url\":\"https:\/\/uvastrading.es\/wp-content\/uploads\/2024\/07\/cropped-IMAGOTIPO-COLOR-1.jpg\",\"contentUrl\":\"https:\/\/uvastrading.es\/wp-content\/uploads\/2024\/07\/cropped-IMAGOTIPO-COLOR-1.jpg\",\"width\":2195,\"height\":1901,\"caption\":\"UVAS Trading\"},\"image\":{\"@id\":\"https:\/\/uvastrading.es\/#\/schema\/logo\/image\/\"}}]}<\/script>\n<!-- \/ Yoast SEO plugin. -->","yoast_head_json":{"title":"Tyrell's Old Winery Shiraz 2021 - UVAS Trading","robots":{"index":"index","follow":"follow","max-snippet":"max-snippet:-1","max-image-preview":"max-image-preview:large","max-video-preview":"max-video-preview:-1"},"canonical":"https:\/\/uvastrading.es\/en\/tienda\/australia\/victoria\/tyrells-old-winery-shiraz-2021-2\/","og_locale":"en_US","og_type":"article","og_title":"Tyrell's Old Winery Shiraz 2021 - UVAS Trading","og_description":"Este vino proviene de uvas selectas de los vi\u00f1edos de Heathcote y McLaren Vale. Su elaboraci\u00f3n se llev\u00f3 a cabo en la bodega Hunter Valley, utilizando una combinaci\u00f3n de fermentadores abiertos y tanques de acero inoxidable. La maduraci\u00f3n se realiz\u00f3 en barricas de roble franc\u00e9s y americano durante 12 a 15 meses tras la vendimia. [&hellip;]","og_url":"https:\/\/uvastrading.es\/en\/tienda\/australia\/victoria\/tyrells-old-winery-shiraz-2021-2\/","og_site_name":"UVAS Trading","article_modified_time":"2025-06-17T22:02:35+00:00","og_image":[{"width":520,"height":1473,"url":"https:\/\/uvastrading.es\/wp-content\/uploads\/2024\/01\/6438.png","type":"image\/png"}],"twitter_card":"summary_large_image","twitter_misc":{"Est. reading time":"1 minute"},"schema":{"@context":"https:\/\/schema.org","@graph":[{"@type":"WebPage","@id":"https:\/\/uvastrading.es\/tienda\/australia\/victoria\/tyrells-old-winery-shiraz-2021-2\/","url":"https:\/\/uvastrading.es\/tienda\/australia\/victoria\/tyrells-old-winery-shiraz-2021-2\/","name":"Tyrell's Old Winery Shiraz 2021 - UVAS Trading","isPartOf":{"@id":"https:\/\/uvastrading.es\/#website"},"primaryImageOfPage":{"@id":"https:\/\/uvastrading.es\/tienda\/australia\/victoria\/tyrells-old-winery-shiraz-2021-2\/#primaryimage"},"image":{"@id":"https:\/\/uvastrading.es\/tienda\/australia\/victoria\/tyrells-old-winery-shiraz-2021-2\/#primaryimage"},"thumbnailUrl":"https:\/\/uvastrading.es\/wp-content\/uploads\/2024\/01\/6438.png","datePublished":"2024-06-04T15:19:55+00:00","dateModified":"2025-06-17T22:02:35+00:00","breadcrumb":{"@id":"https:\/\/uvastrading.es\/tienda\/australia\/victoria\/tyrells-old-winery-shiraz-2021-2\/#breadcrumb"},"inLanguage":"en-US","potentialAction":[{"@type":"ReadAction","target":["https:\/\/uvastrading.es\/tienda\/australia\/victoria\/tyrells-old-winery-shiraz-2021-2\/"]}]},{"@type":"ImageObject","inLanguage":"en-US","@id":"https:\/\/uvastrading.es\/tienda\/australia\/victoria\/tyrells-old-winery-shiraz-2021-2\/#primaryimage","url":"https:\/\/uvastrading.es\/wp-content\/uploads\/2024\/01\/6438.png","contentUrl":"https:\/\/uvastrading.es\/wp-content\/uploads\/2024\/01\/6438.png","width":520,"height":1473,"caption":"Tyrell's Old Winery Shiraz 2021"},{"@type":"BreadcrumbList","@id":"https:\/\/uvastrading.es\/tienda\/australia\/victoria\/tyrells-old-winery-shiraz-2021-2\/#breadcrumb","itemListElement":[{"@type":"ListItem","position":1,"name":"Home","item":"https:\/\/uvastrading.es\/"},{"@type":"ListItem","position":2,"name":"Tienda","item":"https:\/\/uvastrading.es\/tienda\/"},{"@type":"ListItem","position":3,"name":"Tyrell&#8217;s Old Winery Shiraz 2021"}]},{"@type":"WebSite","@id":"https:\/\/uvastrading.es\/#website","url":"https:\/\/uvastrading.es\/","name":"UVAS Trading","description":"Importador y distribuidor exclusivo de bodegas familiares y de renombre de 25 regiones vitivin\u00edcolas de todo el mundo.","publisher":{"@id":"https:\/\/uvastrading.es\/#organization"},"alternateName":"Inicio - UVAS Trading","potentialAction":[{"@type":"SearchAction","target":{"@type":"EntryPoint","urlTemplate":"https:\/\/uvastrading.es\/?s={search_term_string}"},"query-input":{"@type":"PropertyValueSpecification","valueRequired":true,"valueName":"search_term_string"}}],"inLanguage":"en-US"},{"@type":"Organization","@id":"https:\/\/uvastrading.es\/#organization","name":"UVAS Trading","alternateName":"UVAS Trading","url":"https:\/\/uvastrading.es\/","logo":{"@type":"ImageObject","inLanguage":"en-US","@id":"https:\/\/uvastrading.es\/#\/schema\/logo\/image\/","url":"https:\/\/uvastrading.es\/wp-content\/uploads\/2024\/07\/cropped-IMAGOTIPO-COLOR-1.jpg","contentUrl":"https:\/\/uvastrading.es\/wp-content\/uploads\/2024\/07\/cropped-IMAGOTIPO-COLOR-1.jpg","width":2195,"height":1901,"caption":"UVAS Trading"},"image":{"@id":"https:\/\/uvastrading.es\/#\/schema\/logo\/image\/"}}]}},"_links":{"self":[{"href":"https:\/\/uvastrading.es\/en\/wp-json\/wp\/v2\/product\/7676","targetHints":{"allow":["GET"]}}],"collection":[{"href":"https:\/\/uvastrading.es\/en\/wp-json\/wp\/v2\/product"}],"about":[{"href":"https:\/\/uvastrading.es\/en\/wp-json\/wp\/v2\/types\/product"}],"replies":[{"embeddable":true,"href":"https:\/\/uvastrading.es\/en\/wp-json\/wp\/v2\/comments?post=7676"}],"version-history":[{"count":5,"href":"https:\/\/uvastrading.es\/en\/wp-json\/wp\/v2\/product\/7676\/revisions"}],"predecessor-version":[{"id":12828,"href":"https:\/\/uvastrading.es\/en\/wp-json\/wp\/v2\/product\/7676\/revisions\/12828"}],"wp:featuredmedia":[{"embeddable":true,"href":"https:\/\/uvastrading.es\/en\/wp-json\/wp\/v2\/media\/6448"}],"wp:attachment":[{"href":"https:\/\/uvastrading.es\/en\/wp-json\/wp\/v2\/media?parent=7676"}],"wp:term":[{"taxonomy":"product_brand","embeddable":true,"href":"https:\/\/uvastrading.es\/en\/wp-json\/wp\/v2\/product_brand?post=7676"},{"taxonomy":"product_cat","embeddable":true,"href":"https:\/\/uvastrading.es\/en\/wp-json\/wp\/v2\/product_cat?post=7676"},{"taxonomy":"product_tag","embeddable":true,"href":"https:\/\/uvastrading.es\/en\/wp-json\/wp\/v2\/product_tag?post=7676"}],"curies":[{"name":"wp","href":"https:\/\/api.w.org\/{rel}","templated":true}]}}