
{"id":7675,"date":"2024-06-04T15:19:55","date_gmt":"2024-06-04T15:19:55","guid":{"rendered":"https:\/\/uvastrading.es\/tienda\/sin%20categor\u00eda\/castellare-di-castellina-chianti-classico-riserva-il-poggiale-2021-2\/"},"modified":"2024-12-19T22:09:03","modified_gmt":"2024-12-19T22:09:03","slug":"castellare-di-castellina-chianti-classico-riserva-il-poggiale-2021","status":"publish","type":"product","link":"https:\/\/uvastrading.es\/en\/tienda\/italia\/toscana\/castellare-di-castellina-chianti-classico-riserva-il-poggiale-2021\/","title":{"rendered":"Castellare di Castellina Chianti Classico Riserva Il Poggiale 2021"},"content":{"rendered":"<p>El Chianti Classico Riserva Il Poggiale de Castellare di Castellina es un vino que se distingue por ser el fruto de un \u00fanico vi\u00f1edo, un cru especialmente destinado para producir un Chianti Classico de alta expresi\u00f3n. Este vino es una muestra de la elegancia del Sangiovese, complementado con peque\u00f1as cantidades de Canaiolo y Ciliegiolo, meticulosamente vendimiadas a mano a mediados de octubre. La fermentaci\u00f3n se realiza en dep\u00f3sitos de acero inoxidable con control de temperatura, seguida de una crianza de 12-18 meses en barrica y 12 meses adicionales en botella antes de su lanzamiento al mercado.<\/p>\n<p>Este Riserva destaca por su color rojo rub\u00ed brillante y profundo. Al abrirse, despliega aromas florales de violetas, enriquecidos con toques de cereza y una sutileza mineral. En el paladar, se revela fresco y sabroso, haciendo eco de la fragancia frutal percibida en la nariz, con una fidelidad impresionante.<\/p>\n<p><span style=\"display: none;\">Castellare di Castellina<\/span><\/p>","protected":false},"excerpt":{"rendered":"<p>El Chianti Classico Riserva Il Poggiale de Castellare di Castellina es un vino que se distingue por ser el fruto de un \u00fanico vi\u00f1edo, un cru especialmente destinado para producir un Chianti Classico de alta expresi\u00f3n. Este vino es una muestra de la elegancia del Sangiovese, complementado con peque\u00f1as cantidades de Canaiolo y Ciliegiolo, meticulosamente [&hellip;]<\/p>","protected":false},"featured_media":9403,"comment_status":"open","ping_status":"closed","template":"","meta":{"_acf_changed":false,"om_disable_all_campaigns":false,"inline_featured_image":false,"_monsterinsights_skip_tracking":false,"_monsterinsights_sitenote_active":false,"_monsterinsights_sitenote_note":"","_monsterinsights_sitenote_category":0,"_joinchat":[]},"product_brand":[],"product_cat":[26,614],"product_tag":[652],"class_list":{"0":"post-7675","1":"product","2":"type-product","3":"status-publish","4":"has-post-thumbnail","6":"product_cat-italia","7":"product_cat-toscana","8":"product_tag-castellare-di-castellina","10":"first","11":"instock","12":"taxable","13":"shipping-taxable","14":"purchasable","15":"product-type-simple"},"acf":[],"yoast_head":"<!-- This site is optimized with the Yoast SEO plugin v26.6 - https:\/\/yoast.com\/wordpress\/plugins\/seo\/ -->\n<title>Castellare di Castellina Chianti Classico Riserva Il Poggiale 2021 - UVAS Trading<\/title>\n<meta name=\"robots\" content=\"index, follow, max-snippet:-1, max-image-preview:large, max-video-preview:-1\" \/>\n<link rel=\"canonical\" href=\"https:\/\/uvastrading.es\/en\/tienda\/italia\/toscana\/castellare-di-castellina-chianti-classico-riserva-il-poggiale-2021\/\" \/>\n<meta property=\"og:locale\" content=\"en_US\" \/>\n<meta property=\"og:type\" content=\"article\" \/>\n<meta property=\"og:title\" content=\"Castellare di Castellina Chianti Classico Riserva Il Poggiale 2021 - UVAS Trading\" \/>\n<meta property=\"og:description\" content=\"El Chianti Classico Riserva Il Poggiale de Castellare di Castellina es un vino que se distingue por ser el fruto de un \u00fanico vi\u00f1edo, un cru especialmente destinado para producir un Chianti Classico de alta expresi\u00f3n. Este vino es una muestra de la elegancia del Sangiovese, complementado con peque\u00f1as cantidades de Canaiolo y Ciliegiolo, meticulosamente [&hellip;]\" \/>\n<meta property=\"og:url\" content=\"https:\/\/uvastrading.es\/en\/tienda\/italia\/toscana\/castellare-di-castellina-chianti-classico-riserva-il-poggiale-2021\/\" \/>\n<meta property=\"og:site_name\" content=\"UVAS Trading\" \/>\n<meta property=\"article:modified_time\" content=\"2024-12-19T22:09:03+00:00\" \/>\n<meta property=\"og:image\" content=\"https:\/\/uvastrading.es\/wp-content\/uploads\/2024\/07\/Castellare-di-Castellina-Chianti-Classico.png\" \/>\n\t<meta property=\"og:image:width\" content=\"520\" \/>\n\t<meta property=\"og:image:height\" content=\"1473\" \/>\n\t<meta property=\"og:image:type\" content=\"image\/png\" \/>\n<meta name=\"twitter:card\" content=\"summary_large_image\" \/>\n<meta name=\"twitter:label1\" content=\"Est. reading time\" \/>\n\t<meta name=\"twitter:data1\" content=\"1 minute\" \/>\n<script type=\"application\/ld+json\" class=\"yoast-schema-graph\">{\"@context\":\"https:\/\/schema.org\",\"@graph\":[{\"@type\":\"WebPage\",\"@id\":\"https:\/\/uvastrading.es\/tienda\/italia\/toscana\/castellare-di-castellina-chianti-classico-riserva-il-poggiale-2021\/\",\"url\":\"https:\/\/uvastrading.es\/tienda\/italia\/toscana\/castellare-di-castellina-chianti-classico-riserva-il-poggiale-2021\/\",\"name\":\"Castellare di Castellina Chianti Classico Riserva Il Poggiale 2021 - UVAS Trading\",\"isPartOf\":{\"@id\":\"https:\/\/uvastrading.es\/#website\"},\"primaryImageOfPage\":{\"@id\":\"https:\/\/uvastrading.es\/tienda\/italia\/toscana\/castellare-di-castellina-chianti-classico-riserva-il-poggiale-2021\/#primaryimage\"},\"image\":{\"@id\":\"https:\/\/uvastrading.es\/tienda\/italia\/toscana\/castellare-di-castellina-chianti-classico-riserva-il-poggiale-2021\/#primaryimage\"},\"thumbnailUrl\":\"https:\/\/uvastrading.es\/wp-content\/uploads\/2024\/07\/Castellare-di-Castellina-Chianti-Classico.png\",\"datePublished\":\"2024-06-04T15:19:55+00:00\",\"dateModified\":\"2024-12-19T22:09:03+00:00\",\"breadcrumb\":{\"@id\":\"https:\/\/uvastrading.es\/tienda\/italia\/toscana\/castellare-di-castellina-chianti-classico-riserva-il-poggiale-2021\/#breadcrumb\"},\"inLanguage\":\"en-US\",\"potentialAction\":[{\"@type\":\"ReadAction\",\"target\":[\"https:\/\/uvastrading.es\/tienda\/italia\/toscana\/castellare-di-castellina-chianti-classico-riserva-il-poggiale-2021\/\"]}]},{\"@type\":\"ImageObject\",\"inLanguage\":\"en-US\",\"@id\":\"https:\/\/uvastrading.es\/tienda\/italia\/toscana\/castellare-di-castellina-chianti-classico-riserva-il-poggiale-2021\/#primaryimage\",\"url\":\"https:\/\/uvastrading.es\/wp-content\/uploads\/2024\/07\/Castellare-di-Castellina-Chianti-Classico.png\",\"contentUrl\":\"https:\/\/uvastrading.es\/wp-content\/uploads\/2024\/07\/Castellare-di-Castellina-Chianti-Classico.png\",\"width\":520,\"height\":1473,\"caption\":\"Castellare di Castellina Chianti Classico\"},{\"@type\":\"BreadcrumbList\",\"@id\":\"https:\/\/uvastrading.es\/tienda\/italia\/toscana\/castellare-di-castellina-chianti-classico-riserva-il-poggiale-2021\/#breadcrumb\",\"itemListElement\":[{\"@type\":\"ListItem\",\"position\":1,\"name\":\"Home\",\"item\":\"https:\/\/uvastrading.es\/\"},{\"@type\":\"ListItem\",\"position\":2,\"name\":\"Tienda\",\"item\":\"https:\/\/uvastrading.es\/tienda\/\"},{\"@type\":\"ListItem\",\"position\":3,\"name\":\"Castellare di Castellina Chianti Classico Riserva Il Poggiale 2021\"}]},{\"@type\":\"WebSite\",\"@id\":\"https:\/\/uvastrading.es\/#website\",\"url\":\"https:\/\/uvastrading.es\/\",\"name\":\"UVAS Trading\",\"description\":\"Importador y distribuidor exclusivo de bodegas familiares y de renombre de 25 regiones vitivin\u00edcolas de todo el mundo.\",\"publisher\":{\"@id\":\"https:\/\/uvastrading.es\/#organization\"},\"alternateName\":\"Inicio - UVAS Trading\",\"potentialAction\":[{\"@type\":\"SearchAction\",\"target\":{\"@type\":\"EntryPoint\",\"urlTemplate\":\"https:\/\/uvastrading.es\/?s={search_term_string}\"},\"query-input\":{\"@type\":\"PropertyValueSpecification\",\"valueRequired\":true,\"valueName\":\"search_term_string\"}}],\"inLanguage\":\"en-US\"},{\"@type\":\"Organization\",\"@id\":\"https:\/\/uvastrading.es\/#organization\",\"name\":\"UVAS Trading\",\"alternateName\":\"UVAS Trading\",\"url\":\"https:\/\/uvastrading.es\/\",\"logo\":{\"@type\":\"ImageObject\",\"inLanguage\":\"en-US\",\"@id\":\"https:\/\/uvastrading.es\/#\/schema\/logo\/image\/\",\"url\":\"https:\/\/uvastrading.es\/wp-content\/uploads\/2024\/07\/cropped-IMAGOTIPO-COLOR-1.jpg\",\"contentUrl\":\"https:\/\/uvastrading.es\/wp-content\/uploads\/2024\/07\/cropped-IMAGOTIPO-COLOR-1.jpg\",\"width\":2195,\"height\":1901,\"caption\":\"UVAS Trading\"},\"image\":{\"@id\":\"https:\/\/uvastrading.es\/#\/schema\/logo\/image\/\"}}]}<\/script>\n<!-- \/ Yoast SEO plugin. -->","yoast_head_json":{"title":"Castellare di Castellina Chianti Classico Riserva Il Poggiale 2021 - UVAS Trading","robots":{"index":"index","follow":"follow","max-snippet":"max-snippet:-1","max-image-preview":"max-image-preview:large","max-video-preview":"max-video-preview:-1"},"canonical":"https:\/\/uvastrading.es\/en\/tienda\/italia\/toscana\/castellare-di-castellina-chianti-classico-riserva-il-poggiale-2021\/","og_locale":"en_US","og_type":"article","og_title":"Castellare di Castellina Chianti Classico Riserva Il Poggiale 2021 - UVAS Trading","og_description":"El Chianti Classico Riserva Il Poggiale de Castellare di Castellina es un vino que se distingue por ser el fruto de un \u00fanico vi\u00f1edo, un cru especialmente destinado para producir un Chianti Classico de alta expresi\u00f3n. Este vino es una muestra de la elegancia del Sangiovese, complementado con peque\u00f1as cantidades de Canaiolo y Ciliegiolo, meticulosamente [&hellip;]","og_url":"https:\/\/uvastrading.es\/en\/tienda\/italia\/toscana\/castellare-di-castellina-chianti-classico-riserva-il-poggiale-2021\/","og_site_name":"UVAS Trading","article_modified_time":"2024-12-19T22:09:03+00:00","og_image":[{"width":520,"height":1473,"url":"https:\/\/uvastrading.es\/wp-content\/uploads\/2024\/07\/Castellare-di-Castellina-Chianti-Classico.png","type":"image\/png"}],"twitter_card":"summary_large_image","twitter_misc":{"Est. reading time":"1 minute"},"schema":{"@context":"https:\/\/schema.org","@graph":[{"@type":"WebPage","@id":"https:\/\/uvastrading.es\/tienda\/italia\/toscana\/castellare-di-castellina-chianti-classico-riserva-il-poggiale-2021\/","url":"https:\/\/uvastrading.es\/tienda\/italia\/toscana\/castellare-di-castellina-chianti-classico-riserva-il-poggiale-2021\/","name":"Castellare di Castellina Chianti Classico Riserva Il Poggiale 2021 - UVAS Trading","isPartOf":{"@id":"https:\/\/uvastrading.es\/#website"},"primaryImageOfPage":{"@id":"https:\/\/uvastrading.es\/tienda\/italia\/toscana\/castellare-di-castellina-chianti-classico-riserva-il-poggiale-2021\/#primaryimage"},"image":{"@id":"https:\/\/uvastrading.es\/tienda\/italia\/toscana\/castellare-di-castellina-chianti-classico-riserva-il-poggiale-2021\/#primaryimage"},"thumbnailUrl":"https:\/\/uvastrading.es\/wp-content\/uploads\/2024\/07\/Castellare-di-Castellina-Chianti-Classico.png","datePublished":"2024-06-04T15:19:55+00:00","dateModified":"2024-12-19T22:09:03+00:00","breadcrumb":{"@id":"https:\/\/uvastrading.es\/tienda\/italia\/toscana\/castellare-di-castellina-chianti-classico-riserva-il-poggiale-2021\/#breadcrumb"},"inLanguage":"en-US","potentialAction":[{"@type":"ReadAction","target":["https:\/\/uvastrading.es\/tienda\/italia\/toscana\/castellare-di-castellina-chianti-classico-riserva-il-poggiale-2021\/"]}]},{"@type":"ImageObject","inLanguage":"en-US","@id":"https:\/\/uvastrading.es\/tienda\/italia\/toscana\/castellare-di-castellina-chianti-classico-riserva-il-poggiale-2021\/#primaryimage","url":"https:\/\/uvastrading.es\/wp-content\/uploads\/2024\/07\/Castellare-di-Castellina-Chianti-Classico.png","contentUrl":"https:\/\/uvastrading.es\/wp-content\/uploads\/2024\/07\/Castellare-di-Castellina-Chianti-Classico.png","width":520,"height":1473,"caption":"Castellare di Castellina Chianti Classico"},{"@type":"BreadcrumbList","@id":"https:\/\/uvastrading.es\/tienda\/italia\/toscana\/castellare-di-castellina-chianti-classico-riserva-il-poggiale-2021\/#breadcrumb","itemListElement":[{"@type":"ListItem","position":1,"name":"Home","item":"https:\/\/uvastrading.es\/"},{"@type":"ListItem","position":2,"name":"Tienda","item":"https:\/\/uvastrading.es\/tienda\/"},{"@type":"ListItem","position":3,"name":"Castellare di Castellina Chianti Classico Riserva Il Poggiale 2021"}]},{"@type":"WebSite","@id":"https:\/\/uvastrading.es\/#website","url":"https:\/\/uvastrading.es\/","name":"UVAS Trading","description":"Importador y distribuidor exclusivo de bodegas familiares y de renombre de 25 regiones vitivin\u00edcolas de todo el mundo.","publisher":{"@id":"https:\/\/uvastrading.es\/#organization"},"alternateName":"Inicio - UVAS Trading","potentialAction":[{"@type":"SearchAction","target":{"@type":"EntryPoint","urlTemplate":"https:\/\/uvastrading.es\/?s={search_term_string}"},"query-input":{"@type":"PropertyValueSpecification","valueRequired":true,"valueName":"search_term_string"}}],"inLanguage":"en-US"},{"@type":"Organization","@id":"https:\/\/uvastrading.es\/#organization","name":"UVAS Trading","alternateName":"UVAS Trading","url":"https:\/\/uvastrading.es\/","logo":{"@type":"ImageObject","inLanguage":"en-US","@id":"https:\/\/uvastrading.es\/#\/schema\/logo\/image\/","url":"https:\/\/uvastrading.es\/wp-content\/uploads\/2024\/07\/cropped-IMAGOTIPO-COLOR-1.jpg","contentUrl":"https:\/\/uvastrading.es\/wp-content\/uploads\/2024\/07\/cropped-IMAGOTIPO-COLOR-1.jpg","width":2195,"height":1901,"caption":"UVAS Trading"},"image":{"@id":"https:\/\/uvastrading.es\/#\/schema\/logo\/image\/"}}]}},"_links":{"self":[{"href":"https:\/\/uvastrading.es\/en\/wp-json\/wp\/v2\/product\/7675","targetHints":{"allow":["GET"]}}],"collection":[{"href":"https:\/\/uvastrading.es\/en\/wp-json\/wp\/v2\/product"}],"about":[{"href":"https:\/\/uvastrading.es\/en\/wp-json\/wp\/v2\/types\/product"}],"replies":[{"embeddable":true,"href":"https:\/\/uvastrading.es\/en\/wp-json\/wp\/v2\/comments?post=7675"}],"version-history":[{"count":4,"href":"https:\/\/uvastrading.es\/en\/wp-json\/wp\/v2\/product\/7675\/revisions"}],"predecessor-version":[{"id":13003,"href":"https:\/\/uvastrading.es\/en\/wp-json\/wp\/v2\/product\/7675\/revisions\/13003"}],"wp:featuredmedia":[{"embeddable":true,"href":"https:\/\/uvastrading.es\/en\/wp-json\/wp\/v2\/media\/9403"}],"wp:attachment":[{"href":"https:\/\/uvastrading.es\/en\/wp-json\/wp\/v2\/media?parent=7675"}],"wp:term":[{"taxonomy":"product_brand","embeddable":true,"href":"https:\/\/uvastrading.es\/en\/wp-json\/wp\/v2\/product_brand?post=7675"},{"taxonomy":"product_cat","embeddable":true,"href":"https:\/\/uvastrading.es\/en\/wp-json\/wp\/v2\/product_cat?post=7675"},{"taxonomy":"product_tag","embeddable":true,"href":"https:\/\/uvastrading.es\/en\/wp-json\/wp\/v2\/product_tag?post=7675"}],"curies":[{"name":"wp","href":"https:\/\/api.w.org\/{rel}","templated":true}]}}