
{"id":7668,"date":"2024-06-04T15:19:54","date_gmt":"2024-06-04T15:19:54","guid":{"rendered":"https:\/\/uvastrading.es\/tienda\/sin%20categor\u00eda\/lieu-dit-fels-riesling-2013\/"},"modified":"2024-10-02T02:13:54","modified_gmt":"2024-10-02T02:13:54","slug":"lieu-dit-fels-riesling-2016","status":"publish","type":"product","link":"https:\/\/uvastrading.es\/en\/tienda\/francia\/alsacia\/lieu-dit-fels-riesling-2016\/","title":{"rendered":"Lieu Dit Fels Riesling 2016"},"content":{"rendered":"<p>Domaine Schieferkopf presenta este fino Riesling, cultivado biodin\u00e1micamente por el aclamado en\u00f3logo Michel Chapoutier en el vi\u00f1edo Fels, cercano a Bernardvill\u00e9 en Alsacia. Este Schieferkopf Riesling Fels, con su car\u00e1cter refinado y mineral, es la elecci\u00f3n perfecta para acompa\u00f1ar platos de comida oriental con un toque picante. Destaca en esta a\u00f1ada su textura sedosa y un final en boca tanto salino como persistente, ofreciendo una experiencia enol\u00f3gica equilibrada y memorable<\/p>\n<p><span style=\"display: none;\">Schieferkopf Estate<\/span><\/p>","protected":false},"excerpt":{"rendered":"<p>Domaine Schieferkopf presenta este fino Riesling, cultivado biodin\u00e1micamente por el aclamado en\u00f3logo Michel Chapoutier en el vi\u00f1edo Fels, cercano a Bernardvill\u00e9 en Alsacia. Este Schieferkopf Riesling Fels, con su car\u00e1cter refinado y mineral, es la elecci\u00f3n perfecta para acompa\u00f1ar platos de comida oriental con un toque picante. Destaca en esta a\u00f1ada su textura sedosa y [&hellip;]<\/p>","protected":false},"featured_media":6370,"comment_status":"open","ping_status":"closed","template":"","meta":{"_acf_changed":false,"om_disable_all_campaigns":false,"inline_featured_image":false,"_monsterinsights_skip_tracking":false,"_monsterinsights_sitenote_active":false,"_monsterinsights_sitenote_note":"","_monsterinsights_sitenote_category":0,"_joinchat":[]},"product_brand":[],"product_cat":[648,24],"product_tag":[649],"class_list":{"0":"post-7668","1":"product","2":"type-product","3":"status-publish","4":"has-post-thumbnail","6":"product_cat-alsacia","7":"product_cat-francia","8":"product_tag-domaine-schieferkopf","10":"first","11":"instock","12":"taxable","13":"shipping-taxable","14":"purchasable","15":"product-type-simple"},"acf":[],"yoast_head":"<!-- This site is optimized with the Yoast SEO plugin v26.6 - https:\/\/yoast.com\/wordpress\/plugins\/seo\/ -->\n<title>Lieu Dit Fels Riesling 2016 - UVAS Trading<\/title>\n<meta name=\"robots\" content=\"index, follow, max-snippet:-1, max-image-preview:large, max-video-preview:-1\" \/>\n<link rel=\"canonical\" href=\"https:\/\/uvastrading.es\/en\/tienda\/francia\/alsacia\/lieu-dit-fels-riesling-2016\/\" \/>\n<meta property=\"og:locale\" content=\"en_US\" \/>\n<meta property=\"og:type\" content=\"article\" \/>\n<meta property=\"og:title\" content=\"Lieu Dit Fels Riesling 2016 - UVAS Trading\" \/>\n<meta property=\"og:description\" content=\"Domaine Schieferkopf presenta este fino Riesling, cultivado biodin\u00e1micamente por el aclamado en\u00f3logo Michel Chapoutier en el vi\u00f1edo Fels, cercano a Bernardvill\u00e9 en Alsacia. Este Schieferkopf Riesling Fels, con su car\u00e1cter refinado y mineral, es la elecci\u00f3n perfecta para acompa\u00f1ar platos de comida oriental con un toque picante. Destaca en esta a\u00f1ada su textura sedosa y [&hellip;]\" \/>\n<meta property=\"og:url\" content=\"https:\/\/uvastrading.es\/en\/tienda\/francia\/alsacia\/lieu-dit-fels-riesling-2016\/\" \/>\n<meta property=\"og:site_name\" content=\"UVAS Trading\" \/>\n<meta property=\"article:modified_time\" content=\"2024-10-02T02:13:54+00:00\" \/>\n<meta property=\"og:image\" content=\"https:\/\/uvastrading.es\/wp-content\/uploads\/2024\/01\/6368.png\" \/>\n\t<meta property=\"og:image:width\" content=\"520\" \/>\n\t<meta property=\"og:image:height\" content=\"1473\" \/>\n\t<meta property=\"og:image:type\" content=\"image\/png\" \/>\n<meta name=\"twitter:card\" content=\"summary_large_image\" \/>\n<meta name=\"twitter:label1\" content=\"Est. reading time\" \/>\n\t<meta name=\"twitter:data1\" content=\"1 minute\" \/>\n<script type=\"application\/ld+json\" class=\"yoast-schema-graph\">{\"@context\":\"https:\/\/schema.org\",\"@graph\":[{\"@type\":\"WebPage\",\"@id\":\"https:\/\/uvastrading.es\/tienda\/francia\/alsacia\/lieu-dit-fels-riesling-2016\/\",\"url\":\"https:\/\/uvastrading.es\/tienda\/francia\/alsacia\/lieu-dit-fels-riesling-2016\/\",\"name\":\"Lieu Dit Fels Riesling 2016 - UVAS Trading\",\"isPartOf\":{\"@id\":\"https:\/\/uvastrading.es\/#website\"},\"primaryImageOfPage\":{\"@id\":\"https:\/\/uvastrading.es\/tienda\/francia\/alsacia\/lieu-dit-fels-riesling-2016\/#primaryimage\"},\"image\":{\"@id\":\"https:\/\/uvastrading.es\/tienda\/francia\/alsacia\/lieu-dit-fels-riesling-2016\/#primaryimage\"},\"thumbnailUrl\":\"https:\/\/uvastrading.es\/wp-content\/uploads\/2024\/01\/6368.png\",\"datePublished\":\"2024-06-04T15:19:54+00:00\",\"dateModified\":\"2024-10-02T02:13:54+00:00\",\"breadcrumb\":{\"@id\":\"https:\/\/uvastrading.es\/tienda\/francia\/alsacia\/lieu-dit-fels-riesling-2016\/#breadcrumb\"},\"inLanguage\":\"en-US\",\"potentialAction\":[{\"@type\":\"ReadAction\",\"target\":[\"https:\/\/uvastrading.es\/tienda\/francia\/alsacia\/lieu-dit-fels-riesling-2016\/\"]}]},{\"@type\":\"ImageObject\",\"inLanguage\":\"en-US\",\"@id\":\"https:\/\/uvastrading.es\/tienda\/francia\/alsacia\/lieu-dit-fels-riesling-2016\/#primaryimage\",\"url\":\"https:\/\/uvastrading.es\/wp-content\/uploads\/2024\/01\/6368.png\",\"contentUrl\":\"https:\/\/uvastrading.es\/wp-content\/uploads\/2024\/01\/6368.png\",\"width\":520,\"height\":1473,\"caption\":\"Lieu Dit Fels Riesling 2013\"},{\"@type\":\"BreadcrumbList\",\"@id\":\"https:\/\/uvastrading.es\/tienda\/francia\/alsacia\/lieu-dit-fels-riesling-2016\/#breadcrumb\",\"itemListElement\":[{\"@type\":\"ListItem\",\"position\":1,\"name\":\"Home\",\"item\":\"https:\/\/uvastrading.es\/\"},{\"@type\":\"ListItem\",\"position\":2,\"name\":\"Tienda\",\"item\":\"https:\/\/uvastrading.es\/tienda\/\"},{\"@type\":\"ListItem\",\"position\":3,\"name\":\"Lieu Dit Fels Riesling 2016\"}]},{\"@type\":\"WebSite\",\"@id\":\"https:\/\/uvastrading.es\/#website\",\"url\":\"https:\/\/uvastrading.es\/\",\"name\":\"UVAS Trading\",\"description\":\"Importador y distribuidor exclusivo de bodegas familiares y de renombre de 25 regiones vitivin\u00edcolas de todo el mundo.\",\"publisher\":{\"@id\":\"https:\/\/uvastrading.es\/#organization\"},\"alternateName\":\"Inicio - UVAS Trading\",\"potentialAction\":[{\"@type\":\"SearchAction\",\"target\":{\"@type\":\"EntryPoint\",\"urlTemplate\":\"https:\/\/uvastrading.es\/?s={search_term_string}\"},\"query-input\":{\"@type\":\"PropertyValueSpecification\",\"valueRequired\":true,\"valueName\":\"search_term_string\"}}],\"inLanguage\":\"en-US\"},{\"@type\":\"Organization\",\"@id\":\"https:\/\/uvastrading.es\/#organization\",\"name\":\"UVAS Trading\",\"alternateName\":\"UVAS Trading\",\"url\":\"https:\/\/uvastrading.es\/\",\"logo\":{\"@type\":\"ImageObject\",\"inLanguage\":\"en-US\",\"@id\":\"https:\/\/uvastrading.es\/#\/schema\/logo\/image\/\",\"url\":\"https:\/\/uvastrading.es\/wp-content\/uploads\/2024\/07\/cropped-IMAGOTIPO-COLOR-1.jpg\",\"contentUrl\":\"https:\/\/uvastrading.es\/wp-content\/uploads\/2024\/07\/cropped-IMAGOTIPO-COLOR-1.jpg\",\"width\":2195,\"height\":1901,\"caption\":\"UVAS Trading\"},\"image\":{\"@id\":\"https:\/\/uvastrading.es\/#\/schema\/logo\/image\/\"}}]}<\/script>\n<!-- \/ Yoast SEO plugin. -->","yoast_head_json":{"title":"Lieu Dit Fels Riesling 2016 - UVAS Trading","robots":{"index":"index","follow":"follow","max-snippet":"max-snippet:-1","max-image-preview":"max-image-preview:large","max-video-preview":"max-video-preview:-1"},"canonical":"https:\/\/uvastrading.es\/en\/tienda\/francia\/alsacia\/lieu-dit-fels-riesling-2016\/","og_locale":"en_US","og_type":"article","og_title":"Lieu Dit Fels Riesling 2016 - UVAS Trading","og_description":"Domaine Schieferkopf presenta este fino Riesling, cultivado biodin\u00e1micamente por el aclamado en\u00f3logo Michel Chapoutier en el vi\u00f1edo Fels, cercano a Bernardvill\u00e9 en Alsacia. Este Schieferkopf Riesling Fels, con su car\u00e1cter refinado y mineral, es la elecci\u00f3n perfecta para acompa\u00f1ar platos de comida oriental con un toque picante. Destaca en esta a\u00f1ada su textura sedosa y [&hellip;]","og_url":"https:\/\/uvastrading.es\/en\/tienda\/francia\/alsacia\/lieu-dit-fels-riesling-2016\/","og_site_name":"UVAS Trading","article_modified_time":"2024-10-02T02:13:54+00:00","og_image":[{"width":520,"height":1473,"url":"https:\/\/uvastrading.es\/wp-content\/uploads\/2024\/01\/6368.png","type":"image\/png"}],"twitter_card":"summary_large_image","twitter_misc":{"Est. reading time":"1 minute"},"schema":{"@context":"https:\/\/schema.org","@graph":[{"@type":"WebPage","@id":"https:\/\/uvastrading.es\/tienda\/francia\/alsacia\/lieu-dit-fels-riesling-2016\/","url":"https:\/\/uvastrading.es\/tienda\/francia\/alsacia\/lieu-dit-fels-riesling-2016\/","name":"Lieu Dit Fels Riesling 2016 - UVAS Trading","isPartOf":{"@id":"https:\/\/uvastrading.es\/#website"},"primaryImageOfPage":{"@id":"https:\/\/uvastrading.es\/tienda\/francia\/alsacia\/lieu-dit-fels-riesling-2016\/#primaryimage"},"image":{"@id":"https:\/\/uvastrading.es\/tienda\/francia\/alsacia\/lieu-dit-fels-riesling-2016\/#primaryimage"},"thumbnailUrl":"https:\/\/uvastrading.es\/wp-content\/uploads\/2024\/01\/6368.png","datePublished":"2024-06-04T15:19:54+00:00","dateModified":"2024-10-02T02:13:54+00:00","breadcrumb":{"@id":"https:\/\/uvastrading.es\/tienda\/francia\/alsacia\/lieu-dit-fels-riesling-2016\/#breadcrumb"},"inLanguage":"en-US","potentialAction":[{"@type":"ReadAction","target":["https:\/\/uvastrading.es\/tienda\/francia\/alsacia\/lieu-dit-fels-riesling-2016\/"]}]},{"@type":"ImageObject","inLanguage":"en-US","@id":"https:\/\/uvastrading.es\/tienda\/francia\/alsacia\/lieu-dit-fels-riesling-2016\/#primaryimage","url":"https:\/\/uvastrading.es\/wp-content\/uploads\/2024\/01\/6368.png","contentUrl":"https:\/\/uvastrading.es\/wp-content\/uploads\/2024\/01\/6368.png","width":520,"height":1473,"caption":"Lieu Dit Fels Riesling 2013"},{"@type":"BreadcrumbList","@id":"https:\/\/uvastrading.es\/tienda\/francia\/alsacia\/lieu-dit-fels-riesling-2016\/#breadcrumb","itemListElement":[{"@type":"ListItem","position":1,"name":"Home","item":"https:\/\/uvastrading.es\/"},{"@type":"ListItem","position":2,"name":"Tienda","item":"https:\/\/uvastrading.es\/tienda\/"},{"@type":"ListItem","position":3,"name":"Lieu Dit Fels Riesling 2016"}]},{"@type":"WebSite","@id":"https:\/\/uvastrading.es\/#website","url":"https:\/\/uvastrading.es\/","name":"UVAS Trading","description":"Importador y distribuidor exclusivo de bodegas familiares y de renombre de 25 regiones vitivin\u00edcolas de todo el mundo.","publisher":{"@id":"https:\/\/uvastrading.es\/#organization"},"alternateName":"Inicio - UVAS Trading","potentialAction":[{"@type":"SearchAction","target":{"@type":"EntryPoint","urlTemplate":"https:\/\/uvastrading.es\/?s={search_term_string}"},"query-input":{"@type":"PropertyValueSpecification","valueRequired":true,"valueName":"search_term_string"}}],"inLanguage":"en-US"},{"@type":"Organization","@id":"https:\/\/uvastrading.es\/#organization","name":"UVAS Trading","alternateName":"UVAS Trading","url":"https:\/\/uvastrading.es\/","logo":{"@type":"ImageObject","inLanguage":"en-US","@id":"https:\/\/uvastrading.es\/#\/schema\/logo\/image\/","url":"https:\/\/uvastrading.es\/wp-content\/uploads\/2024\/07\/cropped-IMAGOTIPO-COLOR-1.jpg","contentUrl":"https:\/\/uvastrading.es\/wp-content\/uploads\/2024\/07\/cropped-IMAGOTIPO-COLOR-1.jpg","width":2195,"height":1901,"caption":"UVAS Trading"},"image":{"@id":"https:\/\/uvastrading.es\/#\/schema\/logo\/image\/"}}]}},"_links":{"self":[{"href":"https:\/\/uvastrading.es\/en\/wp-json\/wp\/v2\/product\/7668","targetHints":{"allow":["GET"]}}],"collection":[{"href":"https:\/\/uvastrading.es\/en\/wp-json\/wp\/v2\/product"}],"about":[{"href":"https:\/\/uvastrading.es\/en\/wp-json\/wp\/v2\/types\/product"}],"replies":[{"embeddable":true,"href":"https:\/\/uvastrading.es\/en\/wp-json\/wp\/v2\/comments?post=7668"}],"version-history":[{"count":6,"href":"https:\/\/uvastrading.es\/en\/wp-json\/wp\/v2\/product\/7668\/revisions"}],"predecessor-version":[{"id":12875,"href":"https:\/\/uvastrading.es\/en\/wp-json\/wp\/v2\/product\/7668\/revisions\/12875"}],"wp:featuredmedia":[{"embeddable":true,"href":"https:\/\/uvastrading.es\/en\/wp-json\/wp\/v2\/media\/6370"}],"wp:attachment":[{"href":"https:\/\/uvastrading.es\/en\/wp-json\/wp\/v2\/media?parent=7668"}],"wp:term":[{"taxonomy":"product_brand","embeddable":true,"href":"https:\/\/uvastrading.es\/en\/wp-json\/wp\/v2\/product_brand?post=7668"},{"taxonomy":"product_cat","embeddable":true,"href":"https:\/\/uvastrading.es\/en\/wp-json\/wp\/v2\/product_cat?post=7668"},{"taxonomy":"product_tag","embeddable":true,"href":"https:\/\/uvastrading.es\/en\/wp-json\/wp\/v2\/product_tag?post=7668"}],"curies":[{"name":"wp","href":"https:\/\/api.w.org\/{rel}","templated":true}]}}