
{"id":7667,"date":"2024-06-04T15:19:54","date_gmt":"2024-06-04T15:19:54","guid":{"rendered":"https:\/\/uvastrading.es\/tienda\/sin%20categor\u00eda\/via-st-jacques-riesling-2022\/"},"modified":"2024-11-20T17:58:46","modified_gmt":"2024-11-20T17:58:46","slug":"via-st-jacques-riesling-2018","status":"publish","type":"product","link":"https:\/\/uvastrading.es\/en\/tienda\/francia\/alsacia\/via-st-jacques-riesling-2018\/","title":{"rendered":"Via St Jacques Riesling 2018"},"content":{"rendered":"<p>The Domaine Schieferkopf collection focuses on exquisite rieslings, a vision realized by the renowned vigneron Michel Chapoutier from the Rh\u00f4ne. The Schieferkopf Riesling Via Saint Jacques, made with selected grapes from Bernardvill\u00e9 and Reichsfeld in Alsace, at an altitude of 380 meters, is characterized by its fruity and spicy profile. On the nose, it offers aromas of apple and cinnamon with a delicate honeyed touch. On the palate, it reveals itself as a wine of complexity and openness, perfectly combining elegance and depth.<\/p>\n<p><span style=\"display: none;\">Schieferkopf Estate<\/span><\/p>","protected":false},"excerpt":{"rendered":"<p>La colecci\u00f3n de Domaine Schieferkopf se centra en exquisitos rieslings, una visi\u00f3n realizada por el renombrado vigneron Michel Chapoutier del R\u00f3dano. El Schieferkopf Riesling Via Saint Jacques, elaborado con uvas seleccionadas de Bernardvill\u00e9 y Reichsfeld en Alsacia, a 380 metros de altitud, se caracteriza por su perfil frutal y especiado. En nariz, ofrece aromas de [&hellip;]<\/p>","protected":false},"featured_media":6366,"comment_status":"open","ping_status":"closed","template":"","meta":{"_acf_changed":false,"om_disable_all_campaigns":false,"inline_featured_image":false,"_monsterinsights_skip_tracking":false,"_monsterinsights_sitenote_active":false,"_monsterinsights_sitenote_note":"","_monsterinsights_sitenote_category":0,"_joinchat":[]},"product_brand":[],"product_cat":[648,24],"product_tag":[649],"class_list":{"0":"post-7667","1":"product","2":"type-product","3":"status-publish","4":"has-post-thumbnail","6":"product_cat-alsacia","7":"product_cat-francia","8":"product_tag-domaine-schieferkopf","10":"first","11":"instock","12":"taxable","13":"shipping-taxable","14":"purchasable","15":"product-type-simple"},"acf":[],"yoast_head":"<!-- This site is optimized with the Yoast SEO plugin v26.6 - https:\/\/yoast.com\/wordpress\/plugins\/seo\/ -->\n<title>Via St Jacques Riesling 2018 - UVAS Trading<\/title>\n<meta name=\"robots\" content=\"index, follow, max-snippet:-1, max-image-preview:large, max-video-preview:-1\" \/>\n<link rel=\"canonical\" href=\"https:\/\/uvastrading.es\/en\/tienda\/francia\/alsacia\/via-st-jacques-riesling-2018\/\" \/>\n<meta property=\"og:locale\" content=\"en_US\" \/>\n<meta property=\"og:type\" content=\"article\" \/>\n<meta property=\"og:title\" content=\"Via St Jacques Riesling 2018 - UVAS Trading\" \/>\n<meta property=\"og:description\" content=\"La colecci\u00f3n de Domaine Schieferkopf se centra en exquisitos rieslings, una visi\u00f3n realizada por el renombrado vigneron Michel Chapoutier del R\u00f3dano. El Schieferkopf Riesling Via Saint Jacques, elaborado con uvas seleccionadas de Bernardvill\u00e9 y Reichsfeld en Alsacia, a 380 metros de altitud, se caracteriza por su perfil frutal y especiado. En nariz, ofrece aromas de [&hellip;]\" \/>\n<meta property=\"og:url\" content=\"https:\/\/uvastrading.es\/en\/tienda\/francia\/alsacia\/via-st-jacques-riesling-2018\/\" \/>\n<meta property=\"og:site_name\" content=\"UVAS Trading\" \/>\n<meta property=\"article:modified_time\" content=\"2024-11-20T17:58:46+00:00\" \/>\n<meta property=\"og:image\" content=\"https:\/\/uvastrading.es\/wp-content\/uploads\/2024\/01\/6364.png\" \/>\n\t<meta property=\"og:image:width\" content=\"520\" \/>\n\t<meta property=\"og:image:height\" content=\"1473\" \/>\n\t<meta property=\"og:image:type\" content=\"image\/png\" \/>\n<meta name=\"twitter:card\" content=\"summary_large_image\" \/>\n<meta name=\"twitter:label1\" content=\"Est. reading time\" \/>\n\t<meta name=\"twitter:data1\" content=\"1 minute\" \/>\n<script type=\"application\/ld+json\" class=\"yoast-schema-graph\">{\"@context\":\"https:\/\/schema.org\",\"@graph\":[{\"@type\":\"WebPage\",\"@id\":\"https:\/\/uvastrading.es\/tienda\/francia\/alsacia\/via-st-jacques-riesling-2018\/\",\"url\":\"https:\/\/uvastrading.es\/tienda\/francia\/alsacia\/via-st-jacques-riesling-2018\/\",\"name\":\"Via St Jacques Riesling 2018 - UVAS Trading\",\"isPartOf\":{\"@id\":\"https:\/\/uvastrading.es\/#website\"},\"primaryImageOfPage\":{\"@id\":\"https:\/\/uvastrading.es\/tienda\/francia\/alsacia\/via-st-jacques-riesling-2018\/#primaryimage\"},\"image\":{\"@id\":\"https:\/\/uvastrading.es\/tienda\/francia\/alsacia\/via-st-jacques-riesling-2018\/#primaryimage\"},\"thumbnailUrl\":\"https:\/\/uvastrading.es\/wp-content\/uploads\/2024\/01\/6364.png\",\"datePublished\":\"2024-06-04T15:19:54+00:00\",\"dateModified\":\"2024-11-20T17:58:46+00:00\",\"breadcrumb\":{\"@id\":\"https:\/\/uvastrading.es\/tienda\/francia\/alsacia\/via-st-jacques-riesling-2018\/#breadcrumb\"},\"inLanguage\":\"en-US\",\"potentialAction\":[{\"@type\":\"ReadAction\",\"target\":[\"https:\/\/uvastrading.es\/tienda\/francia\/alsacia\/via-st-jacques-riesling-2018\/\"]}]},{\"@type\":\"ImageObject\",\"inLanguage\":\"en-US\",\"@id\":\"https:\/\/uvastrading.es\/tienda\/francia\/alsacia\/via-st-jacques-riesling-2018\/#primaryimage\",\"url\":\"https:\/\/uvastrading.es\/wp-content\/uploads\/2024\/01\/6364.png\",\"contentUrl\":\"https:\/\/uvastrading.es\/wp-content\/uploads\/2024\/01\/6364.png\",\"width\":520,\"height\":1473,\"caption\":\"Via St Jacques Riesling 2022\"},{\"@type\":\"BreadcrumbList\",\"@id\":\"https:\/\/uvastrading.es\/tienda\/francia\/alsacia\/via-st-jacques-riesling-2018\/#breadcrumb\",\"itemListElement\":[{\"@type\":\"ListItem\",\"position\":1,\"name\":\"Home\",\"item\":\"https:\/\/uvastrading.es\/\"},{\"@type\":\"ListItem\",\"position\":2,\"name\":\"Tienda\",\"item\":\"https:\/\/uvastrading.es\/tienda\/\"},{\"@type\":\"ListItem\",\"position\":3,\"name\":\"Via St Jacques Riesling 2018\"}]},{\"@type\":\"WebSite\",\"@id\":\"https:\/\/uvastrading.es\/#website\",\"url\":\"https:\/\/uvastrading.es\/\",\"name\":\"UVAS Trading\",\"description\":\"Importador y distribuidor exclusivo de bodegas familiares y de renombre de 25 regiones vitivin\u00edcolas de todo el mundo.\",\"publisher\":{\"@id\":\"https:\/\/uvastrading.es\/#organization\"},\"alternateName\":\"Inicio - UVAS Trading\",\"potentialAction\":[{\"@type\":\"SearchAction\",\"target\":{\"@type\":\"EntryPoint\",\"urlTemplate\":\"https:\/\/uvastrading.es\/?s={search_term_string}\"},\"query-input\":{\"@type\":\"PropertyValueSpecification\",\"valueRequired\":true,\"valueName\":\"search_term_string\"}}],\"inLanguage\":\"en-US\"},{\"@type\":\"Organization\",\"@id\":\"https:\/\/uvastrading.es\/#organization\",\"name\":\"UVAS Trading\",\"alternateName\":\"UVAS Trading\",\"url\":\"https:\/\/uvastrading.es\/\",\"logo\":{\"@type\":\"ImageObject\",\"inLanguage\":\"en-US\",\"@id\":\"https:\/\/uvastrading.es\/#\/schema\/logo\/image\/\",\"url\":\"https:\/\/uvastrading.es\/wp-content\/uploads\/2024\/07\/cropped-IMAGOTIPO-COLOR-1.jpg\",\"contentUrl\":\"https:\/\/uvastrading.es\/wp-content\/uploads\/2024\/07\/cropped-IMAGOTIPO-COLOR-1.jpg\",\"width\":2195,\"height\":1901,\"caption\":\"UVAS Trading\"},\"image\":{\"@id\":\"https:\/\/uvastrading.es\/#\/schema\/logo\/image\/\"}}]}<\/script>\n<!-- \/ Yoast SEO plugin. -->","yoast_head_json":{"title":"Via St Jacques Riesling 2018 - UVAS Trading","robots":{"index":"index","follow":"follow","max-snippet":"max-snippet:-1","max-image-preview":"max-image-preview:large","max-video-preview":"max-video-preview:-1"},"canonical":"https:\/\/uvastrading.es\/en\/tienda\/francia\/alsacia\/via-st-jacques-riesling-2018\/","og_locale":"en_US","og_type":"article","og_title":"Via St Jacques Riesling 2018 - UVAS Trading","og_description":"La colecci\u00f3n de Domaine Schieferkopf se centra en exquisitos rieslings, una visi\u00f3n realizada por el renombrado vigneron Michel Chapoutier del R\u00f3dano. El Schieferkopf Riesling Via Saint Jacques, elaborado con uvas seleccionadas de Bernardvill\u00e9 y Reichsfeld en Alsacia, a 380 metros de altitud, se caracteriza por su perfil frutal y especiado. En nariz, ofrece aromas de [&hellip;]","og_url":"https:\/\/uvastrading.es\/en\/tienda\/francia\/alsacia\/via-st-jacques-riesling-2018\/","og_site_name":"UVAS Trading","article_modified_time":"2024-11-20T17:58:46+00:00","og_image":[{"width":520,"height":1473,"url":"https:\/\/uvastrading.es\/wp-content\/uploads\/2024\/01\/6364.png","type":"image\/png"}],"twitter_card":"summary_large_image","twitter_misc":{"Est. reading time":"1 minute"},"schema":{"@context":"https:\/\/schema.org","@graph":[{"@type":"WebPage","@id":"https:\/\/uvastrading.es\/tienda\/francia\/alsacia\/via-st-jacques-riesling-2018\/","url":"https:\/\/uvastrading.es\/tienda\/francia\/alsacia\/via-st-jacques-riesling-2018\/","name":"Via St Jacques Riesling 2018 - UVAS Trading","isPartOf":{"@id":"https:\/\/uvastrading.es\/#website"},"primaryImageOfPage":{"@id":"https:\/\/uvastrading.es\/tienda\/francia\/alsacia\/via-st-jacques-riesling-2018\/#primaryimage"},"image":{"@id":"https:\/\/uvastrading.es\/tienda\/francia\/alsacia\/via-st-jacques-riesling-2018\/#primaryimage"},"thumbnailUrl":"https:\/\/uvastrading.es\/wp-content\/uploads\/2024\/01\/6364.png","datePublished":"2024-06-04T15:19:54+00:00","dateModified":"2024-11-20T17:58:46+00:00","breadcrumb":{"@id":"https:\/\/uvastrading.es\/tienda\/francia\/alsacia\/via-st-jacques-riesling-2018\/#breadcrumb"},"inLanguage":"en-US","potentialAction":[{"@type":"ReadAction","target":["https:\/\/uvastrading.es\/tienda\/francia\/alsacia\/via-st-jacques-riesling-2018\/"]}]},{"@type":"ImageObject","inLanguage":"en-US","@id":"https:\/\/uvastrading.es\/tienda\/francia\/alsacia\/via-st-jacques-riesling-2018\/#primaryimage","url":"https:\/\/uvastrading.es\/wp-content\/uploads\/2024\/01\/6364.png","contentUrl":"https:\/\/uvastrading.es\/wp-content\/uploads\/2024\/01\/6364.png","width":520,"height":1473,"caption":"Via St Jacques Riesling 2022"},{"@type":"BreadcrumbList","@id":"https:\/\/uvastrading.es\/tienda\/francia\/alsacia\/via-st-jacques-riesling-2018\/#breadcrumb","itemListElement":[{"@type":"ListItem","position":1,"name":"Home","item":"https:\/\/uvastrading.es\/"},{"@type":"ListItem","position":2,"name":"Tienda","item":"https:\/\/uvastrading.es\/tienda\/"},{"@type":"ListItem","position":3,"name":"Via St Jacques Riesling 2018"}]},{"@type":"WebSite","@id":"https:\/\/uvastrading.es\/#website","url":"https:\/\/uvastrading.es\/","name":"UVAS Trading","description":"Importador y distribuidor exclusivo de bodegas familiares y de renombre de 25 regiones vitivin\u00edcolas de todo el mundo.","publisher":{"@id":"https:\/\/uvastrading.es\/#organization"},"alternateName":"Inicio - UVAS Trading","potentialAction":[{"@type":"SearchAction","target":{"@type":"EntryPoint","urlTemplate":"https:\/\/uvastrading.es\/?s={search_term_string}"},"query-input":{"@type":"PropertyValueSpecification","valueRequired":true,"valueName":"search_term_string"}}],"inLanguage":"en-US"},{"@type":"Organization","@id":"https:\/\/uvastrading.es\/#organization","name":"UVAS Trading","alternateName":"UVAS Trading","url":"https:\/\/uvastrading.es\/","logo":{"@type":"ImageObject","inLanguage":"en-US","@id":"https:\/\/uvastrading.es\/#\/schema\/logo\/image\/","url":"https:\/\/uvastrading.es\/wp-content\/uploads\/2024\/07\/cropped-IMAGOTIPO-COLOR-1.jpg","contentUrl":"https:\/\/uvastrading.es\/wp-content\/uploads\/2024\/07\/cropped-IMAGOTIPO-COLOR-1.jpg","width":2195,"height":1901,"caption":"UVAS Trading"},"image":{"@id":"https:\/\/uvastrading.es\/#\/schema\/logo\/image\/"}}]}},"_links":{"self":[{"href":"https:\/\/uvastrading.es\/en\/wp-json\/wp\/v2\/product\/7667","targetHints":{"allow":["GET"]}}],"collection":[{"href":"https:\/\/uvastrading.es\/en\/wp-json\/wp\/v2\/product"}],"about":[{"href":"https:\/\/uvastrading.es\/en\/wp-json\/wp\/v2\/types\/product"}],"replies":[{"embeddable":true,"href":"https:\/\/uvastrading.es\/en\/wp-json\/wp\/v2\/comments?post=7667"}],"version-history":[{"count":7,"href":"https:\/\/uvastrading.es\/en\/wp-json\/wp\/v2\/product\/7667\/revisions"}],"predecessor-version":[{"id":12874,"href":"https:\/\/uvastrading.es\/en\/wp-json\/wp\/v2\/product\/7667\/revisions\/12874"}],"wp:featuredmedia":[{"embeddable":true,"href":"https:\/\/uvastrading.es\/en\/wp-json\/wp\/v2\/media\/6366"}],"wp:attachment":[{"href":"https:\/\/uvastrading.es\/en\/wp-json\/wp\/v2\/media?parent=7667"}],"wp:term":[{"taxonomy":"product_brand","embeddable":true,"href":"https:\/\/uvastrading.es\/en\/wp-json\/wp\/v2\/product_brand?post=7667"},{"taxonomy":"product_cat","embeddable":true,"href":"https:\/\/uvastrading.es\/en\/wp-json\/wp\/v2\/product_cat?post=7667"},{"taxonomy":"product_tag","embeddable":true,"href":"https:\/\/uvastrading.es\/en\/wp-json\/wp\/v2\/product_tag?post=7667"}],"curies":[{"name":"wp","href":"https:\/\/api.w.org\/{rel}","templated":true}]}}