
{"id":5884,"date":"2024-01-25T00:40:36","date_gmt":"2024-01-25T00:40:36","guid":{"rendered":"https:\/\/uvastrading.es\/?post_type=product&#038;p=5884"},"modified":"2024-10-02T15:35:14","modified_gmt":"2024-10-02T15:35:14","slug":"domaine-florent-garudet-puligny-montrachet-vielles-vignes-2021","status":"publish","type":"product","link":"https:\/\/uvastrading.es\/en\/tienda\/francia\/borgona\/domaine-florent-garudet-puligny-montrachet-vielles-vignes-2021\/","title":{"rendered":"Domaine Florent Garaudet Puligny-Montrachet, Vielles Vignes 2021"},"content":{"rendered":"<p><span data-sheets-root=\"1\" data-sheets-value=\"{&quot;1&quot;:2,&quot;2&quot;:&quot;Este vino, procedente de la prestigiosa regi\u00f3n de Puligny-Montrachet, se elabora con uvas de vides que tienen un promedio de edad de 45 a\u00f1os. Combina la frescura y profundidad de sabor de las vides m\u00e1s antiguas con las vibrantes notas frutales de las m\u00e1s j\u00f3venes. Los suelos de arcilla y caliza sobre grava dotan al vino de una elegancia distintiva y un matiz mineral sutil. La viticultura sostenible y una poda meticulosa son esenciales para la \u00f3ptima maduraci\u00f3n de las uvas y su exposici\u00f3n solar. Siguiendo las tradiciones de Borgo\u00f1a, el 90% del proceso se lleva a cabo a mano, asegurando una cosecha de frutos maduros y de alta calidad, recolectados en su punto \u00f3ptimo. Cada botella refleja fielmente el exquisito car\u00e1cter de su terroir.&quot;}\" data-sheets-userformat=\"{&quot;2&quot;:771,&quot;3&quot;:{&quot;1&quot;:0},&quot;4&quot;:{&quot;1&quot;:2,&quot;2&quot;:15724527},&quot;11&quot;:4,&quot;12&quot;:0}\">Este vino, procedente de la prestigiosa regi\u00f3n de Puligny-Montrachet, se elabora con uvas de vides que tienen un promedio de edad de 45 a\u00f1os. Combina la frescura y profundidad de sabor de las vides m\u00e1s antiguas con las vibrantes notas frutales de las m\u00e1s j\u00f3venes. Los suelos de arcilla y caliza sobre grava dotan al vino de una elegancia distintiva y un matiz mineral sutil. La viticultura sostenible y una poda meticulosa son esenciales para la \u00f3ptima maduraci\u00f3n de las uvas y su exposici\u00f3n solar. Siguiendo las tradiciones de Borgo\u00f1a, el 90% del proceso se lleva a cabo a mano, asegurando una cosecha de frutos maduros y de alta calidad, recolectados en su punto \u00f3ptimo. Cada botella refleja fielmente el exquisito car\u00e1cter de su terroir.<\/span><\/p>","protected":false},"excerpt":{"rendered":"<p>Este vino, procedente de la prestigiosa regi\u00f3n de Puligny-Montrachet, se elabora con uvas de vides que tienen un promedio de edad de 45 a\u00f1os. Combina la frescura y profundidad de sabor de las vides m\u00e1s antiguas con las vibrantes notas frutales de las m\u00e1s j\u00f3venes. Los suelos de arcilla y caliza sobre grava dotan al [&hellip;]<\/p>","protected":false},"featured_media":6344,"comment_status":"open","ping_status":"closed","template":"","meta":{"_acf_changed":false,"om_disable_all_campaigns":false,"inline_featured_image":false,"_monsterinsights_skip_tracking":false,"_monsterinsights_sitenote_active":false,"_monsterinsights_sitenote_note":"","_monsterinsights_sitenote_category":0,"_joinchat":[]},"product_brand":[],"product_cat":[592,24],"product_tag":[595],"class_list":{"0":"post-5884","1":"product","2":"type-product","3":"status-publish","4":"has-post-thumbnail","6":"product_cat-borgona","7":"product_cat-francia","8":"product_tag-domaine-florent-garaudet","10":"first","11":"instock","12":"taxable","13":"shipping-taxable","14":"purchasable","15":"product-type-simple"},"acf":[],"yoast_head":"<!-- This site is optimized with the Yoast SEO plugin v26.6 - https:\/\/yoast.com\/wordpress\/plugins\/seo\/ -->\n<title>Domaine Florent Garaudet Puligny-Montrachet, Vielles Vignes 2021 - UVAS Trading<\/title>\n<meta name=\"robots\" content=\"index, follow, max-snippet:-1, max-image-preview:large, max-video-preview:-1\" \/>\n<link rel=\"canonical\" href=\"https:\/\/uvastrading.es\/en\/tienda\/francia\/borgona\/domaine-florent-garudet-puligny-montrachet-vielles-vignes-2021\/\" \/>\n<meta property=\"og:locale\" content=\"en_US\" \/>\n<meta property=\"og:type\" content=\"article\" \/>\n<meta property=\"og:title\" content=\"Domaine Florent Garaudet Puligny-Montrachet, Vielles Vignes 2021 - UVAS Trading\" \/>\n<meta property=\"og:description\" content=\"Este vino, procedente de la prestigiosa regi\u00f3n de Puligny-Montrachet, se elabora con uvas de vides que tienen un promedio de edad de 45 a\u00f1os. Combina la frescura y profundidad de sabor de las vides m\u00e1s antiguas con las vibrantes notas frutales de las m\u00e1s j\u00f3venes. Los suelos de arcilla y caliza sobre grava dotan al [&hellip;]\" \/>\n<meta property=\"og:url\" content=\"https:\/\/uvastrading.es\/en\/tienda\/francia\/borgona\/domaine-florent-garudet-puligny-montrachet-vielles-vignes-2021\/\" \/>\n<meta property=\"og:site_name\" content=\"UVAS Trading\" \/>\n<meta property=\"article:modified_time\" content=\"2024-10-02T15:35:14+00:00\" \/>\n<meta property=\"og:image\" content=\"https:\/\/uvastrading.es\/wp-content\/uploads\/2024\/01\/6341.png\" \/>\n\t<meta property=\"og:image:width\" content=\"528\" \/>\n\t<meta property=\"og:image:height\" content=\"1473\" \/>\n\t<meta property=\"og:image:type\" content=\"image\/png\" \/>\n<meta name=\"twitter:card\" content=\"summary_large_image\" \/>\n<meta name=\"twitter:label1\" content=\"Est. reading time\" \/>\n\t<meta name=\"twitter:data1\" content=\"1 minute\" \/>\n<script type=\"application\/ld+json\" class=\"yoast-schema-graph\">{\"@context\":\"https:\/\/schema.org\",\"@graph\":[{\"@type\":\"WebPage\",\"@id\":\"https:\/\/uvastrading.es\/tienda\/francia\/borgona\/domaine-florent-garudet-puligny-montrachet-vielles-vignes-2021\/\",\"url\":\"https:\/\/uvastrading.es\/tienda\/francia\/borgona\/domaine-florent-garudet-puligny-montrachet-vielles-vignes-2021\/\",\"name\":\"Domaine Florent Garaudet Puligny-Montrachet, Vielles Vignes 2021 - UVAS Trading\",\"isPartOf\":{\"@id\":\"https:\/\/uvastrading.es\/#website\"},\"primaryImageOfPage\":{\"@id\":\"https:\/\/uvastrading.es\/tienda\/francia\/borgona\/domaine-florent-garudet-puligny-montrachet-vielles-vignes-2021\/#primaryimage\"},\"image\":{\"@id\":\"https:\/\/uvastrading.es\/tienda\/francia\/borgona\/domaine-florent-garudet-puligny-montrachet-vielles-vignes-2021\/#primaryimage\"},\"thumbnailUrl\":\"https:\/\/uvastrading.es\/wp-content\/uploads\/2024\/01\/6341.png\",\"datePublished\":\"2024-01-25T00:40:36+00:00\",\"dateModified\":\"2024-10-02T15:35:14+00:00\",\"breadcrumb\":{\"@id\":\"https:\/\/uvastrading.es\/tienda\/francia\/borgona\/domaine-florent-garudet-puligny-montrachet-vielles-vignes-2021\/#breadcrumb\"},\"inLanguage\":\"en-US\",\"potentialAction\":[{\"@type\":\"ReadAction\",\"target\":[\"https:\/\/uvastrading.es\/tienda\/francia\/borgona\/domaine-florent-garudet-puligny-montrachet-vielles-vignes-2021\/\"]}]},{\"@type\":\"ImageObject\",\"inLanguage\":\"en-US\",\"@id\":\"https:\/\/uvastrading.es\/tienda\/francia\/borgona\/domaine-florent-garudet-puligny-montrachet-vielles-vignes-2021\/#primaryimage\",\"url\":\"https:\/\/uvastrading.es\/wp-content\/uploads\/2024\/01\/6341.png\",\"contentUrl\":\"https:\/\/uvastrading.es\/wp-content\/uploads\/2024\/01\/6341.png\",\"width\":528,\"height\":1473,\"caption\":\"Domaine Florent Garudet Puligny-Montrachet, Vielles Vignes 2021\"},{\"@type\":\"BreadcrumbList\",\"@id\":\"https:\/\/uvastrading.es\/tienda\/francia\/borgona\/domaine-florent-garudet-puligny-montrachet-vielles-vignes-2021\/#breadcrumb\",\"itemListElement\":[{\"@type\":\"ListItem\",\"position\":1,\"name\":\"Home\",\"item\":\"https:\/\/uvastrading.es\/\"},{\"@type\":\"ListItem\",\"position\":2,\"name\":\"Tienda\",\"item\":\"https:\/\/uvastrading.es\/tienda\/\"},{\"@type\":\"ListItem\",\"position\":3,\"name\":\"Domaine Florent Garaudet Puligny-Montrachet, Vielles Vignes 2021\"}]},{\"@type\":\"WebSite\",\"@id\":\"https:\/\/uvastrading.es\/#website\",\"url\":\"https:\/\/uvastrading.es\/\",\"name\":\"UVAS Trading\",\"description\":\"Importador y distribuidor exclusivo de bodegas familiares y de renombre de 25 regiones vitivin\u00edcolas de todo el mundo.\",\"publisher\":{\"@id\":\"https:\/\/uvastrading.es\/#organization\"},\"alternateName\":\"Inicio - UVAS Trading\",\"potentialAction\":[{\"@type\":\"SearchAction\",\"target\":{\"@type\":\"EntryPoint\",\"urlTemplate\":\"https:\/\/uvastrading.es\/?s={search_term_string}\"},\"query-input\":{\"@type\":\"PropertyValueSpecification\",\"valueRequired\":true,\"valueName\":\"search_term_string\"}}],\"inLanguage\":\"en-US\"},{\"@type\":\"Organization\",\"@id\":\"https:\/\/uvastrading.es\/#organization\",\"name\":\"UVAS Trading\",\"alternateName\":\"UVAS Trading\",\"url\":\"https:\/\/uvastrading.es\/\",\"logo\":{\"@type\":\"ImageObject\",\"inLanguage\":\"en-US\",\"@id\":\"https:\/\/uvastrading.es\/#\/schema\/logo\/image\/\",\"url\":\"https:\/\/uvastrading.es\/wp-content\/uploads\/2024\/07\/cropped-IMAGOTIPO-COLOR-1.jpg\",\"contentUrl\":\"https:\/\/uvastrading.es\/wp-content\/uploads\/2024\/07\/cropped-IMAGOTIPO-COLOR-1.jpg\",\"width\":2195,\"height\":1901,\"caption\":\"UVAS Trading\"},\"image\":{\"@id\":\"https:\/\/uvastrading.es\/#\/schema\/logo\/image\/\"}}]}<\/script>\n<!-- \/ Yoast SEO plugin. -->","yoast_head_json":{"title":"Domaine Florent Garaudet Puligny-Montrachet, Vielles Vignes 2021 - UVAS Trading","robots":{"index":"index","follow":"follow","max-snippet":"max-snippet:-1","max-image-preview":"max-image-preview:large","max-video-preview":"max-video-preview:-1"},"canonical":"https:\/\/uvastrading.es\/en\/tienda\/francia\/borgona\/domaine-florent-garudet-puligny-montrachet-vielles-vignes-2021\/","og_locale":"en_US","og_type":"article","og_title":"Domaine Florent Garaudet Puligny-Montrachet, Vielles Vignes 2021 - UVAS Trading","og_description":"Este vino, procedente de la prestigiosa regi\u00f3n de Puligny-Montrachet, se elabora con uvas de vides que tienen un promedio de edad de 45 a\u00f1os. Combina la frescura y profundidad de sabor de las vides m\u00e1s antiguas con las vibrantes notas frutales de las m\u00e1s j\u00f3venes. Los suelos de arcilla y caliza sobre grava dotan al [&hellip;]","og_url":"https:\/\/uvastrading.es\/en\/tienda\/francia\/borgona\/domaine-florent-garudet-puligny-montrachet-vielles-vignes-2021\/","og_site_name":"UVAS Trading","article_modified_time":"2024-10-02T15:35:14+00:00","og_image":[{"width":528,"height":1473,"url":"https:\/\/uvastrading.es\/wp-content\/uploads\/2024\/01\/6341.png","type":"image\/png"}],"twitter_card":"summary_large_image","twitter_misc":{"Est. reading time":"1 minute"},"schema":{"@context":"https:\/\/schema.org","@graph":[{"@type":"WebPage","@id":"https:\/\/uvastrading.es\/tienda\/francia\/borgona\/domaine-florent-garudet-puligny-montrachet-vielles-vignes-2021\/","url":"https:\/\/uvastrading.es\/tienda\/francia\/borgona\/domaine-florent-garudet-puligny-montrachet-vielles-vignes-2021\/","name":"Domaine Florent Garaudet Puligny-Montrachet, Vielles Vignes 2021 - UVAS Trading","isPartOf":{"@id":"https:\/\/uvastrading.es\/#website"},"primaryImageOfPage":{"@id":"https:\/\/uvastrading.es\/tienda\/francia\/borgona\/domaine-florent-garudet-puligny-montrachet-vielles-vignes-2021\/#primaryimage"},"image":{"@id":"https:\/\/uvastrading.es\/tienda\/francia\/borgona\/domaine-florent-garudet-puligny-montrachet-vielles-vignes-2021\/#primaryimage"},"thumbnailUrl":"https:\/\/uvastrading.es\/wp-content\/uploads\/2024\/01\/6341.png","datePublished":"2024-01-25T00:40:36+00:00","dateModified":"2024-10-02T15:35:14+00:00","breadcrumb":{"@id":"https:\/\/uvastrading.es\/tienda\/francia\/borgona\/domaine-florent-garudet-puligny-montrachet-vielles-vignes-2021\/#breadcrumb"},"inLanguage":"en-US","potentialAction":[{"@type":"ReadAction","target":["https:\/\/uvastrading.es\/tienda\/francia\/borgona\/domaine-florent-garudet-puligny-montrachet-vielles-vignes-2021\/"]}]},{"@type":"ImageObject","inLanguage":"en-US","@id":"https:\/\/uvastrading.es\/tienda\/francia\/borgona\/domaine-florent-garudet-puligny-montrachet-vielles-vignes-2021\/#primaryimage","url":"https:\/\/uvastrading.es\/wp-content\/uploads\/2024\/01\/6341.png","contentUrl":"https:\/\/uvastrading.es\/wp-content\/uploads\/2024\/01\/6341.png","width":528,"height":1473,"caption":"Domaine Florent Garudet Puligny-Montrachet, Vielles Vignes 2021"},{"@type":"BreadcrumbList","@id":"https:\/\/uvastrading.es\/tienda\/francia\/borgona\/domaine-florent-garudet-puligny-montrachet-vielles-vignes-2021\/#breadcrumb","itemListElement":[{"@type":"ListItem","position":1,"name":"Home","item":"https:\/\/uvastrading.es\/"},{"@type":"ListItem","position":2,"name":"Tienda","item":"https:\/\/uvastrading.es\/tienda\/"},{"@type":"ListItem","position":3,"name":"Domaine Florent Garaudet Puligny-Montrachet, Vielles Vignes 2021"}]},{"@type":"WebSite","@id":"https:\/\/uvastrading.es\/#website","url":"https:\/\/uvastrading.es\/","name":"UVAS Trading","description":"Importador y distribuidor exclusivo de bodegas familiares y de renombre de 25 regiones vitivin\u00edcolas de todo el mundo.","publisher":{"@id":"https:\/\/uvastrading.es\/#organization"},"alternateName":"Inicio - UVAS Trading","potentialAction":[{"@type":"SearchAction","target":{"@type":"EntryPoint","urlTemplate":"https:\/\/uvastrading.es\/?s={search_term_string}"},"query-input":{"@type":"PropertyValueSpecification","valueRequired":true,"valueName":"search_term_string"}}],"inLanguage":"en-US"},{"@type":"Organization","@id":"https:\/\/uvastrading.es\/#organization","name":"UVAS Trading","alternateName":"UVAS Trading","url":"https:\/\/uvastrading.es\/","logo":{"@type":"ImageObject","inLanguage":"en-US","@id":"https:\/\/uvastrading.es\/#\/schema\/logo\/image\/","url":"https:\/\/uvastrading.es\/wp-content\/uploads\/2024\/07\/cropped-IMAGOTIPO-COLOR-1.jpg","contentUrl":"https:\/\/uvastrading.es\/wp-content\/uploads\/2024\/07\/cropped-IMAGOTIPO-COLOR-1.jpg","width":2195,"height":1901,"caption":"UVAS Trading"},"image":{"@id":"https:\/\/uvastrading.es\/#\/schema\/logo\/image\/"}}]}},"_links":{"self":[{"href":"https:\/\/uvastrading.es\/en\/wp-json\/wp\/v2\/product\/5884","targetHints":{"allow":["GET"]}}],"collection":[{"href":"https:\/\/uvastrading.es\/en\/wp-json\/wp\/v2\/product"}],"about":[{"href":"https:\/\/uvastrading.es\/en\/wp-json\/wp\/v2\/types\/product"}],"replies":[{"embeddable":true,"href":"https:\/\/uvastrading.es\/en\/wp-json\/wp\/v2\/comments?post=5884"}],"version-history":[{"count":2,"href":"https:\/\/uvastrading.es\/en\/wp-json\/wp\/v2\/product\/5884\/revisions"}],"predecessor-version":[{"id":13034,"href":"https:\/\/uvastrading.es\/en\/wp-json\/wp\/v2\/product\/5884\/revisions\/13034"}],"wp:featuredmedia":[{"embeddable":true,"href":"https:\/\/uvastrading.es\/en\/wp-json\/wp\/v2\/media\/6344"}],"wp:attachment":[{"href":"https:\/\/uvastrading.es\/en\/wp-json\/wp\/v2\/media?parent=5884"}],"wp:term":[{"taxonomy":"product_brand","embeddable":true,"href":"https:\/\/uvastrading.es\/en\/wp-json\/wp\/v2\/product_brand?post=5884"},{"taxonomy":"product_cat","embeddable":true,"href":"https:\/\/uvastrading.es\/en\/wp-json\/wp\/v2\/product_cat?post=5884"},{"taxonomy":"product_tag","embeddable":true,"href":"https:\/\/uvastrading.es\/en\/wp-json\/wp\/v2\/product_tag?post=5884"}],"curies":[{"name":"wp","href":"https:\/\/api.w.org\/{rel}","templated":true}]}}