
{"id":4462,"date":"2023-12-05T22:12:40","date_gmt":"2023-12-05T22:12:40","guid":{"rendered":"https:\/\/uvastrading.es\/producto\/chateau-lagrande-saint-julien-3rd-grand-cru-classe-2011\/"},"modified":"2025-01-24T16:14:02","modified_gmt":"2025-01-24T16:14:02","slug":"chateau-lagrange-saint-julien-3rd-grand-cru-classe-2018","status":"publish","type":"product","link":"https:\/\/uvastrading.es\/en\/tienda\/francia\/burdeos\/chateau-lagrange-saint-julien-3rd-grand-cru-classe-2018\/","title":{"rendered":"Ch\u00e2teau Lagrange Saint-Julien 3rd Grand Cru Classe 2018"},"content":{"rendered":"<p>With a complete palate, this wine is smooth and juicy from the start. It has a cushioned and generous feel, with firm but rounded tannins. Although the wine seems ready to drink, its tannic structure suggests that it will also age well. \u2013 Wine Enthusiast<\/p>\n<p><span style=\"display: none;\">Uvas Trading Bordeaux Selection<\/span><\/p>","protected":false},"excerpt":{"rendered":"<p>Con un paladar completo, este vino es suave y jugoso desde el principio. Tiene una sensaci\u00f3n acolchada y generosa, con taninos firmes, pero de car\u00e1cter redondeado. Aunque el vino parece estar listo para beber, su estructura t\u00e1nica sugiere que tambi\u00e9n envejecer\u00e1 bien. &#8211; Wine Enthusiast Uvas Trading Selecci\u00f3n Burdeos<\/p>","protected":false},"featured_media":3018,"comment_status":"open","ping_status":"closed","template":"","meta":{"_acf_changed":false,"om_disable_all_campaigns":false,"inline_featured_image":false,"_monsterinsights_skip_tracking":false,"_monsterinsights_sitenote_active":false,"_monsterinsights_sitenote_note":"","_monsterinsights_sitenote_category":0,"_joinchat":[]},"product_brand":[],"product_cat":[597,24],"product_tag":[668],"class_list":{"0":"post-4462","1":"product","2":"type-product","3":"status-publish","4":"has-post-thumbnail","6":"product_cat-burdeos","7":"product_cat-francia","8":"product_tag-uvas-trading-seleccion-burdeos","10":"first","11":"instock","12":"taxable","13":"shipping-taxable","14":"purchasable","15":"product-type-simple"},"acf":[],"yoast_head":"<!-- This site is optimized with the Yoast SEO plugin v26.6 - https:\/\/yoast.com\/wordpress\/plugins\/seo\/ -->\n<title>Ch\u00e2teau Lagrange Saint-Julien 3rd Grand Cru Classe 2018 - UVAS Trading<\/title>\n<meta name=\"robots\" content=\"index, follow, max-snippet:-1, max-image-preview:large, max-video-preview:-1\" \/>\n<link rel=\"canonical\" href=\"https:\/\/uvastrading.es\/en\/tienda\/francia\/burdeos\/chateau-lagrange-saint-julien-3rd-grand-cru-classe-2018\/\" \/>\n<meta property=\"og:locale\" content=\"en_US\" \/>\n<meta property=\"og:type\" content=\"article\" \/>\n<meta property=\"og:title\" content=\"Ch\u00e2teau Lagrange Saint-Julien 3rd Grand Cru Classe 2018 - UVAS Trading\" \/>\n<meta property=\"og:description\" content=\"Con un paladar completo, este vino es suave y jugoso desde el principio. Tiene una sensaci\u00f3n acolchada y generosa, con taninos firmes, pero de car\u00e1cter redondeado. Aunque el vino parece estar listo para beber, su estructura t\u00e1nica sugiere que tambi\u00e9n envejecer\u00e1 bien. &#8211; Wine Enthusiast Uvas Trading Selecci\u00f3n Burdeos\" \/>\n<meta property=\"og:url\" content=\"https:\/\/uvastrading.es\/en\/tienda\/francia\/burdeos\/chateau-lagrange-saint-julien-3rd-grand-cru-classe-2018\/\" \/>\n<meta property=\"og:site_name\" content=\"UVAS Trading\" \/>\n<meta property=\"article:modified_time\" content=\"2025-01-24T16:14:02+00:00\" \/>\n<meta property=\"og:image\" content=\"https:\/\/uvastrading.es\/wp-content\/uploads\/2023\/11\/101.png\" \/>\n\t<meta property=\"og:image:width\" content=\"520\" \/>\n\t<meta property=\"og:image:height\" content=\"1473\" \/>\n\t<meta property=\"og:image:type\" content=\"image\/png\" \/>\n<meta name=\"twitter:card\" content=\"summary_large_image\" \/>\n<meta name=\"twitter:label1\" content=\"Est. reading time\" \/>\n\t<meta name=\"twitter:data1\" content=\"1 minute\" \/>\n<script type=\"application\/ld+json\" class=\"yoast-schema-graph\">{\"@context\":\"https:\/\/schema.org\",\"@graph\":[{\"@type\":\"WebPage\",\"@id\":\"https:\/\/uvastrading.es\/tienda\/francia\/burdeos\/chateau-lagrange-saint-julien-3rd-grand-cru-classe-2018\/\",\"url\":\"https:\/\/uvastrading.es\/tienda\/francia\/burdeos\/chateau-lagrange-saint-julien-3rd-grand-cru-classe-2018\/\",\"name\":\"Ch\u00e2teau Lagrange Saint-Julien 3rd Grand Cru Classe 2018 - UVAS Trading\",\"isPartOf\":{\"@id\":\"https:\/\/uvastrading.es\/#website\"},\"primaryImageOfPage\":{\"@id\":\"https:\/\/uvastrading.es\/tienda\/francia\/burdeos\/chateau-lagrange-saint-julien-3rd-grand-cru-classe-2018\/#primaryimage\"},\"image\":{\"@id\":\"https:\/\/uvastrading.es\/tienda\/francia\/burdeos\/chateau-lagrange-saint-julien-3rd-grand-cru-classe-2018\/#primaryimage\"},\"thumbnailUrl\":\"https:\/\/uvastrading.es\/wp-content\/uploads\/2023\/11\/101.png\",\"datePublished\":\"2023-12-05T22:12:40+00:00\",\"dateModified\":\"2025-01-24T16:14:02+00:00\",\"breadcrumb\":{\"@id\":\"https:\/\/uvastrading.es\/tienda\/francia\/burdeos\/chateau-lagrange-saint-julien-3rd-grand-cru-classe-2018\/#breadcrumb\"},\"inLanguage\":\"en-US\",\"potentialAction\":[{\"@type\":\"ReadAction\",\"target\":[\"https:\/\/uvastrading.es\/tienda\/francia\/burdeos\/chateau-lagrange-saint-julien-3rd-grand-cru-classe-2018\/\"]}]},{\"@type\":\"ImageObject\",\"inLanguage\":\"en-US\",\"@id\":\"https:\/\/uvastrading.es\/tienda\/francia\/burdeos\/chateau-lagrange-saint-julien-3rd-grand-cru-classe-2018\/#primaryimage\",\"url\":\"https:\/\/uvastrading.es\/wp-content\/uploads\/2023\/11\/101.png\",\"contentUrl\":\"https:\/\/uvastrading.es\/wp-content\/uploads\/2023\/11\/101.png\",\"width\":520,\"height\":1473,\"caption\":\"Ch\u00e2teau Lagrande Saint-Julien 3rd Grand Cru Classe 2011\"},{\"@type\":\"BreadcrumbList\",\"@id\":\"https:\/\/uvastrading.es\/tienda\/francia\/burdeos\/chateau-lagrange-saint-julien-3rd-grand-cru-classe-2018\/#breadcrumb\",\"itemListElement\":[{\"@type\":\"ListItem\",\"position\":1,\"name\":\"Home\",\"item\":\"https:\/\/uvastrading.es\/\"},{\"@type\":\"ListItem\",\"position\":2,\"name\":\"Tienda\",\"item\":\"https:\/\/uvastrading.es\/tienda\/\"},{\"@type\":\"ListItem\",\"position\":3,\"name\":\"Ch\u00e2teau Lagrange Saint-Julien 3rd Grand Cru Classe 2018\"}]},{\"@type\":\"WebSite\",\"@id\":\"https:\/\/uvastrading.es\/#website\",\"url\":\"https:\/\/uvastrading.es\/\",\"name\":\"UVAS Trading\",\"description\":\"Importador y distribuidor exclusivo de bodegas familiares y de renombre de 25 regiones vitivin\u00edcolas de todo el mundo.\",\"publisher\":{\"@id\":\"https:\/\/uvastrading.es\/#organization\"},\"alternateName\":\"Inicio - UVAS Trading\",\"potentialAction\":[{\"@type\":\"SearchAction\",\"target\":{\"@type\":\"EntryPoint\",\"urlTemplate\":\"https:\/\/uvastrading.es\/?s={search_term_string}\"},\"query-input\":{\"@type\":\"PropertyValueSpecification\",\"valueRequired\":true,\"valueName\":\"search_term_string\"}}],\"inLanguage\":\"en-US\"},{\"@type\":\"Organization\",\"@id\":\"https:\/\/uvastrading.es\/#organization\",\"name\":\"UVAS Trading\",\"alternateName\":\"UVAS Trading\",\"url\":\"https:\/\/uvastrading.es\/\",\"logo\":{\"@type\":\"ImageObject\",\"inLanguage\":\"en-US\",\"@id\":\"https:\/\/uvastrading.es\/#\/schema\/logo\/image\/\",\"url\":\"https:\/\/uvastrading.es\/wp-content\/uploads\/2024\/07\/cropped-IMAGOTIPO-COLOR-1.jpg\",\"contentUrl\":\"https:\/\/uvastrading.es\/wp-content\/uploads\/2024\/07\/cropped-IMAGOTIPO-COLOR-1.jpg\",\"width\":2195,\"height\":1901,\"caption\":\"UVAS Trading\"},\"image\":{\"@id\":\"https:\/\/uvastrading.es\/#\/schema\/logo\/image\/\"}}]}<\/script>\n<!-- \/ Yoast SEO plugin. -->","yoast_head_json":{"title":"Ch\u00e2teau Lagrange Saint-Julien 3rd Grand Cru Classe 2018 - UVAS Trading","robots":{"index":"index","follow":"follow","max-snippet":"max-snippet:-1","max-image-preview":"max-image-preview:large","max-video-preview":"max-video-preview:-1"},"canonical":"https:\/\/uvastrading.es\/en\/tienda\/francia\/burdeos\/chateau-lagrange-saint-julien-3rd-grand-cru-classe-2018\/","og_locale":"en_US","og_type":"article","og_title":"Ch\u00e2teau Lagrange Saint-Julien 3rd Grand Cru Classe 2018 - UVAS Trading","og_description":"Con un paladar completo, este vino es suave y jugoso desde el principio. Tiene una sensaci\u00f3n acolchada y generosa, con taninos firmes, pero de car\u00e1cter redondeado. Aunque el vino parece estar listo para beber, su estructura t\u00e1nica sugiere que tambi\u00e9n envejecer\u00e1 bien. &#8211; Wine Enthusiast Uvas Trading Selecci\u00f3n Burdeos","og_url":"https:\/\/uvastrading.es\/en\/tienda\/francia\/burdeos\/chateau-lagrange-saint-julien-3rd-grand-cru-classe-2018\/","og_site_name":"UVAS Trading","article_modified_time":"2025-01-24T16:14:02+00:00","og_image":[{"width":520,"height":1473,"url":"https:\/\/uvastrading.es\/wp-content\/uploads\/2023\/11\/101.png","type":"image\/png"}],"twitter_card":"summary_large_image","twitter_misc":{"Est. reading time":"1 minute"},"schema":{"@context":"https:\/\/schema.org","@graph":[{"@type":"WebPage","@id":"https:\/\/uvastrading.es\/tienda\/francia\/burdeos\/chateau-lagrange-saint-julien-3rd-grand-cru-classe-2018\/","url":"https:\/\/uvastrading.es\/tienda\/francia\/burdeos\/chateau-lagrange-saint-julien-3rd-grand-cru-classe-2018\/","name":"Ch\u00e2teau Lagrange Saint-Julien 3rd Grand Cru Classe 2018 - UVAS Trading","isPartOf":{"@id":"https:\/\/uvastrading.es\/#website"},"primaryImageOfPage":{"@id":"https:\/\/uvastrading.es\/tienda\/francia\/burdeos\/chateau-lagrange-saint-julien-3rd-grand-cru-classe-2018\/#primaryimage"},"image":{"@id":"https:\/\/uvastrading.es\/tienda\/francia\/burdeos\/chateau-lagrange-saint-julien-3rd-grand-cru-classe-2018\/#primaryimage"},"thumbnailUrl":"https:\/\/uvastrading.es\/wp-content\/uploads\/2023\/11\/101.png","datePublished":"2023-12-05T22:12:40+00:00","dateModified":"2025-01-24T16:14:02+00:00","breadcrumb":{"@id":"https:\/\/uvastrading.es\/tienda\/francia\/burdeos\/chateau-lagrange-saint-julien-3rd-grand-cru-classe-2018\/#breadcrumb"},"inLanguage":"en-US","potentialAction":[{"@type":"ReadAction","target":["https:\/\/uvastrading.es\/tienda\/francia\/burdeos\/chateau-lagrange-saint-julien-3rd-grand-cru-classe-2018\/"]}]},{"@type":"ImageObject","inLanguage":"en-US","@id":"https:\/\/uvastrading.es\/tienda\/francia\/burdeos\/chateau-lagrange-saint-julien-3rd-grand-cru-classe-2018\/#primaryimage","url":"https:\/\/uvastrading.es\/wp-content\/uploads\/2023\/11\/101.png","contentUrl":"https:\/\/uvastrading.es\/wp-content\/uploads\/2023\/11\/101.png","width":520,"height":1473,"caption":"Ch\u00e2teau Lagrande Saint-Julien 3rd Grand Cru Classe 2011"},{"@type":"BreadcrumbList","@id":"https:\/\/uvastrading.es\/tienda\/francia\/burdeos\/chateau-lagrange-saint-julien-3rd-grand-cru-classe-2018\/#breadcrumb","itemListElement":[{"@type":"ListItem","position":1,"name":"Home","item":"https:\/\/uvastrading.es\/"},{"@type":"ListItem","position":2,"name":"Tienda","item":"https:\/\/uvastrading.es\/tienda\/"},{"@type":"ListItem","position":3,"name":"Ch\u00e2teau Lagrange Saint-Julien 3rd Grand Cru Classe 2018"}]},{"@type":"WebSite","@id":"https:\/\/uvastrading.es\/#website","url":"https:\/\/uvastrading.es\/","name":"UVAS Trading","description":"Importador y distribuidor exclusivo de bodegas familiares y de renombre de 25 regiones vitivin\u00edcolas de todo el mundo.","publisher":{"@id":"https:\/\/uvastrading.es\/#organization"},"alternateName":"Inicio - UVAS Trading","potentialAction":[{"@type":"SearchAction","target":{"@type":"EntryPoint","urlTemplate":"https:\/\/uvastrading.es\/?s={search_term_string}"},"query-input":{"@type":"PropertyValueSpecification","valueRequired":true,"valueName":"search_term_string"}}],"inLanguage":"en-US"},{"@type":"Organization","@id":"https:\/\/uvastrading.es\/#organization","name":"UVAS Trading","alternateName":"UVAS Trading","url":"https:\/\/uvastrading.es\/","logo":{"@type":"ImageObject","inLanguage":"en-US","@id":"https:\/\/uvastrading.es\/#\/schema\/logo\/image\/","url":"https:\/\/uvastrading.es\/wp-content\/uploads\/2024\/07\/cropped-IMAGOTIPO-COLOR-1.jpg","contentUrl":"https:\/\/uvastrading.es\/wp-content\/uploads\/2024\/07\/cropped-IMAGOTIPO-COLOR-1.jpg","width":2195,"height":1901,"caption":"UVAS Trading"},"image":{"@id":"https:\/\/uvastrading.es\/#\/schema\/logo\/image\/"}}]}},"_links":{"self":[{"href":"https:\/\/uvastrading.es\/en\/wp-json\/wp\/v2\/product\/4462","targetHints":{"allow":["GET"]}}],"collection":[{"href":"https:\/\/uvastrading.es\/en\/wp-json\/wp\/v2\/product"}],"about":[{"href":"https:\/\/uvastrading.es\/en\/wp-json\/wp\/v2\/types\/product"}],"replies":[{"embeddable":true,"href":"https:\/\/uvastrading.es\/en\/wp-json\/wp\/v2\/comments?post=4462"}],"version-history":[{"count":5,"href":"https:\/\/uvastrading.es\/en\/wp-json\/wp\/v2\/product\/4462\/revisions"}],"predecessor-version":[{"id":14028,"href":"https:\/\/uvastrading.es\/en\/wp-json\/wp\/v2\/product\/4462\/revisions\/14028"}],"wp:featuredmedia":[{"embeddable":true,"href":"https:\/\/uvastrading.es\/en\/wp-json\/wp\/v2\/media\/3018"}],"wp:attachment":[{"href":"https:\/\/uvastrading.es\/en\/wp-json\/wp\/v2\/media?parent=4462"}],"wp:term":[{"taxonomy":"product_brand","embeddable":true,"href":"https:\/\/uvastrading.es\/en\/wp-json\/wp\/v2\/product_brand?post=4462"},{"taxonomy":"product_cat","embeddable":true,"href":"https:\/\/uvastrading.es\/en\/wp-json\/wp\/v2\/product_cat?post=4462"},{"taxonomy":"product_tag","embeddable":true,"href":"https:\/\/uvastrading.es\/en\/wp-json\/wp\/v2\/product_tag?post=4462"}],"curies":[{"name":"wp","href":"https:\/\/api.w.org\/{rel}","templated":true}]}}