
{"id":4447,"date":"2023-12-05T22:12:33","date_gmt":"2023-12-05T22:12:33","guid":{"rendered":"https:\/\/uvastrading.es\/producto\/bodega-de-otazu-vitral-de-otazu-cruz-diez-3-bottle-piece-2013-2014-2015\/"},"modified":"2024-12-18T23:33:13","modified_gmt":"2024-12-18T23:33:13","slug":"vitral-de-otazu-cruz-diez-3-bottles-2013-2014-2015","status":"publish","type":"product","link":"https:\/\/uvastrading.es\/en\/tienda\/espana\/navarra\/vitral-de-otazu-cruz-diez-3-bottles-2013-2014-2015\/","title":{"rendered":"Otazu Stained Glass \u2013 Cruz Diez \/ 3 Bottles 2013\/2014\/2015"},"content":{"rendered":"<p>VITRAL PROJECT 2013-2042<\/p>\n<p>The name Vitral is inspired by the alabaster windows of our Barrel Room and the work of the Venezuelan artist Carlos Cruz-Diez, whose work is based on creating experiences through color, space, and light. Vitral alludes precisely to the chromatic atmospheres traced by the stained glass of a cathedral, spaces that, beyond the religious, are places where man connects with the sublime and the spiritual.<\/p>\n<p><span style=\"display: none;\">Otazu Winery<\/span><\/p>","protected":false},"excerpt":{"rendered":"<p>PROYECTO VITRAL 2013-2042 El nombre Vitral se inspira en las ventanas de alabastro de nuestra sala de Barricas y la obra del artista venezolano Carlos Cruz-Diez, cuya obra se basa en crear experiencias a trav\u00e9s del color, el espacio y la luz. Vitral alude, precisamente, a las atm\u00f3sferas crom\u00e1ticas que trazan los vitrales de una [&hellip;]<\/p>","protected":false},"featured_media":9379,"comment_status":"open","ping_status":"closed","template":"","meta":{"_acf_changed":false,"om_disable_all_campaigns":false,"inline_featured_image":false,"_monsterinsights_skip_tracking":false,"_monsterinsights_sitenote_active":false,"_monsterinsights_sitenote_note":"","_monsterinsights_sitenote_category":0,"_joinchat":[]},"product_brand":[],"product_cat":[45,630],"product_tag":[631],"class_list":{"0":"post-4447","1":"product","2":"type-product","3":"status-publish","4":"has-post-thumbnail","6":"product_cat-espana","7":"product_cat-navarra","8":"product_tag-bodega-de-otazu","10":"first","11":"instock","12":"taxable","13":"shipping-taxable","14":"purchasable","15":"product-type-simple"},"acf":[],"yoast_head":"<!-- This site is optimized with the Yoast SEO plugin v26.6 - https:\/\/yoast.com\/wordpress\/plugins\/seo\/ -->\n<title>Vitral de Otazu - Cruz Diez \/ 3 Bottles 2013\/2014\/2015 - UVAS Trading<\/title>\n<meta name=\"robots\" content=\"index, follow, max-snippet:-1, max-image-preview:large, max-video-preview:-1\" \/>\n<link rel=\"canonical\" href=\"https:\/\/uvastrading.es\/en\/tienda\/espana\/navarra\/vitral-de-otazu-cruz-diez-3-bottles-2013-2014-2015\/\" \/>\n<meta property=\"og:locale\" content=\"en_US\" \/>\n<meta property=\"og:type\" content=\"article\" \/>\n<meta property=\"og:title\" content=\"Vitral de Otazu - Cruz Diez \/ 3 Bottles 2013\/2014\/2015 - UVAS Trading\" \/>\n<meta property=\"og:description\" content=\"PROYECTO VITRAL 2013-2042 El nombre Vitral se inspira en las ventanas de alabastro de nuestra sala de Barricas y la obra del artista venezolano Carlos Cruz-Diez, cuya obra se basa en crear experiencias a trav\u00e9s del color, el espacio y la luz. Vitral alude, precisamente, a las atm\u00f3sferas crom\u00e1ticas que trazan los vitrales de una [&hellip;]\" \/>\n<meta property=\"og:url\" content=\"https:\/\/uvastrading.es\/en\/tienda\/espana\/navarra\/vitral-de-otazu-cruz-diez-3-bottles-2013-2014-2015\/\" \/>\n<meta property=\"og:site_name\" content=\"UVAS Trading\" \/>\n<meta property=\"article:modified_time\" content=\"2024-12-18T23:33:13+00:00\" \/>\n<meta property=\"og:image\" content=\"https:\/\/uvastrading.es\/wp-content\/uploads\/2024\/07\/Vitral-De-Otazu-Cruz-Diez-1-Botella-remplazo.png\" \/>\n\t<meta property=\"og:image:width\" content=\"520\" \/>\n\t<meta property=\"og:image:height\" content=\"1473\" \/>\n\t<meta property=\"og:image:type\" content=\"image\/png\" \/>\n<meta name=\"twitter:card\" content=\"summary_large_image\" \/>\n<meta name=\"twitter:label1\" content=\"Est. reading time\" \/>\n\t<meta name=\"twitter:data1\" content=\"1 minute\" \/>\n<script type=\"application\/ld+json\" class=\"yoast-schema-graph\">{\"@context\":\"https:\/\/schema.org\",\"@graph\":[{\"@type\":\"WebPage\",\"@id\":\"https:\/\/uvastrading.es\/tienda\/espana\/navarra\/vitral-de-otazu-cruz-diez-3-bottles-2013-2014-2015\/\",\"url\":\"https:\/\/uvastrading.es\/tienda\/espana\/navarra\/vitral-de-otazu-cruz-diez-3-bottles-2013-2014-2015\/\",\"name\":\"Vitral de Otazu - Cruz Diez \/ 3 Bottles 2013\/2014\/2015 - UVAS Trading\",\"isPartOf\":{\"@id\":\"https:\/\/uvastrading.es\/#website\"},\"primaryImageOfPage\":{\"@id\":\"https:\/\/uvastrading.es\/tienda\/espana\/navarra\/vitral-de-otazu-cruz-diez-3-bottles-2013-2014-2015\/#primaryimage\"},\"image\":{\"@id\":\"https:\/\/uvastrading.es\/tienda\/espana\/navarra\/vitral-de-otazu-cruz-diez-3-bottles-2013-2014-2015\/#primaryimage\"},\"thumbnailUrl\":\"https:\/\/uvastrading.es\/wp-content\/uploads\/2024\/07\/Vitral-De-Otazu-Cruz-Diez-1-Botella-remplazo.png\",\"datePublished\":\"2023-12-05T22:12:33+00:00\",\"dateModified\":\"2024-12-18T23:33:13+00:00\",\"breadcrumb\":{\"@id\":\"https:\/\/uvastrading.es\/tienda\/espana\/navarra\/vitral-de-otazu-cruz-diez-3-bottles-2013-2014-2015\/#breadcrumb\"},\"inLanguage\":\"en-US\",\"potentialAction\":[{\"@type\":\"ReadAction\",\"target\":[\"https:\/\/uvastrading.es\/tienda\/espana\/navarra\/vitral-de-otazu-cruz-diez-3-bottles-2013-2014-2015\/\"]}]},{\"@type\":\"ImageObject\",\"inLanguage\":\"en-US\",\"@id\":\"https:\/\/uvastrading.es\/tienda\/espana\/navarra\/vitral-de-otazu-cruz-diez-3-bottles-2013-2014-2015\/#primaryimage\",\"url\":\"https:\/\/uvastrading.es\/wp-content\/uploads\/2024\/07\/Vitral-De-Otazu-Cruz-Diez-1-Botella-remplazo.png\",\"contentUrl\":\"https:\/\/uvastrading.es\/wp-content\/uploads\/2024\/07\/Vitral-De-Otazu-Cruz-Diez-1-Botella-remplazo.png\",\"width\":520,\"height\":1473,\"caption\":\"Vitral De Otazu Cruz Diez 1 Botella remplazo\"},{\"@type\":\"BreadcrumbList\",\"@id\":\"https:\/\/uvastrading.es\/tienda\/espana\/navarra\/vitral-de-otazu-cruz-diez-3-bottles-2013-2014-2015\/#breadcrumb\",\"itemListElement\":[{\"@type\":\"ListItem\",\"position\":1,\"name\":\"Home\",\"item\":\"https:\/\/uvastrading.es\/\"},{\"@type\":\"ListItem\",\"position\":2,\"name\":\"Tienda\",\"item\":\"https:\/\/uvastrading.es\/tienda\/\"},{\"@type\":\"ListItem\",\"position\":3,\"name\":\"Vitral de Otazu &#8211; Cruz Diez \/ 3 Bottles 2013\/2014\/2015\"}]},{\"@type\":\"WebSite\",\"@id\":\"https:\/\/uvastrading.es\/#website\",\"url\":\"https:\/\/uvastrading.es\/\",\"name\":\"UVAS Trading\",\"description\":\"Importador y distribuidor exclusivo de bodegas familiares y de renombre de 25 regiones vitivin\u00edcolas de todo el mundo.\",\"publisher\":{\"@id\":\"https:\/\/uvastrading.es\/#organization\"},\"alternateName\":\"Inicio - UVAS Trading\",\"potentialAction\":[{\"@type\":\"SearchAction\",\"target\":{\"@type\":\"EntryPoint\",\"urlTemplate\":\"https:\/\/uvastrading.es\/?s={search_term_string}\"},\"query-input\":{\"@type\":\"PropertyValueSpecification\",\"valueRequired\":true,\"valueName\":\"search_term_string\"}}],\"inLanguage\":\"en-US\"},{\"@type\":\"Organization\",\"@id\":\"https:\/\/uvastrading.es\/#organization\",\"name\":\"UVAS Trading\",\"alternateName\":\"UVAS Trading\",\"url\":\"https:\/\/uvastrading.es\/\",\"logo\":{\"@type\":\"ImageObject\",\"inLanguage\":\"en-US\",\"@id\":\"https:\/\/uvastrading.es\/#\/schema\/logo\/image\/\",\"url\":\"https:\/\/uvastrading.es\/wp-content\/uploads\/2024\/07\/cropped-IMAGOTIPO-COLOR-1.jpg\",\"contentUrl\":\"https:\/\/uvastrading.es\/wp-content\/uploads\/2024\/07\/cropped-IMAGOTIPO-COLOR-1.jpg\",\"width\":2195,\"height\":1901,\"caption\":\"UVAS Trading\"},\"image\":{\"@id\":\"https:\/\/uvastrading.es\/#\/schema\/logo\/image\/\"}}]}<\/script>\n<!-- \/ Yoast SEO plugin. -->","yoast_head_json":{"title":"Vitral de Otazu - Cruz Diez \/ 3 Bottles 2013\/2014\/2015 - UVAS Trading","robots":{"index":"index","follow":"follow","max-snippet":"max-snippet:-1","max-image-preview":"max-image-preview:large","max-video-preview":"max-video-preview:-1"},"canonical":"https:\/\/uvastrading.es\/en\/tienda\/espana\/navarra\/vitral-de-otazu-cruz-diez-3-bottles-2013-2014-2015\/","og_locale":"en_US","og_type":"article","og_title":"Vitral de Otazu - Cruz Diez \/ 3 Bottles 2013\/2014\/2015 - UVAS Trading","og_description":"PROYECTO VITRAL 2013-2042 El nombre Vitral se inspira en las ventanas de alabastro de nuestra sala de Barricas y la obra del artista venezolano Carlos Cruz-Diez, cuya obra se basa en crear experiencias a trav\u00e9s del color, el espacio y la luz. Vitral alude, precisamente, a las atm\u00f3sferas crom\u00e1ticas que trazan los vitrales de una [&hellip;]","og_url":"https:\/\/uvastrading.es\/en\/tienda\/espana\/navarra\/vitral-de-otazu-cruz-diez-3-bottles-2013-2014-2015\/","og_site_name":"UVAS Trading","article_modified_time":"2024-12-18T23:33:13+00:00","og_image":[{"width":520,"height":1473,"url":"https:\/\/uvastrading.es\/wp-content\/uploads\/2024\/07\/Vitral-De-Otazu-Cruz-Diez-1-Botella-remplazo.png","type":"image\/png"}],"twitter_card":"summary_large_image","twitter_misc":{"Est. reading time":"1 minute"},"schema":{"@context":"https:\/\/schema.org","@graph":[{"@type":"WebPage","@id":"https:\/\/uvastrading.es\/tienda\/espana\/navarra\/vitral-de-otazu-cruz-diez-3-bottles-2013-2014-2015\/","url":"https:\/\/uvastrading.es\/tienda\/espana\/navarra\/vitral-de-otazu-cruz-diez-3-bottles-2013-2014-2015\/","name":"Vitral de Otazu - Cruz Diez \/ 3 Bottles 2013\/2014\/2015 - UVAS Trading","isPartOf":{"@id":"https:\/\/uvastrading.es\/#website"},"primaryImageOfPage":{"@id":"https:\/\/uvastrading.es\/tienda\/espana\/navarra\/vitral-de-otazu-cruz-diez-3-bottles-2013-2014-2015\/#primaryimage"},"image":{"@id":"https:\/\/uvastrading.es\/tienda\/espana\/navarra\/vitral-de-otazu-cruz-diez-3-bottles-2013-2014-2015\/#primaryimage"},"thumbnailUrl":"https:\/\/uvastrading.es\/wp-content\/uploads\/2024\/07\/Vitral-De-Otazu-Cruz-Diez-1-Botella-remplazo.png","datePublished":"2023-12-05T22:12:33+00:00","dateModified":"2024-12-18T23:33:13+00:00","breadcrumb":{"@id":"https:\/\/uvastrading.es\/tienda\/espana\/navarra\/vitral-de-otazu-cruz-diez-3-bottles-2013-2014-2015\/#breadcrumb"},"inLanguage":"en-US","potentialAction":[{"@type":"ReadAction","target":["https:\/\/uvastrading.es\/tienda\/espana\/navarra\/vitral-de-otazu-cruz-diez-3-bottles-2013-2014-2015\/"]}]},{"@type":"ImageObject","inLanguage":"en-US","@id":"https:\/\/uvastrading.es\/tienda\/espana\/navarra\/vitral-de-otazu-cruz-diez-3-bottles-2013-2014-2015\/#primaryimage","url":"https:\/\/uvastrading.es\/wp-content\/uploads\/2024\/07\/Vitral-De-Otazu-Cruz-Diez-1-Botella-remplazo.png","contentUrl":"https:\/\/uvastrading.es\/wp-content\/uploads\/2024\/07\/Vitral-De-Otazu-Cruz-Diez-1-Botella-remplazo.png","width":520,"height":1473,"caption":"Vitral De Otazu Cruz Diez 1 Botella remplazo"},{"@type":"BreadcrumbList","@id":"https:\/\/uvastrading.es\/tienda\/espana\/navarra\/vitral-de-otazu-cruz-diez-3-bottles-2013-2014-2015\/#breadcrumb","itemListElement":[{"@type":"ListItem","position":1,"name":"Home","item":"https:\/\/uvastrading.es\/"},{"@type":"ListItem","position":2,"name":"Tienda","item":"https:\/\/uvastrading.es\/tienda\/"},{"@type":"ListItem","position":3,"name":"Vitral de Otazu &#8211; Cruz Diez \/ 3 Bottles 2013\/2014\/2015"}]},{"@type":"WebSite","@id":"https:\/\/uvastrading.es\/#website","url":"https:\/\/uvastrading.es\/","name":"UVAS Trading","description":"Importador y distribuidor exclusivo de bodegas familiares y de renombre de 25 regiones vitivin\u00edcolas de todo el mundo.","publisher":{"@id":"https:\/\/uvastrading.es\/#organization"},"alternateName":"Inicio - UVAS Trading","potentialAction":[{"@type":"SearchAction","target":{"@type":"EntryPoint","urlTemplate":"https:\/\/uvastrading.es\/?s={search_term_string}"},"query-input":{"@type":"PropertyValueSpecification","valueRequired":true,"valueName":"search_term_string"}}],"inLanguage":"en-US"},{"@type":"Organization","@id":"https:\/\/uvastrading.es\/#organization","name":"UVAS Trading","alternateName":"UVAS Trading","url":"https:\/\/uvastrading.es\/","logo":{"@type":"ImageObject","inLanguage":"en-US","@id":"https:\/\/uvastrading.es\/#\/schema\/logo\/image\/","url":"https:\/\/uvastrading.es\/wp-content\/uploads\/2024\/07\/cropped-IMAGOTIPO-COLOR-1.jpg","contentUrl":"https:\/\/uvastrading.es\/wp-content\/uploads\/2024\/07\/cropped-IMAGOTIPO-COLOR-1.jpg","width":2195,"height":1901,"caption":"UVAS Trading"},"image":{"@id":"https:\/\/uvastrading.es\/#\/schema\/logo\/image\/"}}]}},"_links":{"self":[{"href":"https:\/\/uvastrading.es\/en\/wp-json\/wp\/v2\/product\/4447","targetHints":{"allow":["GET"]}}],"collection":[{"href":"https:\/\/uvastrading.es\/en\/wp-json\/wp\/v2\/product"}],"about":[{"href":"https:\/\/uvastrading.es\/en\/wp-json\/wp\/v2\/types\/product"}],"replies":[{"embeddable":true,"href":"https:\/\/uvastrading.es\/en\/wp-json\/wp\/v2\/comments?post=4447"}],"version-history":[{"count":4,"href":"https:\/\/uvastrading.es\/en\/wp-json\/wp\/v2\/product\/4447\/revisions"}],"predecessor-version":[{"id":12838,"href":"https:\/\/uvastrading.es\/en\/wp-json\/wp\/v2\/product\/4447\/revisions\/12838"}],"wp:featuredmedia":[{"embeddable":true,"href":"https:\/\/uvastrading.es\/en\/wp-json\/wp\/v2\/media\/9379"}],"wp:attachment":[{"href":"https:\/\/uvastrading.es\/en\/wp-json\/wp\/v2\/media?parent=4447"}],"wp:term":[{"taxonomy":"product_brand","embeddable":true,"href":"https:\/\/uvastrading.es\/en\/wp-json\/wp\/v2\/product_brand?post=4447"},{"taxonomy":"product_cat","embeddable":true,"href":"https:\/\/uvastrading.es\/en\/wp-json\/wp\/v2\/product_cat?post=4447"},{"taxonomy":"product_tag","embeddable":true,"href":"https:\/\/uvastrading.es\/en\/wp-json\/wp\/v2\/product_tag?post=4447"}],"curies":[{"name":"wp","href":"https:\/\/api.w.org\/{rel}","templated":true}]}}