
{"id":4437,"date":"2023-12-05T22:12:29","date_gmt":"2023-12-05T22:12:29","guid":{"rendered":"https:\/\/uvastrading.es\/producto\/barbera-dalba-doc-donna-margherita-giovanni-rosso-2021\/"},"modified":"2025-05-27T15:53:23","modified_gmt":"2025-05-27T15:53:23","slug":"donna-margherita-barbera-dalba-doc-2021","status":"publish","type":"product","link":"https:\/\/uvastrading.es\/en\/tienda\/italia\/piamonte\/donna-margherita-barbera-dalba-doc-2021\/","title":{"rendered":"Lady Margherita Barbera D'Alba DOC 2021"},"content":{"rendered":"<p>Deep ruby red color with purple hues. The nose is very intense, with typical aromas of plum, raspberry, blueberry, and some delicate hints of wisteria. On the palate, it is dry, meaty, and juicy, and very easy to drink with vibrant acidity and a long fruity finish.<\/p>\n<p><span style=\"display: none;\">Giovanni Rosso<\/span><\/p>","protected":false},"excerpt":{"rendered":"<p>Color rojo rub\u00ed profundo con tintes p\u00farpuras. La nariz es muy intensa, con aromas t\u00edpicos de ciruela, frambuesa, ar\u00e1ndano y algunos delicados toques de glicina. En el paladar es seco, carnoso y jugoso, y muy f\u00e1cil de beber con una acidez vibrante y un largo final afrutado. Giovanni Rosso<\/p>","protected":false},"featured_media":2990,"comment_status":"open","ping_status":"closed","template":"","meta":{"_acf_changed":false,"om_disable_all_campaigns":false,"inline_featured_image":false,"_monsterinsights_skip_tracking":false,"_monsterinsights_sitenote_active":false,"_monsterinsights_sitenote_note":"","_monsterinsights_sitenote_category":0,"_joinchat":[]},"product_brand":[],"product_cat":[26,628],"product_tag":[629],"class_list":{"0":"post-4437","1":"product","2":"type-product","3":"status-publish","4":"has-post-thumbnail","6":"product_cat-italia","7":"product_cat-piamonte","8":"product_tag-giovanni-rosso","10":"first","11":"instock","12":"taxable","13":"shipping-taxable","14":"purchasable","15":"product-type-simple"},"acf":[],"yoast_head":"<!-- This site is optimized with the Yoast SEO plugin v26.6 - https:\/\/yoast.com\/wordpress\/plugins\/seo\/ -->\n<title>Donna Margherita Barbera D&#039;Alba DOC 2021 - UVAS Trading<\/title>\n<meta name=\"robots\" content=\"index, follow, max-snippet:-1, max-image-preview:large, max-video-preview:-1\" \/>\n<link rel=\"canonical\" href=\"https:\/\/uvastrading.es\/en\/tienda\/italia\/piamonte\/donna-margherita-barbera-dalba-doc-2021\/\" \/>\n<meta property=\"og:locale\" content=\"en_US\" \/>\n<meta property=\"og:type\" content=\"article\" \/>\n<meta property=\"og:title\" content=\"Donna Margherita Barbera D&#039;Alba DOC 2021 - UVAS Trading\" \/>\n<meta property=\"og:description\" content=\"Color rojo rub\u00ed profundo con tintes p\u00farpuras. La nariz es muy intensa, con aromas t\u00edpicos de ciruela, frambuesa, ar\u00e1ndano y algunos delicados toques de glicina. En el paladar es seco, carnoso y jugoso, y muy f\u00e1cil de beber con una acidez vibrante y un largo final afrutado. Giovanni Rosso\" \/>\n<meta property=\"og:url\" content=\"https:\/\/uvastrading.es\/en\/tienda\/italia\/piamonte\/donna-margherita-barbera-dalba-doc-2021\/\" \/>\n<meta property=\"og:site_name\" content=\"UVAS Trading\" \/>\n<meta property=\"article:modified_time\" content=\"2025-05-27T15:53:23+00:00\" \/>\n<meta property=\"og:image\" content=\"https:\/\/uvastrading.es\/wp-content\/uploads\/2023\/11\/73.png\" \/>\n\t<meta property=\"og:image:width\" content=\"520\" \/>\n\t<meta property=\"og:image:height\" content=\"1473\" \/>\n\t<meta property=\"og:image:type\" content=\"image\/png\" \/>\n<meta name=\"twitter:card\" content=\"summary_large_image\" \/>\n<meta name=\"twitter:label1\" content=\"Est. reading time\" \/>\n\t<meta name=\"twitter:data1\" content=\"1 minute\" \/>\n<script type=\"application\/ld+json\" class=\"yoast-schema-graph\">{\"@context\":\"https:\/\/schema.org\",\"@graph\":[{\"@type\":\"WebPage\",\"@id\":\"https:\/\/uvastrading.es\/tienda\/italia\/piamonte\/donna-margherita-barbera-dalba-doc-2021\/\",\"url\":\"https:\/\/uvastrading.es\/tienda\/italia\/piamonte\/donna-margherita-barbera-dalba-doc-2021\/\",\"name\":\"Donna Margherita Barbera D'Alba DOC 2021 - UVAS Trading\",\"isPartOf\":{\"@id\":\"https:\/\/uvastrading.es\/#website\"},\"primaryImageOfPage\":{\"@id\":\"https:\/\/uvastrading.es\/tienda\/italia\/piamonte\/donna-margherita-barbera-dalba-doc-2021\/#primaryimage\"},\"image\":{\"@id\":\"https:\/\/uvastrading.es\/tienda\/italia\/piamonte\/donna-margherita-barbera-dalba-doc-2021\/#primaryimage\"},\"thumbnailUrl\":\"https:\/\/uvastrading.es\/wp-content\/uploads\/2023\/11\/73.png\",\"datePublished\":\"2023-12-05T22:12:29+00:00\",\"dateModified\":\"2025-05-27T15:53:23+00:00\",\"breadcrumb\":{\"@id\":\"https:\/\/uvastrading.es\/tienda\/italia\/piamonte\/donna-margherita-barbera-dalba-doc-2021\/#breadcrumb\"},\"inLanguage\":\"en-US\",\"potentialAction\":[{\"@type\":\"ReadAction\",\"target\":[\"https:\/\/uvastrading.es\/tienda\/italia\/piamonte\/donna-margherita-barbera-dalba-doc-2021\/\"]}]},{\"@type\":\"ImageObject\",\"inLanguage\":\"en-US\",\"@id\":\"https:\/\/uvastrading.es\/tienda\/italia\/piamonte\/donna-margherita-barbera-dalba-doc-2021\/#primaryimage\",\"url\":\"https:\/\/uvastrading.es\/wp-content\/uploads\/2023\/11\/73.png\",\"contentUrl\":\"https:\/\/uvastrading.es\/wp-content\/uploads\/2023\/11\/73.png\",\"width\":520,\"height\":1473,\"caption\":\"Donna Margherita Barbera D'Alba DOC 2021\"},{\"@type\":\"BreadcrumbList\",\"@id\":\"https:\/\/uvastrading.es\/tienda\/italia\/piamonte\/donna-margherita-barbera-dalba-doc-2021\/#breadcrumb\",\"itemListElement\":[{\"@type\":\"ListItem\",\"position\":1,\"name\":\"Home\",\"item\":\"https:\/\/uvastrading.es\/\"},{\"@type\":\"ListItem\",\"position\":2,\"name\":\"Tienda\",\"item\":\"https:\/\/uvastrading.es\/tienda\/\"},{\"@type\":\"ListItem\",\"position\":3,\"name\":\"Donna Margherita Barbera D&#8217;Alba DOC 2021\"}]},{\"@type\":\"WebSite\",\"@id\":\"https:\/\/uvastrading.es\/#website\",\"url\":\"https:\/\/uvastrading.es\/\",\"name\":\"UVAS Trading\",\"description\":\"Importador y distribuidor exclusivo de bodegas familiares y de renombre de 25 regiones vitivin\u00edcolas de todo el mundo.\",\"publisher\":{\"@id\":\"https:\/\/uvastrading.es\/#organization\"},\"alternateName\":\"Inicio - UVAS Trading\",\"potentialAction\":[{\"@type\":\"SearchAction\",\"target\":{\"@type\":\"EntryPoint\",\"urlTemplate\":\"https:\/\/uvastrading.es\/?s={search_term_string}\"},\"query-input\":{\"@type\":\"PropertyValueSpecification\",\"valueRequired\":true,\"valueName\":\"search_term_string\"}}],\"inLanguage\":\"en-US\"},{\"@type\":\"Organization\",\"@id\":\"https:\/\/uvastrading.es\/#organization\",\"name\":\"UVAS Trading\",\"alternateName\":\"UVAS Trading\",\"url\":\"https:\/\/uvastrading.es\/\",\"logo\":{\"@type\":\"ImageObject\",\"inLanguage\":\"en-US\",\"@id\":\"https:\/\/uvastrading.es\/#\/schema\/logo\/image\/\",\"url\":\"https:\/\/uvastrading.es\/wp-content\/uploads\/2024\/07\/cropped-IMAGOTIPO-COLOR-1.jpg\",\"contentUrl\":\"https:\/\/uvastrading.es\/wp-content\/uploads\/2024\/07\/cropped-IMAGOTIPO-COLOR-1.jpg\",\"width\":2195,\"height\":1901,\"caption\":\"UVAS Trading\"},\"image\":{\"@id\":\"https:\/\/uvastrading.es\/#\/schema\/logo\/image\/\"}}]}<\/script>\n<!-- \/ Yoast SEO plugin. -->","yoast_head_json":{"title":"Donna Margherita Barbera D'Alba DOC 2021 - UVAS Trading","robots":{"index":"index","follow":"follow","max-snippet":"max-snippet:-1","max-image-preview":"max-image-preview:large","max-video-preview":"max-video-preview:-1"},"canonical":"https:\/\/uvastrading.es\/en\/tienda\/italia\/piamonte\/donna-margherita-barbera-dalba-doc-2021\/","og_locale":"en_US","og_type":"article","og_title":"Donna Margherita Barbera D'Alba DOC 2021 - UVAS Trading","og_description":"Color rojo rub\u00ed profundo con tintes p\u00farpuras. La nariz es muy intensa, con aromas t\u00edpicos de ciruela, frambuesa, ar\u00e1ndano y algunos delicados toques de glicina. En el paladar es seco, carnoso y jugoso, y muy f\u00e1cil de beber con una acidez vibrante y un largo final afrutado. Giovanni Rosso","og_url":"https:\/\/uvastrading.es\/en\/tienda\/italia\/piamonte\/donna-margherita-barbera-dalba-doc-2021\/","og_site_name":"UVAS Trading","article_modified_time":"2025-05-27T15:53:23+00:00","og_image":[{"width":520,"height":1473,"url":"https:\/\/uvastrading.es\/wp-content\/uploads\/2023\/11\/73.png","type":"image\/png"}],"twitter_card":"summary_large_image","twitter_misc":{"Est. reading time":"1 minute"},"schema":{"@context":"https:\/\/schema.org","@graph":[{"@type":"WebPage","@id":"https:\/\/uvastrading.es\/tienda\/italia\/piamonte\/donna-margherita-barbera-dalba-doc-2021\/","url":"https:\/\/uvastrading.es\/tienda\/italia\/piamonte\/donna-margherita-barbera-dalba-doc-2021\/","name":"Donna Margherita Barbera D'Alba DOC 2021 - UVAS Trading","isPartOf":{"@id":"https:\/\/uvastrading.es\/#website"},"primaryImageOfPage":{"@id":"https:\/\/uvastrading.es\/tienda\/italia\/piamonte\/donna-margherita-barbera-dalba-doc-2021\/#primaryimage"},"image":{"@id":"https:\/\/uvastrading.es\/tienda\/italia\/piamonte\/donna-margherita-barbera-dalba-doc-2021\/#primaryimage"},"thumbnailUrl":"https:\/\/uvastrading.es\/wp-content\/uploads\/2023\/11\/73.png","datePublished":"2023-12-05T22:12:29+00:00","dateModified":"2025-05-27T15:53:23+00:00","breadcrumb":{"@id":"https:\/\/uvastrading.es\/tienda\/italia\/piamonte\/donna-margherita-barbera-dalba-doc-2021\/#breadcrumb"},"inLanguage":"en-US","potentialAction":[{"@type":"ReadAction","target":["https:\/\/uvastrading.es\/tienda\/italia\/piamonte\/donna-margherita-barbera-dalba-doc-2021\/"]}]},{"@type":"ImageObject","inLanguage":"en-US","@id":"https:\/\/uvastrading.es\/tienda\/italia\/piamonte\/donna-margherita-barbera-dalba-doc-2021\/#primaryimage","url":"https:\/\/uvastrading.es\/wp-content\/uploads\/2023\/11\/73.png","contentUrl":"https:\/\/uvastrading.es\/wp-content\/uploads\/2023\/11\/73.png","width":520,"height":1473,"caption":"Donna Margherita Barbera D'Alba DOC 2021"},{"@type":"BreadcrumbList","@id":"https:\/\/uvastrading.es\/tienda\/italia\/piamonte\/donna-margherita-barbera-dalba-doc-2021\/#breadcrumb","itemListElement":[{"@type":"ListItem","position":1,"name":"Home","item":"https:\/\/uvastrading.es\/"},{"@type":"ListItem","position":2,"name":"Tienda","item":"https:\/\/uvastrading.es\/tienda\/"},{"@type":"ListItem","position":3,"name":"Donna Margherita Barbera D&#8217;Alba DOC 2021"}]},{"@type":"WebSite","@id":"https:\/\/uvastrading.es\/#website","url":"https:\/\/uvastrading.es\/","name":"UVAS Trading","description":"Importador y distribuidor exclusivo de bodegas familiares y de renombre de 25 regiones vitivin\u00edcolas de todo el mundo.","publisher":{"@id":"https:\/\/uvastrading.es\/#organization"},"alternateName":"Inicio - UVAS Trading","potentialAction":[{"@type":"SearchAction","target":{"@type":"EntryPoint","urlTemplate":"https:\/\/uvastrading.es\/?s={search_term_string}"},"query-input":{"@type":"PropertyValueSpecification","valueRequired":true,"valueName":"search_term_string"}}],"inLanguage":"en-US"},{"@type":"Organization","@id":"https:\/\/uvastrading.es\/#organization","name":"UVAS Trading","alternateName":"UVAS Trading","url":"https:\/\/uvastrading.es\/","logo":{"@type":"ImageObject","inLanguage":"en-US","@id":"https:\/\/uvastrading.es\/#\/schema\/logo\/image\/","url":"https:\/\/uvastrading.es\/wp-content\/uploads\/2024\/07\/cropped-IMAGOTIPO-COLOR-1.jpg","contentUrl":"https:\/\/uvastrading.es\/wp-content\/uploads\/2024\/07\/cropped-IMAGOTIPO-COLOR-1.jpg","width":2195,"height":1901,"caption":"UVAS Trading"},"image":{"@id":"https:\/\/uvastrading.es\/#\/schema\/logo\/image\/"}}]}},"_links":{"self":[{"href":"https:\/\/uvastrading.es\/en\/wp-json\/wp\/v2\/product\/4437","targetHints":{"allow":["GET"]}}],"collection":[{"href":"https:\/\/uvastrading.es\/en\/wp-json\/wp\/v2\/product"}],"about":[{"href":"https:\/\/uvastrading.es\/en\/wp-json\/wp\/v2\/types\/product"}],"replies":[{"embeddable":true,"href":"https:\/\/uvastrading.es\/en\/wp-json\/wp\/v2\/comments?post=4437"}],"version-history":[{"count":7,"href":"https:\/\/uvastrading.es\/en\/wp-json\/wp\/v2\/product\/4437\/revisions"}],"predecessor-version":[{"id":14794,"href":"https:\/\/uvastrading.es\/en\/wp-json\/wp\/v2\/product\/4437\/revisions\/14794"}],"wp:featuredmedia":[{"embeddable":true,"href":"https:\/\/uvastrading.es\/en\/wp-json\/wp\/v2\/media\/2990"}],"wp:attachment":[{"href":"https:\/\/uvastrading.es\/en\/wp-json\/wp\/v2\/media?parent=4437"}],"wp:term":[{"taxonomy":"product_brand","embeddable":true,"href":"https:\/\/uvastrading.es\/en\/wp-json\/wp\/v2\/product_brand?post=4437"},{"taxonomy":"product_cat","embeddable":true,"href":"https:\/\/uvastrading.es\/en\/wp-json\/wp\/v2\/product_cat?post=4437"},{"taxonomy":"product_tag","embeddable":true,"href":"https:\/\/uvastrading.es\/en\/wp-json\/wp\/v2\/product_tag?post=4437"}],"curies":[{"name":"wp","href":"https:\/\/api.w.org\/{rel}","templated":true}]}}