
{"id":4436,"date":"2023-12-05T22:12:29","date_gmt":"2023-12-05T22:12:29","guid":{"rendered":"https:\/\/uvastrading.es\/producto\/la-magiabrunello-di-montalcino-ciliegio-2018\/"},"modified":"2024-12-19T21:55:09","modified_gmt":"2024-12-19T21:55:09","slug":"la-magia-ciliegio-brunello-di-montalcino-2018","status":"publish","type":"product","link":"https:\/\/uvastrading.es\/en\/tienda\/italia\/toscana\/la-magia-ciliegio-brunello-di-montalcino-2018\/","title":{"rendered":"La Magia Ciliegio Brunello di Montalcino 2018"},"content":{"rendered":"<p>Located in the historical core of the estate, an ancient cherry tree stands among the oldest vines, giving rise to the most expressive Sangiovese of the property. After the harvest, the grapes undergo a prolonged maceration of 40 days with their skins, followed by a maturation period of 36 months in French oak barrels, 80% of which are new.<\/p>\n<p>The wine is captivating and evokes deep sensations, even in a milder vintage like that of 2018: a tapestry of purple plum fruit unfolds, adorned with candied cherries, floral nuances, and a stony consistency, all blended with the succulent texture of smoked pancetta, sweet and salty, so characteristic of this renowned cru.<\/p>\n<p>A vibrant mineral freshness and an elegant presence of oak can be perceived. Bright and clear, it shows a lighter structure than its predecessors, although this does not make it any less complex or lacking in aging potential. From this vintage, 1080 bottles have been produced.<\/p>\n<p><span style=\"display: none;\">The Magic<\/span><\/p>","protected":false},"excerpt":{"rendered":"<p>Situado en el n\u00facleo hist\u00f3rico de la finca, un venerable cerezo se alza en medio de las vi\u00f1as m\u00e1s ancianas, dando lugar al Sangiovese m\u00e1s expresivo del dominio. Tras la vendimia, las uvas se someten a una prolongada maceraci\u00f3n de 40 d\u00edas con sus pieles, a lo que le sigue un periodo de crianza de [&hellip;]<\/p>","protected":false},"featured_media":2988,"comment_status":"open","ping_status":"closed","template":"","meta":{"_acf_changed":false,"om_disable_all_campaigns":false,"inline_featured_image":false,"_monsterinsights_skip_tracking":false,"_monsterinsights_sitenote_active":false,"_monsterinsights_sitenote_note":"","_monsterinsights_sitenote_category":0,"_joinchat":[]},"product_brand":[],"product_cat":[26,614],"product_tag":[615],"class_list":{"0":"post-4436","1":"product","2":"type-product","3":"status-publish","4":"has-post-thumbnail","6":"product_cat-italia","7":"product_cat-toscana","8":"product_tag-la-magia","10":"first","11":"instock","12":"taxable","13":"shipping-taxable","14":"purchasable","15":"product-type-simple"},"acf":[],"yoast_head":"<!-- This site is optimized with the Yoast SEO plugin v26.6 - https:\/\/yoast.com\/wordpress\/plugins\/seo\/ -->\n<title>La Magia Ciliegio Brunello di Montalcino 2018 - UVAS Trading<\/title>\n<meta name=\"robots\" content=\"index, follow, max-snippet:-1, max-image-preview:large, max-video-preview:-1\" \/>\n<link rel=\"canonical\" href=\"https:\/\/uvastrading.es\/en\/tienda\/italia\/toscana\/la-magia-ciliegio-brunello-di-montalcino-2018\/\" \/>\n<meta property=\"og:locale\" content=\"en_US\" \/>\n<meta property=\"og:type\" content=\"article\" \/>\n<meta property=\"og:title\" content=\"La Magia Ciliegio Brunello di Montalcino 2018 - UVAS Trading\" \/>\n<meta property=\"og:description\" content=\"Situado en el n\u00facleo hist\u00f3rico de la finca, un venerable cerezo se alza en medio de las vi\u00f1as m\u00e1s ancianas, dando lugar al Sangiovese m\u00e1s expresivo del dominio. Tras la vendimia, las uvas se someten a una prolongada maceraci\u00f3n de 40 d\u00edas con sus pieles, a lo que le sigue un periodo de crianza de [&hellip;]\" \/>\n<meta property=\"og:url\" content=\"https:\/\/uvastrading.es\/en\/tienda\/italia\/toscana\/la-magia-ciliegio-brunello-di-montalcino-2018\/\" \/>\n<meta property=\"og:site_name\" content=\"UVAS Trading\" \/>\n<meta property=\"article:modified_time\" content=\"2024-12-19T21:55:09+00:00\" \/>\n<meta property=\"og:image\" content=\"https:\/\/uvastrading.es\/wp-content\/uploads\/2023\/11\/71.png\" \/>\n\t<meta property=\"og:image:width\" content=\"520\" \/>\n\t<meta property=\"og:image:height\" content=\"1481\" \/>\n\t<meta property=\"og:image:type\" content=\"image\/png\" \/>\n<meta name=\"twitter:card\" content=\"summary_large_image\" \/>\n<meta name=\"twitter:label1\" content=\"Est. reading time\" \/>\n\t<meta name=\"twitter:data1\" content=\"1 minute\" \/>\n<script type=\"application\/ld+json\" class=\"yoast-schema-graph\">{\"@context\":\"https:\/\/schema.org\",\"@graph\":[{\"@type\":\"WebPage\",\"@id\":\"https:\/\/uvastrading.es\/tienda\/italia\/toscana\/la-magia-ciliegio-brunello-di-montalcino-2018\/\",\"url\":\"https:\/\/uvastrading.es\/tienda\/italia\/toscana\/la-magia-ciliegio-brunello-di-montalcino-2018\/\",\"name\":\"La Magia Ciliegio Brunello di Montalcino 2018 - UVAS Trading\",\"isPartOf\":{\"@id\":\"https:\/\/uvastrading.es\/#website\"},\"primaryImageOfPage\":{\"@id\":\"https:\/\/uvastrading.es\/tienda\/italia\/toscana\/la-magia-ciliegio-brunello-di-montalcino-2018\/#primaryimage\"},\"image\":{\"@id\":\"https:\/\/uvastrading.es\/tienda\/italia\/toscana\/la-magia-ciliegio-brunello-di-montalcino-2018\/#primaryimage\"},\"thumbnailUrl\":\"https:\/\/uvastrading.es\/wp-content\/uploads\/2023\/11\/71.png\",\"datePublished\":\"2023-12-05T22:12:29+00:00\",\"dateModified\":\"2024-12-19T21:55:09+00:00\",\"breadcrumb\":{\"@id\":\"https:\/\/uvastrading.es\/tienda\/italia\/toscana\/la-magia-ciliegio-brunello-di-montalcino-2018\/#breadcrumb\"},\"inLanguage\":\"en-US\",\"potentialAction\":[{\"@type\":\"ReadAction\",\"target\":[\"https:\/\/uvastrading.es\/tienda\/italia\/toscana\/la-magia-ciliegio-brunello-di-montalcino-2018\/\"]}]},{\"@type\":\"ImageObject\",\"inLanguage\":\"en-US\",\"@id\":\"https:\/\/uvastrading.es\/tienda\/italia\/toscana\/la-magia-ciliegio-brunello-di-montalcino-2018\/#primaryimage\",\"url\":\"https:\/\/uvastrading.es\/wp-content\/uploads\/2023\/11\/71.png\",\"contentUrl\":\"https:\/\/uvastrading.es\/wp-content\/uploads\/2023\/11\/71.png\",\"width\":520,\"height\":1481,\"caption\":\"La Magia Ciliegio Brunello di Montalcino 2018\"},{\"@type\":\"BreadcrumbList\",\"@id\":\"https:\/\/uvastrading.es\/tienda\/italia\/toscana\/la-magia-ciliegio-brunello-di-montalcino-2018\/#breadcrumb\",\"itemListElement\":[{\"@type\":\"ListItem\",\"position\":1,\"name\":\"Home\",\"item\":\"https:\/\/uvastrading.es\/\"},{\"@type\":\"ListItem\",\"position\":2,\"name\":\"Tienda\",\"item\":\"https:\/\/uvastrading.es\/tienda\/\"},{\"@type\":\"ListItem\",\"position\":3,\"name\":\"La Magia Ciliegio Brunello di Montalcino 2018\"}]},{\"@type\":\"WebSite\",\"@id\":\"https:\/\/uvastrading.es\/#website\",\"url\":\"https:\/\/uvastrading.es\/\",\"name\":\"UVAS Trading\",\"description\":\"Importador y distribuidor exclusivo de bodegas familiares y de renombre de 25 regiones vitivin\u00edcolas de todo el mundo.\",\"publisher\":{\"@id\":\"https:\/\/uvastrading.es\/#organization\"},\"alternateName\":\"Inicio - UVAS Trading\",\"potentialAction\":[{\"@type\":\"SearchAction\",\"target\":{\"@type\":\"EntryPoint\",\"urlTemplate\":\"https:\/\/uvastrading.es\/?s={search_term_string}\"},\"query-input\":{\"@type\":\"PropertyValueSpecification\",\"valueRequired\":true,\"valueName\":\"search_term_string\"}}],\"inLanguage\":\"en-US\"},{\"@type\":\"Organization\",\"@id\":\"https:\/\/uvastrading.es\/#organization\",\"name\":\"UVAS Trading\",\"alternateName\":\"UVAS Trading\",\"url\":\"https:\/\/uvastrading.es\/\",\"logo\":{\"@type\":\"ImageObject\",\"inLanguage\":\"en-US\",\"@id\":\"https:\/\/uvastrading.es\/#\/schema\/logo\/image\/\",\"url\":\"https:\/\/uvastrading.es\/wp-content\/uploads\/2024\/07\/cropped-IMAGOTIPO-COLOR-1.jpg\",\"contentUrl\":\"https:\/\/uvastrading.es\/wp-content\/uploads\/2024\/07\/cropped-IMAGOTIPO-COLOR-1.jpg\",\"width\":2195,\"height\":1901,\"caption\":\"UVAS Trading\"},\"image\":{\"@id\":\"https:\/\/uvastrading.es\/#\/schema\/logo\/image\/\"}}]}<\/script>\n<!-- \/ Yoast SEO plugin. -->","yoast_head_json":{"title":"La Magia Ciliegio Brunello di Montalcino 2018 - UVAS Trading","robots":{"index":"index","follow":"follow","max-snippet":"max-snippet:-1","max-image-preview":"max-image-preview:large","max-video-preview":"max-video-preview:-1"},"canonical":"https:\/\/uvastrading.es\/en\/tienda\/italia\/toscana\/la-magia-ciliegio-brunello-di-montalcino-2018\/","og_locale":"en_US","og_type":"article","og_title":"La Magia Ciliegio Brunello di Montalcino 2018 - UVAS Trading","og_description":"Situado en el n\u00facleo hist\u00f3rico de la finca, un venerable cerezo se alza en medio de las vi\u00f1as m\u00e1s ancianas, dando lugar al Sangiovese m\u00e1s expresivo del dominio. Tras la vendimia, las uvas se someten a una prolongada maceraci\u00f3n de 40 d\u00edas con sus pieles, a lo que le sigue un periodo de crianza de [&hellip;]","og_url":"https:\/\/uvastrading.es\/en\/tienda\/italia\/toscana\/la-magia-ciliegio-brunello-di-montalcino-2018\/","og_site_name":"UVAS Trading","article_modified_time":"2024-12-19T21:55:09+00:00","og_image":[{"width":520,"height":1481,"url":"https:\/\/uvastrading.es\/wp-content\/uploads\/2023\/11\/71.png","type":"image\/png"}],"twitter_card":"summary_large_image","twitter_misc":{"Est. reading time":"1 minute"},"schema":{"@context":"https:\/\/schema.org","@graph":[{"@type":"WebPage","@id":"https:\/\/uvastrading.es\/tienda\/italia\/toscana\/la-magia-ciliegio-brunello-di-montalcino-2018\/","url":"https:\/\/uvastrading.es\/tienda\/italia\/toscana\/la-magia-ciliegio-brunello-di-montalcino-2018\/","name":"La Magia Ciliegio Brunello di Montalcino 2018 - UVAS Trading","isPartOf":{"@id":"https:\/\/uvastrading.es\/#website"},"primaryImageOfPage":{"@id":"https:\/\/uvastrading.es\/tienda\/italia\/toscana\/la-magia-ciliegio-brunello-di-montalcino-2018\/#primaryimage"},"image":{"@id":"https:\/\/uvastrading.es\/tienda\/italia\/toscana\/la-magia-ciliegio-brunello-di-montalcino-2018\/#primaryimage"},"thumbnailUrl":"https:\/\/uvastrading.es\/wp-content\/uploads\/2023\/11\/71.png","datePublished":"2023-12-05T22:12:29+00:00","dateModified":"2024-12-19T21:55:09+00:00","breadcrumb":{"@id":"https:\/\/uvastrading.es\/tienda\/italia\/toscana\/la-magia-ciliegio-brunello-di-montalcino-2018\/#breadcrumb"},"inLanguage":"en-US","potentialAction":[{"@type":"ReadAction","target":["https:\/\/uvastrading.es\/tienda\/italia\/toscana\/la-magia-ciliegio-brunello-di-montalcino-2018\/"]}]},{"@type":"ImageObject","inLanguage":"en-US","@id":"https:\/\/uvastrading.es\/tienda\/italia\/toscana\/la-magia-ciliegio-brunello-di-montalcino-2018\/#primaryimage","url":"https:\/\/uvastrading.es\/wp-content\/uploads\/2023\/11\/71.png","contentUrl":"https:\/\/uvastrading.es\/wp-content\/uploads\/2023\/11\/71.png","width":520,"height":1481,"caption":"La Magia Ciliegio Brunello di Montalcino 2018"},{"@type":"BreadcrumbList","@id":"https:\/\/uvastrading.es\/tienda\/italia\/toscana\/la-magia-ciliegio-brunello-di-montalcino-2018\/#breadcrumb","itemListElement":[{"@type":"ListItem","position":1,"name":"Home","item":"https:\/\/uvastrading.es\/"},{"@type":"ListItem","position":2,"name":"Tienda","item":"https:\/\/uvastrading.es\/tienda\/"},{"@type":"ListItem","position":3,"name":"La Magia Ciliegio Brunello di Montalcino 2018"}]},{"@type":"WebSite","@id":"https:\/\/uvastrading.es\/#website","url":"https:\/\/uvastrading.es\/","name":"UVAS Trading","description":"Importador y distribuidor exclusivo de bodegas familiares y de renombre de 25 regiones vitivin\u00edcolas de todo el mundo.","publisher":{"@id":"https:\/\/uvastrading.es\/#organization"},"alternateName":"Inicio - UVAS Trading","potentialAction":[{"@type":"SearchAction","target":{"@type":"EntryPoint","urlTemplate":"https:\/\/uvastrading.es\/?s={search_term_string}"},"query-input":{"@type":"PropertyValueSpecification","valueRequired":true,"valueName":"search_term_string"}}],"inLanguage":"en-US"},{"@type":"Organization","@id":"https:\/\/uvastrading.es\/#organization","name":"UVAS Trading","alternateName":"UVAS Trading","url":"https:\/\/uvastrading.es\/","logo":{"@type":"ImageObject","inLanguage":"en-US","@id":"https:\/\/uvastrading.es\/#\/schema\/logo\/image\/","url":"https:\/\/uvastrading.es\/wp-content\/uploads\/2024\/07\/cropped-IMAGOTIPO-COLOR-1.jpg","contentUrl":"https:\/\/uvastrading.es\/wp-content\/uploads\/2024\/07\/cropped-IMAGOTIPO-COLOR-1.jpg","width":2195,"height":1901,"caption":"UVAS Trading"},"image":{"@id":"https:\/\/uvastrading.es\/#\/schema\/logo\/image\/"}}]}},"_links":{"self":[{"href":"https:\/\/uvastrading.es\/en\/wp-json\/wp\/v2\/product\/4436","targetHints":{"allow":["GET"]}}],"collection":[{"href":"https:\/\/uvastrading.es\/en\/wp-json\/wp\/v2\/product"}],"about":[{"href":"https:\/\/uvastrading.es\/en\/wp-json\/wp\/v2\/types\/product"}],"replies":[{"embeddable":true,"href":"https:\/\/uvastrading.es\/en\/wp-json\/wp\/v2\/comments?post=4436"}],"version-history":[{"count":4,"href":"https:\/\/uvastrading.es\/en\/wp-json\/wp\/v2\/product\/4436\/revisions"}],"predecessor-version":[{"id":13012,"href":"https:\/\/uvastrading.es\/en\/wp-json\/wp\/v2\/product\/4436\/revisions\/13012"}],"wp:featuredmedia":[{"embeddable":true,"href":"https:\/\/uvastrading.es\/en\/wp-json\/wp\/v2\/media\/2988"}],"wp:attachment":[{"href":"https:\/\/uvastrading.es\/en\/wp-json\/wp\/v2\/media?parent=4436"}],"wp:term":[{"taxonomy":"product_brand","embeddable":true,"href":"https:\/\/uvastrading.es\/en\/wp-json\/wp\/v2\/product_brand?post=4436"},{"taxonomy":"product_cat","embeddable":true,"href":"https:\/\/uvastrading.es\/en\/wp-json\/wp\/v2\/product_cat?post=4436"},{"taxonomy":"product_tag","embeddable":true,"href":"https:\/\/uvastrading.es\/en\/wp-json\/wp\/v2\/product_tag?post=4436"}],"curies":[{"name":"wp","href":"https:\/\/api.w.org\/{rel}","templated":true}]}}