
{"id":4435,"date":"2023-12-05T22:12:28","date_gmt":"2023-12-05T22:12:28","guid":{"rendered":"https:\/\/uvastrading.es\/producto\/la-magia-brunello-di-montalcino-docg-2018\/"},"modified":"2025-05-27T15:53:43","modified_gmt":"2025-05-27T15:53:43","slug":"la-magia-brunello-di-montalcino-docg-2018","status":"publish","type":"product","link":"https:\/\/uvastrading.es\/en\/tienda\/italia\/toscana\/la-magia-brunello-di-montalcino-docg-2018\/","title":{"rendered":"The Magic Brunello di Montalcino DOCG 2018"},"content":{"rendered":"<p>This wine comes from a selection of low-yield old vines, as well as a blend of soils and altitudes. After selection, the impressive quality of the harvest allowed for a long maceration of 40 days, providing tannic complexity, depth, and texture. The wine has aged for 36 months in used barrels and oak barrels (one-third of them new), which has given it a sweet and polished touch to accompany the terroir-driven profile of this Sangiovese. This is a brilliant, intoxicating, and perfumed Brunello, richer than many other wines from the same vintage. It offers spices, wild herbs, blood orange, and smoked pancetta on the nose. The palate is radiant and consists of a quality<\/p>\n<p>The Magic<\/p>","protected":false},"excerpt":{"rendered":"<p>Este vino proviene de una selecci\u00f3n de cepas viejas de bajo rendimiento, as\u00ed como de una mezcla de suelos y altitudes. Despu\u00e9s de la selecci\u00f3n, la impresionante calidad de la cosecha permiti\u00f3 una larga maceraci\u00f3n de 40 d\u00edas, proporcionando complejidad t\u00e1nica, profundidad y textura. El vino ha envejecido durante 36 meses en barricas usadas y [&hellip;]<\/p>","protected":false},"featured_media":2987,"comment_status":"open","ping_status":"closed","template":"","meta":{"_acf_changed":false,"om_disable_all_campaigns":false,"inline_featured_image":false,"_monsterinsights_skip_tracking":false,"_monsterinsights_sitenote_active":false,"_monsterinsights_sitenote_note":"","_monsterinsights_sitenote_category":0,"_joinchat":[]},"product_brand":[],"product_cat":[26,614],"product_tag":[615],"class_list":{"0":"post-4435","1":"product","2":"type-product","3":"status-publish","4":"has-post-thumbnail","6":"product_cat-italia","7":"product_cat-toscana","8":"product_tag-la-magia","10":"first","11":"instock","12":"taxable","13":"shipping-taxable","14":"purchasable","15":"product-type-simple"},"acf":[],"yoast_head":"<!-- This site is optimized with the Yoast SEO plugin v26.6 - https:\/\/yoast.com\/wordpress\/plugins\/seo\/ -->\n<title>La Magia Brunello di Montalcino DOCG 2018 - UVAS Trading<\/title>\n<meta name=\"robots\" content=\"index, follow, max-snippet:-1, max-image-preview:large, max-video-preview:-1\" \/>\n<link rel=\"canonical\" href=\"https:\/\/uvastrading.es\/en\/tienda\/italia\/toscana\/la-magia-brunello-di-montalcino-docg-2018\/\" \/>\n<meta property=\"og:locale\" content=\"en_US\" \/>\n<meta property=\"og:type\" content=\"article\" \/>\n<meta property=\"og:title\" content=\"La Magia Brunello di Montalcino DOCG 2018 - UVAS Trading\" \/>\n<meta property=\"og:description\" content=\"Este vino proviene de una selecci\u00f3n de cepas viejas de bajo rendimiento, as\u00ed como de una mezcla de suelos y altitudes. Despu\u00e9s de la selecci\u00f3n, la impresionante calidad de la cosecha permiti\u00f3 una larga maceraci\u00f3n de 40 d\u00edas, proporcionando complejidad t\u00e1nica, profundidad y textura. El vino ha envejecido durante 36 meses en barricas usadas y [&hellip;]\" \/>\n<meta property=\"og:url\" content=\"https:\/\/uvastrading.es\/en\/tienda\/italia\/toscana\/la-magia-brunello-di-montalcino-docg-2018\/\" \/>\n<meta property=\"og:site_name\" content=\"UVAS Trading\" \/>\n<meta property=\"article:modified_time\" content=\"2025-05-27T15:53:43+00:00\" \/>\n<meta property=\"og:image\" content=\"https:\/\/uvastrading.es\/wp-content\/uploads\/2023\/11\/70.png\" \/>\n\t<meta property=\"og:image:width\" content=\"520\" \/>\n\t<meta property=\"og:image:height\" content=\"1481\" \/>\n\t<meta property=\"og:image:type\" content=\"image\/png\" \/>\n<meta name=\"twitter:card\" content=\"summary_large_image\" \/>\n<meta name=\"twitter:label1\" content=\"Est. reading time\" \/>\n\t<meta name=\"twitter:data1\" content=\"1 minute\" \/>\n<script type=\"application\/ld+json\" class=\"yoast-schema-graph\">{\"@context\":\"https:\/\/schema.org\",\"@graph\":[{\"@type\":\"WebPage\",\"@id\":\"https:\/\/uvastrading.es\/tienda\/italia\/toscana\/la-magia-brunello-di-montalcino-docg-2018\/\",\"url\":\"https:\/\/uvastrading.es\/tienda\/italia\/toscana\/la-magia-brunello-di-montalcino-docg-2018\/\",\"name\":\"La Magia Brunello di Montalcino DOCG 2018 - UVAS Trading\",\"isPartOf\":{\"@id\":\"https:\/\/uvastrading.es\/#website\"},\"primaryImageOfPage\":{\"@id\":\"https:\/\/uvastrading.es\/tienda\/italia\/toscana\/la-magia-brunello-di-montalcino-docg-2018\/#primaryimage\"},\"image\":{\"@id\":\"https:\/\/uvastrading.es\/tienda\/italia\/toscana\/la-magia-brunello-di-montalcino-docg-2018\/#primaryimage\"},\"thumbnailUrl\":\"https:\/\/uvastrading.es\/wp-content\/uploads\/2023\/11\/70.png\",\"datePublished\":\"2023-12-05T22:12:28+00:00\",\"dateModified\":\"2025-05-27T15:53:43+00:00\",\"breadcrumb\":{\"@id\":\"https:\/\/uvastrading.es\/tienda\/italia\/toscana\/la-magia-brunello-di-montalcino-docg-2018\/#breadcrumb\"},\"inLanguage\":\"en-US\",\"potentialAction\":[{\"@type\":\"ReadAction\",\"target\":[\"https:\/\/uvastrading.es\/tienda\/italia\/toscana\/la-magia-brunello-di-montalcino-docg-2018\/\"]}]},{\"@type\":\"ImageObject\",\"inLanguage\":\"en-US\",\"@id\":\"https:\/\/uvastrading.es\/tienda\/italia\/toscana\/la-magia-brunello-di-montalcino-docg-2018\/#primaryimage\",\"url\":\"https:\/\/uvastrading.es\/wp-content\/uploads\/2023\/11\/70.png\",\"contentUrl\":\"https:\/\/uvastrading.es\/wp-content\/uploads\/2023\/11\/70.png\",\"width\":520,\"height\":1481,\"caption\":\"La Magia Brunello di Montalcino DOCG 2018\"},{\"@type\":\"BreadcrumbList\",\"@id\":\"https:\/\/uvastrading.es\/tienda\/italia\/toscana\/la-magia-brunello-di-montalcino-docg-2018\/#breadcrumb\",\"itemListElement\":[{\"@type\":\"ListItem\",\"position\":1,\"name\":\"Home\",\"item\":\"https:\/\/uvastrading.es\/\"},{\"@type\":\"ListItem\",\"position\":2,\"name\":\"Tienda\",\"item\":\"https:\/\/uvastrading.es\/tienda\/\"},{\"@type\":\"ListItem\",\"position\":3,\"name\":\"La Magia Brunello di Montalcino DOCG 2018\"}]},{\"@type\":\"WebSite\",\"@id\":\"https:\/\/uvastrading.es\/#website\",\"url\":\"https:\/\/uvastrading.es\/\",\"name\":\"UVAS Trading\",\"description\":\"Importador y distribuidor exclusivo de bodegas familiares y de renombre de 25 regiones vitivin\u00edcolas de todo el mundo.\",\"publisher\":{\"@id\":\"https:\/\/uvastrading.es\/#organization\"},\"alternateName\":\"Inicio - UVAS Trading\",\"potentialAction\":[{\"@type\":\"SearchAction\",\"target\":{\"@type\":\"EntryPoint\",\"urlTemplate\":\"https:\/\/uvastrading.es\/?s={search_term_string}\"},\"query-input\":{\"@type\":\"PropertyValueSpecification\",\"valueRequired\":true,\"valueName\":\"search_term_string\"}}],\"inLanguage\":\"en-US\"},{\"@type\":\"Organization\",\"@id\":\"https:\/\/uvastrading.es\/#organization\",\"name\":\"UVAS Trading\",\"alternateName\":\"UVAS Trading\",\"url\":\"https:\/\/uvastrading.es\/\",\"logo\":{\"@type\":\"ImageObject\",\"inLanguage\":\"en-US\",\"@id\":\"https:\/\/uvastrading.es\/#\/schema\/logo\/image\/\",\"url\":\"https:\/\/uvastrading.es\/wp-content\/uploads\/2024\/07\/cropped-IMAGOTIPO-COLOR-1.jpg\",\"contentUrl\":\"https:\/\/uvastrading.es\/wp-content\/uploads\/2024\/07\/cropped-IMAGOTIPO-COLOR-1.jpg\",\"width\":2195,\"height\":1901,\"caption\":\"UVAS Trading\"},\"image\":{\"@id\":\"https:\/\/uvastrading.es\/#\/schema\/logo\/image\/\"}}]}<\/script>\n<!-- \/ Yoast SEO plugin. -->","yoast_head_json":{"title":"La Magia Brunello di Montalcino DOCG 2018 - UVAS Trading","robots":{"index":"index","follow":"follow","max-snippet":"max-snippet:-1","max-image-preview":"max-image-preview:large","max-video-preview":"max-video-preview:-1"},"canonical":"https:\/\/uvastrading.es\/en\/tienda\/italia\/toscana\/la-magia-brunello-di-montalcino-docg-2018\/","og_locale":"en_US","og_type":"article","og_title":"La Magia Brunello di Montalcino DOCG 2018 - UVAS Trading","og_description":"Este vino proviene de una selecci\u00f3n de cepas viejas de bajo rendimiento, as\u00ed como de una mezcla de suelos y altitudes. Despu\u00e9s de la selecci\u00f3n, la impresionante calidad de la cosecha permiti\u00f3 una larga maceraci\u00f3n de 40 d\u00edas, proporcionando complejidad t\u00e1nica, profundidad y textura. El vino ha envejecido durante 36 meses en barricas usadas y [&hellip;]","og_url":"https:\/\/uvastrading.es\/en\/tienda\/italia\/toscana\/la-magia-brunello-di-montalcino-docg-2018\/","og_site_name":"UVAS Trading","article_modified_time":"2025-05-27T15:53:43+00:00","og_image":[{"width":520,"height":1481,"url":"https:\/\/uvastrading.es\/wp-content\/uploads\/2023\/11\/70.png","type":"image\/png"}],"twitter_card":"summary_large_image","twitter_misc":{"Est. reading time":"1 minute"},"schema":{"@context":"https:\/\/schema.org","@graph":[{"@type":"WebPage","@id":"https:\/\/uvastrading.es\/tienda\/italia\/toscana\/la-magia-brunello-di-montalcino-docg-2018\/","url":"https:\/\/uvastrading.es\/tienda\/italia\/toscana\/la-magia-brunello-di-montalcino-docg-2018\/","name":"La Magia Brunello di Montalcino DOCG 2018 - UVAS Trading","isPartOf":{"@id":"https:\/\/uvastrading.es\/#website"},"primaryImageOfPage":{"@id":"https:\/\/uvastrading.es\/tienda\/italia\/toscana\/la-magia-brunello-di-montalcino-docg-2018\/#primaryimage"},"image":{"@id":"https:\/\/uvastrading.es\/tienda\/italia\/toscana\/la-magia-brunello-di-montalcino-docg-2018\/#primaryimage"},"thumbnailUrl":"https:\/\/uvastrading.es\/wp-content\/uploads\/2023\/11\/70.png","datePublished":"2023-12-05T22:12:28+00:00","dateModified":"2025-05-27T15:53:43+00:00","breadcrumb":{"@id":"https:\/\/uvastrading.es\/tienda\/italia\/toscana\/la-magia-brunello-di-montalcino-docg-2018\/#breadcrumb"},"inLanguage":"en-US","potentialAction":[{"@type":"ReadAction","target":["https:\/\/uvastrading.es\/tienda\/italia\/toscana\/la-magia-brunello-di-montalcino-docg-2018\/"]}]},{"@type":"ImageObject","inLanguage":"en-US","@id":"https:\/\/uvastrading.es\/tienda\/italia\/toscana\/la-magia-brunello-di-montalcino-docg-2018\/#primaryimage","url":"https:\/\/uvastrading.es\/wp-content\/uploads\/2023\/11\/70.png","contentUrl":"https:\/\/uvastrading.es\/wp-content\/uploads\/2023\/11\/70.png","width":520,"height":1481,"caption":"La Magia Brunello di Montalcino DOCG 2018"},{"@type":"BreadcrumbList","@id":"https:\/\/uvastrading.es\/tienda\/italia\/toscana\/la-magia-brunello-di-montalcino-docg-2018\/#breadcrumb","itemListElement":[{"@type":"ListItem","position":1,"name":"Home","item":"https:\/\/uvastrading.es\/"},{"@type":"ListItem","position":2,"name":"Tienda","item":"https:\/\/uvastrading.es\/tienda\/"},{"@type":"ListItem","position":3,"name":"La Magia Brunello di Montalcino DOCG 2018"}]},{"@type":"WebSite","@id":"https:\/\/uvastrading.es\/#website","url":"https:\/\/uvastrading.es\/","name":"UVAS Trading","description":"Importador y distribuidor exclusivo de bodegas familiares y de renombre de 25 regiones vitivin\u00edcolas de todo el mundo.","publisher":{"@id":"https:\/\/uvastrading.es\/#organization"},"alternateName":"Inicio - UVAS Trading","potentialAction":[{"@type":"SearchAction","target":{"@type":"EntryPoint","urlTemplate":"https:\/\/uvastrading.es\/?s={search_term_string}"},"query-input":{"@type":"PropertyValueSpecification","valueRequired":true,"valueName":"search_term_string"}}],"inLanguage":"en-US"},{"@type":"Organization","@id":"https:\/\/uvastrading.es\/#organization","name":"UVAS Trading","alternateName":"UVAS Trading","url":"https:\/\/uvastrading.es\/","logo":{"@type":"ImageObject","inLanguage":"en-US","@id":"https:\/\/uvastrading.es\/#\/schema\/logo\/image\/","url":"https:\/\/uvastrading.es\/wp-content\/uploads\/2024\/07\/cropped-IMAGOTIPO-COLOR-1.jpg","contentUrl":"https:\/\/uvastrading.es\/wp-content\/uploads\/2024\/07\/cropped-IMAGOTIPO-COLOR-1.jpg","width":2195,"height":1901,"caption":"UVAS Trading"},"image":{"@id":"https:\/\/uvastrading.es\/#\/schema\/logo\/image\/"}}]}},"_links":{"self":[{"href":"https:\/\/uvastrading.es\/en\/wp-json\/wp\/v2\/product\/4435","targetHints":{"allow":["GET"]}}],"collection":[{"href":"https:\/\/uvastrading.es\/en\/wp-json\/wp\/v2\/product"}],"about":[{"href":"https:\/\/uvastrading.es\/en\/wp-json\/wp\/v2\/types\/product"}],"replies":[{"embeddable":true,"href":"https:\/\/uvastrading.es\/en\/wp-json\/wp\/v2\/comments?post=4435"}],"version-history":[{"count":5,"href":"https:\/\/uvastrading.es\/en\/wp-json\/wp\/v2\/product\/4435\/revisions"}],"predecessor-version":[{"id":13836,"href":"https:\/\/uvastrading.es\/en\/wp-json\/wp\/v2\/product\/4435\/revisions\/13836"}],"wp:featuredmedia":[{"embeddable":true,"href":"https:\/\/uvastrading.es\/en\/wp-json\/wp\/v2\/media\/2987"}],"wp:attachment":[{"href":"https:\/\/uvastrading.es\/en\/wp-json\/wp\/v2\/media?parent=4435"}],"wp:term":[{"taxonomy":"product_brand","embeddable":true,"href":"https:\/\/uvastrading.es\/en\/wp-json\/wp\/v2\/product_brand?post=4435"},{"taxonomy":"product_cat","embeddable":true,"href":"https:\/\/uvastrading.es\/en\/wp-json\/wp\/v2\/product_cat?post=4435"},{"taxonomy":"product_tag","embeddable":true,"href":"https:\/\/uvastrading.es\/en\/wp-json\/wp\/v2\/product_tag?post=4435"}],"curies":[{"name":"wp","href":"https:\/\/api.w.org\/{rel}","templated":true}]}}