
{"id":4431,"date":"2023-12-05T22:12:25","date_gmt":"2023-12-05T22:12:25","guid":{"rendered":"https:\/\/uvastrading.es\/producto\/pierre-chainier-les-calcaires-sauvignon-blanc-2022\/"},"modified":"2026-04-15T12:10:07","modified_gmt":"2026-04-15T12:10:07","slug":"les-calcaires-sauvignon-blanc-2023","status":"publish","type":"product","link":"https:\/\/uvastrading.es\/en\/tienda\/francia\/valle-del-loira\/les-calcaires-sauvignon-blanc-2023\/","title":{"rendered":"Les Calcaires Sauvignon Blanc 2025"},"content":{"rendered":"<p>Dry, fresh, and youthful flavor with hints of dried gooseberries and citrus. It is served chilled as is or with light salads, goat cheese, and seafood. The grapes are harvested early in the morning before 9 am, from vineyards with calcareous clay and refractory soils, providing the Sauvignon grapes with good fruity acidity and complexity. The vineyards are rich in fossils and therefore have a limestone soil, which provides balance and good mineral notes to the wines.<\/p>\n<p>Pierre Chainier<\/p>","protected":false},"excerpt":{"rendered":"<p>Sabor seco, fresco y juvenil con toques de grosellas espinosas secas y c\u00edtricos. Se sirve fr\u00edo tal cual o con ensaladas ligeras, queso de cabra y mariscos. Las uvas se cosechan temprano en la ma\u00f1ana antes de las 9 am, de vi\u00f1edos con suelos de arcilla calc\u00e1rea y refractarios, proporcionando a las uvas Sauvignon una [&hellip;]<\/p>","protected":false},"featured_media":2982,"comment_status":"open","ping_status":"closed","template":"","meta":{"_acf_changed":false,"om_disable_all_campaigns":false,"inline_featured_image":false,"_monsterinsights_skip_tracking":false,"_monsterinsights_sitenote_active":false,"_monsterinsights_sitenote_note":"","_monsterinsights_sitenote_category":0,"_joinchat":[]},"product_brand":[],"product_cat":[24,612],"product_tag":[613],"class_list":{"0":"post-4431","1":"product","2":"type-product","3":"status-publish","4":"has-post-thumbnail","6":"product_cat-francia","7":"product_cat-valle-del-loira","8":"product_tag-pierre-chainier","10":"first","11":"instock","12":"taxable","13":"shipping-taxable","14":"purchasable","15":"product-type-simple"},"acf":[],"yoast_head":"<!-- This site is optimized with the Yoast SEO plugin v26.6 - https:\/\/yoast.com\/wordpress\/plugins\/seo\/ -->\n<title>Les Calcaires Sauvignon Blanc 2025 - UVAS Trading<\/title>\n<meta name=\"robots\" content=\"index, follow, max-snippet:-1, max-image-preview:large, max-video-preview:-1\" \/>\n<link rel=\"canonical\" href=\"https:\/\/uvastrading.es\/en\/tienda\/francia\/valle-del-loira\/les-calcaires-sauvignon-blanc-2023\/\" \/>\n<meta property=\"og:locale\" content=\"en_US\" \/>\n<meta property=\"og:type\" content=\"article\" \/>\n<meta property=\"og:title\" content=\"Les Calcaires Sauvignon Blanc 2025 - UVAS Trading\" \/>\n<meta property=\"og:description\" content=\"Sabor seco, fresco y juvenil con toques de grosellas espinosas secas y c\u00edtricos. Se sirve fr\u00edo tal cual o con ensaladas ligeras, queso de cabra y mariscos. Las uvas se cosechan temprano en la ma\u00f1ana antes de las 9 am, de vi\u00f1edos con suelos de arcilla calc\u00e1rea y refractarios, proporcionando a las uvas Sauvignon una [&hellip;]\" \/>\n<meta property=\"og:url\" content=\"https:\/\/uvastrading.es\/en\/tienda\/francia\/valle-del-loira\/les-calcaires-sauvignon-blanc-2023\/\" \/>\n<meta property=\"og:site_name\" content=\"UVAS Trading\" \/>\n<meta property=\"article:modified_time\" content=\"2026-04-15T12:10:07+00:00\" \/>\n<meta property=\"og:image\" content=\"https:\/\/uvastrading.es\/wp-content\/uploads\/2023\/11\/64.png\" \/>\n\t<meta property=\"og:image:width\" content=\"528\" \/>\n\t<meta property=\"og:image:height\" content=\"1473\" \/>\n\t<meta property=\"og:image:type\" content=\"image\/png\" \/>\n<meta name=\"twitter:card\" content=\"summary_large_image\" \/>\n<meta name=\"twitter:label1\" content=\"Est. reading time\" \/>\n\t<meta name=\"twitter:data1\" content=\"1 minute\" \/>\n<script type=\"application\/ld+json\" class=\"yoast-schema-graph\">{\"@context\":\"https:\/\/schema.org\",\"@graph\":[{\"@type\":\"WebPage\",\"@id\":\"https:\/\/uvastrading.es\/tienda\/francia\/valle-del-loira\/les-calcaires-sauvignon-blanc-2023\/\",\"url\":\"https:\/\/uvastrading.es\/tienda\/francia\/valle-del-loira\/les-calcaires-sauvignon-blanc-2023\/\",\"name\":\"Les Calcaires Sauvignon Blanc 2025 - UVAS Trading\",\"isPartOf\":{\"@id\":\"https:\/\/uvastrading.es\/#website\"},\"primaryImageOfPage\":{\"@id\":\"https:\/\/uvastrading.es\/tienda\/francia\/valle-del-loira\/les-calcaires-sauvignon-blanc-2023\/#primaryimage\"},\"image\":{\"@id\":\"https:\/\/uvastrading.es\/tienda\/francia\/valle-del-loira\/les-calcaires-sauvignon-blanc-2023\/#primaryimage\"},\"thumbnailUrl\":\"https:\/\/uvastrading.es\/wp-content\/uploads\/2023\/11\/64.png\",\"datePublished\":\"2023-12-05T22:12:25+00:00\",\"dateModified\":\"2026-04-15T12:10:07+00:00\",\"breadcrumb\":{\"@id\":\"https:\/\/uvastrading.es\/tienda\/francia\/valle-del-loira\/les-calcaires-sauvignon-blanc-2023\/#breadcrumb\"},\"inLanguage\":\"en-US\",\"potentialAction\":[{\"@type\":\"ReadAction\",\"target\":[\"https:\/\/uvastrading.es\/tienda\/francia\/valle-del-loira\/les-calcaires-sauvignon-blanc-2023\/\"]}]},{\"@type\":\"ImageObject\",\"inLanguage\":\"en-US\",\"@id\":\"https:\/\/uvastrading.es\/tienda\/francia\/valle-del-loira\/les-calcaires-sauvignon-blanc-2023\/#primaryimage\",\"url\":\"https:\/\/uvastrading.es\/wp-content\/uploads\/2023\/11\/64.png\",\"contentUrl\":\"https:\/\/uvastrading.es\/wp-content\/uploads\/2023\/11\/64.png\",\"width\":528,\"height\":1473,\"caption\":\"Les Calcaires Sauvignon Blanc 2022\"},{\"@type\":\"BreadcrumbList\",\"@id\":\"https:\/\/uvastrading.es\/tienda\/francia\/valle-del-loira\/les-calcaires-sauvignon-blanc-2023\/#breadcrumb\",\"itemListElement\":[{\"@type\":\"ListItem\",\"position\":1,\"name\":\"Home\",\"item\":\"https:\/\/uvastrading.es\/\"},{\"@type\":\"ListItem\",\"position\":2,\"name\":\"Tienda\",\"item\":\"https:\/\/uvastrading.es\/tienda\/\"},{\"@type\":\"ListItem\",\"position\":3,\"name\":\"Les Calcaires Sauvignon Blanc 2025\"}]},{\"@type\":\"WebSite\",\"@id\":\"https:\/\/uvastrading.es\/#website\",\"url\":\"https:\/\/uvastrading.es\/\",\"name\":\"UVAS Trading\",\"description\":\"Importador y distribuidor exclusivo de bodegas familiares y de renombre de 25 regiones vitivin\u00edcolas de todo el mundo.\",\"publisher\":{\"@id\":\"https:\/\/uvastrading.es\/#organization\"},\"alternateName\":\"Inicio - UVAS Trading\",\"potentialAction\":[{\"@type\":\"SearchAction\",\"target\":{\"@type\":\"EntryPoint\",\"urlTemplate\":\"https:\/\/uvastrading.es\/?s={search_term_string}\"},\"query-input\":{\"@type\":\"PropertyValueSpecification\",\"valueRequired\":true,\"valueName\":\"search_term_string\"}}],\"inLanguage\":\"en-US\"},{\"@type\":\"Organization\",\"@id\":\"https:\/\/uvastrading.es\/#organization\",\"name\":\"UVAS Trading\",\"alternateName\":\"UVAS Trading\",\"url\":\"https:\/\/uvastrading.es\/\",\"logo\":{\"@type\":\"ImageObject\",\"inLanguage\":\"en-US\",\"@id\":\"https:\/\/uvastrading.es\/#\/schema\/logo\/image\/\",\"url\":\"https:\/\/uvastrading.es\/wp-content\/uploads\/2024\/07\/cropped-IMAGOTIPO-COLOR-1.jpg\",\"contentUrl\":\"https:\/\/uvastrading.es\/wp-content\/uploads\/2024\/07\/cropped-IMAGOTIPO-COLOR-1.jpg\",\"width\":2195,\"height\":1901,\"caption\":\"UVAS Trading\"},\"image\":{\"@id\":\"https:\/\/uvastrading.es\/#\/schema\/logo\/image\/\"}}]}<\/script>\n<!-- \/ Yoast SEO plugin. -->","yoast_head_json":{"title":"Les Calcaires Sauvignon Blanc 2025 - UVAS Trading","robots":{"index":"index","follow":"follow","max-snippet":"max-snippet:-1","max-image-preview":"max-image-preview:large","max-video-preview":"max-video-preview:-1"},"canonical":"https:\/\/uvastrading.es\/en\/tienda\/francia\/valle-del-loira\/les-calcaires-sauvignon-blanc-2023\/","og_locale":"en_US","og_type":"article","og_title":"Les Calcaires Sauvignon Blanc 2025 - UVAS Trading","og_description":"Sabor seco, fresco y juvenil con toques de grosellas espinosas secas y c\u00edtricos. Se sirve fr\u00edo tal cual o con ensaladas ligeras, queso de cabra y mariscos. Las uvas se cosechan temprano en la ma\u00f1ana antes de las 9 am, de vi\u00f1edos con suelos de arcilla calc\u00e1rea y refractarios, proporcionando a las uvas Sauvignon una [&hellip;]","og_url":"https:\/\/uvastrading.es\/en\/tienda\/francia\/valle-del-loira\/les-calcaires-sauvignon-blanc-2023\/","og_site_name":"UVAS Trading","article_modified_time":"2026-04-15T12:10:07+00:00","og_image":[{"width":528,"height":1473,"url":"https:\/\/uvastrading.es\/wp-content\/uploads\/2023\/11\/64.png","type":"image\/png"}],"twitter_card":"summary_large_image","twitter_misc":{"Est. reading time":"1 minute"},"schema":{"@context":"https:\/\/schema.org","@graph":[{"@type":"WebPage","@id":"https:\/\/uvastrading.es\/tienda\/francia\/valle-del-loira\/les-calcaires-sauvignon-blanc-2023\/","url":"https:\/\/uvastrading.es\/tienda\/francia\/valle-del-loira\/les-calcaires-sauvignon-blanc-2023\/","name":"Les Calcaires Sauvignon Blanc 2025 - UVAS Trading","isPartOf":{"@id":"https:\/\/uvastrading.es\/#website"},"primaryImageOfPage":{"@id":"https:\/\/uvastrading.es\/tienda\/francia\/valle-del-loira\/les-calcaires-sauvignon-blanc-2023\/#primaryimage"},"image":{"@id":"https:\/\/uvastrading.es\/tienda\/francia\/valle-del-loira\/les-calcaires-sauvignon-blanc-2023\/#primaryimage"},"thumbnailUrl":"https:\/\/uvastrading.es\/wp-content\/uploads\/2023\/11\/64.png","datePublished":"2023-12-05T22:12:25+00:00","dateModified":"2026-04-15T12:10:07+00:00","breadcrumb":{"@id":"https:\/\/uvastrading.es\/tienda\/francia\/valle-del-loira\/les-calcaires-sauvignon-blanc-2023\/#breadcrumb"},"inLanguage":"en-US","potentialAction":[{"@type":"ReadAction","target":["https:\/\/uvastrading.es\/tienda\/francia\/valle-del-loira\/les-calcaires-sauvignon-blanc-2023\/"]}]},{"@type":"ImageObject","inLanguage":"en-US","@id":"https:\/\/uvastrading.es\/tienda\/francia\/valle-del-loira\/les-calcaires-sauvignon-blanc-2023\/#primaryimage","url":"https:\/\/uvastrading.es\/wp-content\/uploads\/2023\/11\/64.png","contentUrl":"https:\/\/uvastrading.es\/wp-content\/uploads\/2023\/11\/64.png","width":528,"height":1473,"caption":"Les Calcaires Sauvignon Blanc 2022"},{"@type":"BreadcrumbList","@id":"https:\/\/uvastrading.es\/tienda\/francia\/valle-del-loira\/les-calcaires-sauvignon-blanc-2023\/#breadcrumb","itemListElement":[{"@type":"ListItem","position":1,"name":"Home","item":"https:\/\/uvastrading.es\/"},{"@type":"ListItem","position":2,"name":"Tienda","item":"https:\/\/uvastrading.es\/tienda\/"},{"@type":"ListItem","position":3,"name":"Les Calcaires Sauvignon Blanc 2025"}]},{"@type":"WebSite","@id":"https:\/\/uvastrading.es\/#website","url":"https:\/\/uvastrading.es\/","name":"UVAS Trading","description":"Importador y distribuidor exclusivo de bodegas familiares y de renombre de 25 regiones vitivin\u00edcolas de todo el mundo.","publisher":{"@id":"https:\/\/uvastrading.es\/#organization"},"alternateName":"Inicio - UVAS Trading","potentialAction":[{"@type":"SearchAction","target":{"@type":"EntryPoint","urlTemplate":"https:\/\/uvastrading.es\/?s={search_term_string}"},"query-input":{"@type":"PropertyValueSpecification","valueRequired":true,"valueName":"search_term_string"}}],"inLanguage":"en-US"},{"@type":"Organization","@id":"https:\/\/uvastrading.es\/#organization","name":"UVAS Trading","alternateName":"UVAS Trading","url":"https:\/\/uvastrading.es\/","logo":{"@type":"ImageObject","inLanguage":"en-US","@id":"https:\/\/uvastrading.es\/#\/schema\/logo\/image\/","url":"https:\/\/uvastrading.es\/wp-content\/uploads\/2024\/07\/cropped-IMAGOTIPO-COLOR-1.jpg","contentUrl":"https:\/\/uvastrading.es\/wp-content\/uploads\/2024\/07\/cropped-IMAGOTIPO-COLOR-1.jpg","width":2195,"height":1901,"caption":"UVAS Trading"},"image":{"@id":"https:\/\/uvastrading.es\/#\/schema\/logo\/image\/"}}]}},"_links":{"self":[{"href":"https:\/\/uvastrading.es\/en\/wp-json\/wp\/v2\/product\/4431","targetHints":{"allow":["GET"]}}],"collection":[{"href":"https:\/\/uvastrading.es\/en\/wp-json\/wp\/v2\/product"}],"about":[{"href":"https:\/\/uvastrading.es\/en\/wp-json\/wp\/v2\/types\/product"}],"replies":[{"embeddable":true,"href":"https:\/\/uvastrading.es\/en\/wp-json\/wp\/v2\/comments?post=4431"}],"version-history":[{"count":8,"href":"https:\/\/uvastrading.es\/en\/wp-json\/wp\/v2\/product\/4431\/revisions"}],"predecessor-version":[{"id":14994,"href":"https:\/\/uvastrading.es\/en\/wp-json\/wp\/v2\/product\/4431\/revisions\/14994"}],"wp:featuredmedia":[{"embeddable":true,"href":"https:\/\/uvastrading.es\/en\/wp-json\/wp\/v2\/media\/2982"}],"wp:attachment":[{"href":"https:\/\/uvastrading.es\/en\/wp-json\/wp\/v2\/media?parent=4431"}],"wp:term":[{"taxonomy":"product_brand","embeddable":true,"href":"https:\/\/uvastrading.es\/en\/wp-json\/wp\/v2\/product_brand?post=4431"},{"taxonomy":"product_cat","embeddable":true,"href":"https:\/\/uvastrading.es\/en\/wp-json\/wp\/v2\/product_cat?post=4431"},{"taxonomy":"product_tag","embeddable":true,"href":"https:\/\/uvastrading.es\/en\/wp-json\/wp\/v2\/product_tag?post=4431"}],"curies":[{"name":"wp","href":"https:\/\/api.w.org\/{rel}","templated":true}]}}