
{"id":4421,"date":"2023-12-05T22:12:21","date_gmt":"2023-12-05T22:12:21","guid":{"rendered":"https:\/\/uvastrading.es\/producto\/stephane-ogier-condrieula-combe-de-malleval-2021\/"},"modified":"2024-12-19T21:56:18","modified_gmt":"2024-12-19T21:56:18","slug":"la-combe-de-malleval-condrieu-2021","status":"publish","type":"product","link":"https:\/\/uvastrading.es\/en\/tienda\/francia\/valle-del-rodano\/la-combe-de-malleval-condrieu-2021\/","title":{"rendered":"The Combe de Malleval Condrieu 2021"},"content":{"rendered":"<p>Domaine Ogier is one of the most prominent estates in the Rh\u00f4ne, \"dynamic and elite,\" according to Wine Spectator, and specialists in C\u00f4te-R\u00f4tie and Condrieu. The plot of old vines in Malleval produces a wine with exceptional maturity, intensity, and mineral balance.<\/p>\n<p>Wine Advocate wrote that Ogier was \"undoubtedly among the top estates in the Rh\u00f4ne Valley.\" The family initially grew apricots, but fortunately switched to grapes, and the quality was such that, until 1982, they sold all their fruit to the prestigious wineries Guigal and Chapoutier. After two harvests in Stellenbosch and some time in Beaune, St\u00e9phane took over from his father in the late 1990s, added 8 hectares to the vineyards (he also owns plots in C\u00f4te-R\u00f4tie, Condrieu, and Saint-Joseph), and built a modern winery. The terroir is his reason for being. Their old Malleval vines are south-facing at an altitude of 300 meters,<\/p>\n<p><span style=\"display: none;\">Stephane Ogier<\/span><\/p>","protected":false},"excerpt":{"rendered":"<p>Domaine Ogier es una de las fincas m\u00e1s destacadas del R\u00f3dano, \u00abdin\u00e1mica y de \u00e9lite\u00bb, seg\u00fan Wine Spectator, y especialistas en C\u00f4te-R\u00f4tie y Condrieu. La parcela de viejas vi\u00f1as de Malleval produce un vino con una madurez, intensidad y equilibrio mineral excepcionales. Wine Advocate escribi\u00f3 que Ogier estaba \u00abindiscutiblemente entre los principales dominios del Valle [&hellip;]<\/p>","protected":false},"featured_media":2965,"comment_status":"open","ping_status":"closed","template":"","meta":{"_acf_changed":false,"om_disable_all_campaigns":false,"inline_featured_image":false,"_monsterinsights_skip_tracking":false,"_monsterinsights_sitenote_active":false,"_monsterinsights_sitenote_note":"","_monsterinsights_sitenote_category":0,"_joinchat":[]},"product_brand":[],"product_cat":[24,607],"product_tag":[608],"class_list":{"0":"post-4421","1":"product","2":"type-product","3":"status-publish","4":"has-post-thumbnail","6":"product_cat-francia","7":"product_cat-valle-del-rodano","8":"product_tag-stephane-ogier","10":"first","11":"instock","12":"taxable","13":"shipping-taxable","14":"purchasable","15":"product-type-simple"},"acf":[],"yoast_head":"<!-- This site is optimized with the Yoast SEO plugin v26.6 - https:\/\/yoast.com\/wordpress\/plugins\/seo\/ -->\n<title>La Combe de Malleval Condrieu 2021 - UVAS Trading<\/title>\n<meta name=\"robots\" content=\"index, follow, max-snippet:-1, max-image-preview:large, max-video-preview:-1\" \/>\n<link rel=\"canonical\" href=\"https:\/\/uvastrading.es\/en\/tienda\/francia\/valle-del-rodano\/la-combe-de-malleval-condrieu-2021\/\" \/>\n<meta property=\"og:locale\" content=\"en_US\" \/>\n<meta property=\"og:type\" content=\"article\" \/>\n<meta property=\"og:title\" content=\"La Combe de Malleval Condrieu 2021 - UVAS Trading\" \/>\n<meta property=\"og:description\" content=\"Domaine Ogier es una de las fincas m\u00e1s destacadas del R\u00f3dano, \u00abdin\u00e1mica y de \u00e9lite\u00bb, seg\u00fan Wine Spectator, y especialistas en C\u00f4te-R\u00f4tie y Condrieu. La parcela de viejas vi\u00f1as de Malleval produce un vino con una madurez, intensidad y equilibrio mineral excepcionales. Wine Advocate escribi\u00f3 que Ogier estaba \u00abindiscutiblemente entre los principales dominios del Valle [&hellip;]\" \/>\n<meta property=\"og:url\" content=\"https:\/\/uvastrading.es\/en\/tienda\/francia\/valle-del-rodano\/la-combe-de-malleval-condrieu-2021\/\" \/>\n<meta property=\"og:site_name\" content=\"UVAS Trading\" \/>\n<meta property=\"article:modified_time\" content=\"2024-12-19T21:56:18+00:00\" \/>\n<meta property=\"og:image\" content=\"https:\/\/uvastrading.es\/wp-content\/uploads\/2023\/11\/44.png\" \/>\n\t<meta property=\"og:image:width\" content=\"520\" \/>\n\t<meta property=\"og:image:height\" content=\"1473\" \/>\n\t<meta property=\"og:image:type\" content=\"image\/png\" \/>\n<meta name=\"twitter:card\" content=\"summary_large_image\" \/>\n<meta name=\"twitter:label1\" content=\"Est. reading time\" \/>\n\t<meta name=\"twitter:data1\" content=\"2 minutes\" \/>\n<script type=\"application\/ld+json\" class=\"yoast-schema-graph\">{\"@context\":\"https:\/\/schema.org\",\"@graph\":[{\"@type\":\"WebPage\",\"@id\":\"https:\/\/uvastrading.es\/tienda\/francia\/valle-del-rodano\/la-combe-de-malleval-condrieu-2021\/\",\"url\":\"https:\/\/uvastrading.es\/tienda\/francia\/valle-del-rodano\/la-combe-de-malleval-condrieu-2021\/\",\"name\":\"La Combe de Malleval Condrieu 2021 - UVAS Trading\",\"isPartOf\":{\"@id\":\"https:\/\/uvastrading.es\/#website\"},\"primaryImageOfPage\":{\"@id\":\"https:\/\/uvastrading.es\/tienda\/francia\/valle-del-rodano\/la-combe-de-malleval-condrieu-2021\/#primaryimage\"},\"image\":{\"@id\":\"https:\/\/uvastrading.es\/tienda\/francia\/valle-del-rodano\/la-combe-de-malleval-condrieu-2021\/#primaryimage\"},\"thumbnailUrl\":\"https:\/\/uvastrading.es\/wp-content\/uploads\/2023\/11\/44.png\",\"datePublished\":\"2023-12-05T22:12:21+00:00\",\"dateModified\":\"2024-12-19T21:56:18+00:00\",\"breadcrumb\":{\"@id\":\"https:\/\/uvastrading.es\/tienda\/francia\/valle-del-rodano\/la-combe-de-malleval-condrieu-2021\/#breadcrumb\"},\"inLanguage\":\"en-US\",\"potentialAction\":[{\"@type\":\"ReadAction\",\"target\":[\"https:\/\/uvastrading.es\/tienda\/francia\/valle-del-rodano\/la-combe-de-malleval-condrieu-2021\/\"]}]},{\"@type\":\"ImageObject\",\"inLanguage\":\"en-US\",\"@id\":\"https:\/\/uvastrading.es\/tienda\/francia\/valle-del-rodano\/la-combe-de-malleval-condrieu-2021\/#primaryimage\",\"url\":\"https:\/\/uvastrading.es\/wp-content\/uploads\/2023\/11\/44.png\",\"contentUrl\":\"https:\/\/uvastrading.es\/wp-content\/uploads\/2023\/11\/44.png\",\"width\":520,\"height\":1473,\"caption\":\"La Combe de Malleval Condrieu 2021\"},{\"@type\":\"BreadcrumbList\",\"@id\":\"https:\/\/uvastrading.es\/tienda\/francia\/valle-del-rodano\/la-combe-de-malleval-condrieu-2021\/#breadcrumb\",\"itemListElement\":[{\"@type\":\"ListItem\",\"position\":1,\"name\":\"Home\",\"item\":\"https:\/\/uvastrading.es\/\"},{\"@type\":\"ListItem\",\"position\":2,\"name\":\"Tienda\",\"item\":\"https:\/\/uvastrading.es\/tienda\/\"},{\"@type\":\"ListItem\",\"position\":3,\"name\":\"La Combe de Malleval Condrieu 2021\"}]},{\"@type\":\"WebSite\",\"@id\":\"https:\/\/uvastrading.es\/#website\",\"url\":\"https:\/\/uvastrading.es\/\",\"name\":\"UVAS Trading\",\"description\":\"Importador y distribuidor exclusivo de bodegas familiares y de renombre de 25 regiones vitivin\u00edcolas de todo el mundo.\",\"publisher\":{\"@id\":\"https:\/\/uvastrading.es\/#organization\"},\"alternateName\":\"Inicio - UVAS Trading\",\"potentialAction\":[{\"@type\":\"SearchAction\",\"target\":{\"@type\":\"EntryPoint\",\"urlTemplate\":\"https:\/\/uvastrading.es\/?s={search_term_string}\"},\"query-input\":{\"@type\":\"PropertyValueSpecification\",\"valueRequired\":true,\"valueName\":\"search_term_string\"}}],\"inLanguage\":\"en-US\"},{\"@type\":\"Organization\",\"@id\":\"https:\/\/uvastrading.es\/#organization\",\"name\":\"UVAS Trading\",\"alternateName\":\"UVAS Trading\",\"url\":\"https:\/\/uvastrading.es\/\",\"logo\":{\"@type\":\"ImageObject\",\"inLanguage\":\"en-US\",\"@id\":\"https:\/\/uvastrading.es\/#\/schema\/logo\/image\/\",\"url\":\"https:\/\/uvastrading.es\/wp-content\/uploads\/2024\/07\/cropped-IMAGOTIPO-COLOR-1.jpg\",\"contentUrl\":\"https:\/\/uvastrading.es\/wp-content\/uploads\/2024\/07\/cropped-IMAGOTIPO-COLOR-1.jpg\",\"width\":2195,\"height\":1901,\"caption\":\"UVAS Trading\"},\"image\":{\"@id\":\"https:\/\/uvastrading.es\/#\/schema\/logo\/image\/\"}}]}<\/script>\n<!-- \/ Yoast SEO plugin. -->","yoast_head_json":{"title":"La Combe de Malleval Condrieu 2021 - UVAS Trading","robots":{"index":"index","follow":"follow","max-snippet":"max-snippet:-1","max-image-preview":"max-image-preview:large","max-video-preview":"max-video-preview:-1"},"canonical":"https:\/\/uvastrading.es\/en\/tienda\/francia\/valle-del-rodano\/la-combe-de-malleval-condrieu-2021\/","og_locale":"en_US","og_type":"article","og_title":"La Combe de Malleval Condrieu 2021 - UVAS Trading","og_description":"Domaine Ogier es una de las fincas m\u00e1s destacadas del R\u00f3dano, \u00abdin\u00e1mica y de \u00e9lite\u00bb, seg\u00fan Wine Spectator, y especialistas en C\u00f4te-R\u00f4tie y Condrieu. La parcela de viejas vi\u00f1as de Malleval produce un vino con una madurez, intensidad y equilibrio mineral excepcionales. Wine Advocate escribi\u00f3 que Ogier estaba \u00abindiscutiblemente entre los principales dominios del Valle [&hellip;]","og_url":"https:\/\/uvastrading.es\/en\/tienda\/francia\/valle-del-rodano\/la-combe-de-malleval-condrieu-2021\/","og_site_name":"UVAS Trading","article_modified_time":"2024-12-19T21:56:18+00:00","og_image":[{"width":520,"height":1473,"url":"https:\/\/uvastrading.es\/wp-content\/uploads\/2023\/11\/44.png","type":"image\/png"}],"twitter_card":"summary_large_image","twitter_misc":{"Est. reading time":"2 minutes"},"schema":{"@context":"https:\/\/schema.org","@graph":[{"@type":"WebPage","@id":"https:\/\/uvastrading.es\/tienda\/francia\/valle-del-rodano\/la-combe-de-malleval-condrieu-2021\/","url":"https:\/\/uvastrading.es\/tienda\/francia\/valle-del-rodano\/la-combe-de-malleval-condrieu-2021\/","name":"La Combe de Malleval Condrieu 2021 - UVAS Trading","isPartOf":{"@id":"https:\/\/uvastrading.es\/#website"},"primaryImageOfPage":{"@id":"https:\/\/uvastrading.es\/tienda\/francia\/valle-del-rodano\/la-combe-de-malleval-condrieu-2021\/#primaryimage"},"image":{"@id":"https:\/\/uvastrading.es\/tienda\/francia\/valle-del-rodano\/la-combe-de-malleval-condrieu-2021\/#primaryimage"},"thumbnailUrl":"https:\/\/uvastrading.es\/wp-content\/uploads\/2023\/11\/44.png","datePublished":"2023-12-05T22:12:21+00:00","dateModified":"2024-12-19T21:56:18+00:00","breadcrumb":{"@id":"https:\/\/uvastrading.es\/tienda\/francia\/valle-del-rodano\/la-combe-de-malleval-condrieu-2021\/#breadcrumb"},"inLanguage":"en-US","potentialAction":[{"@type":"ReadAction","target":["https:\/\/uvastrading.es\/tienda\/francia\/valle-del-rodano\/la-combe-de-malleval-condrieu-2021\/"]}]},{"@type":"ImageObject","inLanguage":"en-US","@id":"https:\/\/uvastrading.es\/tienda\/francia\/valle-del-rodano\/la-combe-de-malleval-condrieu-2021\/#primaryimage","url":"https:\/\/uvastrading.es\/wp-content\/uploads\/2023\/11\/44.png","contentUrl":"https:\/\/uvastrading.es\/wp-content\/uploads\/2023\/11\/44.png","width":520,"height":1473,"caption":"La Combe de Malleval Condrieu 2021"},{"@type":"BreadcrumbList","@id":"https:\/\/uvastrading.es\/tienda\/francia\/valle-del-rodano\/la-combe-de-malleval-condrieu-2021\/#breadcrumb","itemListElement":[{"@type":"ListItem","position":1,"name":"Home","item":"https:\/\/uvastrading.es\/"},{"@type":"ListItem","position":2,"name":"Tienda","item":"https:\/\/uvastrading.es\/tienda\/"},{"@type":"ListItem","position":3,"name":"La Combe de Malleval Condrieu 2021"}]},{"@type":"WebSite","@id":"https:\/\/uvastrading.es\/#website","url":"https:\/\/uvastrading.es\/","name":"UVAS Trading","description":"Importador y distribuidor exclusivo de bodegas familiares y de renombre de 25 regiones vitivin\u00edcolas de todo el mundo.","publisher":{"@id":"https:\/\/uvastrading.es\/#organization"},"alternateName":"Inicio - UVAS Trading","potentialAction":[{"@type":"SearchAction","target":{"@type":"EntryPoint","urlTemplate":"https:\/\/uvastrading.es\/?s={search_term_string}"},"query-input":{"@type":"PropertyValueSpecification","valueRequired":true,"valueName":"search_term_string"}}],"inLanguage":"en-US"},{"@type":"Organization","@id":"https:\/\/uvastrading.es\/#organization","name":"UVAS Trading","alternateName":"UVAS Trading","url":"https:\/\/uvastrading.es\/","logo":{"@type":"ImageObject","inLanguage":"en-US","@id":"https:\/\/uvastrading.es\/#\/schema\/logo\/image\/","url":"https:\/\/uvastrading.es\/wp-content\/uploads\/2024\/07\/cropped-IMAGOTIPO-COLOR-1.jpg","contentUrl":"https:\/\/uvastrading.es\/wp-content\/uploads\/2024\/07\/cropped-IMAGOTIPO-COLOR-1.jpg","width":2195,"height":1901,"caption":"UVAS Trading"},"image":{"@id":"https:\/\/uvastrading.es\/#\/schema\/logo\/image\/"}}]}},"_links":{"self":[{"href":"https:\/\/uvastrading.es\/en\/wp-json\/wp\/v2\/product\/4421","targetHints":{"allow":["GET"]}}],"collection":[{"href":"https:\/\/uvastrading.es\/en\/wp-json\/wp\/v2\/product"}],"about":[{"href":"https:\/\/uvastrading.es\/en\/wp-json\/wp\/v2\/types\/product"}],"replies":[{"embeddable":true,"href":"https:\/\/uvastrading.es\/en\/wp-json\/wp\/v2\/comments?post=4421"}],"version-history":[{"count":3,"href":"https:\/\/uvastrading.es\/en\/wp-json\/wp\/v2\/product\/4421\/revisions"}],"predecessor-version":[{"id":12932,"href":"https:\/\/uvastrading.es\/en\/wp-json\/wp\/v2\/product\/4421\/revisions\/12932"}],"wp:featuredmedia":[{"embeddable":true,"href":"https:\/\/uvastrading.es\/en\/wp-json\/wp\/v2\/media\/2965"}],"wp:attachment":[{"href":"https:\/\/uvastrading.es\/en\/wp-json\/wp\/v2\/media?parent=4421"}],"wp:term":[{"taxonomy":"product_brand","embeddable":true,"href":"https:\/\/uvastrading.es\/en\/wp-json\/wp\/v2\/product_brand?post=4421"},{"taxonomy":"product_cat","embeddable":true,"href":"https:\/\/uvastrading.es\/en\/wp-json\/wp\/v2\/product_cat?post=4421"},{"taxonomy":"product_tag","embeddable":true,"href":"https:\/\/uvastrading.es\/en\/wp-json\/wp\/v2\/product_tag?post=4421"}],"curies":[{"name":"wp","href":"https:\/\/api.w.org\/{rel}","templated":true}]}}