
{"id":4419,"date":"2023-12-05T22:12:20","date_gmt":"2023-12-05T22:12:20","guid":{"rendered":"https:\/\/uvastrading.es\/producto\/stephane-ogier-le-temps-est-venu-cotes-du-rhone-blanc-2022\/"},"modified":"2025-09-17T04:29:57","modified_gmt":"2025-09-17T04:29:57","slug":"le-temps-est-venu-cotes-du-rhone-blanc-2022","status":"publish","type":"product","link":"https:\/\/uvastrading.es\/en\/tienda\/francia\/valle-del-rodano\/le-temps-est-venu-cotes-du-rhone-blanc-2022\/","title":{"rendered":"Le Temps est Venu C\u00f4tes du Rh\u00f4ne white 2022"},"content":{"rendered":"<p>Located in Ampuis, the Ogier family is well-established and has been growing and selling grapes in the Northern Rh\u00f4ne for many years (mainly to Guigal &amp; Chapoutier) before Michel Ogier began vinifying his own grapes in 1987. St\u00e9phane joined the family estate in 1997, working alongside his father Michel, before taking the reins in 2005. Since then, he has established himself as one of the great names in the Rh\u00f4ne, particularly around his single-site Syrah in his hometown of C\u00f4te R\u00f4tie.<\/p>\n<p>St\u00e9phane studied in Beaune and brings this Burgundian approach to his wines from the region and its terroirs. He works with multiple lieux-dits, both inside and outside the appellation, vinifying each one separately and using oak moderately to allow the nuances of each style to show. He is widely recognized as the face of the new generation of the Northern Rh\u00f4ne, and he continues to grow stronger and stronger!<\/p>\n<p>\"The Time Has Come\" (in French, \"the moment has arrived\") comes from vineyards located near the city of Visan in the southern Rh\u00f4ne, all around 20 years old. The blend of grapes (60% Grenache Blanc, 20% Roussanne, and Marsanne, Viognier, Bourboulenc, and Clairette all at 5%) gives the wine a range of aromas and flavors.<\/p>\n<p><span style=\"display: none;\">Stephane Ogier<\/span><\/p>","protected":false},"excerpt":{"rendered":"<p>Ubicada en Ampuis, la familia Ogier est\u00e1 bien establecida y ha estado cultivando y vendiendo uvas en el R\u00f3dano Norte durante muchos a\u00f1os (principalmente a Guigal &amp; Chapoutier) antes de que Michel Ogier comenzara a vinificar sus propias uvas en 1987. St\u00e9phane se uni\u00f3 a la finca familiar en 1997, trabajando junto a su padre [&hellip;]<\/p>","protected":false},"featured_media":4079,"comment_status":"open","ping_status":"closed","template":"","meta":{"_acf_changed":false,"om_disable_all_campaigns":false,"inline_featured_image":false,"_monsterinsights_skip_tracking":false,"_monsterinsights_sitenote_active":false,"_monsterinsights_sitenote_note":"","_monsterinsights_sitenote_category":0,"_joinchat":[]},"product_brand":[],"product_cat":[24,607],"product_tag":[608],"class_list":{"0":"post-4419","1":"product","2":"type-product","3":"status-publish","4":"has-post-thumbnail","6":"product_cat-francia","7":"product_cat-valle-del-rodano","8":"product_tag-stephane-ogier","10":"first","11":"instock","12":"taxable","13":"shipping-taxable","14":"purchasable","15":"product-type-simple"},"acf":[],"yoast_head":"<!-- This site is optimized with the Yoast SEO plugin v26.6 - https:\/\/yoast.com\/wordpress\/plugins\/seo\/ -->\n<title>Le Temps est Venu C\u00f4tes du Rh\u00f4ne blanc 2022 - UVAS Trading<\/title>\n<meta name=\"robots\" content=\"index, follow, max-snippet:-1, max-image-preview:large, max-video-preview:-1\" \/>\n<link rel=\"canonical\" href=\"https:\/\/uvastrading.es\/en\/tienda\/francia\/valle-del-rodano\/le-temps-est-venu-cotes-du-rhone-blanc-2022\/\" \/>\n<meta property=\"og:locale\" content=\"en_US\" \/>\n<meta property=\"og:type\" content=\"article\" \/>\n<meta property=\"og:title\" content=\"Le Temps est Venu C\u00f4tes du Rh\u00f4ne blanc 2022 - UVAS Trading\" \/>\n<meta property=\"og:description\" content=\"Ubicada en Ampuis, la familia Ogier est\u00e1 bien establecida y ha estado cultivando y vendiendo uvas en el R\u00f3dano Norte durante muchos a\u00f1os (principalmente a Guigal &amp; Chapoutier) antes de que Michel Ogier comenzara a vinificar sus propias uvas en 1987. St\u00e9phane se uni\u00f3 a la finca familiar en 1997, trabajando junto a su padre [&hellip;]\" \/>\n<meta property=\"og:url\" content=\"https:\/\/uvastrading.es\/en\/tienda\/francia\/valle-del-rodano\/le-temps-est-venu-cotes-du-rhone-blanc-2022\/\" \/>\n<meta property=\"og:site_name\" content=\"UVAS Trading\" \/>\n<meta property=\"article:modified_time\" content=\"2025-09-17T04:29:57+00:00\" \/>\n<meta property=\"og:image\" content=\"https:\/\/uvastrading.es\/wp-content\/uploads\/2023\/12\/42.1.png\" \/>\n\t<meta property=\"og:image:width\" content=\"528\" \/>\n\t<meta property=\"og:image:height\" content=\"1473\" \/>\n\t<meta property=\"og:image:type\" content=\"image\/png\" \/>\n<meta name=\"twitter:card\" content=\"summary_large_image\" \/>\n<meta name=\"twitter:label1\" content=\"Est. reading time\" \/>\n\t<meta name=\"twitter:data1\" content=\"2 minutes\" \/>\n<script type=\"application\/ld+json\" class=\"yoast-schema-graph\">{\"@context\":\"https:\/\/schema.org\",\"@graph\":[{\"@type\":\"WebPage\",\"@id\":\"https:\/\/uvastrading.es\/tienda\/francia\/valle-del-rodano\/le-temps-est-venu-cotes-du-rhone-blanc-2022\/\",\"url\":\"https:\/\/uvastrading.es\/tienda\/francia\/valle-del-rodano\/le-temps-est-venu-cotes-du-rhone-blanc-2022\/\",\"name\":\"Le Temps est Venu C\u00f4tes du Rh\u00f4ne blanc 2022 - UVAS Trading\",\"isPartOf\":{\"@id\":\"https:\/\/uvastrading.es\/#website\"},\"primaryImageOfPage\":{\"@id\":\"https:\/\/uvastrading.es\/tienda\/francia\/valle-del-rodano\/le-temps-est-venu-cotes-du-rhone-blanc-2022\/#primaryimage\"},\"image\":{\"@id\":\"https:\/\/uvastrading.es\/tienda\/francia\/valle-del-rodano\/le-temps-est-venu-cotes-du-rhone-blanc-2022\/#primaryimage\"},\"thumbnailUrl\":\"https:\/\/uvastrading.es\/wp-content\/uploads\/2023\/12\/42.1.png\",\"datePublished\":\"2023-12-05T22:12:20+00:00\",\"dateModified\":\"2025-09-17T04:29:57+00:00\",\"breadcrumb\":{\"@id\":\"https:\/\/uvastrading.es\/tienda\/francia\/valle-del-rodano\/le-temps-est-venu-cotes-du-rhone-blanc-2022\/#breadcrumb\"},\"inLanguage\":\"en-US\",\"potentialAction\":[{\"@type\":\"ReadAction\",\"target\":[\"https:\/\/uvastrading.es\/tienda\/francia\/valle-del-rodano\/le-temps-est-venu-cotes-du-rhone-blanc-2022\/\"]}]},{\"@type\":\"ImageObject\",\"inLanguage\":\"en-US\",\"@id\":\"https:\/\/uvastrading.es\/tienda\/francia\/valle-del-rodano\/le-temps-est-venu-cotes-du-rhone-blanc-2022\/#primaryimage\",\"url\":\"https:\/\/uvastrading.es\/wp-content\/uploads\/2023\/12\/42.1.png\",\"contentUrl\":\"https:\/\/uvastrading.es\/wp-content\/uploads\/2023\/12\/42.1.png\",\"width\":528,\"height\":1473,\"caption\":\"Le Temps est Venu C\u00f4tes du Rh\u00f4ne Rouge 2021\"},{\"@type\":\"BreadcrumbList\",\"@id\":\"https:\/\/uvastrading.es\/tienda\/francia\/valle-del-rodano\/le-temps-est-venu-cotes-du-rhone-blanc-2022\/#breadcrumb\",\"itemListElement\":[{\"@type\":\"ListItem\",\"position\":1,\"name\":\"Home\",\"item\":\"https:\/\/uvastrading.es\/\"},{\"@type\":\"ListItem\",\"position\":2,\"name\":\"Tienda\",\"item\":\"https:\/\/uvastrading.es\/tienda\/\"},{\"@type\":\"ListItem\",\"position\":3,\"name\":\"Le Temps est Venu C\u00f4tes du Rh\u00f4ne blanc 2022\"}]},{\"@type\":\"WebSite\",\"@id\":\"https:\/\/uvastrading.es\/#website\",\"url\":\"https:\/\/uvastrading.es\/\",\"name\":\"UVAS Trading\",\"description\":\"Importador y distribuidor exclusivo de bodegas familiares y de renombre de 25 regiones vitivin\u00edcolas de todo el mundo.\",\"publisher\":{\"@id\":\"https:\/\/uvastrading.es\/#organization\"},\"alternateName\":\"Inicio - UVAS Trading\",\"potentialAction\":[{\"@type\":\"SearchAction\",\"target\":{\"@type\":\"EntryPoint\",\"urlTemplate\":\"https:\/\/uvastrading.es\/?s={search_term_string}\"},\"query-input\":{\"@type\":\"PropertyValueSpecification\",\"valueRequired\":true,\"valueName\":\"search_term_string\"}}],\"inLanguage\":\"en-US\"},{\"@type\":\"Organization\",\"@id\":\"https:\/\/uvastrading.es\/#organization\",\"name\":\"UVAS Trading\",\"alternateName\":\"UVAS Trading\",\"url\":\"https:\/\/uvastrading.es\/\",\"logo\":{\"@type\":\"ImageObject\",\"inLanguage\":\"en-US\",\"@id\":\"https:\/\/uvastrading.es\/#\/schema\/logo\/image\/\",\"url\":\"https:\/\/uvastrading.es\/wp-content\/uploads\/2024\/07\/cropped-IMAGOTIPO-COLOR-1.jpg\",\"contentUrl\":\"https:\/\/uvastrading.es\/wp-content\/uploads\/2024\/07\/cropped-IMAGOTIPO-COLOR-1.jpg\",\"width\":2195,\"height\":1901,\"caption\":\"UVAS Trading\"},\"image\":{\"@id\":\"https:\/\/uvastrading.es\/#\/schema\/logo\/image\/\"}}]}<\/script>\n<!-- \/ Yoast SEO plugin. -->","yoast_head_json":{"title":"Le Temps est Venu C\u00f4tes du Rh\u00f4ne blanc 2022 - UVAS Trading","robots":{"index":"index","follow":"follow","max-snippet":"max-snippet:-1","max-image-preview":"max-image-preview:large","max-video-preview":"max-video-preview:-1"},"canonical":"https:\/\/uvastrading.es\/en\/tienda\/francia\/valle-del-rodano\/le-temps-est-venu-cotes-du-rhone-blanc-2022\/","og_locale":"en_US","og_type":"article","og_title":"Le Temps est Venu C\u00f4tes du Rh\u00f4ne blanc 2022 - UVAS Trading","og_description":"Ubicada en Ampuis, la familia Ogier est\u00e1 bien establecida y ha estado cultivando y vendiendo uvas en el R\u00f3dano Norte durante muchos a\u00f1os (principalmente a Guigal &amp; Chapoutier) antes de que Michel Ogier comenzara a vinificar sus propias uvas en 1987. St\u00e9phane se uni\u00f3 a la finca familiar en 1997, trabajando junto a su padre [&hellip;]","og_url":"https:\/\/uvastrading.es\/en\/tienda\/francia\/valle-del-rodano\/le-temps-est-venu-cotes-du-rhone-blanc-2022\/","og_site_name":"UVAS Trading","article_modified_time":"2025-09-17T04:29:57+00:00","og_image":[{"width":528,"height":1473,"url":"https:\/\/uvastrading.es\/wp-content\/uploads\/2023\/12\/42.1.png","type":"image\/png"}],"twitter_card":"summary_large_image","twitter_misc":{"Est. reading time":"2 minutes"},"schema":{"@context":"https:\/\/schema.org","@graph":[{"@type":"WebPage","@id":"https:\/\/uvastrading.es\/tienda\/francia\/valle-del-rodano\/le-temps-est-venu-cotes-du-rhone-blanc-2022\/","url":"https:\/\/uvastrading.es\/tienda\/francia\/valle-del-rodano\/le-temps-est-venu-cotes-du-rhone-blanc-2022\/","name":"Le Temps est Venu C\u00f4tes du Rh\u00f4ne blanc 2022 - UVAS Trading","isPartOf":{"@id":"https:\/\/uvastrading.es\/#website"},"primaryImageOfPage":{"@id":"https:\/\/uvastrading.es\/tienda\/francia\/valle-del-rodano\/le-temps-est-venu-cotes-du-rhone-blanc-2022\/#primaryimage"},"image":{"@id":"https:\/\/uvastrading.es\/tienda\/francia\/valle-del-rodano\/le-temps-est-venu-cotes-du-rhone-blanc-2022\/#primaryimage"},"thumbnailUrl":"https:\/\/uvastrading.es\/wp-content\/uploads\/2023\/12\/42.1.png","datePublished":"2023-12-05T22:12:20+00:00","dateModified":"2025-09-17T04:29:57+00:00","breadcrumb":{"@id":"https:\/\/uvastrading.es\/tienda\/francia\/valle-del-rodano\/le-temps-est-venu-cotes-du-rhone-blanc-2022\/#breadcrumb"},"inLanguage":"en-US","potentialAction":[{"@type":"ReadAction","target":["https:\/\/uvastrading.es\/tienda\/francia\/valle-del-rodano\/le-temps-est-venu-cotes-du-rhone-blanc-2022\/"]}]},{"@type":"ImageObject","inLanguage":"en-US","@id":"https:\/\/uvastrading.es\/tienda\/francia\/valle-del-rodano\/le-temps-est-venu-cotes-du-rhone-blanc-2022\/#primaryimage","url":"https:\/\/uvastrading.es\/wp-content\/uploads\/2023\/12\/42.1.png","contentUrl":"https:\/\/uvastrading.es\/wp-content\/uploads\/2023\/12\/42.1.png","width":528,"height":1473,"caption":"Le Temps est Venu C\u00f4tes du Rh\u00f4ne Rouge 2021"},{"@type":"BreadcrumbList","@id":"https:\/\/uvastrading.es\/tienda\/francia\/valle-del-rodano\/le-temps-est-venu-cotes-du-rhone-blanc-2022\/#breadcrumb","itemListElement":[{"@type":"ListItem","position":1,"name":"Home","item":"https:\/\/uvastrading.es\/"},{"@type":"ListItem","position":2,"name":"Tienda","item":"https:\/\/uvastrading.es\/tienda\/"},{"@type":"ListItem","position":3,"name":"Le Temps est Venu C\u00f4tes du Rh\u00f4ne blanc 2022"}]},{"@type":"WebSite","@id":"https:\/\/uvastrading.es\/#website","url":"https:\/\/uvastrading.es\/","name":"UVAS Trading","description":"Importador y distribuidor exclusivo de bodegas familiares y de renombre de 25 regiones vitivin\u00edcolas de todo el mundo.","publisher":{"@id":"https:\/\/uvastrading.es\/#organization"},"alternateName":"Inicio - UVAS Trading","potentialAction":[{"@type":"SearchAction","target":{"@type":"EntryPoint","urlTemplate":"https:\/\/uvastrading.es\/?s={search_term_string}"},"query-input":{"@type":"PropertyValueSpecification","valueRequired":true,"valueName":"search_term_string"}}],"inLanguage":"en-US"},{"@type":"Organization","@id":"https:\/\/uvastrading.es\/#organization","name":"UVAS Trading","alternateName":"UVAS Trading","url":"https:\/\/uvastrading.es\/","logo":{"@type":"ImageObject","inLanguage":"en-US","@id":"https:\/\/uvastrading.es\/#\/schema\/logo\/image\/","url":"https:\/\/uvastrading.es\/wp-content\/uploads\/2024\/07\/cropped-IMAGOTIPO-COLOR-1.jpg","contentUrl":"https:\/\/uvastrading.es\/wp-content\/uploads\/2024\/07\/cropped-IMAGOTIPO-COLOR-1.jpg","width":2195,"height":1901,"caption":"UVAS Trading"},"image":{"@id":"https:\/\/uvastrading.es\/#\/schema\/logo\/image\/"}}]}},"_links":{"self":[{"href":"https:\/\/uvastrading.es\/en\/wp-json\/wp\/v2\/product\/4419","targetHints":{"allow":["GET"]}}],"collection":[{"href":"https:\/\/uvastrading.es\/en\/wp-json\/wp\/v2\/product"}],"about":[{"href":"https:\/\/uvastrading.es\/en\/wp-json\/wp\/v2\/types\/product"}],"replies":[{"embeddable":true,"href":"https:\/\/uvastrading.es\/en\/wp-json\/wp\/v2\/comments?post=4419"}],"version-history":[{"count":4,"href":"https:\/\/uvastrading.es\/en\/wp-json\/wp\/v2\/product\/4419\/revisions"}],"predecessor-version":[{"id":12934,"href":"https:\/\/uvastrading.es\/en\/wp-json\/wp\/v2\/product\/4419\/revisions\/12934"}],"wp:featuredmedia":[{"embeddable":true,"href":"https:\/\/uvastrading.es\/en\/wp-json\/wp\/v2\/media\/4079"}],"wp:attachment":[{"href":"https:\/\/uvastrading.es\/en\/wp-json\/wp\/v2\/media?parent=4419"}],"wp:term":[{"taxonomy":"product_brand","embeddable":true,"href":"https:\/\/uvastrading.es\/en\/wp-json\/wp\/v2\/product_brand?post=4419"},{"taxonomy":"product_cat","embeddable":true,"href":"https:\/\/uvastrading.es\/en\/wp-json\/wp\/v2\/product_cat?post=4419"},{"taxonomy":"product_tag","embeddable":true,"href":"https:\/\/uvastrading.es\/en\/wp-json\/wp\/v2\/product_tag?post=4419"}],"curies":[{"name":"wp","href":"https:\/\/api.w.org\/{rel}","templated":true}]}}