
{"id":4417,"date":"2023-12-05T22:12:19","date_gmt":"2023-12-05T22:12:19","guid":{"rendered":"https:\/\/uvastrading.es\/producto\/stephane-ogier-saint-joseph-le-passage-saint-joseph-2020\/"},"modified":"2025-01-27T18:16:43","modified_gmt":"2025-01-27T18:16:43","slug":"le-passage-saint-joseph-2022","status":"publish","type":"product","link":"https:\/\/uvastrading.es\/en\/tienda\/francia\/valle-del-rodano\/le-passage-saint-joseph-2022\/","title":{"rendered":"Le Passage Saint Joseph, 2022"},"content":{"rendered":"<p>This wine comes from the northern part of the extensive appellation of St Joseph, in the area that borders Condrieu and C\u00f4te-R\u00f4tie. It is dark and introspective, with notes of tapenade made from salty black olives and cassis fruits, accompanied by firm and gripping tannins.<\/p>\n<p>Stephane Ogier<\/p>","protected":false},"excerpt":{"rendered":"<p>Este vino proviene de la parte norte\u00f1a de la extensa denominaci\u00f3n de origen de St Joseph, en la parte que limita con Condrieu y C\u00f4te-R\u00f4tie. Es oscuro y reflexivo, con notas de tapenade de aceitunas negras saladas y frutas de cassis, acompa\u00f1adas de taninos firmes y adherentes. Stephane Ogier<\/p>","protected":false},"featured_media":4083,"comment_status":"open","ping_status":"closed","template":"","meta":{"_acf_changed":false,"om_disable_all_campaigns":false,"inline_featured_image":false,"_monsterinsights_skip_tracking":false,"_monsterinsights_sitenote_active":false,"_monsterinsights_sitenote_note":"","_monsterinsights_sitenote_category":0,"_joinchat":[]},"product_brand":[],"product_cat":[24,607],"product_tag":[608],"class_list":{"0":"post-4417","1":"product","2":"type-product","3":"status-publish","4":"has-post-thumbnail","6":"product_cat-francia","7":"product_cat-valle-del-rodano","8":"product_tag-stephane-ogier","10":"first","11":"instock","12":"taxable","13":"shipping-taxable","14":"purchasable","15":"product-type-simple"},"acf":[],"yoast_head":"<!-- This site is optimized with the Yoast SEO plugin v26.6 - https:\/\/yoast.com\/wordpress\/plugins\/seo\/ -->\n<title>Le Passage Saint Joseph, 2022 - UVAS Trading<\/title>\n<meta name=\"robots\" content=\"index, follow, max-snippet:-1, max-image-preview:large, max-video-preview:-1\" \/>\n<link rel=\"canonical\" href=\"https:\/\/uvastrading.es\/en\/tienda\/francia\/valle-del-rodano\/le-passage-saint-joseph-2022\/\" \/>\n<meta property=\"og:locale\" content=\"en_US\" \/>\n<meta property=\"og:type\" content=\"article\" \/>\n<meta property=\"og:title\" content=\"Le Passage Saint Joseph, 2022 - UVAS Trading\" \/>\n<meta property=\"og:description\" content=\"Este vino proviene de la parte norte\u00f1a de la extensa denominaci\u00f3n de origen de St Joseph, en la parte que limita con Condrieu y C\u00f4te-R\u00f4tie. Es oscuro y reflexivo, con notas de tapenade de aceitunas negras saladas y frutas de cassis, acompa\u00f1adas de taninos firmes y adherentes. Stephane Ogier\" \/>\n<meta property=\"og:url\" content=\"https:\/\/uvastrading.es\/en\/tienda\/francia\/valle-del-rodano\/le-passage-saint-joseph-2022\/\" \/>\n<meta property=\"og:site_name\" content=\"UVAS Trading\" \/>\n<meta property=\"article:modified_time\" content=\"2025-01-27T18:16:43+00:00\" \/>\n<meta property=\"og:image\" content=\"https:\/\/uvastrading.es\/wp-content\/uploads\/2023\/12\/40.1.png\" \/>\n\t<meta property=\"og:image:width\" content=\"528\" \/>\n\t<meta property=\"og:image:height\" content=\"1481\" \/>\n\t<meta property=\"og:image:type\" content=\"image\/png\" \/>\n<meta name=\"twitter:card\" content=\"summary_large_image\" \/>\n<meta name=\"twitter:label1\" content=\"Est. reading time\" \/>\n\t<meta name=\"twitter:data1\" content=\"1 minute\" \/>\n<script type=\"application\/ld+json\" class=\"yoast-schema-graph\">{\"@context\":\"https:\/\/schema.org\",\"@graph\":[{\"@type\":\"WebPage\",\"@id\":\"https:\/\/uvastrading.es\/tienda\/francia\/valle-del-rodano\/le-passage-saint-joseph-2022\/\",\"url\":\"https:\/\/uvastrading.es\/tienda\/francia\/valle-del-rodano\/le-passage-saint-joseph-2022\/\",\"name\":\"Le Passage Saint Joseph, 2022 - UVAS Trading\",\"isPartOf\":{\"@id\":\"https:\/\/uvastrading.es\/#website\"},\"primaryImageOfPage\":{\"@id\":\"https:\/\/uvastrading.es\/tienda\/francia\/valle-del-rodano\/le-passage-saint-joseph-2022\/#primaryimage\"},\"image\":{\"@id\":\"https:\/\/uvastrading.es\/tienda\/francia\/valle-del-rodano\/le-passage-saint-joseph-2022\/#primaryimage\"},\"thumbnailUrl\":\"https:\/\/uvastrading.es\/wp-content\/uploads\/2023\/12\/40.1.png\",\"datePublished\":\"2023-12-05T22:12:19+00:00\",\"dateModified\":\"2025-01-27T18:16:43+00:00\",\"breadcrumb\":{\"@id\":\"https:\/\/uvastrading.es\/tienda\/francia\/valle-del-rodano\/le-passage-saint-joseph-2022\/#breadcrumb\"},\"inLanguage\":\"en-US\",\"potentialAction\":[{\"@type\":\"ReadAction\",\"target\":[\"https:\/\/uvastrading.es\/tienda\/francia\/valle-del-rodano\/le-passage-saint-joseph-2022\/\"]}]},{\"@type\":\"ImageObject\",\"inLanguage\":\"en-US\",\"@id\":\"https:\/\/uvastrading.es\/tienda\/francia\/valle-del-rodano\/le-passage-saint-joseph-2022\/#primaryimage\",\"url\":\"https:\/\/uvastrading.es\/wp-content\/uploads\/2023\/12\/40.1.png\",\"contentUrl\":\"https:\/\/uvastrading.es\/wp-content\/uploads\/2023\/12\/40.1.png\",\"width\":528,\"height\":1481,\"caption\":\"Le Passage Saint Joseph, 2020\"},{\"@type\":\"BreadcrumbList\",\"@id\":\"https:\/\/uvastrading.es\/tienda\/francia\/valle-del-rodano\/le-passage-saint-joseph-2022\/#breadcrumb\",\"itemListElement\":[{\"@type\":\"ListItem\",\"position\":1,\"name\":\"Home\",\"item\":\"https:\/\/uvastrading.es\/\"},{\"@type\":\"ListItem\",\"position\":2,\"name\":\"Tienda\",\"item\":\"https:\/\/uvastrading.es\/tienda\/\"},{\"@type\":\"ListItem\",\"position\":3,\"name\":\"Le Passage Saint Joseph, 2022\"}]},{\"@type\":\"WebSite\",\"@id\":\"https:\/\/uvastrading.es\/#website\",\"url\":\"https:\/\/uvastrading.es\/\",\"name\":\"UVAS Trading\",\"description\":\"Importador y distribuidor exclusivo de bodegas familiares y de renombre de 25 regiones vitivin\u00edcolas de todo el mundo.\",\"publisher\":{\"@id\":\"https:\/\/uvastrading.es\/#organization\"},\"alternateName\":\"Inicio - UVAS Trading\",\"potentialAction\":[{\"@type\":\"SearchAction\",\"target\":{\"@type\":\"EntryPoint\",\"urlTemplate\":\"https:\/\/uvastrading.es\/?s={search_term_string}\"},\"query-input\":{\"@type\":\"PropertyValueSpecification\",\"valueRequired\":true,\"valueName\":\"search_term_string\"}}],\"inLanguage\":\"en-US\"},{\"@type\":\"Organization\",\"@id\":\"https:\/\/uvastrading.es\/#organization\",\"name\":\"UVAS Trading\",\"alternateName\":\"UVAS Trading\",\"url\":\"https:\/\/uvastrading.es\/\",\"logo\":{\"@type\":\"ImageObject\",\"inLanguage\":\"en-US\",\"@id\":\"https:\/\/uvastrading.es\/#\/schema\/logo\/image\/\",\"url\":\"https:\/\/uvastrading.es\/wp-content\/uploads\/2024\/07\/cropped-IMAGOTIPO-COLOR-1.jpg\",\"contentUrl\":\"https:\/\/uvastrading.es\/wp-content\/uploads\/2024\/07\/cropped-IMAGOTIPO-COLOR-1.jpg\",\"width\":2195,\"height\":1901,\"caption\":\"UVAS Trading\"},\"image\":{\"@id\":\"https:\/\/uvastrading.es\/#\/schema\/logo\/image\/\"}}]}<\/script>\n<!-- \/ Yoast SEO plugin. -->","yoast_head_json":{"title":"Le Passage Saint Joseph, 2022 - UVAS Trading","robots":{"index":"index","follow":"follow","max-snippet":"max-snippet:-1","max-image-preview":"max-image-preview:large","max-video-preview":"max-video-preview:-1"},"canonical":"https:\/\/uvastrading.es\/en\/tienda\/francia\/valle-del-rodano\/le-passage-saint-joseph-2022\/","og_locale":"en_US","og_type":"article","og_title":"Le Passage Saint Joseph, 2022 - UVAS Trading","og_description":"Este vino proviene de la parte norte\u00f1a de la extensa denominaci\u00f3n de origen de St Joseph, en la parte que limita con Condrieu y C\u00f4te-R\u00f4tie. Es oscuro y reflexivo, con notas de tapenade de aceitunas negras saladas y frutas de cassis, acompa\u00f1adas de taninos firmes y adherentes. Stephane Ogier","og_url":"https:\/\/uvastrading.es\/en\/tienda\/francia\/valle-del-rodano\/le-passage-saint-joseph-2022\/","og_site_name":"UVAS Trading","article_modified_time":"2025-01-27T18:16:43+00:00","og_image":[{"width":528,"height":1481,"url":"https:\/\/uvastrading.es\/wp-content\/uploads\/2023\/12\/40.1.png","type":"image\/png"}],"twitter_card":"summary_large_image","twitter_misc":{"Est. reading time":"1 minute"},"schema":{"@context":"https:\/\/schema.org","@graph":[{"@type":"WebPage","@id":"https:\/\/uvastrading.es\/tienda\/francia\/valle-del-rodano\/le-passage-saint-joseph-2022\/","url":"https:\/\/uvastrading.es\/tienda\/francia\/valle-del-rodano\/le-passage-saint-joseph-2022\/","name":"Le Passage Saint Joseph, 2022 - UVAS Trading","isPartOf":{"@id":"https:\/\/uvastrading.es\/#website"},"primaryImageOfPage":{"@id":"https:\/\/uvastrading.es\/tienda\/francia\/valle-del-rodano\/le-passage-saint-joseph-2022\/#primaryimage"},"image":{"@id":"https:\/\/uvastrading.es\/tienda\/francia\/valle-del-rodano\/le-passage-saint-joseph-2022\/#primaryimage"},"thumbnailUrl":"https:\/\/uvastrading.es\/wp-content\/uploads\/2023\/12\/40.1.png","datePublished":"2023-12-05T22:12:19+00:00","dateModified":"2025-01-27T18:16:43+00:00","breadcrumb":{"@id":"https:\/\/uvastrading.es\/tienda\/francia\/valle-del-rodano\/le-passage-saint-joseph-2022\/#breadcrumb"},"inLanguage":"en-US","potentialAction":[{"@type":"ReadAction","target":["https:\/\/uvastrading.es\/tienda\/francia\/valle-del-rodano\/le-passage-saint-joseph-2022\/"]}]},{"@type":"ImageObject","inLanguage":"en-US","@id":"https:\/\/uvastrading.es\/tienda\/francia\/valle-del-rodano\/le-passage-saint-joseph-2022\/#primaryimage","url":"https:\/\/uvastrading.es\/wp-content\/uploads\/2023\/12\/40.1.png","contentUrl":"https:\/\/uvastrading.es\/wp-content\/uploads\/2023\/12\/40.1.png","width":528,"height":1481,"caption":"Le Passage Saint Joseph, 2020"},{"@type":"BreadcrumbList","@id":"https:\/\/uvastrading.es\/tienda\/francia\/valle-del-rodano\/le-passage-saint-joseph-2022\/#breadcrumb","itemListElement":[{"@type":"ListItem","position":1,"name":"Home","item":"https:\/\/uvastrading.es\/"},{"@type":"ListItem","position":2,"name":"Tienda","item":"https:\/\/uvastrading.es\/tienda\/"},{"@type":"ListItem","position":3,"name":"Le Passage Saint Joseph, 2022"}]},{"@type":"WebSite","@id":"https:\/\/uvastrading.es\/#website","url":"https:\/\/uvastrading.es\/","name":"UVAS Trading","description":"Importador y distribuidor exclusivo de bodegas familiares y de renombre de 25 regiones vitivin\u00edcolas de todo el mundo.","publisher":{"@id":"https:\/\/uvastrading.es\/#organization"},"alternateName":"Inicio - UVAS Trading","potentialAction":[{"@type":"SearchAction","target":{"@type":"EntryPoint","urlTemplate":"https:\/\/uvastrading.es\/?s={search_term_string}"},"query-input":{"@type":"PropertyValueSpecification","valueRequired":true,"valueName":"search_term_string"}}],"inLanguage":"en-US"},{"@type":"Organization","@id":"https:\/\/uvastrading.es\/#organization","name":"UVAS Trading","alternateName":"UVAS Trading","url":"https:\/\/uvastrading.es\/","logo":{"@type":"ImageObject","inLanguage":"en-US","@id":"https:\/\/uvastrading.es\/#\/schema\/logo\/image\/","url":"https:\/\/uvastrading.es\/wp-content\/uploads\/2024\/07\/cropped-IMAGOTIPO-COLOR-1.jpg","contentUrl":"https:\/\/uvastrading.es\/wp-content\/uploads\/2024\/07\/cropped-IMAGOTIPO-COLOR-1.jpg","width":2195,"height":1901,"caption":"UVAS Trading"},"image":{"@id":"https:\/\/uvastrading.es\/#\/schema\/logo\/image\/"}}]}},"_links":{"self":[{"href":"https:\/\/uvastrading.es\/en\/wp-json\/wp\/v2\/product\/4417","targetHints":{"allow":["GET"]}}],"collection":[{"href":"https:\/\/uvastrading.es\/en\/wp-json\/wp\/v2\/product"}],"about":[{"href":"https:\/\/uvastrading.es\/en\/wp-json\/wp\/v2\/types\/product"}],"replies":[{"embeddable":true,"href":"https:\/\/uvastrading.es\/en\/wp-json\/wp\/v2\/comments?post=4417"}],"version-history":[{"count":4,"href":"https:\/\/uvastrading.es\/en\/wp-json\/wp\/v2\/product\/4417\/revisions"}],"predecessor-version":[{"id":13332,"href":"https:\/\/uvastrading.es\/en\/wp-json\/wp\/v2\/product\/4417\/revisions\/13332"}],"wp:featuredmedia":[{"embeddable":true,"href":"https:\/\/uvastrading.es\/en\/wp-json\/wp\/v2\/media\/4083"}],"wp:attachment":[{"href":"https:\/\/uvastrading.es\/en\/wp-json\/wp\/v2\/media?parent=4417"}],"wp:term":[{"taxonomy":"product_brand","embeddable":true,"href":"https:\/\/uvastrading.es\/en\/wp-json\/wp\/v2\/product_brand?post=4417"},{"taxonomy":"product_cat","embeddable":true,"href":"https:\/\/uvastrading.es\/en\/wp-json\/wp\/v2\/product_cat?post=4417"},{"taxonomy":"product_tag","embeddable":true,"href":"https:\/\/uvastrading.es\/en\/wp-json\/wp\/v2\/product_tag?post=4417"}],"curies":[{"name":"wp","href":"https:\/\/api.w.org\/{rel}","templated":true}]}}