
{"id":4415,"date":"2023-12-05T22:12:19","date_gmt":"2023-12-05T22:12:19","guid":{"rendered":"https:\/\/uvastrading.es\/producto\/stephane-ogier-le-temps-est-venu-cotes-du-rhone-rouge-2021\/"},"modified":"2025-06-17T22:02:35","modified_gmt":"2025-06-17T22:02:35","slug":"le-temps-est-venu-cotes-du-rhone-rouge-2022","status":"publish","type":"product","link":"https:\/\/uvastrading.es\/en\/tienda\/francia\/valle-del-rodano\/le-temps-est-venu-cotes-du-rhone-rouge-2022\/","title":{"rendered":"Le Temps est Venu C\u00f4tes du Rh\u00f4ne Rouge 2022"},"content":{"rendered":"<p>A superb representative of its category from this C\u00f4tes-du-Rh\u00f4ne estate, this wine from the St\u00e9phane Ogier estate will delight everyone. It is the only red wine from St\u00e9phane Ogier that is partially made with Grenache, which is prohibited in the C\u00f4te-R\u00f4tie appellation. It comes from vines planted in the Visan region of Vaucluse. With a beautiful power and well-structured, it reminds us that it is a wine from the southern Rh\u00f4ne valley and therefore a wine where the sun is very present. The ideal companion for a pleasant evening with friends who appreciate this type of wine! We are, of course, in line with what St\u00e9phane, a winemaker based in Ampuis, can offer us,<\/p>\n<p>Stephane Ogier<\/p>","protected":false},"excerpt":{"rendered":"<p>Un representante soberbio de su categor\u00eda de esta finca de C\u00f4tes-du-Rh\u00f4ne, este vino de la finca St\u00e9phane Ogier les encantar\u00e1 a todos. Es el \u00fanico vino tinto de St\u00e9phane Ogier que se elabora parcialmente con Grenache, lo cual est\u00e1 prohibido en la denominaci\u00f3n de origen C\u00f4te-R\u00f4tie. Proviene de vi\u00f1as plantadas en la regi\u00f3n de Visan [&hellip;]<\/p>","protected":false},"featured_media":12670,"comment_status":"open","ping_status":"closed","template":"","meta":{"_acf_changed":false,"om_disable_all_campaigns":false,"inline_featured_image":false,"_monsterinsights_skip_tracking":false,"_monsterinsights_sitenote_active":false,"_monsterinsights_sitenote_note":"","_monsterinsights_sitenote_category":0,"_joinchat":[]},"product_brand":[],"product_cat":[24,607],"product_tag":[608],"class_list":{"0":"post-4415","1":"product","2":"type-product","3":"status-publish","4":"has-post-thumbnail","6":"product_cat-francia","7":"product_cat-valle-del-rodano","8":"product_tag-stephane-ogier","10":"first","11":"instock","12":"taxable","13":"shipping-taxable","14":"purchasable","15":"product-type-simple"},"acf":[],"yoast_head":"<!-- This site is optimized with the Yoast SEO plugin v26.6 - https:\/\/yoast.com\/wordpress\/plugins\/seo\/ -->\n<title>Le Temps est Venu C\u00f4tes du Rh\u00f4ne Rouge 2022 - UVAS Trading<\/title>\n<meta name=\"robots\" content=\"index, follow, max-snippet:-1, max-image-preview:large, max-video-preview:-1\" \/>\n<link rel=\"canonical\" href=\"https:\/\/uvastrading.es\/en\/tienda\/francia\/valle-del-rodano\/le-temps-est-venu-cotes-du-rhone-rouge-2022\/\" \/>\n<meta property=\"og:locale\" content=\"en_US\" \/>\n<meta property=\"og:type\" content=\"article\" \/>\n<meta property=\"og:title\" content=\"Le Temps est Venu C\u00f4tes du Rh\u00f4ne Rouge 2022 - UVAS Trading\" \/>\n<meta property=\"og:description\" content=\"Un representante soberbio de su categor\u00eda de esta finca de C\u00f4tes-du-Rh\u00f4ne, este vino de la finca St\u00e9phane Ogier les encantar\u00e1 a todos. Es el \u00fanico vino tinto de St\u00e9phane Ogier que se elabora parcialmente con Grenache, lo cual est\u00e1 prohibido en la denominaci\u00f3n de origen C\u00f4te-R\u00f4tie. Proviene de vi\u00f1as plantadas en la regi\u00f3n de Visan [&hellip;]\" \/>\n<meta property=\"og:url\" content=\"https:\/\/uvastrading.es\/en\/tienda\/francia\/valle-del-rodano\/le-temps-est-venu-cotes-du-rhone-rouge-2022\/\" \/>\n<meta property=\"og:site_name\" content=\"UVAS Trading\" \/>\n<meta property=\"article:modified_time\" content=\"2025-06-17T22:02:35+00:00\" \/>\n<meta property=\"og:image\" content=\"https:\/\/uvastrading.es\/wp-content\/uploads\/2023\/12\/Lets-Temps-Rouge.webp\" \/>\n\t<meta property=\"og:image:width\" content=\"520\" \/>\n\t<meta property=\"og:image:height\" content=\"1473\" \/>\n\t<meta property=\"og:image:type\" content=\"image\/webp\" \/>\n<meta name=\"twitter:card\" content=\"summary_large_image\" \/>\n<meta name=\"twitter:label1\" content=\"Est. reading time\" \/>\n\t<meta name=\"twitter:data1\" content=\"2 minutes\" \/>\n<script type=\"application\/ld+json\" class=\"yoast-schema-graph\">{\"@context\":\"https:\/\/schema.org\",\"@graph\":[{\"@type\":\"WebPage\",\"@id\":\"https:\/\/uvastrading.es\/tienda\/francia\/valle-del-rodano\/le-temps-est-venu-cotes-du-rhone-rouge-2022\/\",\"url\":\"https:\/\/uvastrading.es\/tienda\/francia\/valle-del-rodano\/le-temps-est-venu-cotes-du-rhone-rouge-2022\/\",\"name\":\"Le Temps est Venu C\u00f4tes du Rh\u00f4ne Rouge 2022 - UVAS Trading\",\"isPartOf\":{\"@id\":\"https:\/\/uvastrading.es\/#website\"},\"primaryImageOfPage\":{\"@id\":\"https:\/\/uvastrading.es\/tienda\/francia\/valle-del-rodano\/le-temps-est-venu-cotes-du-rhone-rouge-2022\/#primaryimage\"},\"image\":{\"@id\":\"https:\/\/uvastrading.es\/tienda\/francia\/valle-del-rodano\/le-temps-est-venu-cotes-du-rhone-rouge-2022\/#primaryimage\"},\"thumbnailUrl\":\"https:\/\/uvastrading.es\/wp-content\/uploads\/2023\/12\/Lets-Temps-Rouge.webp\",\"datePublished\":\"2023-12-05T22:12:19+00:00\",\"dateModified\":\"2025-06-17T22:02:35+00:00\",\"breadcrumb\":{\"@id\":\"https:\/\/uvastrading.es\/tienda\/francia\/valle-del-rodano\/le-temps-est-venu-cotes-du-rhone-rouge-2022\/#breadcrumb\"},\"inLanguage\":\"en-US\",\"potentialAction\":[{\"@type\":\"ReadAction\",\"target\":[\"https:\/\/uvastrading.es\/tienda\/francia\/valle-del-rodano\/le-temps-est-venu-cotes-du-rhone-rouge-2022\/\"]}]},{\"@type\":\"ImageObject\",\"inLanguage\":\"en-US\",\"@id\":\"https:\/\/uvastrading.es\/tienda\/francia\/valle-del-rodano\/le-temps-est-venu-cotes-du-rhone-rouge-2022\/#primaryimage\",\"url\":\"https:\/\/uvastrading.es\/wp-content\/uploads\/2023\/12\/Lets-Temps-Rouge.webp\",\"contentUrl\":\"https:\/\/uvastrading.es\/wp-content\/uploads\/2023\/12\/Lets-Temps-Rouge.webp\",\"width\":520,\"height\":1473},{\"@type\":\"BreadcrumbList\",\"@id\":\"https:\/\/uvastrading.es\/tienda\/francia\/valle-del-rodano\/le-temps-est-venu-cotes-du-rhone-rouge-2022\/#breadcrumb\",\"itemListElement\":[{\"@type\":\"ListItem\",\"position\":1,\"name\":\"Home\",\"item\":\"https:\/\/uvastrading.es\/\"},{\"@type\":\"ListItem\",\"position\":2,\"name\":\"Tienda\",\"item\":\"https:\/\/uvastrading.es\/tienda\/\"},{\"@type\":\"ListItem\",\"position\":3,\"name\":\"Le Temps est Venu C\u00f4tes du Rh\u00f4ne Rouge 2022\"}]},{\"@type\":\"WebSite\",\"@id\":\"https:\/\/uvastrading.es\/#website\",\"url\":\"https:\/\/uvastrading.es\/\",\"name\":\"UVAS Trading\",\"description\":\"Importador y distribuidor exclusivo de bodegas familiares y de renombre de 25 regiones vitivin\u00edcolas de todo el mundo.\",\"publisher\":{\"@id\":\"https:\/\/uvastrading.es\/#organization\"},\"alternateName\":\"Inicio - UVAS Trading\",\"potentialAction\":[{\"@type\":\"SearchAction\",\"target\":{\"@type\":\"EntryPoint\",\"urlTemplate\":\"https:\/\/uvastrading.es\/?s={search_term_string}\"},\"query-input\":{\"@type\":\"PropertyValueSpecification\",\"valueRequired\":true,\"valueName\":\"search_term_string\"}}],\"inLanguage\":\"en-US\"},{\"@type\":\"Organization\",\"@id\":\"https:\/\/uvastrading.es\/#organization\",\"name\":\"UVAS Trading\",\"alternateName\":\"UVAS Trading\",\"url\":\"https:\/\/uvastrading.es\/\",\"logo\":{\"@type\":\"ImageObject\",\"inLanguage\":\"en-US\",\"@id\":\"https:\/\/uvastrading.es\/#\/schema\/logo\/image\/\",\"url\":\"https:\/\/uvastrading.es\/wp-content\/uploads\/2024\/07\/cropped-IMAGOTIPO-COLOR-1.jpg\",\"contentUrl\":\"https:\/\/uvastrading.es\/wp-content\/uploads\/2024\/07\/cropped-IMAGOTIPO-COLOR-1.jpg\",\"width\":2195,\"height\":1901,\"caption\":\"UVAS Trading\"},\"image\":{\"@id\":\"https:\/\/uvastrading.es\/#\/schema\/logo\/image\/\"}}]}<\/script>\n<!-- \/ Yoast SEO plugin. -->","yoast_head_json":{"title":"Le Temps est Venu C\u00f4tes du Rh\u00f4ne Rouge 2022 - UVAS Trading","robots":{"index":"index","follow":"follow","max-snippet":"max-snippet:-1","max-image-preview":"max-image-preview:large","max-video-preview":"max-video-preview:-1"},"canonical":"https:\/\/uvastrading.es\/en\/tienda\/francia\/valle-del-rodano\/le-temps-est-venu-cotes-du-rhone-rouge-2022\/","og_locale":"en_US","og_type":"article","og_title":"Le Temps est Venu C\u00f4tes du Rh\u00f4ne Rouge 2022 - UVAS Trading","og_description":"Un representante soberbio de su categor\u00eda de esta finca de C\u00f4tes-du-Rh\u00f4ne, este vino de la finca St\u00e9phane Ogier les encantar\u00e1 a todos. Es el \u00fanico vino tinto de St\u00e9phane Ogier que se elabora parcialmente con Grenache, lo cual est\u00e1 prohibido en la denominaci\u00f3n de origen C\u00f4te-R\u00f4tie. Proviene de vi\u00f1as plantadas en la regi\u00f3n de Visan [&hellip;]","og_url":"https:\/\/uvastrading.es\/en\/tienda\/francia\/valle-del-rodano\/le-temps-est-venu-cotes-du-rhone-rouge-2022\/","og_site_name":"UVAS Trading","article_modified_time":"2025-06-17T22:02:35+00:00","og_image":[{"width":520,"height":1473,"url":"https:\/\/uvastrading.es\/wp-content\/uploads\/2023\/12\/Lets-Temps-Rouge.webp","type":"image\/webp"}],"twitter_card":"summary_large_image","twitter_misc":{"Est. reading time":"2 minutes"},"schema":{"@context":"https:\/\/schema.org","@graph":[{"@type":"WebPage","@id":"https:\/\/uvastrading.es\/tienda\/francia\/valle-del-rodano\/le-temps-est-venu-cotes-du-rhone-rouge-2022\/","url":"https:\/\/uvastrading.es\/tienda\/francia\/valle-del-rodano\/le-temps-est-venu-cotes-du-rhone-rouge-2022\/","name":"Le Temps est Venu C\u00f4tes du Rh\u00f4ne Rouge 2022 - UVAS Trading","isPartOf":{"@id":"https:\/\/uvastrading.es\/#website"},"primaryImageOfPage":{"@id":"https:\/\/uvastrading.es\/tienda\/francia\/valle-del-rodano\/le-temps-est-venu-cotes-du-rhone-rouge-2022\/#primaryimage"},"image":{"@id":"https:\/\/uvastrading.es\/tienda\/francia\/valle-del-rodano\/le-temps-est-venu-cotes-du-rhone-rouge-2022\/#primaryimage"},"thumbnailUrl":"https:\/\/uvastrading.es\/wp-content\/uploads\/2023\/12\/Lets-Temps-Rouge.webp","datePublished":"2023-12-05T22:12:19+00:00","dateModified":"2025-06-17T22:02:35+00:00","breadcrumb":{"@id":"https:\/\/uvastrading.es\/tienda\/francia\/valle-del-rodano\/le-temps-est-venu-cotes-du-rhone-rouge-2022\/#breadcrumb"},"inLanguage":"en-US","potentialAction":[{"@type":"ReadAction","target":["https:\/\/uvastrading.es\/tienda\/francia\/valle-del-rodano\/le-temps-est-venu-cotes-du-rhone-rouge-2022\/"]}]},{"@type":"ImageObject","inLanguage":"en-US","@id":"https:\/\/uvastrading.es\/tienda\/francia\/valle-del-rodano\/le-temps-est-venu-cotes-du-rhone-rouge-2022\/#primaryimage","url":"https:\/\/uvastrading.es\/wp-content\/uploads\/2023\/12\/Lets-Temps-Rouge.webp","contentUrl":"https:\/\/uvastrading.es\/wp-content\/uploads\/2023\/12\/Lets-Temps-Rouge.webp","width":520,"height":1473},{"@type":"BreadcrumbList","@id":"https:\/\/uvastrading.es\/tienda\/francia\/valle-del-rodano\/le-temps-est-venu-cotes-du-rhone-rouge-2022\/#breadcrumb","itemListElement":[{"@type":"ListItem","position":1,"name":"Home","item":"https:\/\/uvastrading.es\/"},{"@type":"ListItem","position":2,"name":"Tienda","item":"https:\/\/uvastrading.es\/tienda\/"},{"@type":"ListItem","position":3,"name":"Le Temps est Venu C\u00f4tes du Rh\u00f4ne Rouge 2022"}]},{"@type":"WebSite","@id":"https:\/\/uvastrading.es\/#website","url":"https:\/\/uvastrading.es\/","name":"UVAS Trading","description":"Importador y distribuidor exclusivo de bodegas familiares y de renombre de 25 regiones vitivin\u00edcolas de todo el mundo.","publisher":{"@id":"https:\/\/uvastrading.es\/#organization"},"alternateName":"Inicio - UVAS Trading","potentialAction":[{"@type":"SearchAction","target":{"@type":"EntryPoint","urlTemplate":"https:\/\/uvastrading.es\/?s={search_term_string}"},"query-input":{"@type":"PropertyValueSpecification","valueRequired":true,"valueName":"search_term_string"}}],"inLanguage":"en-US"},{"@type":"Organization","@id":"https:\/\/uvastrading.es\/#organization","name":"UVAS Trading","alternateName":"UVAS Trading","url":"https:\/\/uvastrading.es\/","logo":{"@type":"ImageObject","inLanguage":"en-US","@id":"https:\/\/uvastrading.es\/#\/schema\/logo\/image\/","url":"https:\/\/uvastrading.es\/wp-content\/uploads\/2024\/07\/cropped-IMAGOTIPO-COLOR-1.jpg","contentUrl":"https:\/\/uvastrading.es\/wp-content\/uploads\/2024\/07\/cropped-IMAGOTIPO-COLOR-1.jpg","width":2195,"height":1901,"caption":"UVAS Trading"},"image":{"@id":"https:\/\/uvastrading.es\/#\/schema\/logo\/image\/"}}]}},"_links":{"self":[{"href":"https:\/\/uvastrading.es\/en\/wp-json\/wp\/v2\/product\/4415","targetHints":{"allow":["GET"]}}],"collection":[{"href":"https:\/\/uvastrading.es\/en\/wp-json\/wp\/v2\/product"}],"about":[{"href":"https:\/\/uvastrading.es\/en\/wp-json\/wp\/v2\/types\/product"}],"replies":[{"embeddable":true,"href":"https:\/\/uvastrading.es\/en\/wp-json\/wp\/v2\/comments?post=4415"}],"version-history":[{"count":5,"href":"https:\/\/uvastrading.es\/en\/wp-json\/wp\/v2\/product\/4415\/revisions"}],"predecessor-version":[{"id":13762,"href":"https:\/\/uvastrading.es\/en\/wp-json\/wp\/v2\/product\/4415\/revisions\/13762"}],"wp:featuredmedia":[{"embeddable":true,"href":"https:\/\/uvastrading.es\/en\/wp-json\/wp\/v2\/media\/12670"}],"wp:attachment":[{"href":"https:\/\/uvastrading.es\/en\/wp-json\/wp\/v2\/media?parent=4415"}],"wp:term":[{"taxonomy":"product_brand","embeddable":true,"href":"https:\/\/uvastrading.es\/en\/wp-json\/wp\/v2\/product_brand?post=4415"},{"taxonomy":"product_cat","embeddable":true,"href":"https:\/\/uvastrading.es\/en\/wp-json\/wp\/v2\/product_cat?post=4415"},{"taxonomy":"product_tag","embeddable":true,"href":"https:\/\/uvastrading.es\/en\/wp-json\/wp\/v2\/product_tag?post=4415"}],"curies":[{"name":"wp","href":"https:\/\/api.w.org\/{rel}","templated":true}]}}