
{"id":4413,"date":"2023-12-05T22:12:18","date_gmt":"2023-12-05T22:12:18","guid":{"rendered":"https:\/\/uvastrading.es\/producto\/chateau-beau-site-saint-estephe-cru-bourgeois-2016\/"},"modified":"2025-04-04T09:09:20","modified_gmt":"2025-04-04T09:09:20","slug":"chateau-beau-site-saint-estephe-cru-bourgeois-2016","status":"publish","type":"product","link":"https:\/\/uvastrading.es\/en\/tienda\/francia\/burdeos\/chateau-beau-site-saint-estephe-cru-bourgeois-2016\/","title":{"rendered":"Ch\u00e2teau Beau Site Saint-Est\u00e8phe Cru Bourgeois 2018"},"content":{"rendered":"<p>One of the historic Ch\u00e2teaux in Cru Bourgeois. It belongs to the Casteja family. This vintage Beau Site clearly shows on the nose that it is fully mature, with aromas of kirsch and gravel. It is a juicy and easy-to-drink wine.<\/p>\n<p><span style=\"display: none;\">Borie-Manoux<\/span><\/p>","protected":false},"excerpt":{"rendered":"<p>Uno de los Ch\u00e2teau hist\u00f3ricos en Cru Bourgeois. Pertenece a la familia Casteja. Este Beau Site de a\u00f1ada muestra claramente en la nariz que est\u00e1 completamente madurado, con aromas de kirsch y grava. Es un vino jugoso y f\u00e1cil de beber. Borie-Manoux<\/p>","protected":false},"featured_media":2957,"comment_status":"open","ping_status":"closed","template":"","meta":{"_acf_changed":false,"om_disable_all_campaigns":false,"inline_featured_image":false,"_monsterinsights_skip_tracking":false,"_monsterinsights_sitenote_active":false,"_monsterinsights_sitenote_note":"","_monsterinsights_sitenote_category":0,"_joinchat":[]},"product_brand":[],"product_cat":[597,24],"product_tag":[606],"class_list":{"0":"post-4413","1":"product","2":"type-product","3":"status-publish","4":"has-post-thumbnail","6":"product_cat-burdeos","7":"product_cat-francia","8":"product_tag-borie-manoux","10":"first","11":"instock","12":"taxable","13":"shipping-taxable","14":"purchasable","15":"product-type-simple"},"acf":[],"yoast_head":"<!-- This site is optimized with the Yoast SEO plugin v26.6 - https:\/\/yoast.com\/wordpress\/plugins\/seo\/ -->\n<title>Ch\u00e2teau Beau Site Saint-Est\u00e8phe Cru Bourgeois 2018 - UVAS Trading<\/title>\n<meta name=\"robots\" content=\"index, follow, max-snippet:-1, max-image-preview:large, max-video-preview:-1\" \/>\n<link rel=\"canonical\" href=\"https:\/\/uvastrading.es\/en\/tienda\/francia\/burdeos\/chateau-beau-site-saint-estephe-cru-bourgeois-2016\/\" \/>\n<meta property=\"og:locale\" content=\"en_US\" \/>\n<meta property=\"og:type\" content=\"article\" \/>\n<meta property=\"og:title\" content=\"Ch\u00e2teau Beau Site Saint-Est\u00e8phe Cru Bourgeois 2018 - UVAS Trading\" \/>\n<meta property=\"og:description\" content=\"Uno de los Ch\u00e2teau hist\u00f3ricos en Cru Bourgeois. Pertenece a la familia Casteja. Este Beau Site de a\u00f1ada muestra claramente en la nariz que est\u00e1 completamente madurado, con aromas de kirsch y grava. Es un vino jugoso y f\u00e1cil de beber. Borie-Manoux\" \/>\n<meta property=\"og:url\" content=\"https:\/\/uvastrading.es\/en\/tienda\/francia\/burdeos\/chateau-beau-site-saint-estephe-cru-bourgeois-2016\/\" \/>\n<meta property=\"og:site_name\" content=\"UVAS Trading\" \/>\n<meta property=\"article:modified_time\" content=\"2025-04-04T09:09:20+00:00\" \/>\n<meta property=\"og:image\" content=\"https:\/\/uvastrading.es\/wp-content\/uploads\/2023\/11\/36.png\" \/>\n\t<meta property=\"og:image:width\" content=\"528\" \/>\n\t<meta property=\"og:image:height\" content=\"1473\" \/>\n\t<meta property=\"og:image:type\" content=\"image\/png\" \/>\n<meta name=\"twitter:card\" content=\"summary_large_image\" \/>\n<meta name=\"twitter:label1\" content=\"Est. reading time\" \/>\n\t<meta name=\"twitter:data1\" content=\"1 minute\" \/>\n<script type=\"application\/ld+json\" class=\"yoast-schema-graph\">{\"@context\":\"https:\/\/schema.org\",\"@graph\":[{\"@type\":\"WebPage\",\"@id\":\"https:\/\/uvastrading.es\/tienda\/francia\/burdeos\/chateau-beau-site-saint-estephe-cru-bourgeois-2016\/\",\"url\":\"https:\/\/uvastrading.es\/tienda\/francia\/burdeos\/chateau-beau-site-saint-estephe-cru-bourgeois-2016\/\",\"name\":\"Ch\u00e2teau Beau Site Saint-Est\u00e8phe Cru Bourgeois 2018 - UVAS Trading\",\"isPartOf\":{\"@id\":\"https:\/\/uvastrading.es\/#website\"},\"primaryImageOfPage\":{\"@id\":\"https:\/\/uvastrading.es\/tienda\/francia\/burdeos\/chateau-beau-site-saint-estephe-cru-bourgeois-2016\/#primaryimage\"},\"image\":{\"@id\":\"https:\/\/uvastrading.es\/tienda\/francia\/burdeos\/chateau-beau-site-saint-estephe-cru-bourgeois-2016\/#primaryimage\"},\"thumbnailUrl\":\"https:\/\/uvastrading.es\/wp-content\/uploads\/2023\/11\/36.png\",\"datePublished\":\"2023-12-05T22:12:18+00:00\",\"dateModified\":\"2025-04-04T09:09:20+00:00\",\"breadcrumb\":{\"@id\":\"https:\/\/uvastrading.es\/tienda\/francia\/burdeos\/chateau-beau-site-saint-estephe-cru-bourgeois-2016\/#breadcrumb\"},\"inLanguage\":\"en-US\",\"potentialAction\":[{\"@type\":\"ReadAction\",\"target\":[\"https:\/\/uvastrading.es\/tienda\/francia\/burdeos\/chateau-beau-site-saint-estephe-cru-bourgeois-2016\/\"]}]},{\"@type\":\"ImageObject\",\"inLanguage\":\"en-US\",\"@id\":\"https:\/\/uvastrading.es\/tienda\/francia\/burdeos\/chateau-beau-site-saint-estephe-cru-bourgeois-2016\/#primaryimage\",\"url\":\"https:\/\/uvastrading.es\/wp-content\/uploads\/2023\/11\/36.png\",\"contentUrl\":\"https:\/\/uvastrading.es\/wp-content\/uploads\/2023\/11\/36.png\",\"width\":528,\"height\":1473,\"caption\":\"Ch\u00e2teau Beau Site Saint-Est\u00e8phe Cru Bourgeois 2016\"},{\"@type\":\"BreadcrumbList\",\"@id\":\"https:\/\/uvastrading.es\/tienda\/francia\/burdeos\/chateau-beau-site-saint-estephe-cru-bourgeois-2016\/#breadcrumb\",\"itemListElement\":[{\"@type\":\"ListItem\",\"position\":1,\"name\":\"Home\",\"item\":\"https:\/\/uvastrading.es\/\"},{\"@type\":\"ListItem\",\"position\":2,\"name\":\"Tienda\",\"item\":\"https:\/\/uvastrading.es\/tienda\/\"},{\"@type\":\"ListItem\",\"position\":3,\"name\":\"Ch\u00e2teau Beau Site Saint-Est\u00e8phe Cru Bourgeois 2018\"}]},{\"@type\":\"WebSite\",\"@id\":\"https:\/\/uvastrading.es\/#website\",\"url\":\"https:\/\/uvastrading.es\/\",\"name\":\"UVAS Trading\",\"description\":\"Importador y distribuidor exclusivo de bodegas familiares y de renombre de 25 regiones vitivin\u00edcolas de todo el mundo.\",\"publisher\":{\"@id\":\"https:\/\/uvastrading.es\/#organization\"},\"alternateName\":\"Inicio - UVAS Trading\",\"potentialAction\":[{\"@type\":\"SearchAction\",\"target\":{\"@type\":\"EntryPoint\",\"urlTemplate\":\"https:\/\/uvastrading.es\/?s={search_term_string}\"},\"query-input\":{\"@type\":\"PropertyValueSpecification\",\"valueRequired\":true,\"valueName\":\"search_term_string\"}}],\"inLanguage\":\"en-US\"},{\"@type\":\"Organization\",\"@id\":\"https:\/\/uvastrading.es\/#organization\",\"name\":\"UVAS Trading\",\"alternateName\":\"UVAS Trading\",\"url\":\"https:\/\/uvastrading.es\/\",\"logo\":{\"@type\":\"ImageObject\",\"inLanguage\":\"en-US\",\"@id\":\"https:\/\/uvastrading.es\/#\/schema\/logo\/image\/\",\"url\":\"https:\/\/uvastrading.es\/wp-content\/uploads\/2024\/07\/cropped-IMAGOTIPO-COLOR-1.jpg\",\"contentUrl\":\"https:\/\/uvastrading.es\/wp-content\/uploads\/2024\/07\/cropped-IMAGOTIPO-COLOR-1.jpg\",\"width\":2195,\"height\":1901,\"caption\":\"UVAS Trading\"},\"image\":{\"@id\":\"https:\/\/uvastrading.es\/#\/schema\/logo\/image\/\"}}]}<\/script>\n<!-- \/ Yoast SEO plugin. -->","yoast_head_json":{"title":"Ch\u00e2teau Beau Site Saint-Est\u00e8phe Cru Bourgeois 2018 - UVAS Trading","robots":{"index":"index","follow":"follow","max-snippet":"max-snippet:-1","max-image-preview":"max-image-preview:large","max-video-preview":"max-video-preview:-1"},"canonical":"https:\/\/uvastrading.es\/en\/tienda\/francia\/burdeos\/chateau-beau-site-saint-estephe-cru-bourgeois-2016\/","og_locale":"en_US","og_type":"article","og_title":"Ch\u00e2teau Beau Site Saint-Est\u00e8phe Cru Bourgeois 2018 - UVAS Trading","og_description":"Uno de los Ch\u00e2teau hist\u00f3ricos en Cru Bourgeois. Pertenece a la familia Casteja. Este Beau Site de a\u00f1ada muestra claramente en la nariz que est\u00e1 completamente madurado, con aromas de kirsch y grava. Es un vino jugoso y f\u00e1cil de beber. Borie-Manoux","og_url":"https:\/\/uvastrading.es\/en\/tienda\/francia\/burdeos\/chateau-beau-site-saint-estephe-cru-bourgeois-2016\/","og_site_name":"UVAS Trading","article_modified_time":"2025-04-04T09:09:20+00:00","og_image":[{"width":528,"height":1473,"url":"https:\/\/uvastrading.es\/wp-content\/uploads\/2023\/11\/36.png","type":"image\/png"}],"twitter_card":"summary_large_image","twitter_misc":{"Est. reading time":"1 minute"},"schema":{"@context":"https:\/\/schema.org","@graph":[{"@type":"WebPage","@id":"https:\/\/uvastrading.es\/tienda\/francia\/burdeos\/chateau-beau-site-saint-estephe-cru-bourgeois-2016\/","url":"https:\/\/uvastrading.es\/tienda\/francia\/burdeos\/chateau-beau-site-saint-estephe-cru-bourgeois-2016\/","name":"Ch\u00e2teau Beau Site Saint-Est\u00e8phe Cru Bourgeois 2018 - UVAS Trading","isPartOf":{"@id":"https:\/\/uvastrading.es\/#website"},"primaryImageOfPage":{"@id":"https:\/\/uvastrading.es\/tienda\/francia\/burdeos\/chateau-beau-site-saint-estephe-cru-bourgeois-2016\/#primaryimage"},"image":{"@id":"https:\/\/uvastrading.es\/tienda\/francia\/burdeos\/chateau-beau-site-saint-estephe-cru-bourgeois-2016\/#primaryimage"},"thumbnailUrl":"https:\/\/uvastrading.es\/wp-content\/uploads\/2023\/11\/36.png","datePublished":"2023-12-05T22:12:18+00:00","dateModified":"2025-04-04T09:09:20+00:00","breadcrumb":{"@id":"https:\/\/uvastrading.es\/tienda\/francia\/burdeos\/chateau-beau-site-saint-estephe-cru-bourgeois-2016\/#breadcrumb"},"inLanguage":"en-US","potentialAction":[{"@type":"ReadAction","target":["https:\/\/uvastrading.es\/tienda\/francia\/burdeos\/chateau-beau-site-saint-estephe-cru-bourgeois-2016\/"]}]},{"@type":"ImageObject","inLanguage":"en-US","@id":"https:\/\/uvastrading.es\/tienda\/francia\/burdeos\/chateau-beau-site-saint-estephe-cru-bourgeois-2016\/#primaryimage","url":"https:\/\/uvastrading.es\/wp-content\/uploads\/2023\/11\/36.png","contentUrl":"https:\/\/uvastrading.es\/wp-content\/uploads\/2023\/11\/36.png","width":528,"height":1473,"caption":"Ch\u00e2teau Beau Site Saint-Est\u00e8phe Cru Bourgeois 2016"},{"@type":"BreadcrumbList","@id":"https:\/\/uvastrading.es\/tienda\/francia\/burdeos\/chateau-beau-site-saint-estephe-cru-bourgeois-2016\/#breadcrumb","itemListElement":[{"@type":"ListItem","position":1,"name":"Home","item":"https:\/\/uvastrading.es\/"},{"@type":"ListItem","position":2,"name":"Tienda","item":"https:\/\/uvastrading.es\/tienda\/"},{"@type":"ListItem","position":3,"name":"Ch\u00e2teau Beau Site Saint-Est\u00e8phe Cru Bourgeois 2018"}]},{"@type":"WebSite","@id":"https:\/\/uvastrading.es\/#website","url":"https:\/\/uvastrading.es\/","name":"UVAS Trading","description":"Importador y distribuidor exclusivo de bodegas familiares y de renombre de 25 regiones vitivin\u00edcolas de todo el mundo.","publisher":{"@id":"https:\/\/uvastrading.es\/#organization"},"alternateName":"Inicio - UVAS Trading","potentialAction":[{"@type":"SearchAction","target":{"@type":"EntryPoint","urlTemplate":"https:\/\/uvastrading.es\/?s={search_term_string}"},"query-input":{"@type":"PropertyValueSpecification","valueRequired":true,"valueName":"search_term_string"}}],"inLanguage":"en-US"},{"@type":"Organization","@id":"https:\/\/uvastrading.es\/#organization","name":"UVAS Trading","alternateName":"UVAS Trading","url":"https:\/\/uvastrading.es\/","logo":{"@type":"ImageObject","inLanguage":"en-US","@id":"https:\/\/uvastrading.es\/#\/schema\/logo\/image\/","url":"https:\/\/uvastrading.es\/wp-content\/uploads\/2024\/07\/cropped-IMAGOTIPO-COLOR-1.jpg","contentUrl":"https:\/\/uvastrading.es\/wp-content\/uploads\/2024\/07\/cropped-IMAGOTIPO-COLOR-1.jpg","width":2195,"height":1901,"caption":"UVAS Trading"},"image":{"@id":"https:\/\/uvastrading.es\/#\/schema\/logo\/image\/"}}]}},"_links":{"self":[{"href":"https:\/\/uvastrading.es\/en\/wp-json\/wp\/v2\/product\/4413","targetHints":{"allow":["GET"]}}],"collection":[{"href":"https:\/\/uvastrading.es\/en\/wp-json\/wp\/v2\/product"}],"about":[{"href":"https:\/\/uvastrading.es\/en\/wp-json\/wp\/v2\/types\/product"}],"replies":[{"embeddable":true,"href":"https:\/\/uvastrading.es\/en\/wp-json\/wp\/v2\/comments?post=4413"}],"version-history":[{"count":4,"href":"https:\/\/uvastrading.es\/en\/wp-json\/wp\/v2\/product\/4413\/revisions"}],"predecessor-version":[{"id":14787,"href":"https:\/\/uvastrading.es\/en\/wp-json\/wp\/v2\/product\/4413\/revisions\/14787"}],"wp:featuredmedia":[{"embeddable":true,"href":"https:\/\/uvastrading.es\/en\/wp-json\/wp\/v2\/media\/2957"}],"wp:attachment":[{"href":"https:\/\/uvastrading.es\/en\/wp-json\/wp\/v2\/media?parent=4413"}],"wp:term":[{"taxonomy":"product_brand","embeddable":true,"href":"https:\/\/uvastrading.es\/en\/wp-json\/wp\/v2\/product_brand?post=4413"},{"taxonomy":"product_cat","embeddable":true,"href":"https:\/\/uvastrading.es\/en\/wp-json\/wp\/v2\/product_cat?post=4413"},{"taxonomy":"product_tag","embeddable":true,"href":"https:\/\/uvastrading.es\/en\/wp-json\/wp\/v2\/product_tag?post=4413"}],"curies":[{"name":"wp","href":"https:\/\/api.w.org\/{rel}","templated":true}]}}