
{"id":4407,"date":"2023-12-05T22:12:16","date_gmt":"2023-12-05T22:12:16","guid":{"rendered":"https:\/\/uvastrading.es\/producto\/chateau-du-paradis-st-emilion-grand-cru-allocated-wine-2016\/"},"modified":"2024-12-19T21:53:22","modified_gmt":"2024-12-19T21:53:22","slug":"chateau-du-paradis-st-emilion-grand-cru-2016","status":"publish","type":"product","link":"https:\/\/uvastrading.es\/en\/tienda\/francia\/saint-emilion\/chateau-du-paradis-st-emilion-grand-cru-2016\/","title":{"rendered":"Castle of Paradise St Emilion Grand Cru 2016"},"content":{"rendered":"<p>The nose is fruity, fresh, well-balanced and offers good definition, sweetness, and power. It reveals notes of cassis, blackberry, and hints of blueberry associated with a touch of wild strawberry, as well as slight hints of flowers, vanilla, licorice, and very subtle hints of spices. The palate is fruity, juicy, elegant, precise, well-balanced and offers good definition, sweetness, tension, as well as a bit of creaminess. On the palate, this wine expresses notes of cassis, blackberry, juicy raspberry, and hints of blueberry, associated with subtle touches of licorice, toast, vanilla, and light hints of coffee. \u2013 Jonathan Choukroun \u2013 Vert de Vin<\/p>\n<p><span style=\"display: none;\">Bardet Vineyards<\/span><\/p>","protected":false},"excerpt":{"rendered":"<p>La nariz es frutal, fresca, bien equilibrada y ofrece una buena definici\u00f3n, golosidad y potencia. Revela notas de cassis, mora y peque\u00f1as notas de ar\u00e1ndano asociadas con un toque de fresa silvestre, as\u00ed como ligeras pistas de flores, vainilla, regaliz y muy discretas pistas de especias. El paladar es frutal, jugoso, elegante, preciso, bien equilibrado [&hellip;]<\/p>","protected":false},"featured_media":2952,"comment_status":"open","ping_status":"closed","template":"","meta":{"_acf_changed":false,"om_disable_all_campaigns":false,"inline_featured_image":false,"_monsterinsights_skip_tracking":false,"_monsterinsights_sitenote_active":false,"_monsterinsights_sitenote_note":"","_monsterinsights_sitenote_category":0,"_joinchat":[]},"product_brand":[],"product_cat":[597,24,119],"product_tag":[598],"class_list":{"0":"post-4407","1":"product","2":"type-product","3":"status-publish","4":"has-post-thumbnail","6":"product_cat-burdeos","7":"product_cat-francia","8":"product_cat-saint-emilion","9":"product_tag-vignobles-bardet","11":"first","12":"instock","13":"taxable","14":"shipping-taxable","15":"purchasable","16":"product-type-simple"},"acf":[],"yoast_head":"<!-- This site is optimized with the Yoast SEO plugin v26.6 - https:\/\/yoast.com\/wordpress\/plugins\/seo\/ -->\n<title>Ch\u00e2teau du Paradis St Emilion Grand Cru 2016 - UVAS Trading<\/title>\n<meta name=\"robots\" content=\"index, follow, max-snippet:-1, max-image-preview:large, max-video-preview:-1\" \/>\n<link rel=\"canonical\" href=\"https:\/\/uvastrading.es\/en\/tienda\/francia\/saint-emilion\/chateau-du-paradis-st-emilion-grand-cru-2016\/\" \/>\n<meta property=\"og:locale\" content=\"en_US\" \/>\n<meta property=\"og:type\" content=\"article\" \/>\n<meta property=\"og:title\" content=\"Ch\u00e2teau du Paradis St Emilion Grand Cru 2016 - UVAS Trading\" \/>\n<meta property=\"og:description\" content=\"La nariz es frutal, fresca, bien equilibrada y ofrece una buena definici\u00f3n, golosidad y potencia. Revela notas de cassis, mora y peque\u00f1as notas de ar\u00e1ndano asociadas con un toque de fresa silvestre, as\u00ed como ligeras pistas de flores, vainilla, regaliz y muy discretas pistas de especias. El paladar es frutal, jugoso, elegante, preciso, bien equilibrado [&hellip;]\" \/>\n<meta property=\"og:url\" content=\"https:\/\/uvastrading.es\/en\/tienda\/francia\/saint-emilion\/chateau-du-paradis-st-emilion-grand-cru-2016\/\" \/>\n<meta property=\"og:site_name\" content=\"UVAS Trading\" \/>\n<meta property=\"article:modified_time\" content=\"2024-12-19T21:53:22+00:00\" \/>\n<meta property=\"og:image\" content=\"https:\/\/uvastrading.es\/wp-content\/uploads\/2023\/11\/30.png\" \/>\n\t<meta property=\"og:image:width\" content=\"520\" \/>\n\t<meta property=\"og:image:height\" content=\"1473\" \/>\n\t<meta property=\"og:image:type\" content=\"image\/png\" \/>\n<meta name=\"twitter:card\" content=\"summary_large_image\" \/>\n<meta name=\"twitter:label1\" content=\"Est. reading time\" \/>\n\t<meta name=\"twitter:data1\" content=\"1 minute\" \/>\n<script type=\"application\/ld+json\" class=\"yoast-schema-graph\">{\"@context\":\"https:\/\/schema.org\",\"@graph\":[{\"@type\":\"WebPage\",\"@id\":\"https:\/\/uvastrading.es\/tienda\/francia\/saint-emilion\/chateau-du-paradis-st-emilion-grand-cru-2016\/\",\"url\":\"https:\/\/uvastrading.es\/tienda\/francia\/saint-emilion\/chateau-du-paradis-st-emilion-grand-cru-2016\/\",\"name\":\"Ch\u00e2teau du Paradis St Emilion Grand Cru 2016 - UVAS Trading\",\"isPartOf\":{\"@id\":\"https:\/\/uvastrading.es\/#website\"},\"primaryImageOfPage\":{\"@id\":\"https:\/\/uvastrading.es\/tienda\/francia\/saint-emilion\/chateau-du-paradis-st-emilion-grand-cru-2016\/#primaryimage\"},\"image\":{\"@id\":\"https:\/\/uvastrading.es\/tienda\/francia\/saint-emilion\/chateau-du-paradis-st-emilion-grand-cru-2016\/#primaryimage\"},\"thumbnailUrl\":\"https:\/\/uvastrading.es\/wp-content\/uploads\/2023\/11\/30.png\",\"datePublished\":\"2023-12-05T22:12:16+00:00\",\"dateModified\":\"2024-12-19T21:53:22+00:00\",\"breadcrumb\":{\"@id\":\"https:\/\/uvastrading.es\/tienda\/francia\/saint-emilion\/chateau-du-paradis-st-emilion-grand-cru-2016\/#breadcrumb\"},\"inLanguage\":\"en-US\",\"potentialAction\":[{\"@type\":\"ReadAction\",\"target\":[\"https:\/\/uvastrading.es\/tienda\/francia\/saint-emilion\/chateau-du-paradis-st-emilion-grand-cru-2016\/\"]}]},{\"@type\":\"ImageObject\",\"inLanguage\":\"en-US\",\"@id\":\"https:\/\/uvastrading.es\/tienda\/francia\/saint-emilion\/chateau-du-paradis-st-emilion-grand-cru-2016\/#primaryimage\",\"url\":\"https:\/\/uvastrading.es\/wp-content\/uploads\/2023\/11\/30.png\",\"contentUrl\":\"https:\/\/uvastrading.es\/wp-content\/uploads\/2023\/11\/30.png\",\"width\":520,\"height\":1473,\"caption\":\"30\"},{\"@type\":\"BreadcrumbList\",\"@id\":\"https:\/\/uvastrading.es\/tienda\/francia\/saint-emilion\/chateau-du-paradis-st-emilion-grand-cru-2016\/#breadcrumb\",\"itemListElement\":[{\"@type\":\"ListItem\",\"position\":1,\"name\":\"Home\",\"item\":\"https:\/\/uvastrading.es\/\"},{\"@type\":\"ListItem\",\"position\":2,\"name\":\"Tienda\",\"item\":\"https:\/\/uvastrading.es\/tienda\/\"},{\"@type\":\"ListItem\",\"position\":3,\"name\":\"Ch\u00e2teau du Paradis St Emilion Grand Cru 2016\"}]},{\"@type\":\"WebSite\",\"@id\":\"https:\/\/uvastrading.es\/#website\",\"url\":\"https:\/\/uvastrading.es\/\",\"name\":\"UVAS Trading\",\"description\":\"Importador y distribuidor exclusivo de bodegas familiares y de renombre de 25 regiones vitivin\u00edcolas de todo el mundo.\",\"publisher\":{\"@id\":\"https:\/\/uvastrading.es\/#organization\"},\"alternateName\":\"Inicio - UVAS Trading\",\"potentialAction\":[{\"@type\":\"SearchAction\",\"target\":{\"@type\":\"EntryPoint\",\"urlTemplate\":\"https:\/\/uvastrading.es\/?s={search_term_string}\"},\"query-input\":{\"@type\":\"PropertyValueSpecification\",\"valueRequired\":true,\"valueName\":\"search_term_string\"}}],\"inLanguage\":\"en-US\"},{\"@type\":\"Organization\",\"@id\":\"https:\/\/uvastrading.es\/#organization\",\"name\":\"UVAS Trading\",\"alternateName\":\"UVAS Trading\",\"url\":\"https:\/\/uvastrading.es\/\",\"logo\":{\"@type\":\"ImageObject\",\"inLanguage\":\"en-US\",\"@id\":\"https:\/\/uvastrading.es\/#\/schema\/logo\/image\/\",\"url\":\"https:\/\/uvastrading.es\/wp-content\/uploads\/2024\/07\/cropped-IMAGOTIPO-COLOR-1.jpg\",\"contentUrl\":\"https:\/\/uvastrading.es\/wp-content\/uploads\/2024\/07\/cropped-IMAGOTIPO-COLOR-1.jpg\",\"width\":2195,\"height\":1901,\"caption\":\"UVAS Trading\"},\"image\":{\"@id\":\"https:\/\/uvastrading.es\/#\/schema\/logo\/image\/\"}}]}<\/script>\n<!-- \/ Yoast SEO plugin. -->","yoast_head_json":{"title":"Ch\u00e2teau du Paradis St Emilion Grand Cru 2016 - UVAS Trading","robots":{"index":"index","follow":"follow","max-snippet":"max-snippet:-1","max-image-preview":"max-image-preview:large","max-video-preview":"max-video-preview:-1"},"canonical":"https:\/\/uvastrading.es\/en\/tienda\/francia\/saint-emilion\/chateau-du-paradis-st-emilion-grand-cru-2016\/","og_locale":"en_US","og_type":"article","og_title":"Ch\u00e2teau du Paradis St Emilion Grand Cru 2016 - UVAS Trading","og_description":"La nariz es frutal, fresca, bien equilibrada y ofrece una buena definici\u00f3n, golosidad y potencia. Revela notas de cassis, mora y peque\u00f1as notas de ar\u00e1ndano asociadas con un toque de fresa silvestre, as\u00ed como ligeras pistas de flores, vainilla, regaliz y muy discretas pistas de especias. El paladar es frutal, jugoso, elegante, preciso, bien equilibrado [&hellip;]","og_url":"https:\/\/uvastrading.es\/en\/tienda\/francia\/saint-emilion\/chateau-du-paradis-st-emilion-grand-cru-2016\/","og_site_name":"UVAS Trading","article_modified_time":"2024-12-19T21:53:22+00:00","og_image":[{"width":520,"height":1473,"url":"https:\/\/uvastrading.es\/wp-content\/uploads\/2023\/11\/30.png","type":"image\/png"}],"twitter_card":"summary_large_image","twitter_misc":{"Est. reading time":"1 minute"},"schema":{"@context":"https:\/\/schema.org","@graph":[{"@type":"WebPage","@id":"https:\/\/uvastrading.es\/tienda\/francia\/saint-emilion\/chateau-du-paradis-st-emilion-grand-cru-2016\/","url":"https:\/\/uvastrading.es\/tienda\/francia\/saint-emilion\/chateau-du-paradis-st-emilion-grand-cru-2016\/","name":"Ch\u00e2teau du Paradis St Emilion Grand Cru 2016 - UVAS Trading","isPartOf":{"@id":"https:\/\/uvastrading.es\/#website"},"primaryImageOfPage":{"@id":"https:\/\/uvastrading.es\/tienda\/francia\/saint-emilion\/chateau-du-paradis-st-emilion-grand-cru-2016\/#primaryimage"},"image":{"@id":"https:\/\/uvastrading.es\/tienda\/francia\/saint-emilion\/chateau-du-paradis-st-emilion-grand-cru-2016\/#primaryimage"},"thumbnailUrl":"https:\/\/uvastrading.es\/wp-content\/uploads\/2023\/11\/30.png","datePublished":"2023-12-05T22:12:16+00:00","dateModified":"2024-12-19T21:53:22+00:00","breadcrumb":{"@id":"https:\/\/uvastrading.es\/tienda\/francia\/saint-emilion\/chateau-du-paradis-st-emilion-grand-cru-2016\/#breadcrumb"},"inLanguage":"en-US","potentialAction":[{"@type":"ReadAction","target":["https:\/\/uvastrading.es\/tienda\/francia\/saint-emilion\/chateau-du-paradis-st-emilion-grand-cru-2016\/"]}]},{"@type":"ImageObject","inLanguage":"en-US","@id":"https:\/\/uvastrading.es\/tienda\/francia\/saint-emilion\/chateau-du-paradis-st-emilion-grand-cru-2016\/#primaryimage","url":"https:\/\/uvastrading.es\/wp-content\/uploads\/2023\/11\/30.png","contentUrl":"https:\/\/uvastrading.es\/wp-content\/uploads\/2023\/11\/30.png","width":520,"height":1473,"caption":"30"},{"@type":"BreadcrumbList","@id":"https:\/\/uvastrading.es\/tienda\/francia\/saint-emilion\/chateau-du-paradis-st-emilion-grand-cru-2016\/#breadcrumb","itemListElement":[{"@type":"ListItem","position":1,"name":"Home","item":"https:\/\/uvastrading.es\/"},{"@type":"ListItem","position":2,"name":"Tienda","item":"https:\/\/uvastrading.es\/tienda\/"},{"@type":"ListItem","position":3,"name":"Ch\u00e2teau du Paradis St Emilion Grand Cru 2016"}]},{"@type":"WebSite","@id":"https:\/\/uvastrading.es\/#website","url":"https:\/\/uvastrading.es\/","name":"UVAS Trading","description":"Importador y distribuidor exclusivo de bodegas familiares y de renombre de 25 regiones vitivin\u00edcolas de todo el mundo.","publisher":{"@id":"https:\/\/uvastrading.es\/#organization"},"alternateName":"Inicio - UVAS Trading","potentialAction":[{"@type":"SearchAction","target":{"@type":"EntryPoint","urlTemplate":"https:\/\/uvastrading.es\/?s={search_term_string}"},"query-input":{"@type":"PropertyValueSpecification","valueRequired":true,"valueName":"search_term_string"}}],"inLanguage":"en-US"},{"@type":"Organization","@id":"https:\/\/uvastrading.es\/#organization","name":"UVAS Trading","alternateName":"UVAS Trading","url":"https:\/\/uvastrading.es\/","logo":{"@type":"ImageObject","inLanguage":"en-US","@id":"https:\/\/uvastrading.es\/#\/schema\/logo\/image\/","url":"https:\/\/uvastrading.es\/wp-content\/uploads\/2024\/07\/cropped-IMAGOTIPO-COLOR-1.jpg","contentUrl":"https:\/\/uvastrading.es\/wp-content\/uploads\/2024\/07\/cropped-IMAGOTIPO-COLOR-1.jpg","width":2195,"height":1901,"caption":"UVAS Trading"},"image":{"@id":"https:\/\/uvastrading.es\/#\/schema\/logo\/image\/"}}]}},"_links":{"self":[{"href":"https:\/\/uvastrading.es\/en\/wp-json\/wp\/v2\/product\/4407","targetHints":{"allow":["GET"]}}],"collection":[{"href":"https:\/\/uvastrading.es\/en\/wp-json\/wp\/v2\/product"}],"about":[{"href":"https:\/\/uvastrading.es\/en\/wp-json\/wp\/v2\/types\/product"}],"replies":[{"embeddable":true,"href":"https:\/\/uvastrading.es\/en\/wp-json\/wp\/v2\/comments?post=4407"}],"version-history":[{"count":5,"href":"https:\/\/uvastrading.es\/en\/wp-json\/wp\/v2\/product\/4407\/revisions"}],"predecessor-version":[{"id":12945,"href":"https:\/\/uvastrading.es\/en\/wp-json\/wp\/v2\/product\/4407\/revisions\/12945"}],"wp:featuredmedia":[{"embeddable":true,"href":"https:\/\/uvastrading.es\/en\/wp-json\/wp\/v2\/media\/2952"}],"wp:attachment":[{"href":"https:\/\/uvastrading.es\/en\/wp-json\/wp\/v2\/media?parent=4407"}],"wp:term":[{"taxonomy":"product_brand","embeddable":true,"href":"https:\/\/uvastrading.es\/en\/wp-json\/wp\/v2\/product_brand?post=4407"},{"taxonomy":"product_cat","embeddable":true,"href":"https:\/\/uvastrading.es\/en\/wp-json\/wp\/v2\/product_cat?post=4407"},{"taxonomy":"product_tag","embeddable":true,"href":"https:\/\/uvastrading.es\/en\/wp-json\/wp\/v2\/product_tag?post=4407"}],"curies":[{"name":"wp","href":"https:\/\/api.w.org\/{rel}","templated":true}]}}