
{"id":4406,"date":"2023-12-05T22:12:15","date_gmt":"2023-12-05T22:12:15","guid":{"rendered":"https:\/\/uvastrading.es\/producto\/chateau-franc-le-maine-dirty-south-saint-emilion-grand-cru-2016\/"},"modified":"2024-12-19T21:53:13","modified_gmt":"2024-12-19T21:53:13","slug":"dirty-south-saint-emilion-grand-cru-2016","status":"publish","type":"product","link":"https:\/\/uvastrading.es\/en\/tienda\/francia\/saint-emilion\/dirty-south-saint-emilion-grand-cru-2016\/","title":{"rendered":"Dirty South Saint-Emilion Grand Cru 2016"},"content":{"rendered":"<p>Soft soaking using new generation tanks that keep the cap submerged in the juice, promoting the extraction of silky tannins from the skin. Substantial investments in microbiological research to select the best native yeasts. Aged for 14 to 18 months depending on the vintage. Aging: 50% in new wood and 50% in one-year-old barrels.<\/p>\n<p><span style=\"display: none;\">Bardet Vineyards<\/span><\/p>","protected":false},"excerpt":{"rendered":"<p>Remojos suaves utilizando tanques de nueva generaci\u00f3n que mantienen el sombrero sumergido en el jugo, promoviendo la extracci\u00f3n de taninos sedosos de la piel. Inversiones sustanciales en investigaci\u00f3n microbiol\u00f3gica para seleccionar las mejores levaduras nativas. Envejecido de 14 a 18 meses dependiendo de la a\u00f1ada. Envejecimiento: 50 % en madera nueva y 50 % en [&hellip;]<\/p>","protected":false},"featured_media":2951,"comment_status":"open","ping_status":"closed","template":"","meta":{"_acf_changed":false,"om_disable_all_campaigns":false,"inline_featured_image":false,"_monsterinsights_skip_tracking":false,"_monsterinsights_sitenote_active":false,"_monsterinsights_sitenote_note":"","_monsterinsights_sitenote_category":0,"_joinchat":[]},"product_brand":[],"product_cat":[597,24,119],"product_tag":[598],"class_list":{"0":"post-4406","1":"product","2":"type-product","3":"status-publish","4":"has-post-thumbnail","6":"product_cat-burdeos","7":"product_cat-francia","8":"product_cat-saint-emilion","9":"product_tag-vignobles-bardet","11":"first","12":"instock","13":"taxable","14":"shipping-taxable","15":"purchasable","16":"product-type-simple"},"acf":[],"yoast_head":"<!-- This site is optimized with the Yoast SEO plugin v26.6 - https:\/\/yoast.com\/wordpress\/plugins\/seo\/ -->\n<title>Dirty South Saint-Emilion Grand Cru 2016 - UVAS Trading<\/title>\n<meta name=\"robots\" content=\"index, follow, max-snippet:-1, max-image-preview:large, max-video-preview:-1\" \/>\n<link rel=\"canonical\" href=\"https:\/\/uvastrading.es\/en\/tienda\/francia\/saint-emilion\/dirty-south-saint-emilion-grand-cru-2016\/\" \/>\n<meta property=\"og:locale\" content=\"en_US\" \/>\n<meta property=\"og:type\" content=\"article\" \/>\n<meta property=\"og:title\" content=\"Dirty South Saint-Emilion Grand Cru 2016 - UVAS Trading\" \/>\n<meta property=\"og:description\" content=\"Remojos suaves utilizando tanques de nueva generaci\u00f3n que mantienen el sombrero sumergido en el jugo, promoviendo la extracci\u00f3n de taninos sedosos de la piel. Inversiones sustanciales en investigaci\u00f3n microbiol\u00f3gica para seleccionar las mejores levaduras nativas. Envejecido de 14 a 18 meses dependiendo de la a\u00f1ada. Envejecimiento: 50 % en madera nueva y 50 % en [&hellip;]\" \/>\n<meta property=\"og:url\" content=\"https:\/\/uvastrading.es\/en\/tienda\/francia\/saint-emilion\/dirty-south-saint-emilion-grand-cru-2016\/\" \/>\n<meta property=\"og:site_name\" content=\"UVAS Trading\" \/>\n<meta property=\"article:modified_time\" content=\"2024-12-19T21:53:13+00:00\" \/>\n<meta property=\"og:image\" content=\"https:\/\/uvastrading.es\/wp-content\/uploads\/2023\/11\/29.png\" \/>\n\t<meta property=\"og:image:width\" content=\"520\" \/>\n\t<meta property=\"og:image:height\" content=\"1473\" \/>\n\t<meta property=\"og:image:type\" content=\"image\/png\" \/>\n<meta name=\"twitter:card\" content=\"summary_large_image\" \/>\n<meta name=\"twitter:label1\" content=\"Est. reading time\" \/>\n\t<meta name=\"twitter:data1\" content=\"1 minute\" \/>\n<script type=\"application\/ld+json\" class=\"yoast-schema-graph\">{\"@context\":\"https:\/\/schema.org\",\"@graph\":[{\"@type\":\"WebPage\",\"@id\":\"https:\/\/uvastrading.es\/tienda\/francia\/saint-emilion\/dirty-south-saint-emilion-grand-cru-2016\/\",\"url\":\"https:\/\/uvastrading.es\/tienda\/francia\/saint-emilion\/dirty-south-saint-emilion-grand-cru-2016\/\",\"name\":\"Dirty South Saint-Emilion Grand Cru 2016 - UVAS Trading\",\"isPartOf\":{\"@id\":\"https:\/\/uvastrading.es\/#website\"},\"primaryImageOfPage\":{\"@id\":\"https:\/\/uvastrading.es\/tienda\/francia\/saint-emilion\/dirty-south-saint-emilion-grand-cru-2016\/#primaryimage\"},\"image\":{\"@id\":\"https:\/\/uvastrading.es\/tienda\/francia\/saint-emilion\/dirty-south-saint-emilion-grand-cru-2016\/#primaryimage\"},\"thumbnailUrl\":\"https:\/\/uvastrading.es\/wp-content\/uploads\/2023\/11\/29.png\",\"datePublished\":\"2023-12-05T22:12:15+00:00\",\"dateModified\":\"2024-12-19T21:53:13+00:00\",\"breadcrumb\":{\"@id\":\"https:\/\/uvastrading.es\/tienda\/francia\/saint-emilion\/dirty-south-saint-emilion-grand-cru-2016\/#breadcrumb\"},\"inLanguage\":\"en-US\",\"potentialAction\":[{\"@type\":\"ReadAction\",\"target\":[\"https:\/\/uvastrading.es\/tienda\/francia\/saint-emilion\/dirty-south-saint-emilion-grand-cru-2016\/\"]}]},{\"@type\":\"ImageObject\",\"inLanguage\":\"en-US\",\"@id\":\"https:\/\/uvastrading.es\/tienda\/francia\/saint-emilion\/dirty-south-saint-emilion-grand-cru-2016\/#primaryimage\",\"url\":\"https:\/\/uvastrading.es\/wp-content\/uploads\/2023\/11\/29.png\",\"contentUrl\":\"https:\/\/uvastrading.es\/wp-content\/uploads\/2023\/11\/29.png\",\"width\":520,\"height\":1473,\"caption\":\"Dirty South Saint-Emilion Grand Cru 2016\"},{\"@type\":\"BreadcrumbList\",\"@id\":\"https:\/\/uvastrading.es\/tienda\/francia\/saint-emilion\/dirty-south-saint-emilion-grand-cru-2016\/#breadcrumb\",\"itemListElement\":[{\"@type\":\"ListItem\",\"position\":1,\"name\":\"Home\",\"item\":\"https:\/\/uvastrading.es\/\"},{\"@type\":\"ListItem\",\"position\":2,\"name\":\"Tienda\",\"item\":\"https:\/\/uvastrading.es\/tienda\/\"},{\"@type\":\"ListItem\",\"position\":3,\"name\":\"Dirty South Saint-Emilion Grand Cru 2016\"}]},{\"@type\":\"WebSite\",\"@id\":\"https:\/\/uvastrading.es\/#website\",\"url\":\"https:\/\/uvastrading.es\/\",\"name\":\"UVAS Trading\",\"description\":\"Importador y distribuidor exclusivo de bodegas familiares y de renombre de 25 regiones vitivin\u00edcolas de todo el mundo.\",\"publisher\":{\"@id\":\"https:\/\/uvastrading.es\/#organization\"},\"alternateName\":\"Inicio - UVAS Trading\",\"potentialAction\":[{\"@type\":\"SearchAction\",\"target\":{\"@type\":\"EntryPoint\",\"urlTemplate\":\"https:\/\/uvastrading.es\/?s={search_term_string}\"},\"query-input\":{\"@type\":\"PropertyValueSpecification\",\"valueRequired\":true,\"valueName\":\"search_term_string\"}}],\"inLanguage\":\"en-US\"},{\"@type\":\"Organization\",\"@id\":\"https:\/\/uvastrading.es\/#organization\",\"name\":\"UVAS Trading\",\"alternateName\":\"UVAS Trading\",\"url\":\"https:\/\/uvastrading.es\/\",\"logo\":{\"@type\":\"ImageObject\",\"inLanguage\":\"en-US\",\"@id\":\"https:\/\/uvastrading.es\/#\/schema\/logo\/image\/\",\"url\":\"https:\/\/uvastrading.es\/wp-content\/uploads\/2024\/07\/cropped-IMAGOTIPO-COLOR-1.jpg\",\"contentUrl\":\"https:\/\/uvastrading.es\/wp-content\/uploads\/2024\/07\/cropped-IMAGOTIPO-COLOR-1.jpg\",\"width\":2195,\"height\":1901,\"caption\":\"UVAS Trading\"},\"image\":{\"@id\":\"https:\/\/uvastrading.es\/#\/schema\/logo\/image\/\"}}]}<\/script>\n<!-- \/ Yoast SEO plugin. -->","yoast_head_json":{"title":"Dirty South Saint-Emilion Grand Cru 2016 - UVAS Trading","robots":{"index":"index","follow":"follow","max-snippet":"max-snippet:-1","max-image-preview":"max-image-preview:large","max-video-preview":"max-video-preview:-1"},"canonical":"https:\/\/uvastrading.es\/en\/tienda\/francia\/saint-emilion\/dirty-south-saint-emilion-grand-cru-2016\/","og_locale":"en_US","og_type":"article","og_title":"Dirty South Saint-Emilion Grand Cru 2016 - UVAS Trading","og_description":"Remojos suaves utilizando tanques de nueva generaci\u00f3n que mantienen el sombrero sumergido en el jugo, promoviendo la extracci\u00f3n de taninos sedosos de la piel. Inversiones sustanciales en investigaci\u00f3n microbiol\u00f3gica para seleccionar las mejores levaduras nativas. Envejecido de 14 a 18 meses dependiendo de la a\u00f1ada. Envejecimiento: 50 % en madera nueva y 50 % en [&hellip;]","og_url":"https:\/\/uvastrading.es\/en\/tienda\/francia\/saint-emilion\/dirty-south-saint-emilion-grand-cru-2016\/","og_site_name":"UVAS Trading","article_modified_time":"2024-12-19T21:53:13+00:00","og_image":[{"width":520,"height":1473,"url":"https:\/\/uvastrading.es\/wp-content\/uploads\/2023\/11\/29.png","type":"image\/png"}],"twitter_card":"summary_large_image","twitter_misc":{"Est. reading time":"1 minute"},"schema":{"@context":"https:\/\/schema.org","@graph":[{"@type":"WebPage","@id":"https:\/\/uvastrading.es\/tienda\/francia\/saint-emilion\/dirty-south-saint-emilion-grand-cru-2016\/","url":"https:\/\/uvastrading.es\/tienda\/francia\/saint-emilion\/dirty-south-saint-emilion-grand-cru-2016\/","name":"Dirty South Saint-Emilion Grand Cru 2016 - UVAS Trading","isPartOf":{"@id":"https:\/\/uvastrading.es\/#website"},"primaryImageOfPage":{"@id":"https:\/\/uvastrading.es\/tienda\/francia\/saint-emilion\/dirty-south-saint-emilion-grand-cru-2016\/#primaryimage"},"image":{"@id":"https:\/\/uvastrading.es\/tienda\/francia\/saint-emilion\/dirty-south-saint-emilion-grand-cru-2016\/#primaryimage"},"thumbnailUrl":"https:\/\/uvastrading.es\/wp-content\/uploads\/2023\/11\/29.png","datePublished":"2023-12-05T22:12:15+00:00","dateModified":"2024-12-19T21:53:13+00:00","breadcrumb":{"@id":"https:\/\/uvastrading.es\/tienda\/francia\/saint-emilion\/dirty-south-saint-emilion-grand-cru-2016\/#breadcrumb"},"inLanguage":"en-US","potentialAction":[{"@type":"ReadAction","target":["https:\/\/uvastrading.es\/tienda\/francia\/saint-emilion\/dirty-south-saint-emilion-grand-cru-2016\/"]}]},{"@type":"ImageObject","inLanguage":"en-US","@id":"https:\/\/uvastrading.es\/tienda\/francia\/saint-emilion\/dirty-south-saint-emilion-grand-cru-2016\/#primaryimage","url":"https:\/\/uvastrading.es\/wp-content\/uploads\/2023\/11\/29.png","contentUrl":"https:\/\/uvastrading.es\/wp-content\/uploads\/2023\/11\/29.png","width":520,"height":1473,"caption":"Dirty South Saint-Emilion Grand Cru 2016"},{"@type":"BreadcrumbList","@id":"https:\/\/uvastrading.es\/tienda\/francia\/saint-emilion\/dirty-south-saint-emilion-grand-cru-2016\/#breadcrumb","itemListElement":[{"@type":"ListItem","position":1,"name":"Home","item":"https:\/\/uvastrading.es\/"},{"@type":"ListItem","position":2,"name":"Tienda","item":"https:\/\/uvastrading.es\/tienda\/"},{"@type":"ListItem","position":3,"name":"Dirty South Saint-Emilion Grand Cru 2016"}]},{"@type":"WebSite","@id":"https:\/\/uvastrading.es\/#website","url":"https:\/\/uvastrading.es\/","name":"UVAS Trading","description":"Importador y distribuidor exclusivo de bodegas familiares y de renombre de 25 regiones vitivin\u00edcolas de todo el mundo.","publisher":{"@id":"https:\/\/uvastrading.es\/#organization"},"alternateName":"Inicio - UVAS Trading","potentialAction":[{"@type":"SearchAction","target":{"@type":"EntryPoint","urlTemplate":"https:\/\/uvastrading.es\/?s={search_term_string}"},"query-input":{"@type":"PropertyValueSpecification","valueRequired":true,"valueName":"search_term_string"}}],"inLanguage":"en-US"},{"@type":"Organization","@id":"https:\/\/uvastrading.es\/#organization","name":"UVAS Trading","alternateName":"UVAS Trading","url":"https:\/\/uvastrading.es\/","logo":{"@type":"ImageObject","inLanguage":"en-US","@id":"https:\/\/uvastrading.es\/#\/schema\/logo\/image\/","url":"https:\/\/uvastrading.es\/wp-content\/uploads\/2024\/07\/cropped-IMAGOTIPO-COLOR-1.jpg","contentUrl":"https:\/\/uvastrading.es\/wp-content\/uploads\/2024\/07\/cropped-IMAGOTIPO-COLOR-1.jpg","width":2195,"height":1901,"caption":"UVAS Trading"},"image":{"@id":"https:\/\/uvastrading.es\/#\/schema\/logo\/image\/"}}]}},"_links":{"self":[{"href":"https:\/\/uvastrading.es\/en\/wp-json\/wp\/v2\/product\/4406","targetHints":{"allow":["GET"]}}],"collection":[{"href":"https:\/\/uvastrading.es\/en\/wp-json\/wp\/v2\/product"}],"about":[{"href":"https:\/\/uvastrading.es\/en\/wp-json\/wp\/v2\/types\/product"}],"replies":[{"embeddable":true,"href":"https:\/\/uvastrading.es\/en\/wp-json\/wp\/v2\/comments?post=4406"}],"version-history":[{"count":5,"href":"https:\/\/uvastrading.es\/en\/wp-json\/wp\/v2\/product\/4406\/revisions"}],"predecessor-version":[{"id":12960,"href":"https:\/\/uvastrading.es\/en\/wp-json\/wp\/v2\/product\/4406\/revisions\/12960"}],"wp:featuredmedia":[{"embeddable":true,"href":"https:\/\/uvastrading.es\/en\/wp-json\/wp\/v2\/media\/2951"}],"wp:attachment":[{"href":"https:\/\/uvastrading.es\/en\/wp-json\/wp\/v2\/media?parent=4406"}],"wp:term":[{"taxonomy":"product_brand","embeddable":true,"href":"https:\/\/uvastrading.es\/en\/wp-json\/wp\/v2\/product_brand?post=4406"},{"taxonomy":"product_cat","embeddable":true,"href":"https:\/\/uvastrading.es\/en\/wp-json\/wp\/v2\/product_cat?post=4406"},{"taxonomy":"product_tag","embeddable":true,"href":"https:\/\/uvastrading.es\/en\/wp-json\/wp\/v2\/product_tag?post=4406"}],"curies":[{"name":"wp","href":"https:\/\/api.w.org\/{rel}","templated":true}]}}