
{"id":4398,"date":"2023-12-05T22:12:11","date_gmt":"2023-12-05T22:12:11","guid":{"rendered":"https:\/\/uvastrading.es\/producto\/domaine-florent-garaudet-monthelie-1er-cru-les-champs-fulliot-2019-2021\/"},"modified":"2025-05-27T15:56:46","modified_gmt":"2025-05-27T15:56:46","slug":"les-champs-fulliot-monthelie-1er-cru-2020","status":"publish","type":"product","link":"https:\/\/uvastrading.es\/en\/tienda\/francia\/borgona\/les-champs-fulliot-monthelie-1er-cru-2020\/","title":{"rendered":"Les Champs Fulliot Monthelie 1er Cru 2020"},"content":{"rendered":"<p>Florent's small plot in Les Champs Fulliot is a vineyard gem, densely planted with sixty-year-old Pinot Noir and located in the same hillside group of vineyards that includes the great Volnay Premier Crus Taillepieds and Clos des Ch\u00eanes. In the glass, the wine has a deep and clear ruby color that cools down to a bright fuchsia at the edge. Fresh and insistent aromas of Pinot Noir with notes of red fruits and spices, including sun-dried red currants, griotte cherries, fresh latakia, and Piment d\u2019Espelette, come and go in the foreground, sometimes alternating with citrus zest, pomegranate, sage, and cloves, alongside fleeting hints of walnut oil, morel mushrooms, and card<\/p>\n<p><span>Florent Garaudet Estate<\/span><\/p>","protected":false},"excerpt":{"rendered":"<p>La peque\u00f1a parcela de Florent en Les Champs Fulliot es una joya vit\u00edcola, densamente plantada con Pinot Noir de sesenta a\u00f1os y ubicada en el mismo grupo de vi\u00f1edos en ladera que incluye los grandes Volnay Premiers Crus Taillepieds y Clos des Ch\u00eanes. En la copa, el vino tiene un color rojo rub\u00ed profundo y [&hellip;]<\/p>","protected":false},"featured_media":2945,"comment_status":"open","ping_status":"closed","template":"","meta":{"_acf_changed":false,"om_disable_all_campaigns":false,"inline_featured_image":false,"_monsterinsights_skip_tracking":false,"_monsterinsights_sitenote_active":false,"_monsterinsights_sitenote_note":"","_monsterinsights_sitenote_category":0,"_joinchat":[]},"product_brand":[],"product_cat":[592,24],"product_tag":[595],"class_list":{"0":"post-4398","1":"product","2":"type-product","3":"status-publish","4":"has-post-thumbnail","6":"product_cat-borgona","7":"product_cat-francia","8":"product_tag-domaine-florent-garaudet","10":"first","11":"instock","12":"taxable","13":"shipping-taxable","14":"purchasable","15":"product-type-simple"},"acf":[],"yoast_head":"<!-- This site is optimized with the Yoast SEO plugin v26.6 - https:\/\/yoast.com\/wordpress\/plugins\/seo\/ -->\n<title>Les Champs Fulliot Monthelie 1er Cru 2020 - UVAS Trading<\/title>\n<meta name=\"robots\" content=\"index, follow, max-snippet:-1, max-image-preview:large, max-video-preview:-1\" \/>\n<link rel=\"canonical\" href=\"https:\/\/uvastrading.es\/en\/tienda\/francia\/borgona\/les-champs-fulliot-monthelie-1er-cru-2020\/\" \/>\n<meta property=\"og:locale\" content=\"en_US\" \/>\n<meta property=\"og:type\" content=\"article\" \/>\n<meta property=\"og:title\" content=\"Les Champs Fulliot Monthelie 1er Cru 2020 - UVAS Trading\" \/>\n<meta property=\"og:description\" content=\"La peque\u00f1a parcela de Florent en Les Champs Fulliot es una joya vit\u00edcola, densamente plantada con Pinot Noir de sesenta a\u00f1os y ubicada en el mismo grupo de vi\u00f1edos en ladera que incluye los grandes Volnay Premiers Crus Taillepieds y Clos des Ch\u00eanes. En la copa, el vino tiene un color rojo rub\u00ed profundo y [&hellip;]\" \/>\n<meta property=\"og:url\" content=\"https:\/\/uvastrading.es\/en\/tienda\/francia\/borgona\/les-champs-fulliot-monthelie-1er-cru-2020\/\" \/>\n<meta property=\"og:site_name\" content=\"UVAS Trading\" \/>\n<meta property=\"article:modified_time\" content=\"2025-05-27T15:56:46+00:00\" \/>\n<meta property=\"og:image\" content=\"https:\/\/uvastrading.es\/wp-content\/uploads\/2023\/11\/23.png\" \/>\n\t<meta property=\"og:image:width\" content=\"520\" \/>\n\t<meta property=\"og:image:height\" content=\"1473\" \/>\n\t<meta property=\"og:image:type\" content=\"image\/png\" \/>\n<meta name=\"twitter:card\" content=\"summary_large_image\" \/>\n<meta name=\"twitter:label1\" content=\"Est. reading time\" \/>\n\t<meta name=\"twitter:data1\" content=\"2 minutes\" \/>\n<script type=\"application\/ld+json\" class=\"yoast-schema-graph\">{\"@context\":\"https:\/\/schema.org\",\"@graph\":[{\"@type\":\"WebPage\",\"@id\":\"https:\/\/uvastrading.es\/tienda\/francia\/borgona\/les-champs-fulliot-monthelie-1er-cru-2020\/\",\"url\":\"https:\/\/uvastrading.es\/tienda\/francia\/borgona\/les-champs-fulliot-monthelie-1er-cru-2020\/\",\"name\":\"Les Champs Fulliot Monthelie 1er Cru 2020 - UVAS Trading\",\"isPartOf\":{\"@id\":\"https:\/\/uvastrading.es\/#website\"},\"primaryImageOfPage\":{\"@id\":\"https:\/\/uvastrading.es\/tienda\/francia\/borgona\/les-champs-fulliot-monthelie-1er-cru-2020\/#primaryimage\"},\"image\":{\"@id\":\"https:\/\/uvastrading.es\/tienda\/francia\/borgona\/les-champs-fulliot-monthelie-1er-cru-2020\/#primaryimage\"},\"thumbnailUrl\":\"https:\/\/uvastrading.es\/wp-content\/uploads\/2023\/11\/23.png\",\"datePublished\":\"2023-12-05T22:12:11+00:00\",\"dateModified\":\"2025-05-27T15:56:46+00:00\",\"breadcrumb\":{\"@id\":\"https:\/\/uvastrading.es\/tienda\/francia\/borgona\/les-champs-fulliot-monthelie-1er-cru-2020\/#breadcrumb\"},\"inLanguage\":\"en-US\",\"potentialAction\":[{\"@type\":\"ReadAction\",\"target\":[\"https:\/\/uvastrading.es\/tienda\/francia\/borgona\/les-champs-fulliot-monthelie-1er-cru-2020\/\"]}]},{\"@type\":\"ImageObject\",\"inLanguage\":\"en-US\",\"@id\":\"https:\/\/uvastrading.es\/tienda\/francia\/borgona\/les-champs-fulliot-monthelie-1er-cru-2020\/#primaryimage\",\"url\":\"https:\/\/uvastrading.es\/wp-content\/uploads\/2023\/11\/23.png\",\"contentUrl\":\"https:\/\/uvastrading.es\/wp-content\/uploads\/2023\/11\/23.png\",\"width\":520,\"height\":1473,\"caption\":\"Les Champs Fulliot Monthelie 1er Cru 2019\/2021\"},{\"@type\":\"BreadcrumbList\",\"@id\":\"https:\/\/uvastrading.es\/tienda\/francia\/borgona\/les-champs-fulliot-monthelie-1er-cru-2020\/#breadcrumb\",\"itemListElement\":[{\"@type\":\"ListItem\",\"position\":1,\"name\":\"Home\",\"item\":\"https:\/\/uvastrading.es\/\"},{\"@type\":\"ListItem\",\"position\":2,\"name\":\"Tienda\",\"item\":\"https:\/\/uvastrading.es\/tienda\/\"},{\"@type\":\"ListItem\",\"position\":3,\"name\":\"Les Champs Fulliot Monthelie 1er Cru 2020\"}]},{\"@type\":\"WebSite\",\"@id\":\"https:\/\/uvastrading.es\/#website\",\"url\":\"https:\/\/uvastrading.es\/\",\"name\":\"UVAS Trading\",\"description\":\"Importador y distribuidor exclusivo de bodegas familiares y de renombre de 25 regiones vitivin\u00edcolas de todo el mundo.\",\"publisher\":{\"@id\":\"https:\/\/uvastrading.es\/#organization\"},\"alternateName\":\"Inicio - UVAS Trading\",\"potentialAction\":[{\"@type\":\"SearchAction\",\"target\":{\"@type\":\"EntryPoint\",\"urlTemplate\":\"https:\/\/uvastrading.es\/?s={search_term_string}\"},\"query-input\":{\"@type\":\"PropertyValueSpecification\",\"valueRequired\":true,\"valueName\":\"search_term_string\"}}],\"inLanguage\":\"en-US\"},{\"@type\":\"Organization\",\"@id\":\"https:\/\/uvastrading.es\/#organization\",\"name\":\"UVAS Trading\",\"alternateName\":\"UVAS Trading\",\"url\":\"https:\/\/uvastrading.es\/\",\"logo\":{\"@type\":\"ImageObject\",\"inLanguage\":\"en-US\",\"@id\":\"https:\/\/uvastrading.es\/#\/schema\/logo\/image\/\",\"url\":\"https:\/\/uvastrading.es\/wp-content\/uploads\/2024\/07\/cropped-IMAGOTIPO-COLOR-1.jpg\",\"contentUrl\":\"https:\/\/uvastrading.es\/wp-content\/uploads\/2024\/07\/cropped-IMAGOTIPO-COLOR-1.jpg\",\"width\":2195,\"height\":1901,\"caption\":\"UVAS Trading\"},\"image\":{\"@id\":\"https:\/\/uvastrading.es\/#\/schema\/logo\/image\/\"}}]}<\/script>\n<!-- \/ Yoast SEO plugin. -->","yoast_head_json":{"title":"Les Champs Fulliot Monthelie 1er Cru 2020 - UVAS Trading","robots":{"index":"index","follow":"follow","max-snippet":"max-snippet:-1","max-image-preview":"max-image-preview:large","max-video-preview":"max-video-preview:-1"},"canonical":"https:\/\/uvastrading.es\/en\/tienda\/francia\/borgona\/les-champs-fulliot-monthelie-1er-cru-2020\/","og_locale":"en_US","og_type":"article","og_title":"Les Champs Fulliot Monthelie 1er Cru 2020 - UVAS Trading","og_description":"La peque\u00f1a parcela de Florent en Les Champs Fulliot es una joya vit\u00edcola, densamente plantada con Pinot Noir de sesenta a\u00f1os y ubicada en el mismo grupo de vi\u00f1edos en ladera que incluye los grandes Volnay Premiers Crus Taillepieds y Clos des Ch\u00eanes. En la copa, el vino tiene un color rojo rub\u00ed profundo y [&hellip;]","og_url":"https:\/\/uvastrading.es\/en\/tienda\/francia\/borgona\/les-champs-fulliot-monthelie-1er-cru-2020\/","og_site_name":"UVAS Trading","article_modified_time":"2025-05-27T15:56:46+00:00","og_image":[{"width":520,"height":1473,"url":"https:\/\/uvastrading.es\/wp-content\/uploads\/2023\/11\/23.png","type":"image\/png"}],"twitter_card":"summary_large_image","twitter_misc":{"Est. reading time":"2 minutes"},"schema":{"@context":"https:\/\/schema.org","@graph":[{"@type":"WebPage","@id":"https:\/\/uvastrading.es\/tienda\/francia\/borgona\/les-champs-fulliot-monthelie-1er-cru-2020\/","url":"https:\/\/uvastrading.es\/tienda\/francia\/borgona\/les-champs-fulliot-monthelie-1er-cru-2020\/","name":"Les Champs Fulliot Monthelie 1er Cru 2020 - UVAS Trading","isPartOf":{"@id":"https:\/\/uvastrading.es\/#website"},"primaryImageOfPage":{"@id":"https:\/\/uvastrading.es\/tienda\/francia\/borgona\/les-champs-fulliot-monthelie-1er-cru-2020\/#primaryimage"},"image":{"@id":"https:\/\/uvastrading.es\/tienda\/francia\/borgona\/les-champs-fulliot-monthelie-1er-cru-2020\/#primaryimage"},"thumbnailUrl":"https:\/\/uvastrading.es\/wp-content\/uploads\/2023\/11\/23.png","datePublished":"2023-12-05T22:12:11+00:00","dateModified":"2025-05-27T15:56:46+00:00","breadcrumb":{"@id":"https:\/\/uvastrading.es\/tienda\/francia\/borgona\/les-champs-fulliot-monthelie-1er-cru-2020\/#breadcrumb"},"inLanguage":"en-US","potentialAction":[{"@type":"ReadAction","target":["https:\/\/uvastrading.es\/tienda\/francia\/borgona\/les-champs-fulliot-monthelie-1er-cru-2020\/"]}]},{"@type":"ImageObject","inLanguage":"en-US","@id":"https:\/\/uvastrading.es\/tienda\/francia\/borgona\/les-champs-fulliot-monthelie-1er-cru-2020\/#primaryimage","url":"https:\/\/uvastrading.es\/wp-content\/uploads\/2023\/11\/23.png","contentUrl":"https:\/\/uvastrading.es\/wp-content\/uploads\/2023\/11\/23.png","width":520,"height":1473,"caption":"Les Champs Fulliot Monthelie 1er Cru 2019\/2021"},{"@type":"BreadcrumbList","@id":"https:\/\/uvastrading.es\/tienda\/francia\/borgona\/les-champs-fulliot-monthelie-1er-cru-2020\/#breadcrumb","itemListElement":[{"@type":"ListItem","position":1,"name":"Home","item":"https:\/\/uvastrading.es\/"},{"@type":"ListItem","position":2,"name":"Tienda","item":"https:\/\/uvastrading.es\/tienda\/"},{"@type":"ListItem","position":3,"name":"Les Champs Fulliot Monthelie 1er Cru 2020"}]},{"@type":"WebSite","@id":"https:\/\/uvastrading.es\/#website","url":"https:\/\/uvastrading.es\/","name":"UVAS Trading","description":"Importador y distribuidor exclusivo de bodegas familiares y de renombre de 25 regiones vitivin\u00edcolas de todo el mundo.","publisher":{"@id":"https:\/\/uvastrading.es\/#organization"},"alternateName":"Inicio - UVAS Trading","potentialAction":[{"@type":"SearchAction","target":{"@type":"EntryPoint","urlTemplate":"https:\/\/uvastrading.es\/?s={search_term_string}"},"query-input":{"@type":"PropertyValueSpecification","valueRequired":true,"valueName":"search_term_string"}}],"inLanguage":"en-US"},{"@type":"Organization","@id":"https:\/\/uvastrading.es\/#organization","name":"UVAS Trading","alternateName":"UVAS Trading","url":"https:\/\/uvastrading.es\/","logo":{"@type":"ImageObject","inLanguage":"en-US","@id":"https:\/\/uvastrading.es\/#\/schema\/logo\/image\/","url":"https:\/\/uvastrading.es\/wp-content\/uploads\/2024\/07\/cropped-IMAGOTIPO-COLOR-1.jpg","contentUrl":"https:\/\/uvastrading.es\/wp-content\/uploads\/2024\/07\/cropped-IMAGOTIPO-COLOR-1.jpg","width":2195,"height":1901,"caption":"UVAS Trading"},"image":{"@id":"https:\/\/uvastrading.es\/#\/schema\/logo\/image\/"}}]}},"_links":{"self":[{"href":"https:\/\/uvastrading.es\/en\/wp-json\/wp\/v2\/product\/4398","targetHints":{"allow":["GET"]}}],"collection":[{"href":"https:\/\/uvastrading.es\/en\/wp-json\/wp\/v2\/product"}],"about":[{"href":"https:\/\/uvastrading.es\/en\/wp-json\/wp\/v2\/types\/product"}],"replies":[{"embeddable":true,"href":"https:\/\/uvastrading.es\/en\/wp-json\/wp\/v2\/comments?post=4398"}],"version-history":[{"count":8,"href":"https:\/\/uvastrading.es\/en\/wp-json\/wp\/v2\/product\/4398\/revisions"}],"predecessor-version":[{"id":13054,"href":"https:\/\/uvastrading.es\/en\/wp-json\/wp\/v2\/product\/4398\/revisions\/13054"}],"wp:featuredmedia":[{"embeddable":true,"href":"https:\/\/uvastrading.es\/en\/wp-json\/wp\/v2\/media\/2945"}],"wp:attachment":[{"href":"https:\/\/uvastrading.es\/en\/wp-json\/wp\/v2\/media?parent=4398"}],"wp:term":[{"taxonomy":"product_brand","embeddable":true,"href":"https:\/\/uvastrading.es\/en\/wp-json\/wp\/v2\/product_brand?post=4398"},{"taxonomy":"product_cat","embeddable":true,"href":"https:\/\/uvastrading.es\/en\/wp-json\/wp\/v2\/product_cat?post=4398"},{"taxonomy":"product_tag","embeddable":true,"href":"https:\/\/uvastrading.es\/en\/wp-json\/wp\/v2\/product_tag?post=4398"}],"curies":[{"name":"wp","href":"https:\/\/api.w.org\/{rel}","templated":true}]}}