
{"id":4393,"date":"2023-12-05T22:12:08","date_gmt":"2023-12-05T22:12:08","guid":{"rendered":"https:\/\/uvastrading.es\/producto\/domaine-florent-garaudet-meursault-vieilles-vignes-2020\/"},"modified":"2025-05-27T15:57:07","modified_gmt":"2025-05-27T15:57:07","slug":"vieilles-vignes-meursault-blanc-2021","status":"publish","type":"product","link":"https:\/\/uvastrading.es\/en\/tienda\/francia\/borgona\/vieilles-vignes-meursault-blanc-2021\/","title":{"rendered":"Vieilles Vignes Meursault Blanc 2022"},"content":{"rendered":"<p>The 60-year-old vines are cultivated in a plot of Hospice de Beaune, just below the Meursault 1er Cru vineyard of 'Les Santenots' and are planted at a density of 10,000 to 11,000 per hectare. The clay-limestone soils are formed over alluvial stones and produce rich, textured wines. The vines are grown sustainably to respect the balance of the environment, aiming to limit treatments to what is strictly necessary to achieve a harvest in the best possible conditions. Careful pruning ensures that foliage is left from a height of one meter so that the grapes have enough leaves to synthesize natural sugars. This intensive pruning also promotes air circulation for the clusters and optimal sun exposure. 90% of<\/p>\n<p>Florent Garaudet Estate<\/p>","protected":false},"excerpt":{"rendered":"<p>Las vides de 60 a\u00f1os de edad se cultivan en una parcela de Hospice de Beaune, justo debajo del vi\u00f1edo Meursault 1er Cru de &#8216;Les Santenots&#8217; y est\u00e1n plantadas con una densidad de 10,000 a 11,000 por hect\u00e1rea. Los suelos arcillo-calc\u00e1reos se forman sobre piedras aluviales y producen vinos ricos y con textura. Las vides [&hellip;]<\/p>","protected":false},"featured_media":9386,"comment_status":"open","ping_status":"closed","template":"","meta":{"_acf_changed":false,"om_disable_all_campaigns":false,"inline_featured_image":false,"_monsterinsights_skip_tracking":false,"_monsterinsights_sitenote_active":false,"_monsterinsights_sitenote_note":"","_monsterinsights_sitenote_category":0,"_joinchat":[]},"product_brand":[],"product_cat":[592,24],"product_tag":[595],"class_list":{"0":"post-4393","1":"product","2":"type-product","3":"status-publish","4":"has-post-thumbnail","6":"product_cat-borgona","7":"product_cat-francia","8":"product_tag-domaine-florent-garaudet","10":"first","11":"instock","12":"taxable","13":"shipping-taxable","14":"purchasable","15":"product-type-simple"},"acf":[],"yoast_head":"<!-- This site is optimized with the Yoast SEO plugin v26.6 - https:\/\/yoast.com\/wordpress\/plugins\/seo\/ -->\n<title>Vieilles Vignes Meursault Blanc 2022 - UVAS Trading<\/title>\n<meta name=\"robots\" content=\"index, follow, max-snippet:-1, max-image-preview:large, max-video-preview:-1\" \/>\n<link rel=\"canonical\" href=\"https:\/\/uvastrading.es\/en\/tienda\/francia\/borgona\/vieilles-vignes-meursault-blanc-2021\/\" \/>\n<meta property=\"og:locale\" content=\"en_US\" \/>\n<meta property=\"og:type\" content=\"article\" \/>\n<meta property=\"og:title\" content=\"Vieilles Vignes Meursault Blanc 2022 - UVAS Trading\" \/>\n<meta property=\"og:description\" content=\"Las vides de 60 a\u00f1os de edad se cultivan en una parcela de Hospice de Beaune, justo debajo del vi\u00f1edo Meursault 1er Cru de &#8216;Les Santenots&#8217; y est\u00e1n plantadas con una densidad de 10,000 a 11,000 por hect\u00e1rea. Los suelos arcillo-calc\u00e1reos se forman sobre piedras aluviales y producen vinos ricos y con textura. Las vides [&hellip;]\" \/>\n<meta property=\"og:url\" content=\"https:\/\/uvastrading.es\/en\/tienda\/francia\/borgona\/vieilles-vignes-meursault-blanc-2021\/\" \/>\n<meta property=\"og:site_name\" content=\"UVAS Trading\" \/>\n<meta property=\"article:modified_time\" content=\"2025-05-27T15:57:07+00:00\" \/>\n<meta property=\"og:image\" content=\"https:\/\/uvastrading.es\/wp-content\/uploads\/2024\/07\/Vieilles-Vignes-Mersault-Blanc-corregida.png\" \/>\n\t<meta property=\"og:image:width\" content=\"520\" \/>\n\t<meta property=\"og:image:height\" content=\"1473\" \/>\n\t<meta property=\"og:image:type\" content=\"image\/png\" \/>\n<meta name=\"twitter:card\" content=\"summary_large_image\" \/>\n<meta name=\"twitter:label1\" content=\"Est. reading time\" \/>\n\t<meta name=\"twitter:data1\" content=\"2 minutes\" \/>\n<script type=\"application\/ld+json\" class=\"yoast-schema-graph\">{\"@context\":\"https:\/\/schema.org\",\"@graph\":[{\"@type\":\"WebPage\",\"@id\":\"https:\/\/uvastrading.es\/tienda\/francia\/borgona\/vieilles-vignes-meursault-blanc-2021\/\",\"url\":\"https:\/\/uvastrading.es\/tienda\/francia\/borgona\/vieilles-vignes-meursault-blanc-2021\/\",\"name\":\"Vieilles Vignes Meursault Blanc 2022 - UVAS Trading\",\"isPartOf\":{\"@id\":\"https:\/\/uvastrading.es\/#website\"},\"primaryImageOfPage\":{\"@id\":\"https:\/\/uvastrading.es\/tienda\/francia\/borgona\/vieilles-vignes-meursault-blanc-2021\/#primaryimage\"},\"image\":{\"@id\":\"https:\/\/uvastrading.es\/tienda\/francia\/borgona\/vieilles-vignes-meursault-blanc-2021\/#primaryimage\"},\"thumbnailUrl\":\"https:\/\/uvastrading.es\/wp-content\/uploads\/2024\/07\/Vieilles-Vignes-Mersault-Blanc-corregida.png\",\"datePublished\":\"2023-12-05T22:12:08+00:00\",\"dateModified\":\"2025-05-27T15:57:07+00:00\",\"breadcrumb\":{\"@id\":\"https:\/\/uvastrading.es\/tienda\/francia\/borgona\/vieilles-vignes-meursault-blanc-2021\/#breadcrumb\"},\"inLanguage\":\"en-US\",\"potentialAction\":[{\"@type\":\"ReadAction\",\"target\":[\"https:\/\/uvastrading.es\/tienda\/francia\/borgona\/vieilles-vignes-meursault-blanc-2021\/\"]}]},{\"@type\":\"ImageObject\",\"inLanguage\":\"en-US\",\"@id\":\"https:\/\/uvastrading.es\/tienda\/francia\/borgona\/vieilles-vignes-meursault-blanc-2021\/#primaryimage\",\"url\":\"https:\/\/uvastrading.es\/wp-content\/uploads\/2024\/07\/Vieilles-Vignes-Mersault-Blanc-corregida.png\",\"contentUrl\":\"https:\/\/uvastrading.es\/wp-content\/uploads\/2024\/07\/Vieilles-Vignes-Mersault-Blanc-corregida.png\",\"width\":520,\"height\":1473,\"caption\":\"Vieilles Vignes Mersault Blanc corregida\"},{\"@type\":\"BreadcrumbList\",\"@id\":\"https:\/\/uvastrading.es\/tienda\/francia\/borgona\/vieilles-vignes-meursault-blanc-2021\/#breadcrumb\",\"itemListElement\":[{\"@type\":\"ListItem\",\"position\":1,\"name\":\"Home\",\"item\":\"https:\/\/uvastrading.es\/\"},{\"@type\":\"ListItem\",\"position\":2,\"name\":\"Tienda\",\"item\":\"https:\/\/uvastrading.es\/tienda\/\"},{\"@type\":\"ListItem\",\"position\":3,\"name\":\"Vieilles Vignes Meursault Blanc 2022\"}]},{\"@type\":\"WebSite\",\"@id\":\"https:\/\/uvastrading.es\/#website\",\"url\":\"https:\/\/uvastrading.es\/\",\"name\":\"UVAS Trading\",\"description\":\"Importador y distribuidor exclusivo de bodegas familiares y de renombre de 25 regiones vitivin\u00edcolas de todo el mundo.\",\"publisher\":{\"@id\":\"https:\/\/uvastrading.es\/#organization\"},\"alternateName\":\"Inicio - UVAS Trading\",\"potentialAction\":[{\"@type\":\"SearchAction\",\"target\":{\"@type\":\"EntryPoint\",\"urlTemplate\":\"https:\/\/uvastrading.es\/?s={search_term_string}\"},\"query-input\":{\"@type\":\"PropertyValueSpecification\",\"valueRequired\":true,\"valueName\":\"search_term_string\"}}],\"inLanguage\":\"en-US\"},{\"@type\":\"Organization\",\"@id\":\"https:\/\/uvastrading.es\/#organization\",\"name\":\"UVAS Trading\",\"alternateName\":\"UVAS Trading\",\"url\":\"https:\/\/uvastrading.es\/\",\"logo\":{\"@type\":\"ImageObject\",\"inLanguage\":\"en-US\",\"@id\":\"https:\/\/uvastrading.es\/#\/schema\/logo\/image\/\",\"url\":\"https:\/\/uvastrading.es\/wp-content\/uploads\/2024\/07\/cropped-IMAGOTIPO-COLOR-1.jpg\",\"contentUrl\":\"https:\/\/uvastrading.es\/wp-content\/uploads\/2024\/07\/cropped-IMAGOTIPO-COLOR-1.jpg\",\"width\":2195,\"height\":1901,\"caption\":\"UVAS Trading\"},\"image\":{\"@id\":\"https:\/\/uvastrading.es\/#\/schema\/logo\/image\/\"}}]}<\/script>\n<!-- \/ Yoast SEO plugin. -->","yoast_head_json":{"title":"Vieilles Vignes Meursault Blanc 2022 - UVAS Trading","robots":{"index":"index","follow":"follow","max-snippet":"max-snippet:-1","max-image-preview":"max-image-preview:large","max-video-preview":"max-video-preview:-1"},"canonical":"https:\/\/uvastrading.es\/en\/tienda\/francia\/borgona\/vieilles-vignes-meursault-blanc-2021\/","og_locale":"en_US","og_type":"article","og_title":"Vieilles Vignes Meursault Blanc 2022 - UVAS Trading","og_description":"Las vides de 60 a\u00f1os de edad se cultivan en una parcela de Hospice de Beaune, justo debajo del vi\u00f1edo Meursault 1er Cru de &#8216;Les Santenots&#8217; y est\u00e1n plantadas con una densidad de 10,000 a 11,000 por hect\u00e1rea. Los suelos arcillo-calc\u00e1reos se forman sobre piedras aluviales y producen vinos ricos y con textura. Las vides [&hellip;]","og_url":"https:\/\/uvastrading.es\/en\/tienda\/francia\/borgona\/vieilles-vignes-meursault-blanc-2021\/","og_site_name":"UVAS Trading","article_modified_time":"2025-05-27T15:57:07+00:00","og_image":[{"width":520,"height":1473,"url":"https:\/\/uvastrading.es\/wp-content\/uploads\/2024\/07\/Vieilles-Vignes-Mersault-Blanc-corregida.png","type":"image\/png"}],"twitter_card":"summary_large_image","twitter_misc":{"Est. reading time":"2 minutes"},"schema":{"@context":"https:\/\/schema.org","@graph":[{"@type":"WebPage","@id":"https:\/\/uvastrading.es\/tienda\/francia\/borgona\/vieilles-vignes-meursault-blanc-2021\/","url":"https:\/\/uvastrading.es\/tienda\/francia\/borgona\/vieilles-vignes-meursault-blanc-2021\/","name":"Vieilles Vignes Meursault Blanc 2022 - UVAS Trading","isPartOf":{"@id":"https:\/\/uvastrading.es\/#website"},"primaryImageOfPage":{"@id":"https:\/\/uvastrading.es\/tienda\/francia\/borgona\/vieilles-vignes-meursault-blanc-2021\/#primaryimage"},"image":{"@id":"https:\/\/uvastrading.es\/tienda\/francia\/borgona\/vieilles-vignes-meursault-blanc-2021\/#primaryimage"},"thumbnailUrl":"https:\/\/uvastrading.es\/wp-content\/uploads\/2024\/07\/Vieilles-Vignes-Mersault-Blanc-corregida.png","datePublished":"2023-12-05T22:12:08+00:00","dateModified":"2025-05-27T15:57:07+00:00","breadcrumb":{"@id":"https:\/\/uvastrading.es\/tienda\/francia\/borgona\/vieilles-vignes-meursault-blanc-2021\/#breadcrumb"},"inLanguage":"en-US","potentialAction":[{"@type":"ReadAction","target":["https:\/\/uvastrading.es\/tienda\/francia\/borgona\/vieilles-vignes-meursault-blanc-2021\/"]}]},{"@type":"ImageObject","inLanguage":"en-US","@id":"https:\/\/uvastrading.es\/tienda\/francia\/borgona\/vieilles-vignes-meursault-blanc-2021\/#primaryimage","url":"https:\/\/uvastrading.es\/wp-content\/uploads\/2024\/07\/Vieilles-Vignes-Mersault-Blanc-corregida.png","contentUrl":"https:\/\/uvastrading.es\/wp-content\/uploads\/2024\/07\/Vieilles-Vignes-Mersault-Blanc-corregida.png","width":520,"height":1473,"caption":"Vieilles Vignes Mersault Blanc corregida"},{"@type":"BreadcrumbList","@id":"https:\/\/uvastrading.es\/tienda\/francia\/borgona\/vieilles-vignes-meursault-blanc-2021\/#breadcrumb","itemListElement":[{"@type":"ListItem","position":1,"name":"Home","item":"https:\/\/uvastrading.es\/"},{"@type":"ListItem","position":2,"name":"Tienda","item":"https:\/\/uvastrading.es\/tienda\/"},{"@type":"ListItem","position":3,"name":"Vieilles Vignes Meursault Blanc 2022"}]},{"@type":"WebSite","@id":"https:\/\/uvastrading.es\/#website","url":"https:\/\/uvastrading.es\/","name":"UVAS Trading","description":"Importador y distribuidor exclusivo de bodegas familiares y de renombre de 25 regiones vitivin\u00edcolas de todo el mundo.","publisher":{"@id":"https:\/\/uvastrading.es\/#organization"},"alternateName":"Inicio - UVAS Trading","potentialAction":[{"@type":"SearchAction","target":{"@type":"EntryPoint","urlTemplate":"https:\/\/uvastrading.es\/?s={search_term_string}"},"query-input":{"@type":"PropertyValueSpecification","valueRequired":true,"valueName":"search_term_string"}}],"inLanguage":"en-US"},{"@type":"Organization","@id":"https:\/\/uvastrading.es\/#organization","name":"UVAS Trading","alternateName":"UVAS Trading","url":"https:\/\/uvastrading.es\/","logo":{"@type":"ImageObject","inLanguage":"en-US","@id":"https:\/\/uvastrading.es\/#\/schema\/logo\/image\/","url":"https:\/\/uvastrading.es\/wp-content\/uploads\/2024\/07\/cropped-IMAGOTIPO-COLOR-1.jpg","contentUrl":"https:\/\/uvastrading.es\/wp-content\/uploads\/2024\/07\/cropped-IMAGOTIPO-COLOR-1.jpg","width":2195,"height":1901,"caption":"UVAS Trading"},"image":{"@id":"https:\/\/uvastrading.es\/#\/schema\/logo\/image\/"}}]}},"_links":{"self":[{"href":"https:\/\/uvastrading.es\/en\/wp-json\/wp\/v2\/product\/4393","targetHints":{"allow":["GET"]}}],"collection":[{"href":"https:\/\/uvastrading.es\/en\/wp-json\/wp\/v2\/product"}],"about":[{"href":"https:\/\/uvastrading.es\/en\/wp-json\/wp\/v2\/types\/product"}],"replies":[{"embeddable":true,"href":"https:\/\/uvastrading.es\/en\/wp-json\/wp\/v2\/comments?post=4393"}],"version-history":[{"count":6,"href":"https:\/\/uvastrading.es\/en\/wp-json\/wp\/v2\/product\/4393\/revisions"}],"predecessor-version":[{"id":14333,"href":"https:\/\/uvastrading.es\/en\/wp-json\/wp\/v2\/product\/4393\/revisions\/14333"}],"wp:featuredmedia":[{"embeddable":true,"href":"https:\/\/uvastrading.es\/en\/wp-json\/wp\/v2\/media\/9386"}],"wp:attachment":[{"href":"https:\/\/uvastrading.es\/en\/wp-json\/wp\/v2\/media?parent=4393"}],"wp:term":[{"taxonomy":"product_brand","embeddable":true,"href":"https:\/\/uvastrading.es\/en\/wp-json\/wp\/v2\/product_brand?post=4393"},{"taxonomy":"product_cat","embeddable":true,"href":"https:\/\/uvastrading.es\/en\/wp-json\/wp\/v2\/product_cat?post=4393"},{"taxonomy":"product_tag","embeddable":true,"href":"https:\/\/uvastrading.es\/en\/wp-json\/wp\/v2\/product_tag?post=4393"}],"curies":[{"name":"wp","href":"https:\/\/api.w.org\/{rel}","templated":true}]}}