
{"id":4387,"date":"2023-12-05T22:12:06","date_gmt":"2023-12-05T22:12:06","guid":{"rendered":"https:\/\/uvastrading.es\/producto\/domaine-chantal-lescure-vosne-romanee-1er-cru-les-suchots-2020\/"},"modified":"2024-12-19T21:51:58","modified_gmt":"2024-12-19T21:51:58","slug":"les-suchots-vosne-romanee-1er-cru-2020","status":"publish","type":"product","link":"https:\/\/uvastrading.es\/en\/tienda\/francia\/borgona\/les-suchots-vosne-romanee-1er-cru-2020\/","title":{"rendered":"Les Suchots Vosne Romanee 1er Cru 2020"},"content":{"rendered":"<p>In this plot, measuring 0.42 hectares, the vines are between 15 and 50 years old. The soils are deep calcareous over gravel. The harvest is late and is done by hand, in small baskets. Once it arrives at the winery, a selection of bunches is carried out on a table. It is then destemmed and goes to the fermentation by gravity, where it undergoes fermentation with indigenous yeasts in 25-hectoliter wooden vats for a period of 18 to 20 days. The process continues with aging in the same oak vats, with 50% to 80% new oak, sourced from forests in central France and Vosges. At the end of the aging process, it<\/p>\n<p><span>Domaine Chantal Lescure<\/span><\/p>","protected":false},"excerpt":{"rendered":"<p>En esta parcela, de 0,42 hect\u00e1reas, las cepas tienen entre 15 y 50 a\u00f1os. Los suelos son calc\u00e1reos profundos sobre pedregal La vendimia es tard\u00eda y se realiza a mano, en canastos peque\u00f1os. Una vez ha llegado a la bodega, se procede a una selecci\u00f3n de racimos en mesa. Posteriormente se despalilla y pasa al [&hellip;]<\/p>","protected":false},"featured_media":9392,"comment_status":"open","ping_status":"closed","template":"","meta":{"_acf_changed":false,"om_disable_all_campaigns":false,"inline_featured_image":false,"_monsterinsights_skip_tracking":false,"_monsterinsights_sitenote_active":false,"_monsterinsights_sitenote_note":"","_monsterinsights_sitenote_category":0,"_joinchat":[]},"product_brand":[],"product_cat":[592,24],"product_tag":[593],"class_list":{"0":"post-4387","1":"product","2":"type-product","3":"status-publish","4":"has-post-thumbnail","6":"product_cat-borgona","7":"product_cat-francia","8":"product_tag-domaine-chantal-lescure","10":"first","11":"instock","12":"taxable","13":"shipping-taxable","14":"purchasable","15":"product-type-simple"},"acf":[],"yoast_head":"<!-- This site is optimized with the Yoast SEO plugin v26.6 - https:\/\/yoast.com\/wordpress\/plugins\/seo\/ -->\n<title>Les Suchots Vosne Romanee 1er Cru 2020 - UVAS Trading<\/title>\n<meta name=\"robots\" content=\"index, follow, max-snippet:-1, max-image-preview:large, max-video-preview:-1\" \/>\n<link rel=\"canonical\" href=\"https:\/\/uvastrading.es\/en\/tienda\/francia\/borgona\/les-suchots-vosne-romanee-1er-cru-2020\/\" \/>\n<meta property=\"og:locale\" content=\"en_US\" \/>\n<meta property=\"og:type\" content=\"article\" \/>\n<meta property=\"og:title\" content=\"Les Suchots Vosne Romanee 1er Cru 2020 - UVAS Trading\" \/>\n<meta property=\"og:description\" content=\"En esta parcela, de 0,42 hect\u00e1reas, las cepas tienen entre 15 y 50 a\u00f1os. Los suelos son calc\u00e1reos profundos sobre pedregal La vendimia es tard\u00eda y se realiza a mano, en canastos peque\u00f1os. Una vez ha llegado a la bodega, se procede a una selecci\u00f3n de racimos en mesa. Posteriormente se despalilla y pasa al [&hellip;]\" \/>\n<meta property=\"og:url\" content=\"https:\/\/uvastrading.es\/en\/tienda\/francia\/borgona\/les-suchots-vosne-romanee-1er-cru-2020\/\" \/>\n<meta property=\"og:site_name\" content=\"UVAS Trading\" \/>\n<meta property=\"article:modified_time\" content=\"2024-12-19T21:51:58+00:00\" \/>\n<meta property=\"og:image\" content=\"https:\/\/uvastrading.es\/wp-content\/uploads\/2024\/07\/Les-Suchots-Vosne-corregida.png\" \/>\n\t<meta property=\"og:image:width\" content=\"520\" \/>\n\t<meta property=\"og:image:height\" content=\"1473\" \/>\n\t<meta property=\"og:image:type\" content=\"image\/png\" \/>\n<meta name=\"twitter:card\" content=\"summary_large_image\" \/>\n<meta name=\"twitter:label1\" content=\"Est. reading time\" \/>\n\t<meta name=\"twitter:data1\" content=\"1 minute\" \/>\n<script type=\"application\/ld+json\" class=\"yoast-schema-graph\">{\"@context\":\"https:\/\/schema.org\",\"@graph\":[{\"@type\":\"WebPage\",\"@id\":\"https:\/\/uvastrading.es\/tienda\/francia\/borgona\/les-suchots-vosne-romanee-1er-cru-2020\/\",\"url\":\"https:\/\/uvastrading.es\/tienda\/francia\/borgona\/les-suchots-vosne-romanee-1er-cru-2020\/\",\"name\":\"Les Suchots Vosne Romanee 1er Cru 2020 - UVAS Trading\",\"isPartOf\":{\"@id\":\"https:\/\/uvastrading.es\/#website\"},\"primaryImageOfPage\":{\"@id\":\"https:\/\/uvastrading.es\/tienda\/francia\/borgona\/les-suchots-vosne-romanee-1er-cru-2020\/#primaryimage\"},\"image\":{\"@id\":\"https:\/\/uvastrading.es\/tienda\/francia\/borgona\/les-suchots-vosne-romanee-1er-cru-2020\/#primaryimage\"},\"thumbnailUrl\":\"https:\/\/uvastrading.es\/wp-content\/uploads\/2024\/07\/Les-Suchots-Vosne-corregida.png\",\"datePublished\":\"2023-12-05T22:12:06+00:00\",\"dateModified\":\"2024-12-19T21:51:58+00:00\",\"breadcrumb\":{\"@id\":\"https:\/\/uvastrading.es\/tienda\/francia\/borgona\/les-suchots-vosne-romanee-1er-cru-2020\/#breadcrumb\"},\"inLanguage\":\"en-US\",\"potentialAction\":[{\"@type\":\"ReadAction\",\"target\":[\"https:\/\/uvastrading.es\/tienda\/francia\/borgona\/les-suchots-vosne-romanee-1er-cru-2020\/\"]}]},{\"@type\":\"ImageObject\",\"inLanguage\":\"en-US\",\"@id\":\"https:\/\/uvastrading.es\/tienda\/francia\/borgona\/les-suchots-vosne-romanee-1er-cru-2020\/#primaryimage\",\"url\":\"https:\/\/uvastrading.es\/wp-content\/uploads\/2024\/07\/Les-Suchots-Vosne-corregida.png\",\"contentUrl\":\"https:\/\/uvastrading.es\/wp-content\/uploads\/2024\/07\/Les-Suchots-Vosne-corregida.png\",\"width\":520,\"height\":1473,\"caption\":\"Les Suchots Vosne corregida\"},{\"@type\":\"BreadcrumbList\",\"@id\":\"https:\/\/uvastrading.es\/tienda\/francia\/borgona\/les-suchots-vosne-romanee-1er-cru-2020\/#breadcrumb\",\"itemListElement\":[{\"@type\":\"ListItem\",\"position\":1,\"name\":\"Home\",\"item\":\"https:\/\/uvastrading.es\/\"},{\"@type\":\"ListItem\",\"position\":2,\"name\":\"Tienda\",\"item\":\"https:\/\/uvastrading.es\/tienda\/\"},{\"@type\":\"ListItem\",\"position\":3,\"name\":\"Les Suchots Vosne Romanee 1er Cru 2020\"}]},{\"@type\":\"WebSite\",\"@id\":\"https:\/\/uvastrading.es\/#website\",\"url\":\"https:\/\/uvastrading.es\/\",\"name\":\"UVAS Trading\",\"description\":\"Importador y distribuidor exclusivo de bodegas familiares y de renombre de 25 regiones vitivin\u00edcolas de todo el mundo.\",\"publisher\":{\"@id\":\"https:\/\/uvastrading.es\/#organization\"},\"alternateName\":\"Inicio - UVAS Trading\",\"potentialAction\":[{\"@type\":\"SearchAction\",\"target\":{\"@type\":\"EntryPoint\",\"urlTemplate\":\"https:\/\/uvastrading.es\/?s={search_term_string}\"},\"query-input\":{\"@type\":\"PropertyValueSpecification\",\"valueRequired\":true,\"valueName\":\"search_term_string\"}}],\"inLanguage\":\"en-US\"},{\"@type\":\"Organization\",\"@id\":\"https:\/\/uvastrading.es\/#organization\",\"name\":\"UVAS Trading\",\"alternateName\":\"UVAS Trading\",\"url\":\"https:\/\/uvastrading.es\/\",\"logo\":{\"@type\":\"ImageObject\",\"inLanguage\":\"en-US\",\"@id\":\"https:\/\/uvastrading.es\/#\/schema\/logo\/image\/\",\"url\":\"https:\/\/uvastrading.es\/wp-content\/uploads\/2024\/07\/cropped-IMAGOTIPO-COLOR-1.jpg\",\"contentUrl\":\"https:\/\/uvastrading.es\/wp-content\/uploads\/2024\/07\/cropped-IMAGOTIPO-COLOR-1.jpg\",\"width\":2195,\"height\":1901,\"caption\":\"UVAS Trading\"},\"image\":{\"@id\":\"https:\/\/uvastrading.es\/#\/schema\/logo\/image\/\"}}]}<\/script>\n<!-- \/ Yoast SEO plugin. -->","yoast_head_json":{"title":"Les Suchots Vosne Romanee 1er Cru 2020 - UVAS Trading","robots":{"index":"index","follow":"follow","max-snippet":"max-snippet:-1","max-image-preview":"max-image-preview:large","max-video-preview":"max-video-preview:-1"},"canonical":"https:\/\/uvastrading.es\/en\/tienda\/francia\/borgona\/les-suchots-vosne-romanee-1er-cru-2020\/","og_locale":"en_US","og_type":"article","og_title":"Les Suchots Vosne Romanee 1er Cru 2020 - UVAS Trading","og_description":"En esta parcela, de 0,42 hect\u00e1reas, las cepas tienen entre 15 y 50 a\u00f1os. Los suelos son calc\u00e1reos profundos sobre pedregal La vendimia es tard\u00eda y se realiza a mano, en canastos peque\u00f1os. Una vez ha llegado a la bodega, se procede a una selecci\u00f3n de racimos en mesa. Posteriormente se despalilla y pasa al [&hellip;]","og_url":"https:\/\/uvastrading.es\/en\/tienda\/francia\/borgona\/les-suchots-vosne-romanee-1er-cru-2020\/","og_site_name":"UVAS Trading","article_modified_time":"2024-12-19T21:51:58+00:00","og_image":[{"width":520,"height":1473,"url":"https:\/\/uvastrading.es\/wp-content\/uploads\/2024\/07\/Les-Suchots-Vosne-corregida.png","type":"image\/png"}],"twitter_card":"summary_large_image","twitter_misc":{"Est. reading time":"1 minute"},"schema":{"@context":"https:\/\/schema.org","@graph":[{"@type":"WebPage","@id":"https:\/\/uvastrading.es\/tienda\/francia\/borgona\/les-suchots-vosne-romanee-1er-cru-2020\/","url":"https:\/\/uvastrading.es\/tienda\/francia\/borgona\/les-suchots-vosne-romanee-1er-cru-2020\/","name":"Les Suchots Vosne Romanee 1er Cru 2020 - UVAS Trading","isPartOf":{"@id":"https:\/\/uvastrading.es\/#website"},"primaryImageOfPage":{"@id":"https:\/\/uvastrading.es\/tienda\/francia\/borgona\/les-suchots-vosne-romanee-1er-cru-2020\/#primaryimage"},"image":{"@id":"https:\/\/uvastrading.es\/tienda\/francia\/borgona\/les-suchots-vosne-romanee-1er-cru-2020\/#primaryimage"},"thumbnailUrl":"https:\/\/uvastrading.es\/wp-content\/uploads\/2024\/07\/Les-Suchots-Vosne-corregida.png","datePublished":"2023-12-05T22:12:06+00:00","dateModified":"2024-12-19T21:51:58+00:00","breadcrumb":{"@id":"https:\/\/uvastrading.es\/tienda\/francia\/borgona\/les-suchots-vosne-romanee-1er-cru-2020\/#breadcrumb"},"inLanguage":"en-US","potentialAction":[{"@type":"ReadAction","target":["https:\/\/uvastrading.es\/tienda\/francia\/borgona\/les-suchots-vosne-romanee-1er-cru-2020\/"]}]},{"@type":"ImageObject","inLanguage":"en-US","@id":"https:\/\/uvastrading.es\/tienda\/francia\/borgona\/les-suchots-vosne-romanee-1er-cru-2020\/#primaryimage","url":"https:\/\/uvastrading.es\/wp-content\/uploads\/2024\/07\/Les-Suchots-Vosne-corregida.png","contentUrl":"https:\/\/uvastrading.es\/wp-content\/uploads\/2024\/07\/Les-Suchots-Vosne-corregida.png","width":520,"height":1473,"caption":"Les Suchots Vosne corregida"},{"@type":"BreadcrumbList","@id":"https:\/\/uvastrading.es\/tienda\/francia\/borgona\/les-suchots-vosne-romanee-1er-cru-2020\/#breadcrumb","itemListElement":[{"@type":"ListItem","position":1,"name":"Home","item":"https:\/\/uvastrading.es\/"},{"@type":"ListItem","position":2,"name":"Tienda","item":"https:\/\/uvastrading.es\/tienda\/"},{"@type":"ListItem","position":3,"name":"Les Suchots Vosne Romanee 1er Cru 2020"}]},{"@type":"WebSite","@id":"https:\/\/uvastrading.es\/#website","url":"https:\/\/uvastrading.es\/","name":"UVAS Trading","description":"Importador y distribuidor exclusivo de bodegas familiares y de renombre de 25 regiones vitivin\u00edcolas de todo el mundo.","publisher":{"@id":"https:\/\/uvastrading.es\/#organization"},"alternateName":"Inicio - UVAS Trading","potentialAction":[{"@type":"SearchAction","target":{"@type":"EntryPoint","urlTemplate":"https:\/\/uvastrading.es\/?s={search_term_string}"},"query-input":{"@type":"PropertyValueSpecification","valueRequired":true,"valueName":"search_term_string"}}],"inLanguage":"en-US"},{"@type":"Organization","@id":"https:\/\/uvastrading.es\/#organization","name":"UVAS Trading","alternateName":"UVAS Trading","url":"https:\/\/uvastrading.es\/","logo":{"@type":"ImageObject","inLanguage":"en-US","@id":"https:\/\/uvastrading.es\/#\/schema\/logo\/image\/","url":"https:\/\/uvastrading.es\/wp-content\/uploads\/2024\/07\/cropped-IMAGOTIPO-COLOR-1.jpg","contentUrl":"https:\/\/uvastrading.es\/wp-content\/uploads\/2024\/07\/cropped-IMAGOTIPO-COLOR-1.jpg","width":2195,"height":1901,"caption":"UVAS Trading"},"image":{"@id":"https:\/\/uvastrading.es\/#\/schema\/logo\/image\/"}}]}},"_links":{"self":[{"href":"https:\/\/uvastrading.es\/en\/wp-json\/wp\/v2\/product\/4387","targetHints":{"allow":["GET"]}}],"collection":[{"href":"https:\/\/uvastrading.es\/en\/wp-json\/wp\/v2\/product"}],"about":[{"href":"https:\/\/uvastrading.es\/en\/wp-json\/wp\/v2\/types\/product"}],"replies":[{"embeddable":true,"href":"https:\/\/uvastrading.es\/en\/wp-json\/wp\/v2\/comments?post=4387"}],"version-history":[{"count":4,"href":"https:\/\/uvastrading.es\/en\/wp-json\/wp\/v2\/product\/4387\/revisions"}],"predecessor-version":[{"id":13050,"href":"https:\/\/uvastrading.es\/en\/wp-json\/wp\/v2\/product\/4387\/revisions\/13050"}],"wp:featuredmedia":[{"embeddable":true,"href":"https:\/\/uvastrading.es\/en\/wp-json\/wp\/v2\/media\/9392"}],"wp:attachment":[{"href":"https:\/\/uvastrading.es\/en\/wp-json\/wp\/v2\/media?parent=4387"}],"wp:term":[{"taxonomy":"product_brand","embeddable":true,"href":"https:\/\/uvastrading.es\/en\/wp-json\/wp\/v2\/product_brand?post=4387"},{"taxonomy":"product_cat","embeddable":true,"href":"https:\/\/uvastrading.es\/en\/wp-json\/wp\/v2\/product_cat?post=4387"},{"taxonomy":"product_tag","embeddable":true,"href":"https:\/\/uvastrading.es\/en\/wp-json\/wp\/v2\/product_tag?post=4387"}],"curies":[{"name":"wp","href":"https:\/\/api.w.org\/{rel}","templated":true}]}}