
{"id":4383,"date":"2023-12-05T22:12:05","date_gmt":"2023-12-05T22:12:05","guid":{"rendered":"https:\/\/uvastrading.es\/producto\/domaine-chantal-lescure-pommard-les-vaumuriens-2019\/"},"modified":"2025-05-27T15:58:03","modified_gmt":"2025-05-27T15:58:03","slug":"les-vaumuriens-pommard-2019","status":"publish","type":"product","link":"https:\/\/uvastrading.es\/en\/tienda\/francia\/borgona\/les-vaumuriens-pommard-2019\/","title":{"rendered":"Les Vaumuriens Pommard 2019"},"content":{"rendered":"<p>The vines are over 45 years old. They are located on the left slope of Pommard and are exposed to the North\/Northeast. The soil is brown limestone over white marl and hard limestone. The yield is approximately 35-40hl\/hectare. We harvest manually. The grapes are sorted, destemmed, and not crushed. We carry out a pre-fermentation maceration, releasing natural yeasts. The fermentation is gentle and prolonged in stainless steel tanks. We moderately press the cap and the maceration lasts from 18 to 25 days. We age our wines on lees in a cool cellar, in barrels (30% new 500-liter barrels). We transfer by gravity one month before bottling,<\/p>\n<p><span style=\"display: none;\">Domaine Chantal Lescure<\/span><\/p>","protected":false},"excerpt":{"rendered":"<p>Las vides tienen m\u00e1s de 45 a\u00f1os. Est\u00e1n ubicadas en la ladera izquierda de Pommard y est\u00e1n expuestas al Norte \/ Noreste. El suelo es de piedra caliza marr\u00f3n sobre marga blanca y piedra caliza dura. El rendimiento es de aproximadamente 35-40hl\/hect\u00e1rea. Cosechamos manualmente. Las uvas se seleccionan, se despalillan y no se trituran. Hacemos [&hellip;]<\/p>","protected":false},"featured_media":9396,"comment_status":"open","ping_status":"closed","template":"","meta":{"_acf_changed":false,"om_disable_all_campaigns":false,"inline_featured_image":false,"_monsterinsights_skip_tracking":false,"_monsterinsights_sitenote_active":false,"_monsterinsights_sitenote_note":"","_monsterinsights_sitenote_category":0,"_joinchat":[]},"product_brand":[],"product_cat":[592,24],"product_tag":[593],"class_list":{"0":"post-4383","1":"product","2":"type-product","3":"status-publish","4":"has-post-thumbnail","6":"product_cat-borgona","7":"product_cat-francia","8":"product_tag-domaine-chantal-lescure","10":"first","11":"instock","12":"taxable","13":"shipping-taxable","14":"purchasable","15":"product-type-simple"},"acf":[],"yoast_head":"<!-- This site is optimized with the Yoast SEO plugin v26.6 - https:\/\/yoast.com\/wordpress\/plugins\/seo\/ -->\n<title>Les Vaumuriens Pommard 2019 - UVAS Trading<\/title>\n<meta name=\"robots\" content=\"index, follow, max-snippet:-1, max-image-preview:large, max-video-preview:-1\" \/>\n<link rel=\"canonical\" href=\"https:\/\/uvastrading.es\/en\/tienda\/francia\/borgona\/les-vaumuriens-pommard-2019\/\" \/>\n<meta property=\"og:locale\" content=\"en_US\" \/>\n<meta property=\"og:type\" content=\"article\" \/>\n<meta property=\"og:title\" content=\"Les Vaumuriens Pommard 2019 - UVAS Trading\" \/>\n<meta property=\"og:description\" content=\"Las vides tienen m\u00e1s de 45 a\u00f1os. Est\u00e1n ubicadas en la ladera izquierda de Pommard y est\u00e1n expuestas al Norte \/ Noreste. El suelo es de piedra caliza marr\u00f3n sobre marga blanca y piedra caliza dura. El rendimiento es de aproximadamente 35-40hl\/hect\u00e1rea. Cosechamos manualmente. Las uvas se seleccionan, se despalillan y no se trituran. Hacemos [&hellip;]\" \/>\n<meta property=\"og:url\" content=\"https:\/\/uvastrading.es\/en\/tienda\/francia\/borgona\/les-vaumuriens-pommard-2019\/\" \/>\n<meta property=\"og:site_name\" content=\"UVAS Trading\" \/>\n<meta property=\"article:modified_time\" content=\"2025-05-27T15:58:03+00:00\" \/>\n<meta property=\"og:image\" content=\"https:\/\/uvastrading.es\/wp-content\/uploads\/2024\/07\/Les-Vaumuriens-corregida.png\" \/>\n\t<meta property=\"og:image:width\" content=\"520\" \/>\n\t<meta property=\"og:image:height\" content=\"1473\" \/>\n\t<meta property=\"og:image:type\" content=\"image\/png\" \/>\n<meta name=\"twitter:card\" content=\"summary_large_image\" \/>\n<meta name=\"twitter:label1\" content=\"Est. reading time\" \/>\n\t<meta name=\"twitter:data1\" content=\"1 minute\" \/>\n<script type=\"application\/ld+json\" class=\"yoast-schema-graph\">{\"@context\":\"https:\/\/schema.org\",\"@graph\":[{\"@type\":\"WebPage\",\"@id\":\"https:\/\/uvastrading.es\/tienda\/francia\/borgona\/les-vaumuriens-pommard-2019\/\",\"url\":\"https:\/\/uvastrading.es\/tienda\/francia\/borgona\/les-vaumuriens-pommard-2019\/\",\"name\":\"Les Vaumuriens Pommard 2019 - UVAS Trading\",\"isPartOf\":{\"@id\":\"https:\/\/uvastrading.es\/#website\"},\"primaryImageOfPage\":{\"@id\":\"https:\/\/uvastrading.es\/tienda\/francia\/borgona\/les-vaumuriens-pommard-2019\/#primaryimage\"},\"image\":{\"@id\":\"https:\/\/uvastrading.es\/tienda\/francia\/borgona\/les-vaumuriens-pommard-2019\/#primaryimage\"},\"thumbnailUrl\":\"https:\/\/uvastrading.es\/wp-content\/uploads\/2024\/07\/Les-Vaumuriens-corregida.png\",\"datePublished\":\"2023-12-05T22:12:05+00:00\",\"dateModified\":\"2025-05-27T15:58:03+00:00\",\"breadcrumb\":{\"@id\":\"https:\/\/uvastrading.es\/tienda\/francia\/borgona\/les-vaumuriens-pommard-2019\/#breadcrumb\"},\"inLanguage\":\"en-US\",\"potentialAction\":[{\"@type\":\"ReadAction\",\"target\":[\"https:\/\/uvastrading.es\/tienda\/francia\/borgona\/les-vaumuriens-pommard-2019\/\"]}]},{\"@type\":\"ImageObject\",\"inLanguage\":\"en-US\",\"@id\":\"https:\/\/uvastrading.es\/tienda\/francia\/borgona\/les-vaumuriens-pommard-2019\/#primaryimage\",\"url\":\"https:\/\/uvastrading.es\/wp-content\/uploads\/2024\/07\/Les-Vaumuriens-corregida.png\",\"contentUrl\":\"https:\/\/uvastrading.es\/wp-content\/uploads\/2024\/07\/Les-Vaumuriens-corregida.png\",\"width\":520,\"height\":1473,\"caption\":\"Les Vaumuriens corregida\"},{\"@type\":\"BreadcrumbList\",\"@id\":\"https:\/\/uvastrading.es\/tienda\/francia\/borgona\/les-vaumuriens-pommard-2019\/#breadcrumb\",\"itemListElement\":[{\"@type\":\"ListItem\",\"position\":1,\"name\":\"Home\",\"item\":\"https:\/\/uvastrading.es\/\"},{\"@type\":\"ListItem\",\"position\":2,\"name\":\"Tienda\",\"item\":\"https:\/\/uvastrading.es\/tienda\/\"},{\"@type\":\"ListItem\",\"position\":3,\"name\":\"Les Vaumuriens Pommard 2019\"}]},{\"@type\":\"WebSite\",\"@id\":\"https:\/\/uvastrading.es\/#website\",\"url\":\"https:\/\/uvastrading.es\/\",\"name\":\"UVAS Trading\",\"description\":\"Importador y distribuidor exclusivo de bodegas familiares y de renombre de 25 regiones vitivin\u00edcolas de todo el mundo.\",\"publisher\":{\"@id\":\"https:\/\/uvastrading.es\/#organization\"},\"alternateName\":\"Inicio - UVAS Trading\",\"potentialAction\":[{\"@type\":\"SearchAction\",\"target\":{\"@type\":\"EntryPoint\",\"urlTemplate\":\"https:\/\/uvastrading.es\/?s={search_term_string}\"},\"query-input\":{\"@type\":\"PropertyValueSpecification\",\"valueRequired\":true,\"valueName\":\"search_term_string\"}}],\"inLanguage\":\"en-US\"},{\"@type\":\"Organization\",\"@id\":\"https:\/\/uvastrading.es\/#organization\",\"name\":\"UVAS Trading\",\"alternateName\":\"UVAS Trading\",\"url\":\"https:\/\/uvastrading.es\/\",\"logo\":{\"@type\":\"ImageObject\",\"inLanguage\":\"en-US\",\"@id\":\"https:\/\/uvastrading.es\/#\/schema\/logo\/image\/\",\"url\":\"https:\/\/uvastrading.es\/wp-content\/uploads\/2024\/07\/cropped-IMAGOTIPO-COLOR-1.jpg\",\"contentUrl\":\"https:\/\/uvastrading.es\/wp-content\/uploads\/2024\/07\/cropped-IMAGOTIPO-COLOR-1.jpg\",\"width\":2195,\"height\":1901,\"caption\":\"UVAS Trading\"},\"image\":{\"@id\":\"https:\/\/uvastrading.es\/#\/schema\/logo\/image\/\"}}]}<\/script>\n<!-- \/ Yoast SEO plugin. -->","yoast_head_json":{"title":"Les Vaumuriens Pommard 2019 - UVAS Trading","robots":{"index":"index","follow":"follow","max-snippet":"max-snippet:-1","max-image-preview":"max-image-preview:large","max-video-preview":"max-video-preview:-1"},"canonical":"https:\/\/uvastrading.es\/en\/tienda\/francia\/borgona\/les-vaumuriens-pommard-2019\/","og_locale":"en_US","og_type":"article","og_title":"Les Vaumuriens Pommard 2019 - UVAS Trading","og_description":"Las vides tienen m\u00e1s de 45 a\u00f1os. Est\u00e1n ubicadas en la ladera izquierda de Pommard y est\u00e1n expuestas al Norte \/ Noreste. El suelo es de piedra caliza marr\u00f3n sobre marga blanca y piedra caliza dura. El rendimiento es de aproximadamente 35-40hl\/hect\u00e1rea. Cosechamos manualmente. Las uvas se seleccionan, se despalillan y no se trituran. Hacemos [&hellip;]","og_url":"https:\/\/uvastrading.es\/en\/tienda\/francia\/borgona\/les-vaumuriens-pommard-2019\/","og_site_name":"UVAS Trading","article_modified_time":"2025-05-27T15:58:03+00:00","og_image":[{"width":520,"height":1473,"url":"https:\/\/uvastrading.es\/wp-content\/uploads\/2024\/07\/Les-Vaumuriens-corregida.png","type":"image\/png"}],"twitter_card":"summary_large_image","twitter_misc":{"Est. reading time":"1 minute"},"schema":{"@context":"https:\/\/schema.org","@graph":[{"@type":"WebPage","@id":"https:\/\/uvastrading.es\/tienda\/francia\/borgona\/les-vaumuriens-pommard-2019\/","url":"https:\/\/uvastrading.es\/tienda\/francia\/borgona\/les-vaumuriens-pommard-2019\/","name":"Les Vaumuriens Pommard 2019 - UVAS Trading","isPartOf":{"@id":"https:\/\/uvastrading.es\/#website"},"primaryImageOfPage":{"@id":"https:\/\/uvastrading.es\/tienda\/francia\/borgona\/les-vaumuriens-pommard-2019\/#primaryimage"},"image":{"@id":"https:\/\/uvastrading.es\/tienda\/francia\/borgona\/les-vaumuriens-pommard-2019\/#primaryimage"},"thumbnailUrl":"https:\/\/uvastrading.es\/wp-content\/uploads\/2024\/07\/Les-Vaumuriens-corregida.png","datePublished":"2023-12-05T22:12:05+00:00","dateModified":"2025-05-27T15:58:03+00:00","breadcrumb":{"@id":"https:\/\/uvastrading.es\/tienda\/francia\/borgona\/les-vaumuriens-pommard-2019\/#breadcrumb"},"inLanguage":"en-US","potentialAction":[{"@type":"ReadAction","target":["https:\/\/uvastrading.es\/tienda\/francia\/borgona\/les-vaumuriens-pommard-2019\/"]}]},{"@type":"ImageObject","inLanguage":"en-US","@id":"https:\/\/uvastrading.es\/tienda\/francia\/borgona\/les-vaumuriens-pommard-2019\/#primaryimage","url":"https:\/\/uvastrading.es\/wp-content\/uploads\/2024\/07\/Les-Vaumuriens-corregida.png","contentUrl":"https:\/\/uvastrading.es\/wp-content\/uploads\/2024\/07\/Les-Vaumuriens-corregida.png","width":520,"height":1473,"caption":"Les Vaumuriens corregida"},{"@type":"BreadcrumbList","@id":"https:\/\/uvastrading.es\/tienda\/francia\/borgona\/les-vaumuriens-pommard-2019\/#breadcrumb","itemListElement":[{"@type":"ListItem","position":1,"name":"Home","item":"https:\/\/uvastrading.es\/"},{"@type":"ListItem","position":2,"name":"Tienda","item":"https:\/\/uvastrading.es\/tienda\/"},{"@type":"ListItem","position":3,"name":"Les Vaumuriens Pommard 2019"}]},{"@type":"WebSite","@id":"https:\/\/uvastrading.es\/#website","url":"https:\/\/uvastrading.es\/","name":"UVAS Trading","description":"Importador y distribuidor exclusivo de bodegas familiares y de renombre de 25 regiones vitivin\u00edcolas de todo el mundo.","publisher":{"@id":"https:\/\/uvastrading.es\/#organization"},"alternateName":"Inicio - UVAS Trading","potentialAction":[{"@type":"SearchAction","target":{"@type":"EntryPoint","urlTemplate":"https:\/\/uvastrading.es\/?s={search_term_string}"},"query-input":{"@type":"PropertyValueSpecification","valueRequired":true,"valueName":"search_term_string"}}],"inLanguage":"en-US"},{"@type":"Organization","@id":"https:\/\/uvastrading.es\/#organization","name":"UVAS Trading","alternateName":"UVAS Trading","url":"https:\/\/uvastrading.es\/","logo":{"@type":"ImageObject","inLanguage":"en-US","@id":"https:\/\/uvastrading.es\/#\/schema\/logo\/image\/","url":"https:\/\/uvastrading.es\/wp-content\/uploads\/2024\/07\/cropped-IMAGOTIPO-COLOR-1.jpg","contentUrl":"https:\/\/uvastrading.es\/wp-content\/uploads\/2024\/07\/cropped-IMAGOTIPO-COLOR-1.jpg","width":2195,"height":1901,"caption":"UVAS Trading"},"image":{"@id":"https:\/\/uvastrading.es\/#\/schema\/logo\/image\/"}}]}},"_links":{"self":[{"href":"https:\/\/uvastrading.es\/en\/wp-json\/wp\/v2\/product\/4383","targetHints":{"allow":["GET"]}}],"collection":[{"href":"https:\/\/uvastrading.es\/en\/wp-json\/wp\/v2\/product"}],"about":[{"href":"https:\/\/uvastrading.es\/en\/wp-json\/wp\/v2\/types\/product"}],"replies":[{"embeddable":true,"href":"https:\/\/uvastrading.es\/en\/wp-json\/wp\/v2\/comments?post=4383"}],"version-history":[{"count":5,"href":"https:\/\/uvastrading.es\/en\/wp-json\/wp\/v2\/product\/4383\/revisions"}],"predecessor-version":[{"id":12982,"href":"https:\/\/uvastrading.es\/en\/wp-json\/wp\/v2\/product\/4383\/revisions\/12982"}],"wp:featuredmedia":[{"embeddable":true,"href":"https:\/\/uvastrading.es\/en\/wp-json\/wp\/v2\/media\/9396"}],"wp:attachment":[{"href":"https:\/\/uvastrading.es\/en\/wp-json\/wp\/v2\/media?parent=4383"}],"wp:term":[{"taxonomy":"product_brand","embeddable":true,"href":"https:\/\/uvastrading.es\/en\/wp-json\/wp\/v2\/product_brand?post=4383"},{"taxonomy":"product_cat","embeddable":true,"href":"https:\/\/uvastrading.es\/en\/wp-json\/wp\/v2\/product_cat?post=4383"},{"taxonomy":"product_tag","embeddable":true,"href":"https:\/\/uvastrading.es\/en\/wp-json\/wp\/v2\/product_tag?post=4383"}],"curies":[{"name":"wp","href":"https:\/\/api.w.org\/{rel}","templated":true}]}}