
{"id":4380,"date":"2023-12-05T22:12:04","date_gmt":"2023-12-05T22:12:04","guid":{"rendered":"https:\/\/uvastrading.es\/producto\/domaine-chantal-lescure-cote-de-beaune-blanc-la-grande-chatelaine-2021\/"},"modified":"2024-12-21T18:53:49","modified_gmt":"2024-12-21T18:53:49","slug":"la-grande-chatelaine-cote-de-beaune-blanc-2021","status":"publish","type":"product","link":"https:\/\/uvastrading.es\/en\/tienda\/francia\/borgona\/la-grande-chatelaine-cote-de-beaune-blanc-2021\/","title":{"rendered":"The Great Lady C\u00f4te de Beaune White 2021"},"content":{"rendered":"<p>Chantal Lescure was founded in 1975 by Chantal and her husband Xavier, acquiring 18 hectares of land spread between Chambolle-Musigny in the C\u00f4te de Nuits and Volnay in the C\u00f4te de Beaune. Currently, their two children are in charge of managing the estate and cultivate plots that extend from Dijon in the north to Meursault in the south. At the Domaine, organic farming is taken very seriously, practicing completely organic farming since the year 2000; they are even certified by Ecocert.<\/p>\n<p>\"La Grande Chatelaine\" is the name of this cooler parcel, somewhat distant from the other prized parcels of Beaune. The vines here are around 40 years old. The vinification follows a more extended style, with up to 8 months of fermentation, followed by another 12 to 15 months of aging in neutral barrels.<\/p>\n<p><span style=\"display: none;\">Domaine Chantal Lescure<\/span><\/p>","protected":false},"excerpt":{"rendered":"<p>Chantal Lescure fue fundado en 1975 por Chantal y su esposo Xavier, adquiriendo 18 hect\u00e1reas de tierra distribuidas entre Chambolle-Musigny en la C\u00f4te de Nuits y Volnay en la C\u00f4te de Beaune. Actualmente, sus dos hijos est\u00e1n a cargo de la administraci\u00f3n de la propiedad y cultivan parcelas que se extienden desde Dijon en el [&hellip;]<\/p>","protected":false},"featured_media":9406,"comment_status":"open","ping_status":"closed","template":"","meta":{"_acf_changed":false,"om_disable_all_campaigns":false,"inline_featured_image":false,"_monsterinsights_skip_tracking":false,"_monsterinsights_sitenote_active":false,"_monsterinsights_sitenote_note":"","_monsterinsights_sitenote_category":0,"_joinchat":[]},"product_brand":[],"product_cat":[592,24],"product_tag":[593],"class_list":{"0":"post-4380","1":"product","2":"type-product","3":"status-publish","4":"has-post-thumbnail","6":"product_cat-borgona","7":"product_cat-francia","8":"product_tag-domaine-chantal-lescure","10":"first","11":"instock","12":"taxable","13":"shipping-taxable","14":"purchasable","15":"product-type-simple"},"acf":[],"yoast_head":"<!-- This site is optimized with the Yoast SEO plugin v26.6 - https:\/\/yoast.com\/wordpress\/plugins\/seo\/ -->\n<title>La Grande Ch\u00e2telaine C\u00f4te de Beaune Blanc 2021 - UVAS Trading<\/title>\n<meta name=\"robots\" content=\"index, follow, max-snippet:-1, max-image-preview:large, max-video-preview:-1\" \/>\n<link rel=\"canonical\" href=\"https:\/\/uvastrading.es\/en\/tienda\/francia\/borgona\/la-grande-chatelaine-cote-de-beaune-blanc-2021\/\" \/>\n<meta property=\"og:locale\" content=\"en_US\" \/>\n<meta property=\"og:type\" content=\"article\" \/>\n<meta property=\"og:title\" content=\"La Grande Ch\u00e2telaine C\u00f4te de Beaune Blanc 2021 - UVAS Trading\" \/>\n<meta property=\"og:description\" content=\"Chantal Lescure fue fundado en 1975 por Chantal y su esposo Xavier, adquiriendo 18 hect\u00e1reas de tierra distribuidas entre Chambolle-Musigny en la C\u00f4te de Nuits y Volnay en la C\u00f4te de Beaune. Actualmente, sus dos hijos est\u00e1n a cargo de la administraci\u00f3n de la propiedad y cultivan parcelas que se extienden desde Dijon en el [&hellip;]\" \/>\n<meta property=\"og:url\" content=\"https:\/\/uvastrading.es\/en\/tienda\/francia\/borgona\/la-grande-chatelaine-cote-de-beaune-blanc-2021\/\" \/>\n<meta property=\"og:site_name\" content=\"UVAS Trading\" \/>\n<meta property=\"article:modified_time\" content=\"2024-12-21T18:53:49+00:00\" \/>\n<meta property=\"og:image\" content=\"https:\/\/uvastrading.es\/wp-content\/uploads\/2024\/07\/La-Grande-Chatelaine-corregida.png\" \/>\n\t<meta property=\"og:image:width\" content=\"520\" \/>\n\t<meta property=\"og:image:height\" content=\"1473\" \/>\n\t<meta property=\"og:image:type\" content=\"image\/png\" \/>\n<meta name=\"twitter:card\" content=\"summary_large_image\" \/>\n<meta name=\"twitter:label1\" content=\"Est. reading time\" \/>\n\t<meta name=\"twitter:data1\" content=\"1 minute\" \/>\n<script type=\"application\/ld+json\" class=\"yoast-schema-graph\">{\"@context\":\"https:\/\/schema.org\",\"@graph\":[{\"@type\":\"WebPage\",\"@id\":\"https:\/\/uvastrading.es\/tienda\/francia\/borgona\/la-grande-chatelaine-cote-de-beaune-blanc-2021\/\",\"url\":\"https:\/\/uvastrading.es\/tienda\/francia\/borgona\/la-grande-chatelaine-cote-de-beaune-blanc-2021\/\",\"name\":\"La Grande Ch\u00e2telaine C\u00f4te de Beaune Blanc 2021 - UVAS Trading\",\"isPartOf\":{\"@id\":\"https:\/\/uvastrading.es\/#website\"},\"primaryImageOfPage\":{\"@id\":\"https:\/\/uvastrading.es\/tienda\/francia\/borgona\/la-grande-chatelaine-cote-de-beaune-blanc-2021\/#primaryimage\"},\"image\":{\"@id\":\"https:\/\/uvastrading.es\/tienda\/francia\/borgona\/la-grande-chatelaine-cote-de-beaune-blanc-2021\/#primaryimage\"},\"thumbnailUrl\":\"https:\/\/uvastrading.es\/wp-content\/uploads\/2024\/07\/La-Grande-Chatelaine-corregida.png\",\"datePublished\":\"2023-12-05T22:12:04+00:00\",\"dateModified\":\"2024-12-21T18:53:49+00:00\",\"breadcrumb\":{\"@id\":\"https:\/\/uvastrading.es\/tienda\/francia\/borgona\/la-grande-chatelaine-cote-de-beaune-blanc-2021\/#breadcrumb\"},\"inLanguage\":\"en-US\",\"potentialAction\":[{\"@type\":\"ReadAction\",\"target\":[\"https:\/\/uvastrading.es\/tienda\/francia\/borgona\/la-grande-chatelaine-cote-de-beaune-blanc-2021\/\"]}]},{\"@type\":\"ImageObject\",\"inLanguage\":\"en-US\",\"@id\":\"https:\/\/uvastrading.es\/tienda\/francia\/borgona\/la-grande-chatelaine-cote-de-beaune-blanc-2021\/#primaryimage\",\"url\":\"https:\/\/uvastrading.es\/wp-content\/uploads\/2024\/07\/La-Grande-Chatelaine-corregida.png\",\"contentUrl\":\"https:\/\/uvastrading.es\/wp-content\/uploads\/2024\/07\/La-Grande-Chatelaine-corregida.png\",\"width\":520,\"height\":1473,\"caption\":\"La Grande Chatelaine corregida\"},{\"@type\":\"BreadcrumbList\",\"@id\":\"https:\/\/uvastrading.es\/tienda\/francia\/borgona\/la-grande-chatelaine-cote-de-beaune-blanc-2021\/#breadcrumb\",\"itemListElement\":[{\"@type\":\"ListItem\",\"position\":1,\"name\":\"Home\",\"item\":\"https:\/\/uvastrading.es\/\"},{\"@type\":\"ListItem\",\"position\":2,\"name\":\"Tienda\",\"item\":\"https:\/\/uvastrading.es\/tienda\/\"},{\"@type\":\"ListItem\",\"position\":3,\"name\":\"La Grande Ch\u00e2telaine C\u00f4te de Beaune Blanc 2021\"}]},{\"@type\":\"WebSite\",\"@id\":\"https:\/\/uvastrading.es\/#website\",\"url\":\"https:\/\/uvastrading.es\/\",\"name\":\"UVAS Trading\",\"description\":\"Importador y distribuidor exclusivo de bodegas familiares y de renombre de 25 regiones vitivin\u00edcolas de todo el mundo.\",\"publisher\":{\"@id\":\"https:\/\/uvastrading.es\/#organization\"},\"alternateName\":\"Inicio - UVAS Trading\",\"potentialAction\":[{\"@type\":\"SearchAction\",\"target\":{\"@type\":\"EntryPoint\",\"urlTemplate\":\"https:\/\/uvastrading.es\/?s={search_term_string}\"},\"query-input\":{\"@type\":\"PropertyValueSpecification\",\"valueRequired\":true,\"valueName\":\"search_term_string\"}}],\"inLanguage\":\"en-US\"},{\"@type\":\"Organization\",\"@id\":\"https:\/\/uvastrading.es\/#organization\",\"name\":\"UVAS Trading\",\"alternateName\":\"UVAS Trading\",\"url\":\"https:\/\/uvastrading.es\/\",\"logo\":{\"@type\":\"ImageObject\",\"inLanguage\":\"en-US\",\"@id\":\"https:\/\/uvastrading.es\/#\/schema\/logo\/image\/\",\"url\":\"https:\/\/uvastrading.es\/wp-content\/uploads\/2024\/07\/cropped-IMAGOTIPO-COLOR-1.jpg\",\"contentUrl\":\"https:\/\/uvastrading.es\/wp-content\/uploads\/2024\/07\/cropped-IMAGOTIPO-COLOR-1.jpg\",\"width\":2195,\"height\":1901,\"caption\":\"UVAS Trading\"},\"image\":{\"@id\":\"https:\/\/uvastrading.es\/#\/schema\/logo\/image\/\"}}]}<\/script>\n<!-- \/ Yoast SEO plugin. -->","yoast_head_json":{"title":"La Grande Ch\u00e2telaine C\u00f4te de Beaune Blanc 2021 - UVAS Trading","robots":{"index":"index","follow":"follow","max-snippet":"max-snippet:-1","max-image-preview":"max-image-preview:large","max-video-preview":"max-video-preview:-1"},"canonical":"https:\/\/uvastrading.es\/en\/tienda\/francia\/borgona\/la-grande-chatelaine-cote-de-beaune-blanc-2021\/","og_locale":"en_US","og_type":"article","og_title":"La Grande Ch\u00e2telaine C\u00f4te de Beaune Blanc 2021 - UVAS Trading","og_description":"Chantal Lescure fue fundado en 1975 por Chantal y su esposo Xavier, adquiriendo 18 hect\u00e1reas de tierra distribuidas entre Chambolle-Musigny en la C\u00f4te de Nuits y Volnay en la C\u00f4te de Beaune. Actualmente, sus dos hijos est\u00e1n a cargo de la administraci\u00f3n de la propiedad y cultivan parcelas que se extienden desde Dijon en el [&hellip;]","og_url":"https:\/\/uvastrading.es\/en\/tienda\/francia\/borgona\/la-grande-chatelaine-cote-de-beaune-blanc-2021\/","og_site_name":"UVAS Trading","article_modified_time":"2024-12-21T18:53:49+00:00","og_image":[{"width":520,"height":1473,"url":"https:\/\/uvastrading.es\/wp-content\/uploads\/2024\/07\/La-Grande-Chatelaine-corregida.png","type":"image\/png"}],"twitter_card":"summary_large_image","twitter_misc":{"Est. reading time":"1 minute"},"schema":{"@context":"https:\/\/schema.org","@graph":[{"@type":"WebPage","@id":"https:\/\/uvastrading.es\/tienda\/francia\/borgona\/la-grande-chatelaine-cote-de-beaune-blanc-2021\/","url":"https:\/\/uvastrading.es\/tienda\/francia\/borgona\/la-grande-chatelaine-cote-de-beaune-blanc-2021\/","name":"La Grande Ch\u00e2telaine C\u00f4te de Beaune Blanc 2021 - UVAS Trading","isPartOf":{"@id":"https:\/\/uvastrading.es\/#website"},"primaryImageOfPage":{"@id":"https:\/\/uvastrading.es\/tienda\/francia\/borgona\/la-grande-chatelaine-cote-de-beaune-blanc-2021\/#primaryimage"},"image":{"@id":"https:\/\/uvastrading.es\/tienda\/francia\/borgona\/la-grande-chatelaine-cote-de-beaune-blanc-2021\/#primaryimage"},"thumbnailUrl":"https:\/\/uvastrading.es\/wp-content\/uploads\/2024\/07\/La-Grande-Chatelaine-corregida.png","datePublished":"2023-12-05T22:12:04+00:00","dateModified":"2024-12-21T18:53:49+00:00","breadcrumb":{"@id":"https:\/\/uvastrading.es\/tienda\/francia\/borgona\/la-grande-chatelaine-cote-de-beaune-blanc-2021\/#breadcrumb"},"inLanguage":"en-US","potentialAction":[{"@type":"ReadAction","target":["https:\/\/uvastrading.es\/tienda\/francia\/borgona\/la-grande-chatelaine-cote-de-beaune-blanc-2021\/"]}]},{"@type":"ImageObject","inLanguage":"en-US","@id":"https:\/\/uvastrading.es\/tienda\/francia\/borgona\/la-grande-chatelaine-cote-de-beaune-blanc-2021\/#primaryimage","url":"https:\/\/uvastrading.es\/wp-content\/uploads\/2024\/07\/La-Grande-Chatelaine-corregida.png","contentUrl":"https:\/\/uvastrading.es\/wp-content\/uploads\/2024\/07\/La-Grande-Chatelaine-corregida.png","width":520,"height":1473,"caption":"La Grande Chatelaine corregida"},{"@type":"BreadcrumbList","@id":"https:\/\/uvastrading.es\/tienda\/francia\/borgona\/la-grande-chatelaine-cote-de-beaune-blanc-2021\/#breadcrumb","itemListElement":[{"@type":"ListItem","position":1,"name":"Home","item":"https:\/\/uvastrading.es\/"},{"@type":"ListItem","position":2,"name":"Tienda","item":"https:\/\/uvastrading.es\/tienda\/"},{"@type":"ListItem","position":3,"name":"La Grande Ch\u00e2telaine C\u00f4te de Beaune Blanc 2021"}]},{"@type":"WebSite","@id":"https:\/\/uvastrading.es\/#website","url":"https:\/\/uvastrading.es\/","name":"UVAS Trading","description":"Importador y distribuidor exclusivo de bodegas familiares y de renombre de 25 regiones vitivin\u00edcolas de todo el mundo.","publisher":{"@id":"https:\/\/uvastrading.es\/#organization"},"alternateName":"Inicio - UVAS Trading","potentialAction":[{"@type":"SearchAction","target":{"@type":"EntryPoint","urlTemplate":"https:\/\/uvastrading.es\/?s={search_term_string}"},"query-input":{"@type":"PropertyValueSpecification","valueRequired":true,"valueName":"search_term_string"}}],"inLanguage":"en-US"},{"@type":"Organization","@id":"https:\/\/uvastrading.es\/#organization","name":"UVAS Trading","alternateName":"UVAS Trading","url":"https:\/\/uvastrading.es\/","logo":{"@type":"ImageObject","inLanguage":"en-US","@id":"https:\/\/uvastrading.es\/#\/schema\/logo\/image\/","url":"https:\/\/uvastrading.es\/wp-content\/uploads\/2024\/07\/cropped-IMAGOTIPO-COLOR-1.jpg","contentUrl":"https:\/\/uvastrading.es\/wp-content\/uploads\/2024\/07\/cropped-IMAGOTIPO-COLOR-1.jpg","width":2195,"height":1901,"caption":"UVAS Trading"},"image":{"@id":"https:\/\/uvastrading.es\/#\/schema\/logo\/image\/"}}]}},"_links":{"self":[{"href":"https:\/\/uvastrading.es\/en\/wp-json\/wp\/v2\/product\/4380","targetHints":{"allow":["GET"]}}],"collection":[{"href":"https:\/\/uvastrading.es\/en\/wp-json\/wp\/v2\/product"}],"about":[{"href":"https:\/\/uvastrading.es\/en\/wp-json\/wp\/v2\/types\/product"}],"replies":[{"embeddable":true,"href":"https:\/\/uvastrading.es\/en\/wp-json\/wp\/v2\/comments?post=4380"}],"version-history":[{"count":3,"href":"https:\/\/uvastrading.es\/en\/wp-json\/wp\/v2\/product\/4380\/revisions"}],"predecessor-version":[{"id":12989,"href":"https:\/\/uvastrading.es\/en\/wp-json\/wp\/v2\/product\/4380\/revisions\/12989"}],"wp:featuredmedia":[{"embeddable":true,"href":"https:\/\/uvastrading.es\/en\/wp-json\/wp\/v2\/media\/9406"}],"wp:attachment":[{"href":"https:\/\/uvastrading.es\/en\/wp-json\/wp\/v2\/media?parent=4380"}],"wp:term":[{"taxonomy":"product_brand","embeddable":true,"href":"https:\/\/uvastrading.es\/en\/wp-json\/wp\/v2\/product_brand?post=4380"},{"taxonomy":"product_cat","embeddable":true,"href":"https:\/\/uvastrading.es\/en\/wp-json\/wp\/v2\/product_cat?post=4380"},{"taxonomy":"product_tag","embeddable":true,"href":"https:\/\/uvastrading.es\/en\/wp-json\/wp\/v2\/product_tag?post=4380"}],"curies":[{"name":"wp","href":"https:\/\/api.w.org\/{rel}","templated":true}]}}