
{"id":4379,"date":"2023-12-05T22:12:03","date_gmt":"2023-12-05T22:12:03","guid":{"rendered":"https:\/\/uvastrading.es\/producto\/domaine-chantal-lescure-cote-de-beaune-blanc-le-clos-des-topes-bizot-2021\/"},"modified":"2024-12-21T18:53:49","modified_gmt":"2024-12-21T18:53:49","slug":"le-clos-des-topes-bizot-cote-de-beaune-blanc-2021","status":"publish","type":"product","link":"https:\/\/uvastrading.es\/en\/tienda\/francia\/borgona\/le-clos-des-topes-bizot-cote-de-beaune-blanc-2021\/","title":{"rendered":"The Clos des Topes Bizot C\u00f4te de Beaune White 2021"},"content":{"rendered":"<p>Planted sixty years ago in a particularly rocky clay-limestone terroir, today the vineyard remains solid on the mountain of Beaune. Special attention is given to the vines: soil life is preserved, yields are naturally low, and the entire estate is managed under organic farming practices, with certification since 2009.<\/p>\n<p>The harvest is done manually and a meticulous selection process is followed both in the vineyard and in the winery. The grapes are placed in the tanks by gravity, without being pressed. Then, gentle fermentations begin in stainless steel tanks using indigenous yeasts. The wine is aged for twelve months before being bottled without clarification or prior filtration.<\/p>\n<p>The Clos des Topes Bizot from C\u00f4tes de Beaune presents an intense color and a bouquet of great elegance. On the palate, its notes of violet and forest fruits stand out. It is recommended to enjoy this wine at least five years after its vintage.<\/p>\n<p>Domaine Chantal Lescure<\/p>","protected":false},"excerpt":{"rendered":"<p>Plantada hace sesenta a\u00f1os en un terroir de arcilla calc\u00e1rea especialmente pedregoso, hoy en d\u00eda, la vi\u00f1a se mantiene s\u00f3lida en la monta\u00f1a de Beaune. Se presta una atenci\u00f3n especial en las vi\u00f1as: se preserva la vida del suelo, los rendimientos son naturalmente bajos y todo el dominio se cultiva bajo pr\u00e1cticas de agricultura org\u00e1nica, [&hellip;]<\/p>","protected":false},"featured_media":9388,"comment_status":"open","ping_status":"closed","template":"","meta":{"_acf_changed":false,"om_disable_all_campaigns":false,"inline_featured_image":false,"_monsterinsights_skip_tracking":false,"_monsterinsights_sitenote_active":false,"_monsterinsights_sitenote_note":"","_monsterinsights_sitenote_category":0,"_joinchat":[]},"product_brand":[],"product_cat":[592,24],"product_tag":[593],"class_list":{"0":"post-4379","1":"product","2":"type-product","3":"status-publish","4":"has-post-thumbnail","6":"product_cat-borgona","7":"product_cat-francia","8":"product_tag-domaine-chantal-lescure","10":"first","11":"instock","12":"taxable","13":"shipping-taxable","14":"purchasable","15":"product-type-simple"},"acf":[],"yoast_head":"<!-- This site is optimized with the Yoast SEO plugin v26.6 - https:\/\/yoast.com\/wordpress\/plugins\/seo\/ -->\n<title>Le Clos des Topes Bizot C\u00f4te de Beaune Blanc 2021 - UVAS Trading<\/title>\n<meta name=\"robots\" content=\"index, follow, max-snippet:-1, max-image-preview:large, max-video-preview:-1\" \/>\n<link rel=\"canonical\" href=\"https:\/\/uvastrading.es\/en\/tienda\/francia\/borgona\/le-clos-des-topes-bizot-cote-de-beaune-blanc-2021\/\" \/>\n<meta property=\"og:locale\" content=\"en_US\" \/>\n<meta property=\"og:type\" content=\"article\" \/>\n<meta property=\"og:title\" content=\"Le Clos des Topes Bizot C\u00f4te de Beaune Blanc 2021 - UVAS Trading\" \/>\n<meta property=\"og:description\" content=\"Plantada hace sesenta a\u00f1os en un terroir de arcilla calc\u00e1rea especialmente pedregoso, hoy en d\u00eda, la vi\u00f1a se mantiene s\u00f3lida en la monta\u00f1a de Beaune. Se presta una atenci\u00f3n especial en las vi\u00f1as: se preserva la vida del suelo, los rendimientos son naturalmente bajos y todo el dominio se cultiva bajo pr\u00e1cticas de agricultura org\u00e1nica, [&hellip;]\" \/>\n<meta property=\"og:url\" content=\"https:\/\/uvastrading.es\/en\/tienda\/francia\/borgona\/le-clos-des-topes-bizot-cote-de-beaune-blanc-2021\/\" \/>\n<meta property=\"og:site_name\" content=\"UVAS Trading\" \/>\n<meta property=\"article:modified_time\" content=\"2024-12-21T18:53:49+00:00\" \/>\n<meta property=\"og:image\" content=\"https:\/\/uvastrading.es\/wp-content\/uploads\/2024\/07\/Le-Clos-des-Topez-Bizot-corregida.png\" \/>\n\t<meta property=\"og:image:width\" content=\"520\" \/>\n\t<meta property=\"og:image:height\" content=\"1473\" \/>\n\t<meta property=\"og:image:type\" content=\"image\/png\" \/>\n<meta name=\"twitter:card\" content=\"summary_large_image\" \/>\n<meta name=\"twitter:label1\" content=\"Est. reading time\" \/>\n\t<meta name=\"twitter:data1\" content=\"1 minute\" \/>\n<script type=\"application\/ld+json\" class=\"yoast-schema-graph\">{\"@context\":\"https:\/\/schema.org\",\"@graph\":[{\"@type\":\"WebPage\",\"@id\":\"https:\/\/uvastrading.es\/tienda\/francia\/borgona\/le-clos-des-topes-bizot-cote-de-beaune-blanc-2021\/\",\"url\":\"https:\/\/uvastrading.es\/tienda\/francia\/borgona\/le-clos-des-topes-bizot-cote-de-beaune-blanc-2021\/\",\"name\":\"Le Clos des Topes Bizot C\u00f4te de Beaune Blanc 2021 - UVAS Trading\",\"isPartOf\":{\"@id\":\"https:\/\/uvastrading.es\/#website\"},\"primaryImageOfPage\":{\"@id\":\"https:\/\/uvastrading.es\/tienda\/francia\/borgona\/le-clos-des-topes-bizot-cote-de-beaune-blanc-2021\/#primaryimage\"},\"image\":{\"@id\":\"https:\/\/uvastrading.es\/tienda\/francia\/borgona\/le-clos-des-topes-bizot-cote-de-beaune-blanc-2021\/#primaryimage\"},\"thumbnailUrl\":\"https:\/\/uvastrading.es\/wp-content\/uploads\/2024\/07\/Le-Clos-des-Topez-Bizot-corregida.png\",\"datePublished\":\"2023-12-05T22:12:03+00:00\",\"dateModified\":\"2024-12-21T18:53:49+00:00\",\"breadcrumb\":{\"@id\":\"https:\/\/uvastrading.es\/tienda\/francia\/borgona\/le-clos-des-topes-bizot-cote-de-beaune-blanc-2021\/#breadcrumb\"},\"inLanguage\":\"en-US\",\"potentialAction\":[{\"@type\":\"ReadAction\",\"target\":[\"https:\/\/uvastrading.es\/tienda\/francia\/borgona\/le-clos-des-topes-bizot-cote-de-beaune-blanc-2021\/\"]}]},{\"@type\":\"ImageObject\",\"inLanguage\":\"en-US\",\"@id\":\"https:\/\/uvastrading.es\/tienda\/francia\/borgona\/le-clos-des-topes-bizot-cote-de-beaune-blanc-2021\/#primaryimage\",\"url\":\"https:\/\/uvastrading.es\/wp-content\/uploads\/2024\/07\/Le-Clos-des-Topez-Bizot-corregida.png\",\"contentUrl\":\"https:\/\/uvastrading.es\/wp-content\/uploads\/2024\/07\/Le-Clos-des-Topez-Bizot-corregida.png\",\"width\":520,\"height\":1473,\"caption\":\"Le Clos des Topez Bizot corregida\"},{\"@type\":\"BreadcrumbList\",\"@id\":\"https:\/\/uvastrading.es\/tienda\/francia\/borgona\/le-clos-des-topes-bizot-cote-de-beaune-blanc-2021\/#breadcrumb\",\"itemListElement\":[{\"@type\":\"ListItem\",\"position\":1,\"name\":\"Home\",\"item\":\"https:\/\/uvastrading.es\/\"},{\"@type\":\"ListItem\",\"position\":2,\"name\":\"Tienda\",\"item\":\"https:\/\/uvastrading.es\/tienda\/\"},{\"@type\":\"ListItem\",\"position\":3,\"name\":\"Le Clos des Topes Bizot C\u00f4te de Beaune Blanc 2021\"}]},{\"@type\":\"WebSite\",\"@id\":\"https:\/\/uvastrading.es\/#website\",\"url\":\"https:\/\/uvastrading.es\/\",\"name\":\"UVAS Trading\",\"description\":\"Importador y distribuidor exclusivo de bodegas familiares y de renombre de 25 regiones vitivin\u00edcolas de todo el mundo.\",\"publisher\":{\"@id\":\"https:\/\/uvastrading.es\/#organization\"},\"alternateName\":\"Inicio - UVAS Trading\",\"potentialAction\":[{\"@type\":\"SearchAction\",\"target\":{\"@type\":\"EntryPoint\",\"urlTemplate\":\"https:\/\/uvastrading.es\/?s={search_term_string}\"},\"query-input\":{\"@type\":\"PropertyValueSpecification\",\"valueRequired\":true,\"valueName\":\"search_term_string\"}}],\"inLanguage\":\"en-US\"},{\"@type\":\"Organization\",\"@id\":\"https:\/\/uvastrading.es\/#organization\",\"name\":\"UVAS Trading\",\"alternateName\":\"UVAS Trading\",\"url\":\"https:\/\/uvastrading.es\/\",\"logo\":{\"@type\":\"ImageObject\",\"inLanguage\":\"en-US\",\"@id\":\"https:\/\/uvastrading.es\/#\/schema\/logo\/image\/\",\"url\":\"https:\/\/uvastrading.es\/wp-content\/uploads\/2024\/07\/cropped-IMAGOTIPO-COLOR-1.jpg\",\"contentUrl\":\"https:\/\/uvastrading.es\/wp-content\/uploads\/2024\/07\/cropped-IMAGOTIPO-COLOR-1.jpg\",\"width\":2195,\"height\":1901,\"caption\":\"UVAS Trading\"},\"image\":{\"@id\":\"https:\/\/uvastrading.es\/#\/schema\/logo\/image\/\"}}]}<\/script>\n<!-- \/ Yoast SEO plugin. -->","yoast_head_json":{"title":"Le Clos des Topes Bizot C\u00f4te de Beaune Blanc 2021 - UVAS Trading","robots":{"index":"index","follow":"follow","max-snippet":"max-snippet:-1","max-image-preview":"max-image-preview:large","max-video-preview":"max-video-preview:-1"},"canonical":"https:\/\/uvastrading.es\/en\/tienda\/francia\/borgona\/le-clos-des-topes-bizot-cote-de-beaune-blanc-2021\/","og_locale":"en_US","og_type":"article","og_title":"Le Clos des Topes Bizot C\u00f4te de Beaune Blanc 2021 - UVAS Trading","og_description":"Plantada hace sesenta a\u00f1os en un terroir de arcilla calc\u00e1rea especialmente pedregoso, hoy en d\u00eda, la vi\u00f1a se mantiene s\u00f3lida en la monta\u00f1a de Beaune. Se presta una atenci\u00f3n especial en las vi\u00f1as: se preserva la vida del suelo, los rendimientos son naturalmente bajos y todo el dominio se cultiva bajo pr\u00e1cticas de agricultura org\u00e1nica, [&hellip;]","og_url":"https:\/\/uvastrading.es\/en\/tienda\/francia\/borgona\/le-clos-des-topes-bizot-cote-de-beaune-blanc-2021\/","og_site_name":"UVAS Trading","article_modified_time":"2024-12-21T18:53:49+00:00","og_image":[{"width":520,"height":1473,"url":"https:\/\/uvastrading.es\/wp-content\/uploads\/2024\/07\/Le-Clos-des-Topez-Bizot-corregida.png","type":"image\/png"}],"twitter_card":"summary_large_image","twitter_misc":{"Est. reading time":"1 minute"},"schema":{"@context":"https:\/\/schema.org","@graph":[{"@type":"WebPage","@id":"https:\/\/uvastrading.es\/tienda\/francia\/borgona\/le-clos-des-topes-bizot-cote-de-beaune-blanc-2021\/","url":"https:\/\/uvastrading.es\/tienda\/francia\/borgona\/le-clos-des-topes-bizot-cote-de-beaune-blanc-2021\/","name":"Le Clos des Topes Bizot C\u00f4te de Beaune Blanc 2021 - UVAS Trading","isPartOf":{"@id":"https:\/\/uvastrading.es\/#website"},"primaryImageOfPage":{"@id":"https:\/\/uvastrading.es\/tienda\/francia\/borgona\/le-clos-des-topes-bizot-cote-de-beaune-blanc-2021\/#primaryimage"},"image":{"@id":"https:\/\/uvastrading.es\/tienda\/francia\/borgona\/le-clos-des-topes-bizot-cote-de-beaune-blanc-2021\/#primaryimage"},"thumbnailUrl":"https:\/\/uvastrading.es\/wp-content\/uploads\/2024\/07\/Le-Clos-des-Topez-Bizot-corregida.png","datePublished":"2023-12-05T22:12:03+00:00","dateModified":"2024-12-21T18:53:49+00:00","breadcrumb":{"@id":"https:\/\/uvastrading.es\/tienda\/francia\/borgona\/le-clos-des-topes-bizot-cote-de-beaune-blanc-2021\/#breadcrumb"},"inLanguage":"en-US","potentialAction":[{"@type":"ReadAction","target":["https:\/\/uvastrading.es\/tienda\/francia\/borgona\/le-clos-des-topes-bizot-cote-de-beaune-blanc-2021\/"]}]},{"@type":"ImageObject","inLanguage":"en-US","@id":"https:\/\/uvastrading.es\/tienda\/francia\/borgona\/le-clos-des-topes-bizot-cote-de-beaune-blanc-2021\/#primaryimage","url":"https:\/\/uvastrading.es\/wp-content\/uploads\/2024\/07\/Le-Clos-des-Topez-Bizot-corregida.png","contentUrl":"https:\/\/uvastrading.es\/wp-content\/uploads\/2024\/07\/Le-Clos-des-Topez-Bizot-corregida.png","width":520,"height":1473,"caption":"Le Clos des Topez Bizot corregida"},{"@type":"BreadcrumbList","@id":"https:\/\/uvastrading.es\/tienda\/francia\/borgona\/le-clos-des-topes-bizot-cote-de-beaune-blanc-2021\/#breadcrumb","itemListElement":[{"@type":"ListItem","position":1,"name":"Home","item":"https:\/\/uvastrading.es\/"},{"@type":"ListItem","position":2,"name":"Tienda","item":"https:\/\/uvastrading.es\/tienda\/"},{"@type":"ListItem","position":3,"name":"Le Clos des Topes Bizot C\u00f4te de Beaune Blanc 2021"}]},{"@type":"WebSite","@id":"https:\/\/uvastrading.es\/#website","url":"https:\/\/uvastrading.es\/","name":"UVAS Trading","description":"Importador y distribuidor exclusivo de bodegas familiares y de renombre de 25 regiones vitivin\u00edcolas de todo el mundo.","publisher":{"@id":"https:\/\/uvastrading.es\/#organization"},"alternateName":"Inicio - UVAS Trading","potentialAction":[{"@type":"SearchAction","target":{"@type":"EntryPoint","urlTemplate":"https:\/\/uvastrading.es\/?s={search_term_string}"},"query-input":{"@type":"PropertyValueSpecification","valueRequired":true,"valueName":"search_term_string"}}],"inLanguage":"en-US"},{"@type":"Organization","@id":"https:\/\/uvastrading.es\/#organization","name":"UVAS Trading","alternateName":"UVAS Trading","url":"https:\/\/uvastrading.es\/","logo":{"@type":"ImageObject","inLanguage":"en-US","@id":"https:\/\/uvastrading.es\/#\/schema\/logo\/image\/","url":"https:\/\/uvastrading.es\/wp-content\/uploads\/2024\/07\/cropped-IMAGOTIPO-COLOR-1.jpg","contentUrl":"https:\/\/uvastrading.es\/wp-content\/uploads\/2024\/07\/cropped-IMAGOTIPO-COLOR-1.jpg","width":2195,"height":1901,"caption":"UVAS Trading"},"image":{"@id":"https:\/\/uvastrading.es\/#\/schema\/logo\/image\/"}}]}},"_links":{"self":[{"href":"https:\/\/uvastrading.es\/en\/wp-json\/wp\/v2\/product\/4379","targetHints":{"allow":["GET"]}}],"collection":[{"href":"https:\/\/uvastrading.es\/en\/wp-json\/wp\/v2\/product"}],"about":[{"href":"https:\/\/uvastrading.es\/en\/wp-json\/wp\/v2\/types\/product"}],"replies":[{"embeddable":true,"href":"https:\/\/uvastrading.es\/en\/wp-json\/wp\/v2\/comments?post=4379"}],"version-history":[{"count":5,"href":"https:\/\/uvastrading.es\/en\/wp-json\/wp\/v2\/product\/4379\/revisions"}],"predecessor-version":[{"id":14029,"href":"https:\/\/uvastrading.es\/en\/wp-json\/wp\/v2\/product\/4379\/revisions\/14029"}],"wp:featuredmedia":[{"embeddable":true,"href":"https:\/\/uvastrading.es\/en\/wp-json\/wp\/v2\/media\/9388"}],"wp:attachment":[{"href":"https:\/\/uvastrading.es\/en\/wp-json\/wp\/v2\/media?parent=4379"}],"wp:term":[{"taxonomy":"product_brand","embeddable":true,"href":"https:\/\/uvastrading.es\/en\/wp-json\/wp\/v2\/product_brand?post=4379"},{"taxonomy":"product_cat","embeddable":true,"href":"https:\/\/uvastrading.es\/en\/wp-json\/wp\/v2\/product_cat?post=4379"},{"taxonomy":"product_tag","embeddable":true,"href":"https:\/\/uvastrading.es\/en\/wp-json\/wp\/v2\/product_tag?post=4379"}],"curies":[{"name":"wp","href":"https:\/\/api.w.org\/{rel}","templated":true}]}}