
{"id":4375,"date":"2023-12-05T22:12:01","date_gmt":"2023-12-05T22:12:01","guid":{"rendered":"https:\/\/uvastrading.es\/producto\/edouard-duval-blanc-deulalie\/"},"modified":"2024-12-19T21:50:39","modified_gmt":"2024-12-19T21:50:39","slug":"blanc-deulalie","status":"publish","type":"product","link":"https:\/\/uvastrading.es\/en\/tienda\/francia\/champana\/blanc-deulalie\/","title":{"rendered":"Eulalie's White"},"content":{"rendered":"<p>This Champagne has a bright and clear appearance, displaying a deep lemon yellow color with pale silver reflections in the depth of the glass. It is animated by fine, lively bubbles that form persistent strands of pearls. The first olfactory impression evokes aromas of smoky, iodine-rich limestone, typical of our marl and limestone soil, mixed with notes of lemon, fresh hazelnut, and white peach. A buttery character with nutty notes reveals itself after the first contact with air. The palate is flexible and fresh with a creamy, melted effervescence. The Champagne develops a juicy, crunchy fruit palate, underscored by concentrated lemon acidity.<\/p>\n<p>Champagne Edouard Duval<\/p>","protected":false},"excerpt":{"rendered":"<p>Este Champagne tiene una apariencia brillante y clara, mostrando un color amarillo lim\u00f3n profundo con reflejos plateados p\u00e1lidos en lo profundo de la copa. Est\u00e1 animado por burbujas finas y vivas que forman hilos de perlas persistentes. La primera impresi\u00f3n olfativa evoca aromas de piedra caliza ahumada e iodada, t\u00edpicos de nuestro suelo de marga [&hellip;]<\/p>","protected":false},"featured_media":14155,"comment_status":"open","ping_status":"closed","template":"","meta":{"_acf_changed":false,"om_disable_all_campaigns":false,"inline_featured_image":false,"_monsterinsights_skip_tracking":false,"_monsterinsights_sitenote_active":false,"_monsterinsights_sitenote_note":"","_monsterinsights_sitenote_category":0,"_joinchat":[]},"product_brand":[],"product_cat":[590,24],"product_tag":[591],"class_list":{"0":"post-4375","1":"product","2":"type-product","3":"status-publish","4":"has-post-thumbnail","6":"product_cat-champana","7":"product_cat-francia","8":"product_tag-champagne-edouard-duval","10":"first","11":"instock","12":"taxable","13":"shipping-taxable","14":"purchasable","15":"product-type-simple"},"acf":[],"yoast_head":"<!-- This site is optimized with the Yoast SEO plugin v26.6 - https:\/\/yoast.com\/wordpress\/plugins\/seo\/ -->\n<title>Blanc d&#039;Eulalie - UVAS Trading<\/title>\n<meta name=\"robots\" content=\"index, follow, max-snippet:-1, max-image-preview:large, max-video-preview:-1\" \/>\n<link rel=\"canonical\" href=\"https:\/\/uvastrading.es\/en\/tienda\/francia\/champana\/blanc-deulalie\/\" \/>\n<meta property=\"og:locale\" content=\"en_US\" \/>\n<meta property=\"og:type\" content=\"article\" \/>\n<meta property=\"og:title\" content=\"Blanc d&#039;Eulalie - UVAS Trading\" \/>\n<meta property=\"og:description\" content=\"Este Champagne tiene una apariencia brillante y clara, mostrando un color amarillo lim\u00f3n profundo con reflejos plateados p\u00e1lidos en lo profundo de la copa. Est\u00e1 animado por burbujas finas y vivas que forman hilos de perlas persistentes. La primera impresi\u00f3n olfativa evoca aromas de piedra caliza ahumada e iodada, t\u00edpicos de nuestro suelo de marga [&hellip;]\" \/>\n<meta property=\"og:url\" content=\"https:\/\/uvastrading.es\/en\/tienda\/francia\/champana\/blanc-deulalie\/\" \/>\n<meta property=\"og:site_name\" content=\"UVAS Trading\" \/>\n<meta property=\"article:modified_time\" content=\"2024-12-19T21:50:39+00:00\" \/>\n<meta property=\"og:image\" content=\"https:\/\/uvastrading.es\/wp-content\/uploads\/2024\/12\/Blanc-Deulalie.webp\" \/>\n\t<meta property=\"og:image:width\" content=\"528\" \/>\n\t<meta property=\"og:image:height\" content=\"1476\" \/>\n\t<meta property=\"og:image:type\" content=\"image\/webp\" \/>\n<meta name=\"twitter:card\" content=\"summary_large_image\" \/>\n<meta name=\"twitter:label1\" content=\"Est. reading time\" \/>\n\t<meta name=\"twitter:data1\" content=\"1 minute\" \/>\n<script type=\"application\/ld+json\" class=\"yoast-schema-graph\">{\"@context\":\"https:\/\/schema.org\",\"@graph\":[{\"@type\":\"WebPage\",\"@id\":\"https:\/\/uvastrading.es\/tienda\/francia\/champana\/blanc-deulalie\/\",\"url\":\"https:\/\/uvastrading.es\/tienda\/francia\/champana\/blanc-deulalie\/\",\"name\":\"Blanc d'Eulalie - UVAS Trading\",\"isPartOf\":{\"@id\":\"https:\/\/uvastrading.es\/#website\"},\"primaryImageOfPage\":{\"@id\":\"https:\/\/uvastrading.es\/tienda\/francia\/champana\/blanc-deulalie\/#primaryimage\"},\"image\":{\"@id\":\"https:\/\/uvastrading.es\/tienda\/francia\/champana\/blanc-deulalie\/#primaryimage\"},\"thumbnailUrl\":\"https:\/\/uvastrading.es\/wp-content\/uploads\/2024\/12\/Blanc-Deulalie.webp\",\"datePublished\":\"2023-12-05T22:12:01+00:00\",\"dateModified\":\"2024-12-19T21:50:39+00:00\",\"breadcrumb\":{\"@id\":\"https:\/\/uvastrading.es\/tienda\/francia\/champana\/blanc-deulalie\/#breadcrumb\"},\"inLanguage\":\"en-US\",\"potentialAction\":[{\"@type\":\"ReadAction\",\"target\":[\"https:\/\/uvastrading.es\/tienda\/francia\/champana\/blanc-deulalie\/\"]}]},{\"@type\":\"ImageObject\",\"inLanguage\":\"en-US\",\"@id\":\"https:\/\/uvastrading.es\/tienda\/francia\/champana\/blanc-deulalie\/#primaryimage\",\"url\":\"https:\/\/uvastrading.es\/wp-content\/uploads\/2024\/12\/Blanc-Deulalie.webp\",\"contentUrl\":\"https:\/\/uvastrading.es\/wp-content\/uploads\/2024\/12\/Blanc-Deulalie.webp\",\"width\":528,\"height\":1476},{\"@type\":\"BreadcrumbList\",\"@id\":\"https:\/\/uvastrading.es\/tienda\/francia\/champana\/blanc-deulalie\/#breadcrumb\",\"itemListElement\":[{\"@type\":\"ListItem\",\"position\":1,\"name\":\"Home\",\"item\":\"https:\/\/uvastrading.es\/\"},{\"@type\":\"ListItem\",\"position\":2,\"name\":\"Tienda\",\"item\":\"https:\/\/uvastrading.es\/tienda\/\"},{\"@type\":\"ListItem\",\"position\":3,\"name\":\"Blanc d&#8217;Eulalie\"}]},{\"@type\":\"WebSite\",\"@id\":\"https:\/\/uvastrading.es\/#website\",\"url\":\"https:\/\/uvastrading.es\/\",\"name\":\"UVAS Trading\",\"description\":\"Importador y distribuidor exclusivo de bodegas familiares y de renombre de 25 regiones vitivin\u00edcolas de todo el mundo.\",\"publisher\":{\"@id\":\"https:\/\/uvastrading.es\/#organization\"},\"alternateName\":\"Inicio - UVAS Trading\",\"potentialAction\":[{\"@type\":\"SearchAction\",\"target\":{\"@type\":\"EntryPoint\",\"urlTemplate\":\"https:\/\/uvastrading.es\/?s={search_term_string}\"},\"query-input\":{\"@type\":\"PropertyValueSpecification\",\"valueRequired\":true,\"valueName\":\"search_term_string\"}}],\"inLanguage\":\"en-US\"},{\"@type\":\"Organization\",\"@id\":\"https:\/\/uvastrading.es\/#organization\",\"name\":\"UVAS Trading\",\"alternateName\":\"UVAS Trading\",\"url\":\"https:\/\/uvastrading.es\/\",\"logo\":{\"@type\":\"ImageObject\",\"inLanguage\":\"en-US\",\"@id\":\"https:\/\/uvastrading.es\/#\/schema\/logo\/image\/\",\"url\":\"https:\/\/uvastrading.es\/wp-content\/uploads\/2024\/07\/cropped-IMAGOTIPO-COLOR-1.jpg\",\"contentUrl\":\"https:\/\/uvastrading.es\/wp-content\/uploads\/2024\/07\/cropped-IMAGOTIPO-COLOR-1.jpg\",\"width\":2195,\"height\":1901,\"caption\":\"UVAS Trading\"},\"image\":{\"@id\":\"https:\/\/uvastrading.es\/#\/schema\/logo\/image\/\"}}]}<\/script>\n<!-- \/ Yoast SEO plugin. -->","yoast_head_json":{"title":"Blanc d'Eulalie - UVAS Trading","robots":{"index":"index","follow":"follow","max-snippet":"max-snippet:-1","max-image-preview":"max-image-preview:large","max-video-preview":"max-video-preview:-1"},"canonical":"https:\/\/uvastrading.es\/en\/tienda\/francia\/champana\/blanc-deulalie\/","og_locale":"en_US","og_type":"article","og_title":"Blanc d'Eulalie - UVAS Trading","og_description":"Este Champagne tiene una apariencia brillante y clara, mostrando un color amarillo lim\u00f3n profundo con reflejos plateados p\u00e1lidos en lo profundo de la copa. Est\u00e1 animado por burbujas finas y vivas que forman hilos de perlas persistentes. La primera impresi\u00f3n olfativa evoca aromas de piedra caliza ahumada e iodada, t\u00edpicos de nuestro suelo de marga [&hellip;]","og_url":"https:\/\/uvastrading.es\/en\/tienda\/francia\/champana\/blanc-deulalie\/","og_site_name":"UVAS Trading","article_modified_time":"2024-12-19T21:50:39+00:00","og_image":[{"width":528,"height":1476,"url":"https:\/\/uvastrading.es\/wp-content\/uploads\/2024\/12\/Blanc-Deulalie.webp","type":"image\/webp"}],"twitter_card":"summary_large_image","twitter_misc":{"Est. reading time":"1 minute"},"schema":{"@context":"https:\/\/schema.org","@graph":[{"@type":"WebPage","@id":"https:\/\/uvastrading.es\/tienda\/francia\/champana\/blanc-deulalie\/","url":"https:\/\/uvastrading.es\/tienda\/francia\/champana\/blanc-deulalie\/","name":"Blanc d'Eulalie - UVAS Trading","isPartOf":{"@id":"https:\/\/uvastrading.es\/#website"},"primaryImageOfPage":{"@id":"https:\/\/uvastrading.es\/tienda\/francia\/champana\/blanc-deulalie\/#primaryimage"},"image":{"@id":"https:\/\/uvastrading.es\/tienda\/francia\/champana\/blanc-deulalie\/#primaryimage"},"thumbnailUrl":"https:\/\/uvastrading.es\/wp-content\/uploads\/2024\/12\/Blanc-Deulalie.webp","datePublished":"2023-12-05T22:12:01+00:00","dateModified":"2024-12-19T21:50:39+00:00","breadcrumb":{"@id":"https:\/\/uvastrading.es\/tienda\/francia\/champana\/blanc-deulalie\/#breadcrumb"},"inLanguage":"en-US","potentialAction":[{"@type":"ReadAction","target":["https:\/\/uvastrading.es\/tienda\/francia\/champana\/blanc-deulalie\/"]}]},{"@type":"ImageObject","inLanguage":"en-US","@id":"https:\/\/uvastrading.es\/tienda\/francia\/champana\/blanc-deulalie\/#primaryimage","url":"https:\/\/uvastrading.es\/wp-content\/uploads\/2024\/12\/Blanc-Deulalie.webp","contentUrl":"https:\/\/uvastrading.es\/wp-content\/uploads\/2024\/12\/Blanc-Deulalie.webp","width":528,"height":1476},{"@type":"BreadcrumbList","@id":"https:\/\/uvastrading.es\/tienda\/francia\/champana\/blanc-deulalie\/#breadcrumb","itemListElement":[{"@type":"ListItem","position":1,"name":"Home","item":"https:\/\/uvastrading.es\/"},{"@type":"ListItem","position":2,"name":"Tienda","item":"https:\/\/uvastrading.es\/tienda\/"},{"@type":"ListItem","position":3,"name":"Blanc d&#8217;Eulalie"}]},{"@type":"WebSite","@id":"https:\/\/uvastrading.es\/#website","url":"https:\/\/uvastrading.es\/","name":"UVAS Trading","description":"Importador y distribuidor exclusivo de bodegas familiares y de renombre de 25 regiones vitivin\u00edcolas de todo el mundo.","publisher":{"@id":"https:\/\/uvastrading.es\/#organization"},"alternateName":"Inicio - UVAS Trading","potentialAction":[{"@type":"SearchAction","target":{"@type":"EntryPoint","urlTemplate":"https:\/\/uvastrading.es\/?s={search_term_string}"},"query-input":{"@type":"PropertyValueSpecification","valueRequired":true,"valueName":"search_term_string"}}],"inLanguage":"en-US"},{"@type":"Organization","@id":"https:\/\/uvastrading.es\/#organization","name":"UVAS Trading","alternateName":"UVAS Trading","url":"https:\/\/uvastrading.es\/","logo":{"@type":"ImageObject","inLanguage":"en-US","@id":"https:\/\/uvastrading.es\/#\/schema\/logo\/image\/","url":"https:\/\/uvastrading.es\/wp-content\/uploads\/2024\/07\/cropped-IMAGOTIPO-COLOR-1.jpg","contentUrl":"https:\/\/uvastrading.es\/wp-content\/uploads\/2024\/07\/cropped-IMAGOTIPO-COLOR-1.jpg","width":2195,"height":1901,"caption":"UVAS Trading"},"image":{"@id":"https:\/\/uvastrading.es\/#\/schema\/logo\/image\/"}}]}},"_links":{"self":[{"href":"https:\/\/uvastrading.es\/en\/wp-json\/wp\/v2\/product\/4375","targetHints":{"allow":["GET"]}}],"collection":[{"href":"https:\/\/uvastrading.es\/en\/wp-json\/wp\/v2\/product"}],"about":[{"href":"https:\/\/uvastrading.es\/en\/wp-json\/wp\/v2\/types\/product"}],"replies":[{"embeddable":true,"href":"https:\/\/uvastrading.es\/en\/wp-json\/wp\/v2\/comments?post=4375"}],"version-history":[{"count":5,"href":"https:\/\/uvastrading.es\/en\/wp-json\/wp\/v2\/product\/4375\/revisions"}],"predecessor-version":[{"id":13495,"href":"https:\/\/uvastrading.es\/en\/wp-json\/wp\/v2\/product\/4375\/revisions\/13495"}],"wp:featuredmedia":[{"embeddable":true,"href":"https:\/\/uvastrading.es\/en\/wp-json\/wp\/v2\/media\/14155"}],"wp:attachment":[{"href":"https:\/\/uvastrading.es\/en\/wp-json\/wp\/v2\/media?parent=4375"}],"wp:term":[{"taxonomy":"product_brand","embeddable":true,"href":"https:\/\/uvastrading.es\/en\/wp-json\/wp\/v2\/product_brand?post=4375"},{"taxonomy":"product_cat","embeddable":true,"href":"https:\/\/uvastrading.es\/en\/wp-json\/wp\/v2\/product_cat?post=4375"},{"taxonomy":"product_tag","embeddable":true,"href":"https:\/\/uvastrading.es\/en\/wp-json\/wp\/v2\/product_tag?post=4375"}],"curies":[{"name":"wp","href":"https:\/\/api.w.org\/{rel}","templated":true}]}}