
{"id":14449,"date":"2025-01-31T20:35:26","date_gmt":"2025-01-31T20:35:26","guid":{"rendered":"https:\/\/uvastrading.es\/?post_type=product&#038;p=14449"},"modified":"2025-01-31T20:46:43","modified_gmt":"2025-01-31T20:46:43","slug":"mon-village-cote-rotie-2017","status":"publish","type":"product","link":"https:\/\/uvastrading.es\/en\/tienda\/francia\/valle-del-rodano\/mon-village-cote-rotie-2017\/","title":{"rendered":"Mon Village C\u00f4te Rotie 2017"},"content":{"rendered":"<p>Crafted from a blend of different parcels of C\u00f4tes Blonde and Brune, a proportion of which had not yet been finalized at the time of tasting. An intensely fragrant nose gives way to a palate of juicy raspberries and blackcurrant coulis. The enveloping tannins provide structure and depth, while expertly dosed acidity and wild herbs ensure balance. Charming.<\/p>\n<p>Stephane Ogier<\/p>","protected":false},"excerpt":{"rendered":"<p>Elaborado a partir de una mezcla de diferentes parcelas de C\u00f4tes Blonde y Brune, una proporci\u00f3n de las cuales a\u00fan no se hab\u00eda finalizado en el momento de la cata. Una nariz intensamente fragante da paso a un paladar de frambuesas jugosas y coulis de grosella negra. Los taninos envolventes aportan estructura y profundidad, mientras [&hellip;]<\/p>","protected":false},"featured_media":4081,"comment_status":"open","ping_status":"closed","template":"","meta":{"_acf_changed":false,"om_disable_all_campaigns":false,"inline_featured_image":false,"_monsterinsights_skip_tracking":false,"_monsterinsights_sitenote_active":false,"_monsterinsights_sitenote_note":"","_monsterinsights_sitenote_category":0,"_joinchat":[]},"product_brand":[],"product_cat":[24,607],"product_tag":[608],"class_list":{"0":"post-14449","1":"product","2":"type-product","3":"status-publish","4":"has-post-thumbnail","6":"product_cat-francia","7":"product_cat-valle-del-rodano","8":"product_tag-stephane-ogier","10":"first","11":"instock","12":"taxable","13":"shipping-taxable","14":"purchasable","15":"product-type-simple"},"acf":[],"yoast_head":"<!-- This site is optimized with the Yoast SEO plugin v26.6 - https:\/\/yoast.com\/wordpress\/plugins\/seo\/ -->\n<title>Mon Village C\u00f4te Rotie 2017 - UVAS Trading<\/title>\n<meta name=\"robots\" content=\"index, follow, max-snippet:-1, max-image-preview:large, max-video-preview:-1\" \/>\n<link rel=\"canonical\" href=\"https:\/\/uvastrading.es\/en\/tienda\/francia\/valle-del-rodano\/mon-village-cote-rotie-2017\/\" \/>\n<meta property=\"og:locale\" content=\"en_US\" \/>\n<meta property=\"og:type\" content=\"article\" \/>\n<meta property=\"og:title\" content=\"Mon Village C\u00f4te Rotie 2017 - UVAS Trading\" \/>\n<meta property=\"og:description\" content=\"Elaborado a partir de una mezcla de diferentes parcelas de C\u00f4tes Blonde y Brune, una proporci\u00f3n de las cuales a\u00fan no se hab\u00eda finalizado en el momento de la cata. Una nariz intensamente fragante da paso a un paladar de frambuesas jugosas y coulis de grosella negra. Los taninos envolventes aportan estructura y profundidad, mientras [&hellip;]\" \/>\n<meta property=\"og:url\" content=\"https:\/\/uvastrading.es\/en\/tienda\/francia\/valle-del-rodano\/mon-village-cote-rotie-2017\/\" \/>\n<meta property=\"og:site_name\" content=\"UVAS Trading\" \/>\n<meta property=\"article:modified_time\" content=\"2025-01-31T20:46:43+00:00\" \/>\n<meta property=\"og:image\" content=\"https:\/\/uvastrading.es\/wp-content\/uploads\/2023\/12\/41.1.png\" \/>\n\t<meta property=\"og:image:width\" content=\"520\" \/>\n\t<meta property=\"og:image:height\" content=\"1473\" \/>\n\t<meta property=\"og:image:type\" content=\"image\/png\" \/>\n<meta name=\"twitter:card\" content=\"summary_large_image\" \/>\n<meta name=\"twitter:label1\" content=\"Est. reading time\" \/>\n\t<meta name=\"twitter:data1\" content=\"1 minute\" \/>\n<script type=\"application\/ld+json\" class=\"yoast-schema-graph\">{\"@context\":\"https:\/\/schema.org\",\"@graph\":[{\"@type\":\"WebPage\",\"@id\":\"https:\/\/uvastrading.es\/tienda\/francia\/valle-del-rodano\/mon-village-cote-rotie-2017\/\",\"url\":\"https:\/\/uvastrading.es\/tienda\/francia\/valle-del-rodano\/mon-village-cote-rotie-2017\/\",\"name\":\"Mon Village C\u00f4te Rotie 2017 - UVAS Trading\",\"isPartOf\":{\"@id\":\"https:\/\/uvastrading.es\/#website\"},\"primaryImageOfPage\":{\"@id\":\"https:\/\/uvastrading.es\/tienda\/francia\/valle-del-rodano\/mon-village-cote-rotie-2017\/#primaryimage\"},\"image\":{\"@id\":\"https:\/\/uvastrading.es\/tienda\/francia\/valle-del-rodano\/mon-village-cote-rotie-2017\/#primaryimage\"},\"thumbnailUrl\":\"https:\/\/uvastrading.es\/wp-content\/uploads\/2023\/12\/41.1.png\",\"datePublished\":\"2025-01-31T20:35:26+00:00\",\"dateModified\":\"2025-01-31T20:46:43+00:00\",\"breadcrumb\":{\"@id\":\"https:\/\/uvastrading.es\/tienda\/francia\/valle-del-rodano\/mon-village-cote-rotie-2017\/#breadcrumb\"},\"inLanguage\":\"en-US\",\"potentialAction\":[{\"@type\":\"ReadAction\",\"target\":[\"https:\/\/uvastrading.es\/tienda\/francia\/valle-del-rodano\/mon-village-cote-rotie-2017\/\"]}]},{\"@type\":\"ImageObject\",\"inLanguage\":\"en-US\",\"@id\":\"https:\/\/uvastrading.es\/tienda\/francia\/valle-del-rodano\/mon-village-cote-rotie-2017\/#primaryimage\",\"url\":\"https:\/\/uvastrading.es\/wp-content\/uploads\/2023\/12\/41.1.png\",\"contentUrl\":\"https:\/\/uvastrading.es\/wp-content\/uploads\/2023\/12\/41.1.png\",\"width\":520,\"height\":1473,\"caption\":\"Mon Village C\u00f4te Rotie 2020\"},{\"@type\":\"BreadcrumbList\",\"@id\":\"https:\/\/uvastrading.es\/tienda\/francia\/valle-del-rodano\/mon-village-cote-rotie-2017\/#breadcrumb\",\"itemListElement\":[{\"@type\":\"ListItem\",\"position\":1,\"name\":\"Home\",\"item\":\"https:\/\/uvastrading.es\/\"},{\"@type\":\"ListItem\",\"position\":2,\"name\":\"Tienda\",\"item\":\"https:\/\/uvastrading.es\/tienda\/\"},{\"@type\":\"ListItem\",\"position\":3,\"name\":\"Mon Village C\u00f4te Rotie 2017\"}]},{\"@type\":\"WebSite\",\"@id\":\"https:\/\/uvastrading.es\/#website\",\"url\":\"https:\/\/uvastrading.es\/\",\"name\":\"UVAS Trading\",\"description\":\"Importador y distribuidor exclusivo de bodegas familiares y de renombre de 25 regiones vitivin\u00edcolas de todo el mundo.\",\"publisher\":{\"@id\":\"https:\/\/uvastrading.es\/#organization\"},\"alternateName\":\"Inicio - UVAS Trading\",\"potentialAction\":[{\"@type\":\"SearchAction\",\"target\":{\"@type\":\"EntryPoint\",\"urlTemplate\":\"https:\/\/uvastrading.es\/?s={search_term_string}\"},\"query-input\":{\"@type\":\"PropertyValueSpecification\",\"valueRequired\":true,\"valueName\":\"search_term_string\"}}],\"inLanguage\":\"en-US\"},{\"@type\":\"Organization\",\"@id\":\"https:\/\/uvastrading.es\/#organization\",\"name\":\"UVAS Trading\",\"alternateName\":\"UVAS Trading\",\"url\":\"https:\/\/uvastrading.es\/\",\"logo\":{\"@type\":\"ImageObject\",\"inLanguage\":\"en-US\",\"@id\":\"https:\/\/uvastrading.es\/#\/schema\/logo\/image\/\",\"url\":\"https:\/\/uvastrading.es\/wp-content\/uploads\/2024\/07\/cropped-IMAGOTIPO-COLOR-1.jpg\",\"contentUrl\":\"https:\/\/uvastrading.es\/wp-content\/uploads\/2024\/07\/cropped-IMAGOTIPO-COLOR-1.jpg\",\"width\":2195,\"height\":1901,\"caption\":\"UVAS Trading\"},\"image\":{\"@id\":\"https:\/\/uvastrading.es\/#\/schema\/logo\/image\/\"}}]}<\/script>\n<!-- \/ Yoast SEO plugin. -->","yoast_head_json":{"title":"Mon Village C\u00f4te Rotie 2017 - UVAS Trading","robots":{"index":"index","follow":"follow","max-snippet":"max-snippet:-1","max-image-preview":"max-image-preview:large","max-video-preview":"max-video-preview:-1"},"canonical":"https:\/\/uvastrading.es\/en\/tienda\/francia\/valle-del-rodano\/mon-village-cote-rotie-2017\/","og_locale":"en_US","og_type":"article","og_title":"Mon Village C\u00f4te Rotie 2017 - UVAS Trading","og_description":"Elaborado a partir de una mezcla de diferentes parcelas de C\u00f4tes Blonde y Brune, una proporci\u00f3n de las cuales a\u00fan no se hab\u00eda finalizado en el momento de la cata. Una nariz intensamente fragante da paso a un paladar de frambuesas jugosas y coulis de grosella negra. Los taninos envolventes aportan estructura y profundidad, mientras [&hellip;]","og_url":"https:\/\/uvastrading.es\/en\/tienda\/francia\/valle-del-rodano\/mon-village-cote-rotie-2017\/","og_site_name":"UVAS Trading","article_modified_time":"2025-01-31T20:46:43+00:00","og_image":[{"width":520,"height":1473,"url":"https:\/\/uvastrading.es\/wp-content\/uploads\/2023\/12\/41.1.png","type":"image\/png"}],"twitter_card":"summary_large_image","twitter_misc":{"Est. reading time":"1 minute"},"schema":{"@context":"https:\/\/schema.org","@graph":[{"@type":"WebPage","@id":"https:\/\/uvastrading.es\/tienda\/francia\/valle-del-rodano\/mon-village-cote-rotie-2017\/","url":"https:\/\/uvastrading.es\/tienda\/francia\/valle-del-rodano\/mon-village-cote-rotie-2017\/","name":"Mon Village C\u00f4te Rotie 2017 - UVAS Trading","isPartOf":{"@id":"https:\/\/uvastrading.es\/#website"},"primaryImageOfPage":{"@id":"https:\/\/uvastrading.es\/tienda\/francia\/valle-del-rodano\/mon-village-cote-rotie-2017\/#primaryimage"},"image":{"@id":"https:\/\/uvastrading.es\/tienda\/francia\/valle-del-rodano\/mon-village-cote-rotie-2017\/#primaryimage"},"thumbnailUrl":"https:\/\/uvastrading.es\/wp-content\/uploads\/2023\/12\/41.1.png","datePublished":"2025-01-31T20:35:26+00:00","dateModified":"2025-01-31T20:46:43+00:00","breadcrumb":{"@id":"https:\/\/uvastrading.es\/tienda\/francia\/valle-del-rodano\/mon-village-cote-rotie-2017\/#breadcrumb"},"inLanguage":"en-US","potentialAction":[{"@type":"ReadAction","target":["https:\/\/uvastrading.es\/tienda\/francia\/valle-del-rodano\/mon-village-cote-rotie-2017\/"]}]},{"@type":"ImageObject","inLanguage":"en-US","@id":"https:\/\/uvastrading.es\/tienda\/francia\/valle-del-rodano\/mon-village-cote-rotie-2017\/#primaryimage","url":"https:\/\/uvastrading.es\/wp-content\/uploads\/2023\/12\/41.1.png","contentUrl":"https:\/\/uvastrading.es\/wp-content\/uploads\/2023\/12\/41.1.png","width":520,"height":1473,"caption":"Mon Village C\u00f4te Rotie 2020"},{"@type":"BreadcrumbList","@id":"https:\/\/uvastrading.es\/tienda\/francia\/valle-del-rodano\/mon-village-cote-rotie-2017\/#breadcrumb","itemListElement":[{"@type":"ListItem","position":1,"name":"Home","item":"https:\/\/uvastrading.es\/"},{"@type":"ListItem","position":2,"name":"Tienda","item":"https:\/\/uvastrading.es\/tienda\/"},{"@type":"ListItem","position":3,"name":"Mon Village C\u00f4te Rotie 2017"}]},{"@type":"WebSite","@id":"https:\/\/uvastrading.es\/#website","url":"https:\/\/uvastrading.es\/","name":"UVAS Trading","description":"Importador y distribuidor exclusivo de bodegas familiares y de renombre de 25 regiones vitivin\u00edcolas de todo el mundo.","publisher":{"@id":"https:\/\/uvastrading.es\/#organization"},"alternateName":"Inicio - UVAS Trading","potentialAction":[{"@type":"SearchAction","target":{"@type":"EntryPoint","urlTemplate":"https:\/\/uvastrading.es\/?s={search_term_string}"},"query-input":{"@type":"PropertyValueSpecification","valueRequired":true,"valueName":"search_term_string"}}],"inLanguage":"en-US"},{"@type":"Organization","@id":"https:\/\/uvastrading.es\/#organization","name":"UVAS Trading","alternateName":"UVAS Trading","url":"https:\/\/uvastrading.es\/","logo":{"@type":"ImageObject","inLanguage":"en-US","@id":"https:\/\/uvastrading.es\/#\/schema\/logo\/image\/","url":"https:\/\/uvastrading.es\/wp-content\/uploads\/2024\/07\/cropped-IMAGOTIPO-COLOR-1.jpg","contentUrl":"https:\/\/uvastrading.es\/wp-content\/uploads\/2024\/07\/cropped-IMAGOTIPO-COLOR-1.jpg","width":2195,"height":1901,"caption":"UVAS Trading"},"image":{"@id":"https:\/\/uvastrading.es\/#\/schema\/logo\/image\/"}}]}},"_links":{"self":[{"href":"https:\/\/uvastrading.es\/en\/wp-json\/wp\/v2\/product\/14449","targetHints":{"allow":["GET"]}}],"collection":[{"href":"https:\/\/uvastrading.es\/en\/wp-json\/wp\/v2\/product"}],"about":[{"href":"https:\/\/uvastrading.es\/en\/wp-json\/wp\/v2\/types\/product"}],"replies":[{"embeddable":true,"href":"https:\/\/uvastrading.es\/en\/wp-json\/wp\/v2\/comments?post=14449"}],"version-history":[{"count":3,"href":"https:\/\/uvastrading.es\/en\/wp-json\/wp\/v2\/product\/14449\/revisions"}],"predecessor-version":[{"id":14456,"href":"https:\/\/uvastrading.es\/en\/wp-json\/wp\/v2\/product\/14449\/revisions\/14456"}],"wp:featuredmedia":[{"embeddable":true,"href":"https:\/\/uvastrading.es\/en\/wp-json\/wp\/v2\/media\/4081"}],"wp:attachment":[{"href":"https:\/\/uvastrading.es\/en\/wp-json\/wp\/v2\/media?parent=14449"}],"wp:term":[{"taxonomy":"product_brand","embeddable":true,"href":"https:\/\/uvastrading.es\/en\/wp-json\/wp\/v2\/product_brand?post=14449"},{"taxonomy":"product_cat","embeddable":true,"href":"https:\/\/uvastrading.es\/en\/wp-json\/wp\/v2\/product_cat?post=14449"},{"taxonomy":"product_tag","embeddable":true,"href":"https:\/\/uvastrading.es\/en\/wp-json\/wp\/v2\/product_tag?post=14449"}],"curies":[{"name":"wp","href":"https:\/\/api.w.org\/{rel}","templated":true}]}}