
{"id":14422,"date":"2025-01-31T20:03:12","date_gmt":"2025-01-31T20:03:12","guid":{"rendered":"https:\/\/uvastrading.es\/?post_type=product&#038;p=14422"},"modified":"2025-01-31T21:53:46","modified_gmt":"2025-01-31T21:53:46","slug":"estate-cuvee-2019","status":"publish","type":"product","link":"https:\/\/uvastrading.es\/en\/tienda\/usa\/paso-robles\/estate-cuvee-2019\/","title":{"rendered":"Estate Cuvee 2019"},"content":{"rendered":"<p>El L&#8217;Aventure Estate Cuv\u00e9e es el vino insignia de la bodega L&#8217;Aventure Winery, situada en Paso Robles, California. Se trata de una mezcla de Syrah, Cabernet Sauvignon y Petit Verdot, con proporciones que var\u00edan seg\u00fan la a\u00f1ada. En el caso de la a\u00f1ada 2021, la composici\u00f3n es 50% Syrah, 35% Cabernet Sauvignon y 15% Petit Verdot.<\/p>\n<p>Las uvas provienen de vi\u00f1edos de bajo rendimiento, con solo 1.5 a 2 toneladas por acre, lo que contribuye a la intensidad y concentraci\u00f3n del vino. La vinificaci\u00f3n se lleva a cabo sin clarificaci\u00f3n ni filtraci\u00f3n, permitiendo una mayor complejidad y potencial de envejecimiento.<\/p>\n<p>En nariz, despliega aromas intensos de cr\u00e8me de cassis, ar\u00e1ndanos, violetas, pimienta molida y un toque de grafito. En boca, es un vino de cuerpo completo, con una textura elegante y sedosa. Su estructura bien integrada y su profundidad le otorgan un gran potencial de guarda, pudiendo evolucionar por m\u00e1s de 20 a\u00f1os.<\/p>","protected":false},"excerpt":{"rendered":"<p>El L&#8217;Aventure Estate Cuv\u00e9e es el vino insignia de la bodega L&#8217;Aventure Winery, situada en Paso Robles, California. Se trata de una mezcla de Syrah, Cabernet Sauvignon y Petit Verdot, con proporciones que var\u00edan seg\u00fan la a\u00f1ada. En el caso de la a\u00f1ada 2021, la composici\u00f3n es 50% Syrah, 35% Cabernet Sauvignon y 15% Petit [&hellip;]<\/p>","protected":false},"featured_media":14435,"comment_status":"open","ping_status":"closed","template":"","meta":{"_acf_changed":false,"om_disable_all_campaigns":false,"inline_featured_image":false,"_monsterinsights_skip_tracking":false,"_monsterinsights_sitenote_active":false,"_monsterinsights_sitenote_note":"","_monsterinsights_sitenote_category":0,"_joinchat":[]},"product_brand":[],"product_cat":[634,181],"product_tag":[705],"class_list":{"0":"post-14422","1":"product","2":"type-product","3":"status-publish","4":"has-post-thumbnail","6":"product_cat-paso-robles","7":"product_cat-usa","8":"product_tag-laventure","10":"first","11":"instock","12":"taxable","13":"shipping-taxable","14":"purchasable","15":"product-type-simple"},"acf":[],"yoast_head":"<!-- This site is optimized with the Yoast SEO plugin v26.6 - https:\/\/yoast.com\/wordpress\/plugins\/seo\/ -->\n<title>Estate Cuvee 2019 - UVAS Trading<\/title>\n<meta name=\"robots\" content=\"index, follow, max-snippet:-1, max-image-preview:large, max-video-preview:-1\" \/>\n<link rel=\"canonical\" href=\"https:\/\/uvastrading.es\/en\/tienda\/usa\/paso-robles\/estate-cuvee-2019\/\" \/>\n<meta property=\"og:locale\" content=\"en_US\" \/>\n<meta property=\"og:type\" content=\"article\" \/>\n<meta property=\"og:title\" content=\"Estate Cuvee 2019 - UVAS Trading\" \/>\n<meta property=\"og:description\" content=\"El L&#8217;Aventure Estate Cuv\u00e9e es el vino insignia de la bodega L&#8217;Aventure Winery, situada en Paso Robles, California. Se trata de una mezcla de Syrah, Cabernet Sauvignon y Petit Verdot, con proporciones que var\u00edan seg\u00fan la a\u00f1ada. En el caso de la a\u00f1ada 2021, la composici\u00f3n es 50% Syrah, 35% Cabernet Sauvignon y 15% Petit [&hellip;]\" \/>\n<meta property=\"og:url\" content=\"https:\/\/uvastrading.es\/en\/tienda\/usa\/paso-robles\/estate-cuvee-2019\/\" \/>\n<meta property=\"og:site_name\" content=\"UVAS Trading\" \/>\n<meta property=\"article:modified_time\" content=\"2025-01-31T21:53:46+00:00\" \/>\n<meta property=\"og:image\" content=\"https:\/\/uvastrading.es\/wp-content\/uploads\/2025\/01\/Estate-Cuvee2.webp\" \/>\n\t<meta property=\"og:image:width\" content=\"525\" \/>\n\t<meta property=\"og:image:height\" content=\"1473\" \/>\n\t<meta property=\"og:image:type\" content=\"image\/webp\" \/>\n<meta name=\"twitter:card\" content=\"summary_large_image\" \/>\n<meta name=\"twitter:label1\" content=\"Est. reading time\" \/>\n\t<meta name=\"twitter:data1\" content=\"1 minute\" \/>\n<script type=\"application\/ld+json\" class=\"yoast-schema-graph\">{\"@context\":\"https:\/\/schema.org\",\"@graph\":[{\"@type\":\"WebPage\",\"@id\":\"https:\/\/uvastrading.es\/tienda\/usa\/paso-robles\/estate-cuvee-2019\/\",\"url\":\"https:\/\/uvastrading.es\/tienda\/usa\/paso-robles\/estate-cuvee-2019\/\",\"name\":\"Estate Cuvee 2019 - UVAS Trading\",\"isPartOf\":{\"@id\":\"https:\/\/uvastrading.es\/#website\"},\"primaryImageOfPage\":{\"@id\":\"https:\/\/uvastrading.es\/tienda\/usa\/paso-robles\/estate-cuvee-2019\/#primaryimage\"},\"image\":{\"@id\":\"https:\/\/uvastrading.es\/tienda\/usa\/paso-robles\/estate-cuvee-2019\/#primaryimage\"},\"thumbnailUrl\":\"https:\/\/uvastrading.es\/wp-content\/uploads\/2025\/01\/Estate-Cuvee2.webp\",\"datePublished\":\"2025-01-31T20:03:12+00:00\",\"dateModified\":\"2025-01-31T21:53:46+00:00\",\"breadcrumb\":{\"@id\":\"https:\/\/uvastrading.es\/tienda\/usa\/paso-robles\/estate-cuvee-2019\/#breadcrumb\"},\"inLanguage\":\"en-US\",\"potentialAction\":[{\"@type\":\"ReadAction\",\"target\":[\"https:\/\/uvastrading.es\/tienda\/usa\/paso-robles\/estate-cuvee-2019\/\"]}]},{\"@type\":\"ImageObject\",\"inLanguage\":\"en-US\",\"@id\":\"https:\/\/uvastrading.es\/tienda\/usa\/paso-robles\/estate-cuvee-2019\/#primaryimage\",\"url\":\"https:\/\/uvastrading.es\/wp-content\/uploads\/2025\/01\/Estate-Cuvee2.webp\",\"contentUrl\":\"https:\/\/uvastrading.es\/wp-content\/uploads\/2025\/01\/Estate-Cuvee2.webp\",\"width\":525,\"height\":1473,\"caption\":\"Estate Cuvee\"},{\"@type\":\"BreadcrumbList\",\"@id\":\"https:\/\/uvastrading.es\/tienda\/usa\/paso-robles\/estate-cuvee-2019\/#breadcrumb\",\"itemListElement\":[{\"@type\":\"ListItem\",\"position\":1,\"name\":\"Home\",\"item\":\"https:\/\/uvastrading.es\/\"},{\"@type\":\"ListItem\",\"position\":2,\"name\":\"Tienda\",\"item\":\"https:\/\/uvastrading.es\/tienda\/\"},{\"@type\":\"ListItem\",\"position\":3,\"name\":\"Estate Cuvee 2019\"}]},{\"@type\":\"WebSite\",\"@id\":\"https:\/\/uvastrading.es\/#website\",\"url\":\"https:\/\/uvastrading.es\/\",\"name\":\"UVAS Trading\",\"description\":\"Importador y distribuidor exclusivo de bodegas familiares y de renombre de 25 regiones vitivin\u00edcolas de todo el mundo.\",\"publisher\":{\"@id\":\"https:\/\/uvastrading.es\/#organization\"},\"alternateName\":\"Inicio - UVAS Trading\",\"potentialAction\":[{\"@type\":\"SearchAction\",\"target\":{\"@type\":\"EntryPoint\",\"urlTemplate\":\"https:\/\/uvastrading.es\/?s={search_term_string}\"},\"query-input\":{\"@type\":\"PropertyValueSpecification\",\"valueRequired\":true,\"valueName\":\"search_term_string\"}}],\"inLanguage\":\"en-US\"},{\"@type\":\"Organization\",\"@id\":\"https:\/\/uvastrading.es\/#organization\",\"name\":\"UVAS Trading\",\"alternateName\":\"UVAS Trading\",\"url\":\"https:\/\/uvastrading.es\/\",\"logo\":{\"@type\":\"ImageObject\",\"inLanguage\":\"en-US\",\"@id\":\"https:\/\/uvastrading.es\/#\/schema\/logo\/image\/\",\"url\":\"https:\/\/uvastrading.es\/wp-content\/uploads\/2024\/07\/cropped-IMAGOTIPO-COLOR-1.jpg\",\"contentUrl\":\"https:\/\/uvastrading.es\/wp-content\/uploads\/2024\/07\/cropped-IMAGOTIPO-COLOR-1.jpg\",\"width\":2195,\"height\":1901,\"caption\":\"UVAS Trading\"},\"image\":{\"@id\":\"https:\/\/uvastrading.es\/#\/schema\/logo\/image\/\"}}]}<\/script>\n<!-- \/ Yoast SEO plugin. -->","yoast_head_json":{"title":"Estate Cuvee 2019 - UVAS Trading","robots":{"index":"index","follow":"follow","max-snippet":"max-snippet:-1","max-image-preview":"max-image-preview:large","max-video-preview":"max-video-preview:-1"},"canonical":"https:\/\/uvastrading.es\/en\/tienda\/usa\/paso-robles\/estate-cuvee-2019\/","og_locale":"en_US","og_type":"article","og_title":"Estate Cuvee 2019 - UVAS Trading","og_description":"El L&#8217;Aventure Estate Cuv\u00e9e es el vino insignia de la bodega L&#8217;Aventure Winery, situada en Paso Robles, California. Se trata de una mezcla de Syrah, Cabernet Sauvignon y Petit Verdot, con proporciones que var\u00edan seg\u00fan la a\u00f1ada. En el caso de la a\u00f1ada 2021, la composici\u00f3n es 50% Syrah, 35% Cabernet Sauvignon y 15% Petit [&hellip;]","og_url":"https:\/\/uvastrading.es\/en\/tienda\/usa\/paso-robles\/estate-cuvee-2019\/","og_site_name":"UVAS Trading","article_modified_time":"2025-01-31T21:53:46+00:00","og_image":[{"width":525,"height":1473,"url":"https:\/\/uvastrading.es\/wp-content\/uploads\/2025\/01\/Estate-Cuvee2.webp","type":"image\/webp"}],"twitter_card":"summary_large_image","twitter_misc":{"Est. reading time":"1 minute"},"schema":{"@context":"https:\/\/schema.org","@graph":[{"@type":"WebPage","@id":"https:\/\/uvastrading.es\/tienda\/usa\/paso-robles\/estate-cuvee-2019\/","url":"https:\/\/uvastrading.es\/tienda\/usa\/paso-robles\/estate-cuvee-2019\/","name":"Estate Cuvee 2019 - UVAS Trading","isPartOf":{"@id":"https:\/\/uvastrading.es\/#website"},"primaryImageOfPage":{"@id":"https:\/\/uvastrading.es\/tienda\/usa\/paso-robles\/estate-cuvee-2019\/#primaryimage"},"image":{"@id":"https:\/\/uvastrading.es\/tienda\/usa\/paso-robles\/estate-cuvee-2019\/#primaryimage"},"thumbnailUrl":"https:\/\/uvastrading.es\/wp-content\/uploads\/2025\/01\/Estate-Cuvee2.webp","datePublished":"2025-01-31T20:03:12+00:00","dateModified":"2025-01-31T21:53:46+00:00","breadcrumb":{"@id":"https:\/\/uvastrading.es\/tienda\/usa\/paso-robles\/estate-cuvee-2019\/#breadcrumb"},"inLanguage":"en-US","potentialAction":[{"@type":"ReadAction","target":["https:\/\/uvastrading.es\/tienda\/usa\/paso-robles\/estate-cuvee-2019\/"]}]},{"@type":"ImageObject","inLanguage":"en-US","@id":"https:\/\/uvastrading.es\/tienda\/usa\/paso-robles\/estate-cuvee-2019\/#primaryimage","url":"https:\/\/uvastrading.es\/wp-content\/uploads\/2025\/01\/Estate-Cuvee2.webp","contentUrl":"https:\/\/uvastrading.es\/wp-content\/uploads\/2025\/01\/Estate-Cuvee2.webp","width":525,"height":1473,"caption":"Estate Cuvee"},{"@type":"BreadcrumbList","@id":"https:\/\/uvastrading.es\/tienda\/usa\/paso-robles\/estate-cuvee-2019\/#breadcrumb","itemListElement":[{"@type":"ListItem","position":1,"name":"Home","item":"https:\/\/uvastrading.es\/"},{"@type":"ListItem","position":2,"name":"Tienda","item":"https:\/\/uvastrading.es\/tienda\/"},{"@type":"ListItem","position":3,"name":"Estate Cuvee 2019"}]},{"@type":"WebSite","@id":"https:\/\/uvastrading.es\/#website","url":"https:\/\/uvastrading.es\/","name":"UVAS Trading","description":"Importador y distribuidor exclusivo de bodegas familiares y de renombre de 25 regiones vitivin\u00edcolas de todo el mundo.","publisher":{"@id":"https:\/\/uvastrading.es\/#organization"},"alternateName":"Inicio - UVAS Trading","potentialAction":[{"@type":"SearchAction","target":{"@type":"EntryPoint","urlTemplate":"https:\/\/uvastrading.es\/?s={search_term_string}"},"query-input":{"@type":"PropertyValueSpecification","valueRequired":true,"valueName":"search_term_string"}}],"inLanguage":"en-US"},{"@type":"Organization","@id":"https:\/\/uvastrading.es\/#organization","name":"UVAS Trading","alternateName":"UVAS Trading","url":"https:\/\/uvastrading.es\/","logo":{"@type":"ImageObject","inLanguage":"en-US","@id":"https:\/\/uvastrading.es\/#\/schema\/logo\/image\/","url":"https:\/\/uvastrading.es\/wp-content\/uploads\/2024\/07\/cropped-IMAGOTIPO-COLOR-1.jpg","contentUrl":"https:\/\/uvastrading.es\/wp-content\/uploads\/2024\/07\/cropped-IMAGOTIPO-COLOR-1.jpg","width":2195,"height":1901,"caption":"UVAS Trading"},"image":{"@id":"https:\/\/uvastrading.es\/#\/schema\/logo\/image\/"}}]}},"_links":{"self":[{"href":"https:\/\/uvastrading.es\/en\/wp-json\/wp\/v2\/product\/14422","targetHints":{"allow":["GET"]}}],"collection":[{"href":"https:\/\/uvastrading.es\/en\/wp-json\/wp\/v2\/product"}],"about":[{"href":"https:\/\/uvastrading.es\/en\/wp-json\/wp\/v2\/types\/product"}],"replies":[{"embeddable":true,"href":"https:\/\/uvastrading.es\/en\/wp-json\/wp\/v2\/comments?post=14422"}],"version-history":[{"count":3,"href":"https:\/\/uvastrading.es\/en\/wp-json\/wp\/v2\/product\/14422\/revisions"}],"predecessor-version":[{"id":14464,"href":"https:\/\/uvastrading.es\/en\/wp-json\/wp\/v2\/product\/14422\/revisions\/14464"}],"wp:featuredmedia":[{"embeddable":true,"href":"https:\/\/uvastrading.es\/en\/wp-json\/wp\/v2\/media\/14435"}],"wp:attachment":[{"href":"https:\/\/uvastrading.es\/en\/wp-json\/wp\/v2\/media?parent=14422"}],"wp:term":[{"taxonomy":"product_brand","embeddable":true,"href":"https:\/\/uvastrading.es\/en\/wp-json\/wp\/v2\/product_brand?post=14422"},{"taxonomy":"product_cat","embeddable":true,"href":"https:\/\/uvastrading.es\/en\/wp-json\/wp\/v2\/product_cat?post=14422"},{"taxonomy":"product_tag","embeddable":true,"href":"https:\/\/uvastrading.es\/en\/wp-json\/wp\/v2\/product_tag?post=14422"}],"curies":[{"name":"wp","href":"https:\/\/api.w.org\/{rel}","templated":true}]}}