
{"id":14400,"date":"2025-01-31T16:47:45","date_gmt":"2025-01-31T16:47:45","guid":{"rendered":"https:\/\/uvastrading.es\/?post_type=product&#038;p=14400"},"modified":"2025-02-03T15:34:08","modified_gmt":"2025-02-03T15:34:08","slug":"la-rente-giron-blanc-2022","status":"publish","type":"product","link":"https:\/\/uvastrading.es\/en\/tienda\/francia\/borgona\/la-rente-giron-blanc-2022\/","title":{"rendered":"La Rente Giron Blanc 2022"},"content":{"rendered":"<div class=\"flex-shrink-0 flex flex-col relative items-end\">\n<div>\n<div class=\"pt-0\">\n<div class=\"gizmo-bot-avatar flex h-8 w-8 items-center justify-center overflow-hidden rounded-full\">\n<div class=\"relative p-1 rounded-sm flex items-center justify-center bg-token-main-surface-primary text-token-text-primary h-8 w-8\">El Bourgogne Blanc La Rente Giron 2022 del Domaine Chantal Lescure es una expresi\u00f3n aut\u00e9ntica del Chardonnay de Borgo\u00f1a, elaborado con uvas cultivadas de manera org\u00e1nica. Desde 2009, la bodega se ha comprometido con una viticultura sostenible, respetando el equilibrio natural del suelo y las vi\u00f1as.<\/div>\n<div><\/div>\n<\/div>\n<\/div>\n<\/div>\n<\/div>\n<div class=\"group\/conversation-turn relative flex w-full min-w-0 flex-col agent-turn\">\n<div class=\"flex-col gap-1 md:gap-3\">\n<div class=\"flex max-w-full flex-col flex-grow\">\n<div class=\"min-h-8 text-message flex w-full flex-col items-end gap-2 whitespace-normal break-words text-start [.text-message+&amp;]:mt-5\" dir=\"auto\" data-message-author-role=\"assistant\" data-message-id=\"50f5bbb7-25a9-4c08-ab5a-bcbcf5ff45bd\" data-message-model-slug=\"gpt-4o\">\n<div class=\"flex w-full flex-col gap-1 empty:hidden first:pt-[3px]\">\n<div class=\"markdown prose w-full break-words dark:prose-invert light\">\n<p>La vinificaci\u00f3n se lleva a cabo en dep\u00f3sitos de acero inoxidable, con una fermentaci\u00f3n a temperatura controlada para preservar su frescura y elegancia. En nariz, despliega notas vibrantes de c\u00edtricos, como lim\u00f3n y pomelo, junto con delicados matices de flores blancas y un sutil toque mineral. En boca es fresco y din\u00e1mico, con una acidez marcada que le aporta energ\u00eda y versatilidad.<\/p>\n<p>Su final limpio y armonioso lo convierte en el acompa\u00f1ante perfecto para mariscos, ostras, pescados y quesos frescos, adem\u00e1s de ser una excelente opci\u00f3n como aperitivo.<\/p>\n<\/div>\n<\/div>\n<\/div>\n<\/div>\n<\/div>\n<\/div>","protected":false},"excerpt":{"rendered":"<p>El Bourgogne Blanc La Rente Giron 2022 del Domaine Chantal Lescure es una expresi\u00f3n aut\u00e9ntica del Chardonnay de Borgo\u00f1a, elaborado con uvas cultivadas de manera org\u00e1nica. Desde 2009, la bodega se ha comprometido con una viticultura sostenible, respetando el equilibrio natural del suelo y las vi\u00f1as. La vinificaci\u00f3n se lleva a cabo en dep\u00f3sitos de [&hellip;]<\/p>","protected":false},"featured_media":14401,"comment_status":"open","ping_status":"closed","template":"","meta":{"_acf_changed":false,"om_disable_all_campaigns":false,"inline_featured_image":false,"_monsterinsights_skip_tracking":false,"_monsterinsights_sitenote_active":false,"_monsterinsights_sitenote_note":"","_monsterinsights_sitenote_category":0,"_joinchat":[]},"product_brand":[],"product_cat":[592,24],"product_tag":[593],"class_list":{"0":"post-14400","1":"product","2":"type-product","3":"status-publish","4":"has-post-thumbnail","6":"product_cat-borgona","7":"product_cat-francia","8":"product_tag-domaine-chantal-lescure","10":"first","11":"outofstock","12":"taxable","13":"shipping-taxable","14":"purchasable","15":"product-type-simple"},"acf":[],"yoast_head":"<!-- This site is optimized with the Yoast SEO plugin v26.6 - https:\/\/yoast.com\/wordpress\/plugins\/seo\/ -->\n<title>La Rente Giron Blanc 2022 - UVAS Trading<\/title>\n<meta name=\"robots\" content=\"index, follow, max-snippet:-1, max-image-preview:large, max-video-preview:-1\" \/>\n<link rel=\"canonical\" href=\"https:\/\/uvastrading.es\/en\/tienda\/francia\/borgona\/la-rente-giron-blanc-2022\/\" \/>\n<meta property=\"og:locale\" content=\"en_US\" \/>\n<meta property=\"og:type\" content=\"article\" \/>\n<meta property=\"og:title\" content=\"La Rente Giron Blanc 2022 - UVAS Trading\" \/>\n<meta property=\"og:description\" content=\"El Bourgogne Blanc La Rente Giron 2022 del Domaine Chantal Lescure es una expresi\u00f3n aut\u00e9ntica del Chardonnay de Borgo\u00f1a, elaborado con uvas cultivadas de manera org\u00e1nica. Desde 2009, la bodega se ha comprometido con una viticultura sostenible, respetando el equilibrio natural del suelo y las vi\u00f1as. La vinificaci\u00f3n se lleva a cabo en dep\u00f3sitos de [&hellip;]\" \/>\n<meta property=\"og:url\" content=\"https:\/\/uvastrading.es\/en\/tienda\/francia\/borgona\/la-rente-giron-blanc-2022\/\" \/>\n<meta property=\"og:site_name\" content=\"UVAS Trading\" \/>\n<meta property=\"article:modified_time\" content=\"2025-02-03T15:34:08+00:00\" \/>\n<meta property=\"og:image\" content=\"https:\/\/uvastrading.es\/wp-content\/uploads\/2025\/01\/La-Rente-Giron-Blanc-2022.webp\" \/>\n\t<meta property=\"og:image:width\" content=\"528\" \/>\n\t<meta property=\"og:image:height\" content=\"1481\" \/>\n\t<meta property=\"og:image:type\" content=\"image\/webp\" \/>\n<meta name=\"twitter:card\" content=\"summary_large_image\" \/>\n<meta name=\"twitter:label1\" content=\"Est. reading time\" \/>\n\t<meta name=\"twitter:data1\" content=\"1 minute\" \/>\n<script type=\"application\/ld+json\" class=\"yoast-schema-graph\">{\"@context\":\"https:\/\/schema.org\",\"@graph\":[{\"@type\":\"WebPage\",\"@id\":\"https:\/\/uvastrading.es\/tienda\/francia\/borgona\/la-rente-giron-blanc-2022\/\",\"url\":\"https:\/\/uvastrading.es\/tienda\/francia\/borgona\/la-rente-giron-blanc-2022\/\",\"name\":\"La Rente Giron Blanc 2022 - UVAS Trading\",\"isPartOf\":{\"@id\":\"https:\/\/uvastrading.es\/#website\"},\"primaryImageOfPage\":{\"@id\":\"https:\/\/uvastrading.es\/tienda\/francia\/borgona\/la-rente-giron-blanc-2022\/#primaryimage\"},\"image\":{\"@id\":\"https:\/\/uvastrading.es\/tienda\/francia\/borgona\/la-rente-giron-blanc-2022\/#primaryimage\"},\"thumbnailUrl\":\"https:\/\/uvastrading.es\/wp-content\/uploads\/2025\/01\/La-Rente-Giron-Blanc-2022.webp\",\"datePublished\":\"2025-01-31T16:47:45+00:00\",\"dateModified\":\"2025-02-03T15:34:08+00:00\",\"breadcrumb\":{\"@id\":\"https:\/\/uvastrading.es\/tienda\/francia\/borgona\/la-rente-giron-blanc-2022\/#breadcrumb\"},\"inLanguage\":\"en-US\",\"potentialAction\":[{\"@type\":\"ReadAction\",\"target\":[\"https:\/\/uvastrading.es\/tienda\/francia\/borgona\/la-rente-giron-blanc-2022\/\"]}]},{\"@type\":\"ImageObject\",\"inLanguage\":\"en-US\",\"@id\":\"https:\/\/uvastrading.es\/tienda\/francia\/borgona\/la-rente-giron-blanc-2022\/#primaryimage\",\"url\":\"https:\/\/uvastrading.es\/wp-content\/uploads\/2025\/01\/La-Rente-Giron-Blanc-2022.webp\",\"contentUrl\":\"https:\/\/uvastrading.es\/wp-content\/uploads\/2025\/01\/La-Rente-Giron-Blanc-2022.webp\",\"width\":528,\"height\":1481,\"caption\":\"La Rente Giron Blanc 2022\"},{\"@type\":\"BreadcrumbList\",\"@id\":\"https:\/\/uvastrading.es\/tienda\/francia\/borgona\/la-rente-giron-blanc-2022\/#breadcrumb\",\"itemListElement\":[{\"@type\":\"ListItem\",\"position\":1,\"name\":\"Home\",\"item\":\"https:\/\/uvastrading.es\/\"},{\"@type\":\"ListItem\",\"position\":2,\"name\":\"Tienda\",\"item\":\"https:\/\/uvastrading.es\/tienda\/\"},{\"@type\":\"ListItem\",\"position\":3,\"name\":\"La Rente Giron Blanc 2022\"}]},{\"@type\":\"WebSite\",\"@id\":\"https:\/\/uvastrading.es\/#website\",\"url\":\"https:\/\/uvastrading.es\/\",\"name\":\"UVAS Trading\",\"description\":\"Importador y distribuidor exclusivo de bodegas familiares y de renombre de 25 regiones vitivin\u00edcolas de todo el mundo.\",\"publisher\":{\"@id\":\"https:\/\/uvastrading.es\/#organization\"},\"alternateName\":\"Inicio - UVAS Trading\",\"potentialAction\":[{\"@type\":\"SearchAction\",\"target\":{\"@type\":\"EntryPoint\",\"urlTemplate\":\"https:\/\/uvastrading.es\/?s={search_term_string}\"},\"query-input\":{\"@type\":\"PropertyValueSpecification\",\"valueRequired\":true,\"valueName\":\"search_term_string\"}}],\"inLanguage\":\"en-US\"},{\"@type\":\"Organization\",\"@id\":\"https:\/\/uvastrading.es\/#organization\",\"name\":\"UVAS Trading\",\"alternateName\":\"UVAS Trading\",\"url\":\"https:\/\/uvastrading.es\/\",\"logo\":{\"@type\":\"ImageObject\",\"inLanguage\":\"en-US\",\"@id\":\"https:\/\/uvastrading.es\/#\/schema\/logo\/image\/\",\"url\":\"https:\/\/uvastrading.es\/wp-content\/uploads\/2024\/07\/cropped-IMAGOTIPO-COLOR-1.jpg\",\"contentUrl\":\"https:\/\/uvastrading.es\/wp-content\/uploads\/2024\/07\/cropped-IMAGOTIPO-COLOR-1.jpg\",\"width\":2195,\"height\":1901,\"caption\":\"UVAS Trading\"},\"image\":{\"@id\":\"https:\/\/uvastrading.es\/#\/schema\/logo\/image\/\"}}]}<\/script>\n<!-- \/ Yoast SEO plugin. -->","yoast_head_json":{"title":"La Rente Giron Blanc 2022 - UVAS Trading","robots":{"index":"index","follow":"follow","max-snippet":"max-snippet:-1","max-image-preview":"max-image-preview:large","max-video-preview":"max-video-preview:-1"},"canonical":"https:\/\/uvastrading.es\/en\/tienda\/francia\/borgona\/la-rente-giron-blanc-2022\/","og_locale":"en_US","og_type":"article","og_title":"La Rente Giron Blanc 2022 - UVAS Trading","og_description":"El Bourgogne Blanc La Rente Giron 2022 del Domaine Chantal Lescure es una expresi\u00f3n aut\u00e9ntica del Chardonnay de Borgo\u00f1a, elaborado con uvas cultivadas de manera org\u00e1nica. Desde 2009, la bodega se ha comprometido con una viticultura sostenible, respetando el equilibrio natural del suelo y las vi\u00f1as. La vinificaci\u00f3n se lleva a cabo en dep\u00f3sitos de [&hellip;]","og_url":"https:\/\/uvastrading.es\/en\/tienda\/francia\/borgona\/la-rente-giron-blanc-2022\/","og_site_name":"UVAS Trading","article_modified_time":"2025-02-03T15:34:08+00:00","og_image":[{"width":528,"height":1481,"url":"https:\/\/uvastrading.es\/wp-content\/uploads\/2025\/01\/La-Rente-Giron-Blanc-2022.webp","type":"image\/webp"}],"twitter_card":"summary_large_image","twitter_misc":{"Est. reading time":"1 minute"},"schema":{"@context":"https:\/\/schema.org","@graph":[{"@type":"WebPage","@id":"https:\/\/uvastrading.es\/tienda\/francia\/borgona\/la-rente-giron-blanc-2022\/","url":"https:\/\/uvastrading.es\/tienda\/francia\/borgona\/la-rente-giron-blanc-2022\/","name":"La Rente Giron Blanc 2022 - UVAS Trading","isPartOf":{"@id":"https:\/\/uvastrading.es\/#website"},"primaryImageOfPage":{"@id":"https:\/\/uvastrading.es\/tienda\/francia\/borgona\/la-rente-giron-blanc-2022\/#primaryimage"},"image":{"@id":"https:\/\/uvastrading.es\/tienda\/francia\/borgona\/la-rente-giron-blanc-2022\/#primaryimage"},"thumbnailUrl":"https:\/\/uvastrading.es\/wp-content\/uploads\/2025\/01\/La-Rente-Giron-Blanc-2022.webp","datePublished":"2025-01-31T16:47:45+00:00","dateModified":"2025-02-03T15:34:08+00:00","breadcrumb":{"@id":"https:\/\/uvastrading.es\/tienda\/francia\/borgona\/la-rente-giron-blanc-2022\/#breadcrumb"},"inLanguage":"en-US","potentialAction":[{"@type":"ReadAction","target":["https:\/\/uvastrading.es\/tienda\/francia\/borgona\/la-rente-giron-blanc-2022\/"]}]},{"@type":"ImageObject","inLanguage":"en-US","@id":"https:\/\/uvastrading.es\/tienda\/francia\/borgona\/la-rente-giron-blanc-2022\/#primaryimage","url":"https:\/\/uvastrading.es\/wp-content\/uploads\/2025\/01\/La-Rente-Giron-Blanc-2022.webp","contentUrl":"https:\/\/uvastrading.es\/wp-content\/uploads\/2025\/01\/La-Rente-Giron-Blanc-2022.webp","width":528,"height":1481,"caption":"La Rente Giron Blanc 2022"},{"@type":"BreadcrumbList","@id":"https:\/\/uvastrading.es\/tienda\/francia\/borgona\/la-rente-giron-blanc-2022\/#breadcrumb","itemListElement":[{"@type":"ListItem","position":1,"name":"Home","item":"https:\/\/uvastrading.es\/"},{"@type":"ListItem","position":2,"name":"Tienda","item":"https:\/\/uvastrading.es\/tienda\/"},{"@type":"ListItem","position":3,"name":"La Rente Giron Blanc 2022"}]},{"@type":"WebSite","@id":"https:\/\/uvastrading.es\/#website","url":"https:\/\/uvastrading.es\/","name":"UVAS Trading","description":"Importador y distribuidor exclusivo de bodegas familiares y de renombre de 25 regiones vitivin\u00edcolas de todo el mundo.","publisher":{"@id":"https:\/\/uvastrading.es\/#organization"},"alternateName":"Inicio - UVAS Trading","potentialAction":[{"@type":"SearchAction","target":{"@type":"EntryPoint","urlTemplate":"https:\/\/uvastrading.es\/?s={search_term_string}"},"query-input":{"@type":"PropertyValueSpecification","valueRequired":true,"valueName":"search_term_string"}}],"inLanguage":"en-US"},{"@type":"Organization","@id":"https:\/\/uvastrading.es\/#organization","name":"UVAS Trading","alternateName":"UVAS Trading","url":"https:\/\/uvastrading.es\/","logo":{"@type":"ImageObject","inLanguage":"en-US","@id":"https:\/\/uvastrading.es\/#\/schema\/logo\/image\/","url":"https:\/\/uvastrading.es\/wp-content\/uploads\/2024\/07\/cropped-IMAGOTIPO-COLOR-1.jpg","contentUrl":"https:\/\/uvastrading.es\/wp-content\/uploads\/2024\/07\/cropped-IMAGOTIPO-COLOR-1.jpg","width":2195,"height":1901,"caption":"UVAS Trading"},"image":{"@id":"https:\/\/uvastrading.es\/#\/schema\/logo\/image\/"}}]}},"_links":{"self":[{"href":"https:\/\/uvastrading.es\/en\/wp-json\/wp\/v2\/product\/14400","targetHints":{"allow":["GET"]}}],"collection":[{"href":"https:\/\/uvastrading.es\/en\/wp-json\/wp\/v2\/product"}],"about":[{"href":"https:\/\/uvastrading.es\/en\/wp-json\/wp\/v2\/types\/product"}],"replies":[{"embeddable":true,"href":"https:\/\/uvastrading.es\/en\/wp-json\/wp\/v2\/comments?post=14400"}],"version-history":[{"count":5,"href":"https:\/\/uvastrading.es\/en\/wp-json\/wp\/v2\/product\/14400\/revisions"}],"predecessor-version":[{"id":14461,"href":"https:\/\/uvastrading.es\/en\/wp-json\/wp\/v2\/product\/14400\/revisions\/14461"}],"wp:featuredmedia":[{"embeddable":true,"href":"https:\/\/uvastrading.es\/en\/wp-json\/wp\/v2\/media\/14401"}],"wp:attachment":[{"href":"https:\/\/uvastrading.es\/en\/wp-json\/wp\/v2\/media?parent=14400"}],"wp:term":[{"taxonomy":"product_brand","embeddable":true,"href":"https:\/\/uvastrading.es\/en\/wp-json\/wp\/v2\/product_brand?post=14400"},{"taxonomy":"product_cat","embeddable":true,"href":"https:\/\/uvastrading.es\/en\/wp-json\/wp\/v2\/product_cat?post=14400"},{"taxonomy":"product_tag","embeddable":true,"href":"https:\/\/uvastrading.es\/en\/wp-json\/wp\/v2\/product_tag?post=14400"}],"curies":[{"name":"wp","href":"https:\/\/api.w.org\/{rel}","templated":true}]}}