
{"id":14335,"date":"2025-01-24T20:41:14","date_gmt":"2025-01-24T20:41:14","guid":{"rendered":"https:\/\/uvastrading.es\/?post_type=product&#038;p=14335"},"modified":"2025-01-24T20:52:34","modified_gmt":"2025-01-24T20:52:34","slug":"chateau-haut-bages-montpelou-pauillac-2018-magnum","status":"publish","type":"product","link":"https:\/\/uvastrading.es\/en\/tienda\/francia\/burdeos\/chateau-haut-bages-montpelou-pauillac-2018-magnum\/","title":{"rendered":"Ch\u00e2teau Haut-Bages Montpelou Pauillac 2018 Magnum"},"content":{"rendered":"<p>This cru bourgeois property is located on gravel soils in the heart of the Pauillac appellation and produces wines with rich flavors, with cassis and berries standing out, typical of the area. The wine is a blend of 70% cabernet sauvignon, 27% merlot, and 3% cabernet franc, and it ages for 16 months in oak barrels, 30% of which are new oak. An elegant and well-crafted wine that can be enjoyed in its youth but will generously reward with extended aging in the cellar.<\/p>\n<p>Borie-Manoux<\/p>","protected":false},"excerpt":{"rendered":"<p>Esta propiedad de cru bourgeois est\u00e1 situada en suelos de grava en el coraz\u00f3n de la denominaci\u00f3n de origen de Pauillac y produce vinos con sabores ricos, con el cassis y los frutos del bosque destacando, t\u00edpicos de la zona. El vino es una mezcla de 70% cabernet sauvignon, 27% merlot y 3% cabernet franc, [&hellip;]<\/p>","protected":false},"featured_media":14336,"comment_status":"open","ping_status":"closed","template":"","meta":{"_acf_changed":false,"om_disable_all_campaigns":false,"inline_featured_image":false,"_monsterinsights_skip_tracking":false,"_monsterinsights_sitenote_active":false,"_monsterinsights_sitenote_note":"","_monsterinsights_sitenote_category":0,"_joinchat":[]},"product_brand":[],"product_cat":[597,24],"product_tag":[606],"class_list":{"0":"post-14335","1":"product","2":"type-product","3":"status-publish","4":"has-post-thumbnail","6":"product_cat-burdeos","7":"product_cat-francia","8":"product_tag-borie-manoux","10":"first","11":"instock","12":"taxable","13":"shipping-taxable","14":"purchasable","15":"product-type-simple"},"acf":[],"yoast_head":"<!-- This site is optimized with the Yoast SEO plugin v26.6 - https:\/\/yoast.com\/wordpress\/plugins\/seo\/ -->\n<title>Ch\u00e2teau Haut-Bages Montpelou Pauillac 2018 Magnum - UVAS Trading<\/title>\n<meta name=\"robots\" content=\"index, follow, max-snippet:-1, max-image-preview:large, max-video-preview:-1\" \/>\n<link rel=\"canonical\" href=\"https:\/\/uvastrading.es\/en\/tienda\/francia\/burdeos\/chateau-haut-bages-montpelou-pauillac-2018-magnum\/\" \/>\n<meta property=\"og:locale\" content=\"en_US\" \/>\n<meta property=\"og:type\" content=\"article\" \/>\n<meta property=\"og:title\" content=\"Ch\u00e2teau Haut-Bages Montpelou Pauillac 2018 Magnum - UVAS Trading\" \/>\n<meta property=\"og:description\" content=\"Esta propiedad de cru bourgeois est\u00e1 situada en suelos de grava en el coraz\u00f3n de la denominaci\u00f3n de origen de Pauillac y produce vinos con sabores ricos, con el cassis y los frutos del bosque destacando, t\u00edpicos de la zona. El vino es una mezcla de 70% cabernet sauvignon, 27% merlot y 3% cabernet franc, [&hellip;]\" \/>\n<meta property=\"og:url\" content=\"https:\/\/uvastrading.es\/en\/tienda\/francia\/burdeos\/chateau-haut-bages-montpelou-pauillac-2018-magnum\/\" \/>\n<meta property=\"og:site_name\" content=\"UVAS Trading\" \/>\n<meta property=\"article:modified_time\" content=\"2025-01-24T20:52:34+00:00\" \/>\n<meta property=\"og:image\" content=\"https:\/\/uvastrading.es\/wp-content\/uploads\/2025\/01\/Chateau-Haut-Bages-Montpelou-Pauillac-2018-Magnum.webp\" \/>\n\t<meta property=\"og:image:width\" content=\"520\" \/>\n\t<meta property=\"og:image:height\" content=\"1473\" \/>\n\t<meta property=\"og:image:type\" content=\"image\/webp\" \/>\n<meta name=\"twitter:card\" content=\"summary_large_image\" \/>\n<meta name=\"twitter:label1\" content=\"Est. reading time\" \/>\n\t<meta name=\"twitter:data1\" content=\"1 minute\" \/>\n<script type=\"application\/ld+json\" class=\"yoast-schema-graph\">{\"@context\":\"https:\/\/schema.org\",\"@graph\":[{\"@type\":\"WebPage\",\"@id\":\"https:\/\/uvastrading.es\/tienda\/francia\/burdeos\/chateau-haut-bages-montpelou-pauillac-2018-magnum\/\",\"url\":\"https:\/\/uvastrading.es\/tienda\/francia\/burdeos\/chateau-haut-bages-montpelou-pauillac-2018-magnum\/\",\"name\":\"Ch\u00e2teau Haut-Bages Montpelou Pauillac 2018 Magnum - UVAS Trading\",\"isPartOf\":{\"@id\":\"https:\/\/uvastrading.es\/#website\"},\"primaryImageOfPage\":{\"@id\":\"https:\/\/uvastrading.es\/tienda\/francia\/burdeos\/chateau-haut-bages-montpelou-pauillac-2018-magnum\/#primaryimage\"},\"image\":{\"@id\":\"https:\/\/uvastrading.es\/tienda\/francia\/burdeos\/chateau-haut-bages-montpelou-pauillac-2018-magnum\/#primaryimage\"},\"thumbnailUrl\":\"https:\/\/uvastrading.es\/wp-content\/uploads\/2025\/01\/Chateau-Haut-Bages-Montpelou-Pauillac-2018-Magnum.webp\",\"datePublished\":\"2025-01-24T20:41:14+00:00\",\"dateModified\":\"2025-01-24T20:52:34+00:00\",\"breadcrumb\":{\"@id\":\"https:\/\/uvastrading.es\/tienda\/francia\/burdeos\/chateau-haut-bages-montpelou-pauillac-2018-magnum\/#breadcrumb\"},\"inLanguage\":\"en-US\",\"potentialAction\":[{\"@type\":\"ReadAction\",\"target\":[\"https:\/\/uvastrading.es\/tienda\/francia\/burdeos\/chateau-haut-bages-montpelou-pauillac-2018-magnum\/\"]}]},{\"@type\":\"ImageObject\",\"inLanguage\":\"en-US\",\"@id\":\"https:\/\/uvastrading.es\/tienda\/francia\/burdeos\/chateau-haut-bages-montpelou-pauillac-2018-magnum\/#primaryimage\",\"url\":\"https:\/\/uvastrading.es\/wp-content\/uploads\/2025\/01\/Chateau-Haut-Bages-Montpelou-Pauillac-2018-Magnum.webp\",\"contentUrl\":\"https:\/\/uvastrading.es\/wp-content\/uploads\/2025\/01\/Chateau-Haut-Bages-Montpelou-Pauillac-2018-Magnum.webp\",\"width\":520,\"height\":1473,\"caption\":\"Ch\u00e2teau Haut-Bages Montpelou Pauillac 2018 Magnum\"},{\"@type\":\"BreadcrumbList\",\"@id\":\"https:\/\/uvastrading.es\/tienda\/francia\/burdeos\/chateau-haut-bages-montpelou-pauillac-2018-magnum\/#breadcrumb\",\"itemListElement\":[{\"@type\":\"ListItem\",\"position\":1,\"name\":\"Home\",\"item\":\"https:\/\/uvastrading.es\/\"},{\"@type\":\"ListItem\",\"position\":2,\"name\":\"Tienda\",\"item\":\"https:\/\/uvastrading.es\/tienda\/\"},{\"@type\":\"ListItem\",\"position\":3,\"name\":\"Ch\u00e2teau Haut-Bages Montpelou Pauillac 2018 Magnum\"}]},{\"@type\":\"WebSite\",\"@id\":\"https:\/\/uvastrading.es\/#website\",\"url\":\"https:\/\/uvastrading.es\/\",\"name\":\"UVAS Trading\",\"description\":\"Importador y distribuidor exclusivo de bodegas familiares y de renombre de 25 regiones vitivin\u00edcolas de todo el mundo.\",\"publisher\":{\"@id\":\"https:\/\/uvastrading.es\/#organization\"},\"alternateName\":\"Inicio - UVAS Trading\",\"potentialAction\":[{\"@type\":\"SearchAction\",\"target\":{\"@type\":\"EntryPoint\",\"urlTemplate\":\"https:\/\/uvastrading.es\/?s={search_term_string}\"},\"query-input\":{\"@type\":\"PropertyValueSpecification\",\"valueRequired\":true,\"valueName\":\"search_term_string\"}}],\"inLanguage\":\"en-US\"},{\"@type\":\"Organization\",\"@id\":\"https:\/\/uvastrading.es\/#organization\",\"name\":\"UVAS Trading\",\"alternateName\":\"UVAS Trading\",\"url\":\"https:\/\/uvastrading.es\/\",\"logo\":{\"@type\":\"ImageObject\",\"inLanguage\":\"en-US\",\"@id\":\"https:\/\/uvastrading.es\/#\/schema\/logo\/image\/\",\"url\":\"https:\/\/uvastrading.es\/wp-content\/uploads\/2024\/07\/cropped-IMAGOTIPO-COLOR-1.jpg\",\"contentUrl\":\"https:\/\/uvastrading.es\/wp-content\/uploads\/2024\/07\/cropped-IMAGOTIPO-COLOR-1.jpg\",\"width\":2195,\"height\":1901,\"caption\":\"UVAS Trading\"},\"image\":{\"@id\":\"https:\/\/uvastrading.es\/#\/schema\/logo\/image\/\"}}]}<\/script>\n<!-- \/ Yoast SEO plugin. -->","yoast_head_json":{"title":"Ch\u00e2teau Haut-Bages Montpelou Pauillac 2018 Magnum - UVAS Trading","robots":{"index":"index","follow":"follow","max-snippet":"max-snippet:-1","max-image-preview":"max-image-preview:large","max-video-preview":"max-video-preview:-1"},"canonical":"https:\/\/uvastrading.es\/en\/tienda\/francia\/burdeos\/chateau-haut-bages-montpelou-pauillac-2018-magnum\/","og_locale":"en_US","og_type":"article","og_title":"Ch\u00e2teau Haut-Bages Montpelou Pauillac 2018 Magnum - UVAS Trading","og_description":"Esta propiedad de cru bourgeois est\u00e1 situada en suelos de grava en el coraz\u00f3n de la denominaci\u00f3n de origen de Pauillac y produce vinos con sabores ricos, con el cassis y los frutos del bosque destacando, t\u00edpicos de la zona. El vino es una mezcla de 70% cabernet sauvignon, 27% merlot y 3% cabernet franc, [&hellip;]","og_url":"https:\/\/uvastrading.es\/en\/tienda\/francia\/burdeos\/chateau-haut-bages-montpelou-pauillac-2018-magnum\/","og_site_name":"UVAS Trading","article_modified_time":"2025-01-24T20:52:34+00:00","og_image":[{"width":520,"height":1473,"url":"https:\/\/uvastrading.es\/wp-content\/uploads\/2025\/01\/Chateau-Haut-Bages-Montpelou-Pauillac-2018-Magnum.webp","type":"image\/webp"}],"twitter_card":"summary_large_image","twitter_misc":{"Est. reading time":"1 minute"},"schema":{"@context":"https:\/\/schema.org","@graph":[{"@type":"WebPage","@id":"https:\/\/uvastrading.es\/tienda\/francia\/burdeos\/chateau-haut-bages-montpelou-pauillac-2018-magnum\/","url":"https:\/\/uvastrading.es\/tienda\/francia\/burdeos\/chateau-haut-bages-montpelou-pauillac-2018-magnum\/","name":"Ch\u00e2teau Haut-Bages Montpelou Pauillac 2018 Magnum - UVAS Trading","isPartOf":{"@id":"https:\/\/uvastrading.es\/#website"},"primaryImageOfPage":{"@id":"https:\/\/uvastrading.es\/tienda\/francia\/burdeos\/chateau-haut-bages-montpelou-pauillac-2018-magnum\/#primaryimage"},"image":{"@id":"https:\/\/uvastrading.es\/tienda\/francia\/burdeos\/chateau-haut-bages-montpelou-pauillac-2018-magnum\/#primaryimage"},"thumbnailUrl":"https:\/\/uvastrading.es\/wp-content\/uploads\/2025\/01\/Chateau-Haut-Bages-Montpelou-Pauillac-2018-Magnum.webp","datePublished":"2025-01-24T20:41:14+00:00","dateModified":"2025-01-24T20:52:34+00:00","breadcrumb":{"@id":"https:\/\/uvastrading.es\/tienda\/francia\/burdeos\/chateau-haut-bages-montpelou-pauillac-2018-magnum\/#breadcrumb"},"inLanguage":"en-US","potentialAction":[{"@type":"ReadAction","target":["https:\/\/uvastrading.es\/tienda\/francia\/burdeos\/chateau-haut-bages-montpelou-pauillac-2018-magnum\/"]}]},{"@type":"ImageObject","inLanguage":"en-US","@id":"https:\/\/uvastrading.es\/tienda\/francia\/burdeos\/chateau-haut-bages-montpelou-pauillac-2018-magnum\/#primaryimage","url":"https:\/\/uvastrading.es\/wp-content\/uploads\/2025\/01\/Chateau-Haut-Bages-Montpelou-Pauillac-2018-Magnum.webp","contentUrl":"https:\/\/uvastrading.es\/wp-content\/uploads\/2025\/01\/Chateau-Haut-Bages-Montpelou-Pauillac-2018-Magnum.webp","width":520,"height":1473,"caption":"Ch\u00e2teau Haut-Bages Montpelou Pauillac 2018 Magnum"},{"@type":"BreadcrumbList","@id":"https:\/\/uvastrading.es\/tienda\/francia\/burdeos\/chateau-haut-bages-montpelou-pauillac-2018-magnum\/#breadcrumb","itemListElement":[{"@type":"ListItem","position":1,"name":"Home","item":"https:\/\/uvastrading.es\/"},{"@type":"ListItem","position":2,"name":"Tienda","item":"https:\/\/uvastrading.es\/tienda\/"},{"@type":"ListItem","position":3,"name":"Ch\u00e2teau Haut-Bages Montpelou Pauillac 2018 Magnum"}]},{"@type":"WebSite","@id":"https:\/\/uvastrading.es\/#website","url":"https:\/\/uvastrading.es\/","name":"UVAS Trading","description":"Importador y distribuidor exclusivo de bodegas familiares y de renombre de 25 regiones vitivin\u00edcolas de todo el mundo.","publisher":{"@id":"https:\/\/uvastrading.es\/#organization"},"alternateName":"Inicio - UVAS Trading","potentialAction":[{"@type":"SearchAction","target":{"@type":"EntryPoint","urlTemplate":"https:\/\/uvastrading.es\/?s={search_term_string}"},"query-input":{"@type":"PropertyValueSpecification","valueRequired":true,"valueName":"search_term_string"}}],"inLanguage":"en-US"},{"@type":"Organization","@id":"https:\/\/uvastrading.es\/#organization","name":"UVAS Trading","alternateName":"UVAS Trading","url":"https:\/\/uvastrading.es\/","logo":{"@type":"ImageObject","inLanguage":"en-US","@id":"https:\/\/uvastrading.es\/#\/schema\/logo\/image\/","url":"https:\/\/uvastrading.es\/wp-content\/uploads\/2024\/07\/cropped-IMAGOTIPO-COLOR-1.jpg","contentUrl":"https:\/\/uvastrading.es\/wp-content\/uploads\/2024\/07\/cropped-IMAGOTIPO-COLOR-1.jpg","width":2195,"height":1901,"caption":"UVAS Trading"},"image":{"@id":"https:\/\/uvastrading.es\/#\/schema\/logo\/image\/"}}]}},"_links":{"self":[{"href":"https:\/\/uvastrading.es\/en\/wp-json\/wp\/v2\/product\/14335","targetHints":{"allow":["GET"]}}],"collection":[{"href":"https:\/\/uvastrading.es\/en\/wp-json\/wp\/v2\/product"}],"about":[{"href":"https:\/\/uvastrading.es\/en\/wp-json\/wp\/v2\/types\/product"}],"replies":[{"embeddable":true,"href":"https:\/\/uvastrading.es\/en\/wp-json\/wp\/v2\/comments?post=14335"}],"version-history":[{"count":2,"href":"https:\/\/uvastrading.es\/en\/wp-json\/wp\/v2\/product\/14335\/revisions"}],"predecessor-version":[{"id":14340,"href":"https:\/\/uvastrading.es\/en\/wp-json\/wp\/v2\/product\/14335\/revisions\/14340"}],"wp:featuredmedia":[{"embeddable":true,"href":"https:\/\/uvastrading.es\/en\/wp-json\/wp\/v2\/media\/14336"}],"wp:attachment":[{"href":"https:\/\/uvastrading.es\/en\/wp-json\/wp\/v2\/media?parent=14335"}],"wp:term":[{"taxonomy":"product_brand","embeddable":true,"href":"https:\/\/uvastrading.es\/en\/wp-json\/wp\/v2\/product_brand?post=14335"},{"taxonomy":"product_cat","embeddable":true,"href":"https:\/\/uvastrading.es\/en\/wp-json\/wp\/v2\/product_cat?post=14335"},{"taxonomy":"product_tag","embeddable":true,"href":"https:\/\/uvastrading.es\/en\/wp-json\/wp\/v2\/product_tag?post=14335"}],"curies":[{"name":"wp","href":"https:\/\/api.w.org\/{rel}","templated":true}]}}