
{"id":14160,"date":"2024-12-19T20:51:46","date_gmt":"2024-12-19T20:51:46","guid":{"rendered":"https:\/\/uvastrading.es\/?post_type=product&#038;p=14160"},"modified":"2025-03-17T16:58:17","modified_gmt":"2025-03-17T16:58:17","slug":"stephane-ogier-la-rosine-syrah-magnum-1-5l","status":"publish","type":"product","link":"https:\/\/uvastrading.es\/en\/tienda\/francia\/valle-del-rodano\/stephane-ogier-la-rosine-syrah-magnum-1-5l\/","title":{"rendered":"Stephane Ogier La Rosine Syrah Magnum (1.5L)"},"content":{"rendered":"<p>This Vin de Pays comes from vineyards located just behind the C\u00f4te-R\u00f4tie slope, on the same granitic soils as the famous hillside, but with a southwest exposure. It is dark, lush, and slender. It is an excellent introduction to St\u00e9phane's range of northern Rh\u00f4ne wines. A mini-C\u00f4te-R\u00f4tie.<\/p>\n<p><span>Stephane Ogier<\/span><\/p>","protected":false},"excerpt":{"rendered":"<p>Este Vin de Pays proviene de vi\u00f1edos situados justo detr\u00e1s de la ladera de C\u00f4te-R\u00f4tie, en los mismos suelos gran\u00edticos que la famosa pendiente, pero con una exposici\u00f3n suroeste. Es oscuro, frondoso y esbelto. Es una excelente introducci\u00f3n a la gama de vinos del norte del R\u00f3dano de St\u00e9phane. Un mini-C\u00f4te-R\u00f4tie. Stephane Ogier<\/p>","protected":false},"featured_media":4074,"comment_status":"open","ping_status":"closed","template":"","meta":{"_acf_changed":false,"om_disable_all_campaigns":false,"inline_featured_image":false,"_monsterinsights_skip_tracking":false,"_monsterinsights_sitenote_active":false,"_monsterinsights_sitenote_note":"","_monsterinsights_sitenote_category":0,"_joinchat":[]},"product_brand":[],"product_cat":[24,607],"product_tag":[608],"class_list":{"0":"post-14160","1":"product","2":"type-product","3":"status-publish","4":"has-post-thumbnail","6":"product_cat-francia","7":"product_cat-valle-del-rodano","8":"product_tag-stephane-ogier","10":"first","11":"instock","12":"taxable","13":"shipping-taxable","14":"purchasable","15":"product-type-simple"},"acf":[],"yoast_head":"<!-- This site is optimized with the Yoast SEO plugin v26.6 - https:\/\/yoast.com\/wordpress\/plugins\/seo\/ -->\n<title>Stephane Ogier La Rosine Syrah Magnum (1.5L) - UVAS Trading<\/title>\n<meta name=\"robots\" content=\"index, follow, max-snippet:-1, max-image-preview:large, max-video-preview:-1\" \/>\n<link rel=\"canonical\" href=\"https:\/\/uvastrading.es\/en\/tienda\/francia\/valle-del-rodano\/stephane-ogier-la-rosine-syrah-magnum-1-5l\/\" \/>\n<meta property=\"og:locale\" content=\"en_US\" \/>\n<meta property=\"og:type\" content=\"article\" \/>\n<meta property=\"og:title\" content=\"Stephane Ogier La Rosine Syrah Magnum (1.5L) - UVAS Trading\" \/>\n<meta property=\"og:description\" content=\"Este Vin de Pays proviene de vi\u00f1edos situados justo detr\u00e1s de la ladera de C\u00f4te-R\u00f4tie, en los mismos suelos gran\u00edticos que la famosa pendiente, pero con una exposici\u00f3n suroeste. Es oscuro, frondoso y esbelto. Es una excelente introducci\u00f3n a la gama de vinos del norte del R\u00f3dano de St\u00e9phane. Un mini-C\u00f4te-R\u00f4tie. Stephane Ogier\" \/>\n<meta property=\"og:url\" content=\"https:\/\/uvastrading.es\/en\/tienda\/francia\/valle-del-rodano\/stephane-ogier-la-rosine-syrah-magnum-1-5l\/\" \/>\n<meta property=\"og:site_name\" content=\"UVAS Trading\" \/>\n<meta property=\"article:modified_time\" content=\"2025-03-17T16:58:17+00:00\" \/>\n<meta property=\"og:image\" content=\"https:\/\/uvastrading.es\/wp-content\/uploads\/2023\/12\/39.1.png\" \/>\n\t<meta property=\"og:image:width\" content=\"528\" \/>\n\t<meta property=\"og:image:height\" content=\"1481\" \/>\n\t<meta property=\"og:image:type\" content=\"image\/png\" \/>\n<meta name=\"twitter:card\" content=\"summary_large_image\" \/>\n<meta name=\"twitter:label1\" content=\"Est. reading time\" \/>\n\t<meta name=\"twitter:data1\" content=\"1 minute\" \/>\n<script type=\"application\/ld+json\" class=\"yoast-schema-graph\">{\"@context\":\"https:\/\/schema.org\",\"@graph\":[{\"@type\":\"WebPage\",\"@id\":\"https:\/\/uvastrading.es\/tienda\/francia\/valle-del-rodano\/stephane-ogier-la-rosine-syrah-magnum-1-5l\/\",\"url\":\"https:\/\/uvastrading.es\/tienda\/francia\/valle-del-rodano\/stephane-ogier-la-rosine-syrah-magnum-1-5l\/\",\"name\":\"Stephane Ogier La Rosine Syrah Magnum (1.5L) - UVAS Trading\",\"isPartOf\":{\"@id\":\"https:\/\/uvastrading.es\/#website\"},\"primaryImageOfPage\":{\"@id\":\"https:\/\/uvastrading.es\/tienda\/francia\/valle-del-rodano\/stephane-ogier-la-rosine-syrah-magnum-1-5l\/#primaryimage\"},\"image\":{\"@id\":\"https:\/\/uvastrading.es\/tienda\/francia\/valle-del-rodano\/stephane-ogier-la-rosine-syrah-magnum-1-5l\/#primaryimage\"},\"thumbnailUrl\":\"https:\/\/uvastrading.es\/wp-content\/uploads\/2023\/12\/39.1.png\",\"datePublished\":\"2024-12-19T20:51:46+00:00\",\"dateModified\":\"2025-03-17T16:58:17+00:00\",\"breadcrumb\":{\"@id\":\"https:\/\/uvastrading.es\/tienda\/francia\/valle-del-rodano\/stephane-ogier-la-rosine-syrah-magnum-1-5l\/#breadcrumb\"},\"inLanguage\":\"en-US\",\"potentialAction\":[{\"@type\":\"ReadAction\",\"target\":[\"https:\/\/uvastrading.es\/tienda\/francia\/valle-del-rodano\/stephane-ogier-la-rosine-syrah-magnum-1-5l\/\"]}]},{\"@type\":\"ImageObject\",\"inLanguage\":\"en-US\",\"@id\":\"https:\/\/uvastrading.es\/tienda\/francia\/valle-del-rodano\/stephane-ogier-la-rosine-syrah-magnum-1-5l\/#primaryimage\",\"url\":\"https:\/\/uvastrading.es\/wp-content\/uploads\/2023\/12\/39.1.png\",\"contentUrl\":\"https:\/\/uvastrading.es\/wp-content\/uploads\/2023\/12\/39.1.png\",\"width\":528,\"height\":1481,\"caption\":\"La Rosine Syrah 2020\"},{\"@type\":\"BreadcrumbList\",\"@id\":\"https:\/\/uvastrading.es\/tienda\/francia\/valle-del-rodano\/stephane-ogier-la-rosine-syrah-magnum-1-5l\/#breadcrumb\",\"itemListElement\":[{\"@type\":\"ListItem\",\"position\":1,\"name\":\"Home\",\"item\":\"https:\/\/uvastrading.es\/\"},{\"@type\":\"ListItem\",\"position\":2,\"name\":\"Tienda\",\"item\":\"https:\/\/uvastrading.es\/tienda\/\"},{\"@type\":\"ListItem\",\"position\":3,\"name\":\"Stephane Ogier La Rosine Syrah Magnum (1.5L)\"}]},{\"@type\":\"WebSite\",\"@id\":\"https:\/\/uvastrading.es\/#website\",\"url\":\"https:\/\/uvastrading.es\/\",\"name\":\"UVAS Trading\",\"description\":\"Importador y distribuidor exclusivo de bodegas familiares y de renombre de 25 regiones vitivin\u00edcolas de todo el mundo.\",\"publisher\":{\"@id\":\"https:\/\/uvastrading.es\/#organization\"},\"alternateName\":\"Inicio - UVAS Trading\",\"potentialAction\":[{\"@type\":\"SearchAction\",\"target\":{\"@type\":\"EntryPoint\",\"urlTemplate\":\"https:\/\/uvastrading.es\/?s={search_term_string}\"},\"query-input\":{\"@type\":\"PropertyValueSpecification\",\"valueRequired\":true,\"valueName\":\"search_term_string\"}}],\"inLanguage\":\"en-US\"},{\"@type\":\"Organization\",\"@id\":\"https:\/\/uvastrading.es\/#organization\",\"name\":\"UVAS Trading\",\"alternateName\":\"UVAS Trading\",\"url\":\"https:\/\/uvastrading.es\/\",\"logo\":{\"@type\":\"ImageObject\",\"inLanguage\":\"en-US\",\"@id\":\"https:\/\/uvastrading.es\/#\/schema\/logo\/image\/\",\"url\":\"https:\/\/uvastrading.es\/wp-content\/uploads\/2024\/07\/cropped-IMAGOTIPO-COLOR-1.jpg\",\"contentUrl\":\"https:\/\/uvastrading.es\/wp-content\/uploads\/2024\/07\/cropped-IMAGOTIPO-COLOR-1.jpg\",\"width\":2195,\"height\":1901,\"caption\":\"UVAS Trading\"},\"image\":{\"@id\":\"https:\/\/uvastrading.es\/#\/schema\/logo\/image\/\"}}]}<\/script>\n<!-- \/ Yoast SEO plugin. -->","yoast_head_json":{"title":"Stephane Ogier La Rosine Syrah Magnum (1.5L) - UVAS Trading","robots":{"index":"index","follow":"follow","max-snippet":"max-snippet:-1","max-image-preview":"max-image-preview:large","max-video-preview":"max-video-preview:-1"},"canonical":"https:\/\/uvastrading.es\/en\/tienda\/francia\/valle-del-rodano\/stephane-ogier-la-rosine-syrah-magnum-1-5l\/","og_locale":"en_US","og_type":"article","og_title":"Stephane Ogier La Rosine Syrah Magnum (1.5L) - UVAS Trading","og_description":"Este Vin de Pays proviene de vi\u00f1edos situados justo detr\u00e1s de la ladera de C\u00f4te-R\u00f4tie, en los mismos suelos gran\u00edticos que la famosa pendiente, pero con una exposici\u00f3n suroeste. Es oscuro, frondoso y esbelto. Es una excelente introducci\u00f3n a la gama de vinos del norte del R\u00f3dano de St\u00e9phane. Un mini-C\u00f4te-R\u00f4tie. Stephane Ogier","og_url":"https:\/\/uvastrading.es\/en\/tienda\/francia\/valle-del-rodano\/stephane-ogier-la-rosine-syrah-magnum-1-5l\/","og_site_name":"UVAS Trading","article_modified_time":"2025-03-17T16:58:17+00:00","og_image":[{"width":528,"height":1481,"url":"https:\/\/uvastrading.es\/wp-content\/uploads\/2023\/12\/39.1.png","type":"image\/png"}],"twitter_card":"summary_large_image","twitter_misc":{"Est. reading time":"1 minute"},"schema":{"@context":"https:\/\/schema.org","@graph":[{"@type":"WebPage","@id":"https:\/\/uvastrading.es\/tienda\/francia\/valle-del-rodano\/stephane-ogier-la-rosine-syrah-magnum-1-5l\/","url":"https:\/\/uvastrading.es\/tienda\/francia\/valle-del-rodano\/stephane-ogier-la-rosine-syrah-magnum-1-5l\/","name":"Stephane Ogier La Rosine Syrah Magnum (1.5L) - UVAS Trading","isPartOf":{"@id":"https:\/\/uvastrading.es\/#website"},"primaryImageOfPage":{"@id":"https:\/\/uvastrading.es\/tienda\/francia\/valle-del-rodano\/stephane-ogier-la-rosine-syrah-magnum-1-5l\/#primaryimage"},"image":{"@id":"https:\/\/uvastrading.es\/tienda\/francia\/valle-del-rodano\/stephane-ogier-la-rosine-syrah-magnum-1-5l\/#primaryimage"},"thumbnailUrl":"https:\/\/uvastrading.es\/wp-content\/uploads\/2023\/12\/39.1.png","datePublished":"2024-12-19T20:51:46+00:00","dateModified":"2025-03-17T16:58:17+00:00","breadcrumb":{"@id":"https:\/\/uvastrading.es\/tienda\/francia\/valle-del-rodano\/stephane-ogier-la-rosine-syrah-magnum-1-5l\/#breadcrumb"},"inLanguage":"en-US","potentialAction":[{"@type":"ReadAction","target":["https:\/\/uvastrading.es\/tienda\/francia\/valle-del-rodano\/stephane-ogier-la-rosine-syrah-magnum-1-5l\/"]}]},{"@type":"ImageObject","inLanguage":"en-US","@id":"https:\/\/uvastrading.es\/tienda\/francia\/valle-del-rodano\/stephane-ogier-la-rosine-syrah-magnum-1-5l\/#primaryimage","url":"https:\/\/uvastrading.es\/wp-content\/uploads\/2023\/12\/39.1.png","contentUrl":"https:\/\/uvastrading.es\/wp-content\/uploads\/2023\/12\/39.1.png","width":528,"height":1481,"caption":"La Rosine Syrah 2020"},{"@type":"BreadcrumbList","@id":"https:\/\/uvastrading.es\/tienda\/francia\/valle-del-rodano\/stephane-ogier-la-rosine-syrah-magnum-1-5l\/#breadcrumb","itemListElement":[{"@type":"ListItem","position":1,"name":"Home","item":"https:\/\/uvastrading.es\/"},{"@type":"ListItem","position":2,"name":"Tienda","item":"https:\/\/uvastrading.es\/tienda\/"},{"@type":"ListItem","position":3,"name":"Stephane Ogier La Rosine Syrah Magnum (1.5L)"}]},{"@type":"WebSite","@id":"https:\/\/uvastrading.es\/#website","url":"https:\/\/uvastrading.es\/","name":"UVAS Trading","description":"Importador y distribuidor exclusivo de bodegas familiares y de renombre de 25 regiones vitivin\u00edcolas de todo el mundo.","publisher":{"@id":"https:\/\/uvastrading.es\/#organization"},"alternateName":"Inicio - UVAS Trading","potentialAction":[{"@type":"SearchAction","target":{"@type":"EntryPoint","urlTemplate":"https:\/\/uvastrading.es\/?s={search_term_string}"},"query-input":{"@type":"PropertyValueSpecification","valueRequired":true,"valueName":"search_term_string"}}],"inLanguage":"en-US"},{"@type":"Organization","@id":"https:\/\/uvastrading.es\/#organization","name":"UVAS Trading","alternateName":"UVAS Trading","url":"https:\/\/uvastrading.es\/","logo":{"@type":"ImageObject","inLanguage":"en-US","@id":"https:\/\/uvastrading.es\/#\/schema\/logo\/image\/","url":"https:\/\/uvastrading.es\/wp-content\/uploads\/2024\/07\/cropped-IMAGOTIPO-COLOR-1.jpg","contentUrl":"https:\/\/uvastrading.es\/wp-content\/uploads\/2024\/07\/cropped-IMAGOTIPO-COLOR-1.jpg","width":2195,"height":1901,"caption":"UVAS Trading"},"image":{"@id":"https:\/\/uvastrading.es\/#\/schema\/logo\/image\/"}}]}},"_links":{"self":[{"href":"https:\/\/uvastrading.es\/en\/wp-json\/wp\/v2\/product\/14160","targetHints":{"allow":["GET"]}}],"collection":[{"href":"https:\/\/uvastrading.es\/en\/wp-json\/wp\/v2\/product"}],"about":[{"href":"https:\/\/uvastrading.es\/en\/wp-json\/wp\/v2\/types\/product"}],"replies":[{"embeddable":true,"href":"https:\/\/uvastrading.es\/en\/wp-json\/wp\/v2\/comments?post=14160"}],"version-history":[{"count":4,"href":"https:\/\/uvastrading.es\/en\/wp-json\/wp\/v2\/product\/14160\/revisions"}],"predecessor-version":[{"id":14790,"href":"https:\/\/uvastrading.es\/en\/wp-json\/wp\/v2\/product\/14160\/revisions\/14790"}],"wp:featuredmedia":[{"embeddable":true,"href":"https:\/\/uvastrading.es\/en\/wp-json\/wp\/v2\/media\/4074"}],"wp:attachment":[{"href":"https:\/\/uvastrading.es\/en\/wp-json\/wp\/v2\/media?parent=14160"}],"wp:term":[{"taxonomy":"product_brand","embeddable":true,"href":"https:\/\/uvastrading.es\/en\/wp-json\/wp\/v2\/product_brand?post=14160"},{"taxonomy":"product_cat","embeddable":true,"href":"https:\/\/uvastrading.es\/en\/wp-json\/wp\/v2\/product_cat?post=14160"},{"taxonomy":"product_tag","embeddable":true,"href":"https:\/\/uvastrading.es\/en\/wp-json\/wp\/v2\/product_tag?post=14160"}],"curies":[{"name":"wp","href":"https:\/\/api.w.org\/{rel}","templated":true}]}}