
{"id":14147,"date":"2024-12-19T20:09:07","date_gmt":"2024-12-19T20:09:07","guid":{"rendered":"https:\/\/uvastrading.es\/?post_type=product&#038;p=14147"},"modified":"2025-02-03T16:05:09","modified_gmt":"2025-02-03T16:05:09","slug":"vega-sicilia-unico-reserva-especial","status":"publish","type":"product","link":"https:\/\/uvastrading.es\/en\/tienda\/espana\/ribera-del-duero\/vega-sicilia-unico-reserva-especial\/","title":{"rendered":"Vega Sicilia Unico Reserva Especial"},"content":{"rendered":"<p><span data-sheets-root=\"1\">\u00abTestimonio del pasado, culto solemne a la historia del vino espa\u00f1ol en la que se muestra el concepto vegasiciliano m\u00e1s estable. Un vino que, conjugando el equilibrio entre las mejores a\u00f1adas y cosechas, es fiel reflejo de la magia de una tierra legendaria. Mezcla de a\u00f1os, virtudes, experiencias y sentimientos. El valor de una eterna sorpresa.<\/span><\/p>\n<p>Es el tinto que no lleva a\u00f1ada, el tributo a la tradici\u00f3n, con este vino, la bodega desea continuar una costumbre espa\u00f1ola muy antigua y conjugar tambi\u00e9n el equilibrio entre a\u00f1adas. Tradicionalmente, en Espa\u00f1a, las escas\u00edsimas bodegas que contaban con un proceso de embotellado elaboraban dos tipos de vinos en cada vendimia: el del a\u00f1o en curso y otro vino sin una cosecha espec\u00edfica, al que denominaban \u00ab\u00bbReserva Especial\u00bb\u00bb. Era una mezcla de vinos de las mejores cosechas de la que se desprend\u00eda el vino m\u00e1s representativo de la bodega.<\/p>\n<p>El Reserva Especial es el vino con m\u00e1s personalidad, a\u00fana la complejidad del \u00danico multiplic\u00e1ndola por varias a\u00f1adas y nos ofrece una inmensa gama arom\u00e1tica, elegancia pura en un eterno discurrir por la magia de un mito. S\u00f3lo los mejores \u00danicos sirven para producir Reserva Especial, una mezcla de a\u00f1os, virtudes, experiencias y sentimientos que no hacen sino perfilar la esencia m\u00e1s profunda de un estilo propio e irrepetible, el estilo Vega Sicilia\u00bb<\/p>\n<p>Vega Sicilia Unico Reserva Especial 2003<\/p>","protected":false},"excerpt":{"rendered":"<p>\u00abTestimonio del pasado, culto solemne a la historia del vino espa\u00f1ol en la que se muestra el concepto vegasiciliano m\u00e1s estable. Un vino que, conjugando el equilibrio entre las mejores a\u00f1adas y cosechas, es fiel reflejo de la magia de una tierra legendaria. Mezcla de a\u00f1os, virtudes, experiencias y sentimientos. El valor de una eterna [&hellip;]<\/p>","protected":false},"featured_media":14067,"comment_status":"open","ping_status":"closed","template":"","meta":{"_acf_changed":false,"om_disable_all_campaigns":false,"inline_featured_image":false,"_monsterinsights_skip_tracking":false,"_monsterinsights_sitenote_active":false,"_monsterinsights_sitenote_note":"","_monsterinsights_sitenote_category":0,"_joinchat":[]},"product_brand":[],"product_cat":[45,703],"product_tag":[702],"class_list":{"0":"post-14147","1":"product","2":"type-product","3":"status-publish","4":"has-post-thumbnail","6":"product_cat-espana","7":"product_cat-ribera-del-duero","8":"product_tag-vega-sicilia","10":"first","11":"instock","12":"taxable","13":"shipping-taxable","14":"purchasable","15":"product-type-simple"},"acf":[],"yoast_head":"<!-- This site is optimized with the Yoast SEO plugin v26.6 - https:\/\/yoast.com\/wordpress\/plugins\/seo\/ -->\n<title>Vega Sicilia Unico Reserva Especial - UVAS Trading<\/title>\n<meta name=\"robots\" content=\"index, follow, max-snippet:-1, max-image-preview:large, max-video-preview:-1\" \/>\n<link rel=\"canonical\" href=\"https:\/\/uvastrading.es\/en\/tienda\/espana\/ribera-del-duero\/vega-sicilia-unico-reserva-especial\/\" \/>\n<meta property=\"og:locale\" content=\"en_US\" \/>\n<meta property=\"og:type\" content=\"article\" \/>\n<meta property=\"og:title\" content=\"Vega Sicilia Unico Reserva Especial - UVAS Trading\" \/>\n<meta property=\"og:description\" content=\"\u00abTestimonio del pasado, culto solemne a la historia del vino espa\u00f1ol en la que se muestra el concepto vegasiciliano m\u00e1s estable. Un vino que, conjugando el equilibrio entre las mejores a\u00f1adas y cosechas, es fiel reflejo de la magia de una tierra legendaria. Mezcla de a\u00f1os, virtudes, experiencias y sentimientos. El valor de una eterna [&hellip;]\" \/>\n<meta property=\"og:url\" content=\"https:\/\/uvastrading.es\/en\/tienda\/espana\/ribera-del-duero\/vega-sicilia-unico-reserva-especial\/\" \/>\n<meta property=\"og:site_name\" content=\"UVAS Trading\" \/>\n<meta property=\"article:modified_time\" content=\"2025-02-03T16:05:09+00:00\" \/>\n<meta property=\"og:image\" content=\"https:\/\/uvastrading.es\/wp-content\/uploads\/2024\/12\/Vega-Sicilia-Unico-Reserva-Especial-2003.webp\" \/>\n\t<meta property=\"og:image:width\" content=\"520\" \/>\n\t<meta property=\"og:image:height\" content=\"1473\" \/>\n\t<meta property=\"og:image:type\" content=\"image\/webp\" \/>\n<meta name=\"twitter:card\" content=\"summary_large_image\" \/>\n<meta name=\"twitter:label1\" content=\"Est. reading time\" \/>\n\t<meta name=\"twitter:data1\" content=\"2 minutes\" \/>\n<script type=\"application\/ld+json\" class=\"yoast-schema-graph\">{\"@context\":\"https:\/\/schema.org\",\"@graph\":[{\"@type\":\"WebPage\",\"@id\":\"https:\/\/uvastrading.es\/tienda\/espana\/ribera-del-duero\/vega-sicilia-unico-reserva-especial\/\",\"url\":\"https:\/\/uvastrading.es\/tienda\/espana\/ribera-del-duero\/vega-sicilia-unico-reserva-especial\/\",\"name\":\"Vega Sicilia Unico Reserva Especial - UVAS Trading\",\"isPartOf\":{\"@id\":\"https:\/\/uvastrading.es\/#website\"},\"primaryImageOfPage\":{\"@id\":\"https:\/\/uvastrading.es\/tienda\/espana\/ribera-del-duero\/vega-sicilia-unico-reserva-especial\/#primaryimage\"},\"image\":{\"@id\":\"https:\/\/uvastrading.es\/tienda\/espana\/ribera-del-duero\/vega-sicilia-unico-reserva-especial\/#primaryimage\"},\"thumbnailUrl\":\"https:\/\/uvastrading.es\/wp-content\/uploads\/2024\/12\/Vega-Sicilia-Unico-Reserva-Especial-2003.webp\",\"datePublished\":\"2024-12-19T20:09:07+00:00\",\"dateModified\":\"2025-02-03T16:05:09+00:00\",\"breadcrumb\":{\"@id\":\"https:\/\/uvastrading.es\/tienda\/espana\/ribera-del-duero\/vega-sicilia-unico-reserva-especial\/#breadcrumb\"},\"inLanguage\":\"en-US\",\"potentialAction\":[{\"@type\":\"ReadAction\",\"target\":[\"https:\/\/uvastrading.es\/tienda\/espana\/ribera-del-duero\/vega-sicilia-unico-reserva-especial\/\"]}]},{\"@type\":\"ImageObject\",\"inLanguage\":\"en-US\",\"@id\":\"https:\/\/uvastrading.es\/tienda\/espana\/ribera-del-duero\/vega-sicilia-unico-reserva-especial\/#primaryimage\",\"url\":\"https:\/\/uvastrading.es\/wp-content\/uploads\/2024\/12\/Vega-Sicilia-Unico-Reserva-Especial-2003.webp\",\"contentUrl\":\"https:\/\/uvastrading.es\/wp-content\/uploads\/2024\/12\/Vega-Sicilia-Unico-Reserva-Especial-2003.webp\",\"width\":520,\"height\":1473},{\"@type\":\"BreadcrumbList\",\"@id\":\"https:\/\/uvastrading.es\/tienda\/espana\/ribera-del-duero\/vega-sicilia-unico-reserva-especial\/#breadcrumb\",\"itemListElement\":[{\"@type\":\"ListItem\",\"position\":1,\"name\":\"Home\",\"item\":\"https:\/\/uvastrading.es\/\"},{\"@type\":\"ListItem\",\"position\":2,\"name\":\"Tienda\",\"item\":\"https:\/\/uvastrading.es\/tienda\/\"},{\"@type\":\"ListItem\",\"position\":3,\"name\":\"Vega Sicilia Unico Reserva Especial\"}]},{\"@type\":\"WebSite\",\"@id\":\"https:\/\/uvastrading.es\/#website\",\"url\":\"https:\/\/uvastrading.es\/\",\"name\":\"UVAS Trading\",\"description\":\"Importador y distribuidor exclusivo de bodegas familiares y de renombre de 25 regiones vitivin\u00edcolas de todo el mundo.\",\"publisher\":{\"@id\":\"https:\/\/uvastrading.es\/#organization\"},\"alternateName\":\"Inicio - UVAS Trading\",\"potentialAction\":[{\"@type\":\"SearchAction\",\"target\":{\"@type\":\"EntryPoint\",\"urlTemplate\":\"https:\/\/uvastrading.es\/?s={search_term_string}\"},\"query-input\":{\"@type\":\"PropertyValueSpecification\",\"valueRequired\":true,\"valueName\":\"search_term_string\"}}],\"inLanguage\":\"en-US\"},{\"@type\":\"Organization\",\"@id\":\"https:\/\/uvastrading.es\/#organization\",\"name\":\"UVAS Trading\",\"alternateName\":\"UVAS Trading\",\"url\":\"https:\/\/uvastrading.es\/\",\"logo\":{\"@type\":\"ImageObject\",\"inLanguage\":\"en-US\",\"@id\":\"https:\/\/uvastrading.es\/#\/schema\/logo\/image\/\",\"url\":\"https:\/\/uvastrading.es\/wp-content\/uploads\/2024\/07\/cropped-IMAGOTIPO-COLOR-1.jpg\",\"contentUrl\":\"https:\/\/uvastrading.es\/wp-content\/uploads\/2024\/07\/cropped-IMAGOTIPO-COLOR-1.jpg\",\"width\":2195,\"height\":1901,\"caption\":\"UVAS Trading\"},\"image\":{\"@id\":\"https:\/\/uvastrading.es\/#\/schema\/logo\/image\/\"}}]}<\/script>\n<!-- \/ Yoast SEO plugin. -->","yoast_head_json":{"title":"Vega Sicilia Unico Reserva Especial - UVAS Trading","robots":{"index":"index","follow":"follow","max-snippet":"max-snippet:-1","max-image-preview":"max-image-preview:large","max-video-preview":"max-video-preview:-1"},"canonical":"https:\/\/uvastrading.es\/en\/tienda\/espana\/ribera-del-duero\/vega-sicilia-unico-reserva-especial\/","og_locale":"en_US","og_type":"article","og_title":"Vega Sicilia Unico Reserva Especial - UVAS Trading","og_description":"\u00abTestimonio del pasado, culto solemne a la historia del vino espa\u00f1ol en la que se muestra el concepto vegasiciliano m\u00e1s estable. Un vino que, conjugando el equilibrio entre las mejores a\u00f1adas y cosechas, es fiel reflejo de la magia de una tierra legendaria. Mezcla de a\u00f1os, virtudes, experiencias y sentimientos. El valor de una eterna [&hellip;]","og_url":"https:\/\/uvastrading.es\/en\/tienda\/espana\/ribera-del-duero\/vega-sicilia-unico-reserva-especial\/","og_site_name":"UVAS Trading","article_modified_time":"2025-02-03T16:05:09+00:00","og_image":[{"width":520,"height":1473,"url":"https:\/\/uvastrading.es\/wp-content\/uploads\/2024\/12\/Vega-Sicilia-Unico-Reserva-Especial-2003.webp","type":"image\/webp"}],"twitter_card":"summary_large_image","twitter_misc":{"Est. reading time":"2 minutes"},"schema":{"@context":"https:\/\/schema.org","@graph":[{"@type":"WebPage","@id":"https:\/\/uvastrading.es\/tienda\/espana\/ribera-del-duero\/vega-sicilia-unico-reserva-especial\/","url":"https:\/\/uvastrading.es\/tienda\/espana\/ribera-del-duero\/vega-sicilia-unico-reserva-especial\/","name":"Vega Sicilia Unico Reserva Especial - UVAS Trading","isPartOf":{"@id":"https:\/\/uvastrading.es\/#website"},"primaryImageOfPage":{"@id":"https:\/\/uvastrading.es\/tienda\/espana\/ribera-del-duero\/vega-sicilia-unico-reserva-especial\/#primaryimage"},"image":{"@id":"https:\/\/uvastrading.es\/tienda\/espana\/ribera-del-duero\/vega-sicilia-unico-reserva-especial\/#primaryimage"},"thumbnailUrl":"https:\/\/uvastrading.es\/wp-content\/uploads\/2024\/12\/Vega-Sicilia-Unico-Reserva-Especial-2003.webp","datePublished":"2024-12-19T20:09:07+00:00","dateModified":"2025-02-03T16:05:09+00:00","breadcrumb":{"@id":"https:\/\/uvastrading.es\/tienda\/espana\/ribera-del-duero\/vega-sicilia-unico-reserva-especial\/#breadcrumb"},"inLanguage":"en-US","potentialAction":[{"@type":"ReadAction","target":["https:\/\/uvastrading.es\/tienda\/espana\/ribera-del-duero\/vega-sicilia-unico-reserva-especial\/"]}]},{"@type":"ImageObject","inLanguage":"en-US","@id":"https:\/\/uvastrading.es\/tienda\/espana\/ribera-del-duero\/vega-sicilia-unico-reserva-especial\/#primaryimage","url":"https:\/\/uvastrading.es\/wp-content\/uploads\/2024\/12\/Vega-Sicilia-Unico-Reserva-Especial-2003.webp","contentUrl":"https:\/\/uvastrading.es\/wp-content\/uploads\/2024\/12\/Vega-Sicilia-Unico-Reserva-Especial-2003.webp","width":520,"height":1473},{"@type":"BreadcrumbList","@id":"https:\/\/uvastrading.es\/tienda\/espana\/ribera-del-duero\/vega-sicilia-unico-reserva-especial\/#breadcrumb","itemListElement":[{"@type":"ListItem","position":1,"name":"Home","item":"https:\/\/uvastrading.es\/"},{"@type":"ListItem","position":2,"name":"Tienda","item":"https:\/\/uvastrading.es\/tienda\/"},{"@type":"ListItem","position":3,"name":"Vega Sicilia Unico Reserva Especial"}]},{"@type":"WebSite","@id":"https:\/\/uvastrading.es\/#website","url":"https:\/\/uvastrading.es\/","name":"UVAS Trading","description":"Importador y distribuidor exclusivo de bodegas familiares y de renombre de 25 regiones vitivin\u00edcolas de todo el mundo.","publisher":{"@id":"https:\/\/uvastrading.es\/#organization"},"alternateName":"Inicio - UVAS Trading","potentialAction":[{"@type":"SearchAction","target":{"@type":"EntryPoint","urlTemplate":"https:\/\/uvastrading.es\/?s={search_term_string}"},"query-input":{"@type":"PropertyValueSpecification","valueRequired":true,"valueName":"search_term_string"}}],"inLanguage":"en-US"},{"@type":"Organization","@id":"https:\/\/uvastrading.es\/#organization","name":"UVAS Trading","alternateName":"UVAS Trading","url":"https:\/\/uvastrading.es\/","logo":{"@type":"ImageObject","inLanguage":"en-US","@id":"https:\/\/uvastrading.es\/#\/schema\/logo\/image\/","url":"https:\/\/uvastrading.es\/wp-content\/uploads\/2024\/07\/cropped-IMAGOTIPO-COLOR-1.jpg","contentUrl":"https:\/\/uvastrading.es\/wp-content\/uploads\/2024\/07\/cropped-IMAGOTIPO-COLOR-1.jpg","width":2195,"height":1901,"caption":"UVAS Trading"},"image":{"@id":"https:\/\/uvastrading.es\/#\/schema\/logo\/image\/"}}]}},"_links":{"self":[{"href":"https:\/\/uvastrading.es\/en\/wp-json\/wp\/v2\/product\/14147","targetHints":{"allow":["GET"]}}],"collection":[{"href":"https:\/\/uvastrading.es\/en\/wp-json\/wp\/v2\/product"}],"about":[{"href":"https:\/\/uvastrading.es\/en\/wp-json\/wp\/v2\/types\/product"}],"replies":[{"embeddable":true,"href":"https:\/\/uvastrading.es\/en\/wp-json\/wp\/v2\/comments?post=14147"}],"version-history":[{"count":5,"href":"https:\/\/uvastrading.es\/en\/wp-json\/wp\/v2\/product\/14147\/revisions"}],"predecessor-version":[{"id":14398,"href":"https:\/\/uvastrading.es\/en\/wp-json\/wp\/v2\/product\/14147\/revisions\/14398"}],"wp:featuredmedia":[{"embeddable":true,"href":"https:\/\/uvastrading.es\/en\/wp-json\/wp\/v2\/media\/14067"}],"wp:attachment":[{"href":"https:\/\/uvastrading.es\/en\/wp-json\/wp\/v2\/media?parent=14147"}],"wp:term":[{"taxonomy":"product_brand","embeddable":true,"href":"https:\/\/uvastrading.es\/en\/wp-json\/wp\/v2\/product_brand?post=14147"},{"taxonomy":"product_cat","embeddable":true,"href":"https:\/\/uvastrading.es\/en\/wp-json\/wp\/v2\/product_cat?post=14147"},{"taxonomy":"product_tag","embeddable":true,"href":"https:\/\/uvastrading.es\/en\/wp-json\/wp\/v2\/product_tag?post=14147"}],"curies":[{"name":"wp","href":"https:\/\/api.w.org\/{rel}","templated":true}]}}