
{"id":14140,"date":"2024-12-19T20:06:47","date_gmt":"2024-12-19T20:06:47","guid":{"rendered":"https:\/\/uvastrading.es\/?post_type=product&#038;p=14140"},"modified":"2025-04-04T09:09:18","modified_gmt":"2025-04-04T09:09:18","slug":"vega-sicilia-unico-gran-reserva-1999","status":"publish","type":"product","link":"https:\/\/uvastrading.es\/en\/tienda\/espana\/ribera-del-duero\/vega-sicilia-unico-gran-reserva-1999\/","title":{"rendered":"Vega Sicilia Unico Gran Reserva 1999"},"content":{"rendered":"<p><span data-sheets-root=\"1\">Un mito lleno de verdad<\/span><\/p>\n<p>Patriarca y precursor de un linaje de vinos excepcionales, forjados a lo largo del tiempo, cuya perdurabilidad les distingue y otorga un car\u00e1cter especial.<\/p>\n<p>Con un estilo inimitable, firme y s\u00f3lido ha sido capaz de conformar un gusto \u00fanico y atemporal. Un icono de prestigio mundial que con esfuerzo, constancia y discreci\u00f3n ha labrado la historia de un mito lleno de verdad.<\/p>\n<p>Es la referencia de Vega Sicilia. Un vino en el que se ensamblan a la perfecci\u00f3n las cualidades del tempranillo y el cabernet sauvignon en distintas proporciones. Cada una de ellas aporta, en cada a\u00f1ada, un elemento diferenciador que le hace grande.<\/p>\n<p>Las vi\u00f1as se cultivan en parcelas con suelos localizados en el contacto entre vertientes que descienden del p\u00e1ramo y la llanura aluvial. El suelo m\u00e1s superficial est\u00e1 formado por coluvios finos de ladera con peque\u00f1os fragmentos de calizas, en profundidad aparecen abundantes gravas cuarc\u00edticas en una matriz arenosa. En superficie abundan los cantos angulares de calizas.<\/p>\n<p>Vino tinto que realiza su fermentaci\u00f3n con temperatura controlada en dep\u00f3sitos de madera con levadura aut\u00f3ctona. La fermentaci\u00f3n malol\u00e1ctica tambi\u00e9n la realiza en madera.<\/p>\n<p>Tras su fermentaci\u00f3n pasa por la que probablemente sea el periodo de maduraci\u00f3n m\u00e1s largo del mundo en un tinto, casi 10 a\u00f1os entre madera y botella. Pasando por diferentes etapas en diferentes tipos de barrica. Madera francesa y americana, barricas de 225 litros nuevas y usadas, tinos de 20.000 litros, cada uno de los lotes es el que determina el tipo de madera y la permanencia en cada recipiente.<\/p>\n<p>Tras su paso por madera envejece en botella para completar un proceso de afinamiento complejo y largo. En condiciones normales pasar\u00e1 6 a\u00f1os en madera y 4 en botella.<\/p>\n<p>Los distintos elementos que participan en su elaboraci\u00f3n se van modelando y amoldando en busca de la l\u00ednea maestra que ha guiado al vino. \u00danico permanece fiel a un estilo claro y bien definido, un car\u00e1cter y estilo inimitables; elegancia, firmeza, capacidad de envejecimiento&#8230; Un gusto \u00fanico y atemporal que le han encumbrado a la aristocracia de los grandes cl\u00e1sicos.<\/p>\n<p>Ofrece una complejidad infinita que se va mostrando poco a poco, en cada sorbo, su paso por boca es inmensamente sedoso y elegante, y tiene una capacidad de envejecimiento s\u00f3lo al alcance de unos pocos vinos en el mundo.<\/p>\n<p>Vega Sicilia Unico Gran Reserva 1999<\/p>","protected":false},"excerpt":{"rendered":"<p>Un mito lleno de verdad Patriarca y precursor de un linaje de vinos excepcionales, forjados a lo largo del tiempo, cuya perdurabilidad les distingue y otorga un car\u00e1cter especial. Con un estilo inimitable, firme y s\u00f3lido ha sido capaz de conformar un gusto \u00fanico y atemporal. Un icono de prestigio mundial que con esfuerzo, constancia [&hellip;]<\/p>","protected":false},"featured_media":14066,"comment_status":"open","ping_status":"closed","template":"","meta":{"_acf_changed":false,"om_disable_all_campaigns":false,"inline_featured_image":false,"_monsterinsights_skip_tracking":false,"_monsterinsights_sitenote_active":false,"_monsterinsights_sitenote_note":"","_monsterinsights_sitenote_category":0,"_joinchat":[]},"product_brand":[],"product_cat":[45,703],"product_tag":[702],"class_list":{"0":"post-14140","1":"product","2":"type-product","3":"status-publish","4":"has-post-thumbnail","6":"product_cat-espana","7":"product_cat-ribera-del-duero","8":"product_tag-vega-sicilia","10":"first","11":"outofstock","12":"taxable","13":"shipping-taxable","14":"purchasable","15":"product-type-simple"},"acf":[],"yoast_head":"<!-- This site is optimized with the Yoast SEO plugin v26.6 - https:\/\/yoast.com\/wordpress\/plugins\/seo\/ -->\n<title>Vega Sicilia Unico Gran Reserva 1999 - UVAS Trading<\/title>\n<meta name=\"robots\" content=\"index, follow, max-snippet:-1, max-image-preview:large, max-video-preview:-1\" \/>\n<link rel=\"canonical\" href=\"https:\/\/uvastrading.es\/en\/tienda\/espana\/ribera-del-duero\/vega-sicilia-unico-gran-reserva-1999\/\" \/>\n<meta property=\"og:locale\" content=\"en_US\" \/>\n<meta property=\"og:type\" content=\"article\" \/>\n<meta property=\"og:title\" content=\"Vega Sicilia Unico Gran Reserva 1999 - UVAS Trading\" \/>\n<meta property=\"og:description\" content=\"Un mito lleno de verdad Patriarca y precursor de un linaje de vinos excepcionales, forjados a lo largo del tiempo, cuya perdurabilidad les distingue y otorga un car\u00e1cter especial. Con un estilo inimitable, firme y s\u00f3lido ha sido capaz de conformar un gusto \u00fanico y atemporal. Un icono de prestigio mundial que con esfuerzo, constancia [&hellip;]\" \/>\n<meta property=\"og:url\" content=\"https:\/\/uvastrading.es\/en\/tienda\/espana\/ribera-del-duero\/vega-sicilia-unico-gran-reserva-1999\/\" \/>\n<meta property=\"og:site_name\" content=\"UVAS Trading\" \/>\n<meta property=\"article:modified_time\" content=\"2025-04-04T09:09:18+00:00\" \/>\n<meta property=\"og:image\" content=\"https:\/\/uvastrading.es\/wp-content\/uploads\/2024\/12\/Vega-Sicilia-Unico-Gran-Reserva-1994.webp\" \/>\n\t<meta property=\"og:image:width\" content=\"520\" \/>\n\t<meta property=\"og:image:height\" content=\"1473\" \/>\n\t<meta property=\"og:image:type\" content=\"image\/webp\" \/>\n<meta name=\"twitter:card\" content=\"summary_large_image\" \/>\n<meta name=\"twitter:label1\" content=\"Est. reading time\" \/>\n\t<meta name=\"twitter:data1\" content=\"3 minutes\" \/>\n<script type=\"application\/ld+json\" class=\"yoast-schema-graph\">{\"@context\":\"https:\/\/schema.org\",\"@graph\":[{\"@type\":\"WebPage\",\"@id\":\"https:\/\/uvastrading.es\/tienda\/espana\/ribera-del-duero\/vega-sicilia-unico-gran-reserva-1999\/\",\"url\":\"https:\/\/uvastrading.es\/tienda\/espana\/ribera-del-duero\/vega-sicilia-unico-gran-reserva-1999\/\",\"name\":\"Vega Sicilia Unico Gran Reserva 1999 - UVAS Trading\",\"isPartOf\":{\"@id\":\"https:\/\/uvastrading.es\/#website\"},\"primaryImageOfPage\":{\"@id\":\"https:\/\/uvastrading.es\/tienda\/espana\/ribera-del-duero\/vega-sicilia-unico-gran-reserva-1999\/#primaryimage\"},\"image\":{\"@id\":\"https:\/\/uvastrading.es\/tienda\/espana\/ribera-del-duero\/vega-sicilia-unico-gran-reserva-1999\/#primaryimage\"},\"thumbnailUrl\":\"https:\/\/uvastrading.es\/wp-content\/uploads\/2024\/12\/Vega-Sicilia-Unico-Gran-Reserva-1994.webp\",\"datePublished\":\"2024-12-19T20:06:47+00:00\",\"dateModified\":\"2025-04-04T09:09:18+00:00\",\"breadcrumb\":{\"@id\":\"https:\/\/uvastrading.es\/tienda\/espana\/ribera-del-duero\/vega-sicilia-unico-gran-reserva-1999\/#breadcrumb\"},\"inLanguage\":\"en-US\",\"potentialAction\":[{\"@type\":\"ReadAction\",\"target\":[\"https:\/\/uvastrading.es\/tienda\/espana\/ribera-del-duero\/vega-sicilia-unico-gran-reserva-1999\/\"]}]},{\"@type\":\"ImageObject\",\"inLanguage\":\"en-US\",\"@id\":\"https:\/\/uvastrading.es\/tienda\/espana\/ribera-del-duero\/vega-sicilia-unico-gran-reserva-1999\/#primaryimage\",\"url\":\"https:\/\/uvastrading.es\/wp-content\/uploads\/2024\/12\/Vega-Sicilia-Unico-Gran-Reserva-1994.webp\",\"contentUrl\":\"https:\/\/uvastrading.es\/wp-content\/uploads\/2024\/12\/Vega-Sicilia-Unico-Gran-Reserva-1994.webp\",\"width\":520,\"height\":1473},{\"@type\":\"BreadcrumbList\",\"@id\":\"https:\/\/uvastrading.es\/tienda\/espana\/ribera-del-duero\/vega-sicilia-unico-gran-reserva-1999\/#breadcrumb\",\"itemListElement\":[{\"@type\":\"ListItem\",\"position\":1,\"name\":\"Home\",\"item\":\"https:\/\/uvastrading.es\/\"},{\"@type\":\"ListItem\",\"position\":2,\"name\":\"Tienda\",\"item\":\"https:\/\/uvastrading.es\/tienda\/\"},{\"@type\":\"ListItem\",\"position\":3,\"name\":\"Vega Sicilia Unico Gran Reserva 1999\"}]},{\"@type\":\"WebSite\",\"@id\":\"https:\/\/uvastrading.es\/#website\",\"url\":\"https:\/\/uvastrading.es\/\",\"name\":\"UVAS Trading\",\"description\":\"Importador y distribuidor exclusivo de bodegas familiares y de renombre de 25 regiones vitivin\u00edcolas de todo el mundo.\",\"publisher\":{\"@id\":\"https:\/\/uvastrading.es\/#organization\"},\"alternateName\":\"Inicio - UVAS Trading\",\"potentialAction\":[{\"@type\":\"SearchAction\",\"target\":{\"@type\":\"EntryPoint\",\"urlTemplate\":\"https:\/\/uvastrading.es\/?s={search_term_string}\"},\"query-input\":{\"@type\":\"PropertyValueSpecification\",\"valueRequired\":true,\"valueName\":\"search_term_string\"}}],\"inLanguage\":\"en-US\"},{\"@type\":\"Organization\",\"@id\":\"https:\/\/uvastrading.es\/#organization\",\"name\":\"UVAS Trading\",\"alternateName\":\"UVAS Trading\",\"url\":\"https:\/\/uvastrading.es\/\",\"logo\":{\"@type\":\"ImageObject\",\"inLanguage\":\"en-US\",\"@id\":\"https:\/\/uvastrading.es\/#\/schema\/logo\/image\/\",\"url\":\"https:\/\/uvastrading.es\/wp-content\/uploads\/2024\/07\/cropped-IMAGOTIPO-COLOR-1.jpg\",\"contentUrl\":\"https:\/\/uvastrading.es\/wp-content\/uploads\/2024\/07\/cropped-IMAGOTIPO-COLOR-1.jpg\",\"width\":2195,\"height\":1901,\"caption\":\"UVAS Trading\"},\"image\":{\"@id\":\"https:\/\/uvastrading.es\/#\/schema\/logo\/image\/\"}}]}<\/script>\n<!-- \/ Yoast SEO plugin. -->","yoast_head_json":{"title":"Vega Sicilia Unico Gran Reserva 1999 - UVAS Trading","robots":{"index":"index","follow":"follow","max-snippet":"max-snippet:-1","max-image-preview":"max-image-preview:large","max-video-preview":"max-video-preview:-1"},"canonical":"https:\/\/uvastrading.es\/en\/tienda\/espana\/ribera-del-duero\/vega-sicilia-unico-gran-reserva-1999\/","og_locale":"en_US","og_type":"article","og_title":"Vega Sicilia Unico Gran Reserva 1999 - UVAS Trading","og_description":"Un mito lleno de verdad Patriarca y precursor de un linaje de vinos excepcionales, forjados a lo largo del tiempo, cuya perdurabilidad les distingue y otorga un car\u00e1cter especial. Con un estilo inimitable, firme y s\u00f3lido ha sido capaz de conformar un gusto \u00fanico y atemporal. Un icono de prestigio mundial que con esfuerzo, constancia [&hellip;]","og_url":"https:\/\/uvastrading.es\/en\/tienda\/espana\/ribera-del-duero\/vega-sicilia-unico-gran-reserva-1999\/","og_site_name":"UVAS Trading","article_modified_time":"2025-04-04T09:09:18+00:00","og_image":[{"width":520,"height":1473,"url":"https:\/\/uvastrading.es\/wp-content\/uploads\/2024\/12\/Vega-Sicilia-Unico-Gran-Reserva-1994.webp","type":"image\/webp"}],"twitter_card":"summary_large_image","twitter_misc":{"Est. reading time":"3 minutes"},"schema":{"@context":"https:\/\/schema.org","@graph":[{"@type":"WebPage","@id":"https:\/\/uvastrading.es\/tienda\/espana\/ribera-del-duero\/vega-sicilia-unico-gran-reserva-1999\/","url":"https:\/\/uvastrading.es\/tienda\/espana\/ribera-del-duero\/vega-sicilia-unico-gran-reserva-1999\/","name":"Vega Sicilia Unico Gran Reserva 1999 - UVAS Trading","isPartOf":{"@id":"https:\/\/uvastrading.es\/#website"},"primaryImageOfPage":{"@id":"https:\/\/uvastrading.es\/tienda\/espana\/ribera-del-duero\/vega-sicilia-unico-gran-reserva-1999\/#primaryimage"},"image":{"@id":"https:\/\/uvastrading.es\/tienda\/espana\/ribera-del-duero\/vega-sicilia-unico-gran-reserva-1999\/#primaryimage"},"thumbnailUrl":"https:\/\/uvastrading.es\/wp-content\/uploads\/2024\/12\/Vega-Sicilia-Unico-Gran-Reserva-1994.webp","datePublished":"2024-12-19T20:06:47+00:00","dateModified":"2025-04-04T09:09:18+00:00","breadcrumb":{"@id":"https:\/\/uvastrading.es\/tienda\/espana\/ribera-del-duero\/vega-sicilia-unico-gran-reserva-1999\/#breadcrumb"},"inLanguage":"en-US","potentialAction":[{"@type":"ReadAction","target":["https:\/\/uvastrading.es\/tienda\/espana\/ribera-del-duero\/vega-sicilia-unico-gran-reserva-1999\/"]}]},{"@type":"ImageObject","inLanguage":"en-US","@id":"https:\/\/uvastrading.es\/tienda\/espana\/ribera-del-duero\/vega-sicilia-unico-gran-reserva-1999\/#primaryimage","url":"https:\/\/uvastrading.es\/wp-content\/uploads\/2024\/12\/Vega-Sicilia-Unico-Gran-Reserva-1994.webp","contentUrl":"https:\/\/uvastrading.es\/wp-content\/uploads\/2024\/12\/Vega-Sicilia-Unico-Gran-Reserva-1994.webp","width":520,"height":1473},{"@type":"BreadcrumbList","@id":"https:\/\/uvastrading.es\/tienda\/espana\/ribera-del-duero\/vega-sicilia-unico-gran-reserva-1999\/#breadcrumb","itemListElement":[{"@type":"ListItem","position":1,"name":"Home","item":"https:\/\/uvastrading.es\/"},{"@type":"ListItem","position":2,"name":"Tienda","item":"https:\/\/uvastrading.es\/tienda\/"},{"@type":"ListItem","position":3,"name":"Vega Sicilia Unico Gran Reserva 1999"}]},{"@type":"WebSite","@id":"https:\/\/uvastrading.es\/#website","url":"https:\/\/uvastrading.es\/","name":"UVAS Trading","description":"Importador y distribuidor exclusivo de bodegas familiares y de renombre de 25 regiones vitivin\u00edcolas de todo el mundo.","publisher":{"@id":"https:\/\/uvastrading.es\/#organization"},"alternateName":"Inicio - UVAS Trading","potentialAction":[{"@type":"SearchAction","target":{"@type":"EntryPoint","urlTemplate":"https:\/\/uvastrading.es\/?s={search_term_string}"},"query-input":{"@type":"PropertyValueSpecification","valueRequired":true,"valueName":"search_term_string"}}],"inLanguage":"en-US"},{"@type":"Organization","@id":"https:\/\/uvastrading.es\/#organization","name":"UVAS Trading","alternateName":"UVAS Trading","url":"https:\/\/uvastrading.es\/","logo":{"@type":"ImageObject","inLanguage":"en-US","@id":"https:\/\/uvastrading.es\/#\/schema\/logo\/image\/","url":"https:\/\/uvastrading.es\/wp-content\/uploads\/2024\/07\/cropped-IMAGOTIPO-COLOR-1.jpg","contentUrl":"https:\/\/uvastrading.es\/wp-content\/uploads\/2024\/07\/cropped-IMAGOTIPO-COLOR-1.jpg","width":2195,"height":1901,"caption":"UVAS Trading"},"image":{"@id":"https:\/\/uvastrading.es\/#\/schema\/logo\/image\/"}}]}},"_links":{"self":[{"href":"https:\/\/uvastrading.es\/en\/wp-json\/wp\/v2\/product\/14140","targetHints":{"allow":["GET"]}}],"collection":[{"href":"https:\/\/uvastrading.es\/en\/wp-json\/wp\/v2\/product"}],"about":[{"href":"https:\/\/uvastrading.es\/en\/wp-json\/wp\/v2\/types\/product"}],"replies":[{"embeddable":true,"href":"https:\/\/uvastrading.es\/en\/wp-json\/wp\/v2\/comments?post=14140"}],"version-history":[{"count":4,"href":"https:\/\/uvastrading.es\/en\/wp-json\/wp\/v2\/product\/14140\/revisions"}],"predecessor-version":[{"id":14397,"href":"https:\/\/uvastrading.es\/en\/wp-json\/wp\/v2\/product\/14140\/revisions\/14397"}],"wp:featuredmedia":[{"embeddable":true,"href":"https:\/\/uvastrading.es\/en\/wp-json\/wp\/v2\/media\/14066"}],"wp:attachment":[{"href":"https:\/\/uvastrading.es\/en\/wp-json\/wp\/v2\/media?parent=14140"}],"wp:term":[{"taxonomy":"product_brand","embeddable":true,"href":"https:\/\/uvastrading.es\/en\/wp-json\/wp\/v2\/product_brand?post=14140"},{"taxonomy":"product_cat","embeddable":true,"href":"https:\/\/uvastrading.es\/en\/wp-json\/wp\/v2\/product_cat?post=14140"},{"taxonomy":"product_tag","embeddable":true,"href":"https:\/\/uvastrading.es\/en\/wp-json\/wp\/v2\/product_tag?post=14140"}],"curies":[{"name":"wp","href":"https:\/\/api.w.org\/{rel}","templated":true}]}}