
{"id":14115,"date":"2024-12-19T19:53:23","date_gmt":"2024-12-19T19:53:23","guid":{"rendered":"https:\/\/uvastrading.es\/?post_type=product&#038;p=14115"},"modified":"2025-02-03T16:03:50","modified_gmt":"2025-02-03T16:03:50","slug":"vega-sicilia-valbuena-5-2010","status":"publish","type":"product","link":"https:\/\/uvastrading.es\/en\/tienda\/espana\/ribera-del-duero\/vega-sicilia-valbuena-5-2010\/","title":{"rendered":"Vega Sicilia Valbuena 5 2010"},"content":{"rendered":"<p><span data-sheets-root=\"1\">De las casi 1.000 hect\u00e1reas que componen la finca Vega Sicilia, 210 est\u00e1n dedicadas al cultivo de la vi\u00f1a, donde coexisten 19 tipos de suelos, divididos para su manejo en 57 lotes con particularidades muy concretas. En la formaci\u00f3n de estos suelos ha sido vital la influencia del curso del r\u00edo Duero y el paso del tiempo.<\/span><\/p>\n<p>140 de estas hect\u00e1reas se utilizan para producir Valbuena 5\u00ba a\u00f1o. Una finca \u00fanica y m\u00e1gica, que unida a un manejo extraordinario de la vi\u00f1a, permite la elaboraci\u00f3n de vinos m\u00edticos.<\/p>\n<p>Valbuena es la expresi\u00f3n m\u00e1s pura del tinto en Vega Sicilia, con una crianza que, entre madera y botella, alcanza una duraci\u00f3n de cinco a\u00f1os, que da nombre al vino: Valbuena 5\u00ba. Madera francesa y americana, barricas de 225 litros nuevas y usadas, tinos de 20.000 litros&#8230; Un proceso largo y complejo para un gran vino.<\/p>\n<p>Valbuena siempre da la cara, completo, elegante y serio.<\/p>\n<p>Es un vino que siempre conquista. A\u00f1o opulento, concentrado, impetuoso y, sin duda alguna, con un gran recorrido.<br \/>\nVega Sicilia Valbuena 5 2009<\/p>","protected":false},"excerpt":{"rendered":"<p>De las casi 1.000 hect\u00e1reas que componen la finca Vega Sicilia, 210 est\u00e1n dedicadas al cultivo de la vi\u00f1a, donde coexisten 19 tipos de suelos, divididos para su manejo en 57 lotes con particularidades muy concretas. En la formaci\u00f3n de estos suelos ha sido vital la influencia del curso del r\u00edo Duero y el paso [&hellip;]<\/p>","protected":false},"featured_media":14068,"comment_status":"open","ping_status":"closed","template":"","meta":{"_acf_changed":false,"om_disable_all_campaigns":false,"inline_featured_image":false,"_monsterinsights_skip_tracking":false,"_monsterinsights_sitenote_active":false,"_monsterinsights_sitenote_note":"","_monsterinsights_sitenote_category":0,"_joinchat":[]},"product_brand":[],"product_cat":[45,703],"product_tag":[702],"class_list":{"0":"post-14115","1":"product","2":"type-product","3":"status-publish","4":"has-post-thumbnail","6":"product_cat-espana","7":"product_cat-ribera-del-duero","8":"product_tag-vega-sicilia","10":"first","11":"instock","12":"taxable","13":"shipping-taxable","14":"purchasable","15":"product-type-simple"},"acf":[],"yoast_head":"<!-- This site is optimized with the Yoast SEO plugin v26.6 - https:\/\/yoast.com\/wordpress\/plugins\/seo\/ -->\n<title>Vega Sicilia Valbuena 5 2010 - UVAS Trading<\/title>\n<meta name=\"robots\" content=\"index, follow, max-snippet:-1, max-image-preview:large, max-video-preview:-1\" \/>\n<link rel=\"canonical\" href=\"https:\/\/uvastrading.es\/en\/tienda\/espana\/ribera-del-duero\/vega-sicilia-valbuena-5-2010\/\" \/>\n<meta property=\"og:locale\" content=\"en_US\" \/>\n<meta property=\"og:type\" content=\"article\" \/>\n<meta property=\"og:title\" content=\"Vega Sicilia Valbuena 5 2010 - UVAS Trading\" \/>\n<meta property=\"og:description\" content=\"De las casi 1.000 hect\u00e1reas que componen la finca Vega Sicilia, 210 est\u00e1n dedicadas al cultivo de la vi\u00f1a, donde coexisten 19 tipos de suelos, divididos para su manejo en 57 lotes con particularidades muy concretas. En la formaci\u00f3n de estos suelos ha sido vital la influencia del curso del r\u00edo Duero y el paso [&hellip;]\" \/>\n<meta property=\"og:url\" content=\"https:\/\/uvastrading.es\/en\/tienda\/espana\/ribera-del-duero\/vega-sicilia-valbuena-5-2010\/\" \/>\n<meta property=\"og:site_name\" content=\"UVAS Trading\" \/>\n<meta property=\"article:modified_time\" content=\"2025-02-03T16:03:50+00:00\" \/>\n<meta property=\"og:image\" content=\"https:\/\/uvastrading.es\/wp-content\/uploads\/2024\/12\/Vega-Sicilia-Valbuena-5-2009.webp\" \/>\n\t<meta property=\"og:image:width\" content=\"520\" \/>\n\t<meta property=\"og:image:height\" content=\"1473\" \/>\n\t<meta property=\"og:image:type\" content=\"image\/webp\" \/>\n<meta name=\"twitter:card\" content=\"summary_large_image\" \/>\n<meta name=\"twitter:label1\" content=\"Est. reading time\" \/>\n\t<meta name=\"twitter:data1\" content=\"2 minutes\" \/>\n<script type=\"application\/ld+json\" class=\"yoast-schema-graph\">{\"@context\":\"https:\/\/schema.org\",\"@graph\":[{\"@type\":\"WebPage\",\"@id\":\"https:\/\/uvastrading.es\/tienda\/espana\/ribera-del-duero\/vega-sicilia-valbuena-5-2010\/\",\"url\":\"https:\/\/uvastrading.es\/tienda\/espana\/ribera-del-duero\/vega-sicilia-valbuena-5-2010\/\",\"name\":\"Vega Sicilia Valbuena 5 2010 - UVAS Trading\",\"isPartOf\":{\"@id\":\"https:\/\/uvastrading.es\/#website\"},\"primaryImageOfPage\":{\"@id\":\"https:\/\/uvastrading.es\/tienda\/espana\/ribera-del-duero\/vega-sicilia-valbuena-5-2010\/#primaryimage\"},\"image\":{\"@id\":\"https:\/\/uvastrading.es\/tienda\/espana\/ribera-del-duero\/vega-sicilia-valbuena-5-2010\/#primaryimage\"},\"thumbnailUrl\":\"https:\/\/uvastrading.es\/wp-content\/uploads\/2024\/12\/Vega-Sicilia-Valbuena-5-2009.webp\",\"datePublished\":\"2024-12-19T19:53:23+00:00\",\"dateModified\":\"2025-02-03T16:03:50+00:00\",\"breadcrumb\":{\"@id\":\"https:\/\/uvastrading.es\/tienda\/espana\/ribera-del-duero\/vega-sicilia-valbuena-5-2010\/#breadcrumb\"},\"inLanguage\":\"en-US\",\"potentialAction\":[{\"@type\":\"ReadAction\",\"target\":[\"https:\/\/uvastrading.es\/tienda\/espana\/ribera-del-duero\/vega-sicilia-valbuena-5-2010\/\"]}]},{\"@type\":\"ImageObject\",\"inLanguage\":\"en-US\",\"@id\":\"https:\/\/uvastrading.es\/tienda\/espana\/ribera-del-duero\/vega-sicilia-valbuena-5-2010\/#primaryimage\",\"url\":\"https:\/\/uvastrading.es\/wp-content\/uploads\/2024\/12\/Vega-Sicilia-Valbuena-5-2009.webp\",\"contentUrl\":\"https:\/\/uvastrading.es\/wp-content\/uploads\/2024\/12\/Vega-Sicilia-Valbuena-5-2009.webp\",\"width\":520,\"height\":1473},{\"@type\":\"BreadcrumbList\",\"@id\":\"https:\/\/uvastrading.es\/tienda\/espana\/ribera-del-duero\/vega-sicilia-valbuena-5-2010\/#breadcrumb\",\"itemListElement\":[{\"@type\":\"ListItem\",\"position\":1,\"name\":\"Home\",\"item\":\"https:\/\/uvastrading.es\/\"},{\"@type\":\"ListItem\",\"position\":2,\"name\":\"Tienda\",\"item\":\"https:\/\/uvastrading.es\/tienda\/\"},{\"@type\":\"ListItem\",\"position\":3,\"name\":\"Vega Sicilia Valbuena 5 2010\"}]},{\"@type\":\"WebSite\",\"@id\":\"https:\/\/uvastrading.es\/#website\",\"url\":\"https:\/\/uvastrading.es\/\",\"name\":\"UVAS Trading\",\"description\":\"Importador y distribuidor exclusivo de bodegas familiares y de renombre de 25 regiones vitivin\u00edcolas de todo el mundo.\",\"publisher\":{\"@id\":\"https:\/\/uvastrading.es\/#organization\"},\"alternateName\":\"Inicio - UVAS Trading\",\"potentialAction\":[{\"@type\":\"SearchAction\",\"target\":{\"@type\":\"EntryPoint\",\"urlTemplate\":\"https:\/\/uvastrading.es\/?s={search_term_string}\"},\"query-input\":{\"@type\":\"PropertyValueSpecification\",\"valueRequired\":true,\"valueName\":\"search_term_string\"}}],\"inLanguage\":\"en-US\"},{\"@type\":\"Organization\",\"@id\":\"https:\/\/uvastrading.es\/#organization\",\"name\":\"UVAS Trading\",\"alternateName\":\"UVAS Trading\",\"url\":\"https:\/\/uvastrading.es\/\",\"logo\":{\"@type\":\"ImageObject\",\"inLanguage\":\"en-US\",\"@id\":\"https:\/\/uvastrading.es\/#\/schema\/logo\/image\/\",\"url\":\"https:\/\/uvastrading.es\/wp-content\/uploads\/2024\/07\/cropped-IMAGOTIPO-COLOR-1.jpg\",\"contentUrl\":\"https:\/\/uvastrading.es\/wp-content\/uploads\/2024\/07\/cropped-IMAGOTIPO-COLOR-1.jpg\",\"width\":2195,\"height\":1901,\"caption\":\"UVAS Trading\"},\"image\":{\"@id\":\"https:\/\/uvastrading.es\/#\/schema\/logo\/image\/\"}}]}<\/script>\n<!-- \/ Yoast SEO plugin. -->","yoast_head_json":{"title":"Vega Sicilia Valbuena 5 2010 - UVAS Trading","robots":{"index":"index","follow":"follow","max-snippet":"max-snippet:-1","max-image-preview":"max-image-preview:large","max-video-preview":"max-video-preview:-1"},"canonical":"https:\/\/uvastrading.es\/en\/tienda\/espana\/ribera-del-duero\/vega-sicilia-valbuena-5-2010\/","og_locale":"en_US","og_type":"article","og_title":"Vega Sicilia Valbuena 5 2010 - UVAS Trading","og_description":"De las casi 1.000 hect\u00e1reas que componen la finca Vega Sicilia, 210 est\u00e1n dedicadas al cultivo de la vi\u00f1a, donde coexisten 19 tipos de suelos, divididos para su manejo en 57 lotes con particularidades muy concretas. En la formaci\u00f3n de estos suelos ha sido vital la influencia del curso del r\u00edo Duero y el paso [&hellip;]","og_url":"https:\/\/uvastrading.es\/en\/tienda\/espana\/ribera-del-duero\/vega-sicilia-valbuena-5-2010\/","og_site_name":"UVAS Trading","article_modified_time":"2025-02-03T16:03:50+00:00","og_image":[{"width":520,"height":1473,"url":"https:\/\/uvastrading.es\/wp-content\/uploads\/2024\/12\/Vega-Sicilia-Valbuena-5-2009.webp","type":"image\/webp"}],"twitter_card":"summary_large_image","twitter_misc":{"Est. reading time":"2 minutes"},"schema":{"@context":"https:\/\/schema.org","@graph":[{"@type":"WebPage","@id":"https:\/\/uvastrading.es\/tienda\/espana\/ribera-del-duero\/vega-sicilia-valbuena-5-2010\/","url":"https:\/\/uvastrading.es\/tienda\/espana\/ribera-del-duero\/vega-sicilia-valbuena-5-2010\/","name":"Vega Sicilia Valbuena 5 2010 - UVAS Trading","isPartOf":{"@id":"https:\/\/uvastrading.es\/#website"},"primaryImageOfPage":{"@id":"https:\/\/uvastrading.es\/tienda\/espana\/ribera-del-duero\/vega-sicilia-valbuena-5-2010\/#primaryimage"},"image":{"@id":"https:\/\/uvastrading.es\/tienda\/espana\/ribera-del-duero\/vega-sicilia-valbuena-5-2010\/#primaryimage"},"thumbnailUrl":"https:\/\/uvastrading.es\/wp-content\/uploads\/2024\/12\/Vega-Sicilia-Valbuena-5-2009.webp","datePublished":"2024-12-19T19:53:23+00:00","dateModified":"2025-02-03T16:03:50+00:00","breadcrumb":{"@id":"https:\/\/uvastrading.es\/tienda\/espana\/ribera-del-duero\/vega-sicilia-valbuena-5-2010\/#breadcrumb"},"inLanguage":"en-US","potentialAction":[{"@type":"ReadAction","target":["https:\/\/uvastrading.es\/tienda\/espana\/ribera-del-duero\/vega-sicilia-valbuena-5-2010\/"]}]},{"@type":"ImageObject","inLanguage":"en-US","@id":"https:\/\/uvastrading.es\/tienda\/espana\/ribera-del-duero\/vega-sicilia-valbuena-5-2010\/#primaryimage","url":"https:\/\/uvastrading.es\/wp-content\/uploads\/2024\/12\/Vega-Sicilia-Valbuena-5-2009.webp","contentUrl":"https:\/\/uvastrading.es\/wp-content\/uploads\/2024\/12\/Vega-Sicilia-Valbuena-5-2009.webp","width":520,"height":1473},{"@type":"BreadcrumbList","@id":"https:\/\/uvastrading.es\/tienda\/espana\/ribera-del-duero\/vega-sicilia-valbuena-5-2010\/#breadcrumb","itemListElement":[{"@type":"ListItem","position":1,"name":"Home","item":"https:\/\/uvastrading.es\/"},{"@type":"ListItem","position":2,"name":"Tienda","item":"https:\/\/uvastrading.es\/tienda\/"},{"@type":"ListItem","position":3,"name":"Vega Sicilia Valbuena 5 2010"}]},{"@type":"WebSite","@id":"https:\/\/uvastrading.es\/#website","url":"https:\/\/uvastrading.es\/","name":"UVAS Trading","description":"Importador y distribuidor exclusivo de bodegas familiares y de renombre de 25 regiones vitivin\u00edcolas de todo el mundo.","publisher":{"@id":"https:\/\/uvastrading.es\/#organization"},"alternateName":"Inicio - UVAS Trading","potentialAction":[{"@type":"SearchAction","target":{"@type":"EntryPoint","urlTemplate":"https:\/\/uvastrading.es\/?s={search_term_string}"},"query-input":{"@type":"PropertyValueSpecification","valueRequired":true,"valueName":"search_term_string"}}],"inLanguage":"en-US"},{"@type":"Organization","@id":"https:\/\/uvastrading.es\/#organization","name":"UVAS Trading","alternateName":"UVAS Trading","url":"https:\/\/uvastrading.es\/","logo":{"@type":"ImageObject","inLanguage":"en-US","@id":"https:\/\/uvastrading.es\/#\/schema\/logo\/image\/","url":"https:\/\/uvastrading.es\/wp-content\/uploads\/2024\/07\/cropped-IMAGOTIPO-COLOR-1.jpg","contentUrl":"https:\/\/uvastrading.es\/wp-content\/uploads\/2024\/07\/cropped-IMAGOTIPO-COLOR-1.jpg","width":2195,"height":1901,"caption":"UVAS Trading"},"image":{"@id":"https:\/\/uvastrading.es\/#\/schema\/logo\/image\/"}}]}},"_links":{"self":[{"href":"https:\/\/uvastrading.es\/en\/wp-json\/wp\/v2\/product\/14115","targetHints":{"allow":["GET"]}}],"collection":[{"href":"https:\/\/uvastrading.es\/en\/wp-json\/wp\/v2\/product"}],"about":[{"href":"https:\/\/uvastrading.es\/en\/wp-json\/wp\/v2\/types\/product"}],"replies":[{"embeddable":true,"href":"https:\/\/uvastrading.es\/en\/wp-json\/wp\/v2\/comments?post=14115"}],"version-history":[{"count":4,"href":"https:\/\/uvastrading.es\/en\/wp-json\/wp\/v2\/product\/14115\/revisions"}],"predecessor-version":[{"id":14395,"href":"https:\/\/uvastrading.es\/en\/wp-json\/wp\/v2\/product\/14115\/revisions\/14395"}],"wp:featuredmedia":[{"embeddable":true,"href":"https:\/\/uvastrading.es\/en\/wp-json\/wp\/v2\/media\/14068"}],"wp:attachment":[{"href":"https:\/\/uvastrading.es\/en\/wp-json\/wp\/v2\/media?parent=14115"}],"wp:term":[{"taxonomy":"product_brand","embeddable":true,"href":"https:\/\/uvastrading.es\/en\/wp-json\/wp\/v2\/product_brand?post=14115"},{"taxonomy":"product_cat","embeddable":true,"href":"https:\/\/uvastrading.es\/en\/wp-json\/wp\/v2\/product_cat?post=14115"},{"taxonomy":"product_tag","embeddable":true,"href":"https:\/\/uvastrading.es\/en\/wp-json\/wp\/v2\/product_tag?post=14115"}],"curies":[{"name":"wp","href":"https:\/\/api.w.org\/{rel}","templated":true}]}}