
{"id":14098,"date":"2024-12-19T18:56:17","date_gmt":"2024-12-19T18:56:17","guid":{"rendered":"https:\/\/uvastrading.es\/?post_type=product&#038;p=14098"},"modified":"2026-04-15T12:15:13","modified_gmt":"2026-04-15T12:15:13","slug":"terre-di-rai-pinot-grigio-2023","status":"publish","type":"product","link":"https:\/\/uvastrading.es\/en\/tienda\/italia\/venecia\/terre-di-rai-pinot-grigio-2023\/","title":{"rendered":"Terre Di Rai Pinot Grigio 2023"},"content":{"rendered":"<p><span data-sheets-root=\"1\">Este Pinot Grigio se muestra intenso, amplio y complejo. En nariz, despliega delicadas notas florales de rosa silvestre y flor de azahar, acompa\u00f1adas de sensaciones de fruta tropical, c\u00edtricos y albaricoque. En boca, es estructurado, voluminoso y denso, con un excelente equilibrio \u00e1cido y una gran persistencia arom\u00e1tica retronasal. El final es suave y persistente, destacando notas de c\u00edtricos, durazno y albaricoque.<\/span><\/p>","protected":false},"excerpt":{"rendered":"<p>Este Pinot Grigio se muestra intenso, amplio y complejo. En nariz, despliega delicadas notas florales de rosa silvestre y flor de azahar, acompa\u00f1adas de sensaciones de fruta tropical, c\u00edtricos y albaricoque. En boca, es estructurado, voluminoso y denso, con un excelente equilibrio \u00e1cido y una gran persistencia arom\u00e1tica retronasal. El final es suave y persistente, [&hellip;]<\/p>","protected":false},"featured_media":14064,"comment_status":"open","ping_status":"closed","template":"","meta":{"_acf_changed":false,"om_disable_all_campaigns":false,"inline_featured_image":false,"_monsterinsights_skip_tracking":false,"_monsterinsights_sitenote_active":false,"_monsterinsights_sitenote_note":"","_monsterinsights_sitenote_category":0,"_joinchat":[]},"product_brand":[],"product_cat":[26,697],"product_tag":[698],"class_list":{"0":"post-14098","1":"product","2":"type-product","3":"status-publish","4":"has-post-thumbnail","6":"product_cat-italia","7":"product_cat-venecia","8":"product_tag-terre-di-rai","10":"first","11":"instock","12":"taxable","13":"shipping-taxable","14":"purchasable","15":"product-type-simple"},"acf":[],"yoast_head":"<!-- This site is optimized with the Yoast SEO plugin v26.6 - https:\/\/yoast.com\/wordpress\/plugins\/seo\/ -->\n<title>Terre Di Rai Pinot Grigio 2023 - UVAS Trading<\/title>\n<meta name=\"robots\" content=\"index, follow, max-snippet:-1, max-image-preview:large, max-video-preview:-1\" \/>\n<link rel=\"canonical\" href=\"https:\/\/uvastrading.es\/en\/tienda\/italia\/venecia\/terre-di-rai-pinot-grigio-2023\/\" \/>\n<meta property=\"og:locale\" content=\"en_US\" \/>\n<meta property=\"og:type\" content=\"article\" \/>\n<meta property=\"og:title\" content=\"Terre Di Rai Pinot Grigio 2023 - UVAS Trading\" \/>\n<meta property=\"og:description\" content=\"Este Pinot Grigio se muestra intenso, amplio y complejo. En nariz, despliega delicadas notas florales de rosa silvestre y flor de azahar, acompa\u00f1adas de sensaciones de fruta tropical, c\u00edtricos y albaricoque. En boca, es estructurado, voluminoso y denso, con un excelente equilibrio \u00e1cido y una gran persistencia arom\u00e1tica retronasal. El final es suave y persistente, [&hellip;]\" \/>\n<meta property=\"og:url\" content=\"https:\/\/uvastrading.es\/en\/tienda\/italia\/venecia\/terre-di-rai-pinot-grigio-2023\/\" \/>\n<meta property=\"og:site_name\" content=\"UVAS Trading\" \/>\n<meta property=\"article:modified_time\" content=\"2026-04-15T12:15:13+00:00\" \/>\n<meta property=\"og:image\" content=\"https:\/\/uvastrading.es\/wp-content\/uploads\/2024\/12\/Terre-Di-Rai-Pinot-Grigio-2023.webp\" \/>\n\t<meta property=\"og:image:width\" content=\"528\" \/>\n\t<meta property=\"og:image:height\" content=\"1473\" \/>\n\t<meta property=\"og:image:type\" content=\"image\/webp\" \/>\n<meta name=\"twitter:card\" content=\"summary_large_image\" \/>\n<meta name=\"twitter:label1\" content=\"Est. reading time\" \/>\n\t<meta name=\"twitter:data1\" content=\"1 minute\" \/>\n<script type=\"application\/ld+json\" class=\"yoast-schema-graph\">{\"@context\":\"https:\/\/schema.org\",\"@graph\":[{\"@type\":\"WebPage\",\"@id\":\"https:\/\/uvastrading.es\/tienda\/italia\/venecia\/terre-di-rai-pinot-grigio-2023\/\",\"url\":\"https:\/\/uvastrading.es\/tienda\/italia\/venecia\/terre-di-rai-pinot-grigio-2023\/\",\"name\":\"Terre Di Rai Pinot Grigio 2023 - UVAS Trading\",\"isPartOf\":{\"@id\":\"https:\/\/uvastrading.es\/#website\"},\"primaryImageOfPage\":{\"@id\":\"https:\/\/uvastrading.es\/tienda\/italia\/venecia\/terre-di-rai-pinot-grigio-2023\/#primaryimage\"},\"image\":{\"@id\":\"https:\/\/uvastrading.es\/tienda\/italia\/venecia\/terre-di-rai-pinot-grigio-2023\/#primaryimage\"},\"thumbnailUrl\":\"https:\/\/uvastrading.es\/wp-content\/uploads\/2024\/12\/Terre-Di-Rai-Pinot-Grigio-2023.webp\",\"datePublished\":\"2024-12-19T18:56:17+00:00\",\"dateModified\":\"2026-04-15T12:15:13+00:00\",\"breadcrumb\":{\"@id\":\"https:\/\/uvastrading.es\/tienda\/italia\/venecia\/terre-di-rai-pinot-grigio-2023\/#breadcrumb\"},\"inLanguage\":\"en-US\",\"potentialAction\":[{\"@type\":\"ReadAction\",\"target\":[\"https:\/\/uvastrading.es\/tienda\/italia\/venecia\/terre-di-rai-pinot-grigio-2023\/\"]}]},{\"@type\":\"ImageObject\",\"inLanguage\":\"en-US\",\"@id\":\"https:\/\/uvastrading.es\/tienda\/italia\/venecia\/terre-di-rai-pinot-grigio-2023\/#primaryimage\",\"url\":\"https:\/\/uvastrading.es\/wp-content\/uploads\/2024\/12\/Terre-Di-Rai-Pinot-Grigio-2023.webp\",\"contentUrl\":\"https:\/\/uvastrading.es\/wp-content\/uploads\/2024\/12\/Terre-Di-Rai-Pinot-Grigio-2023.webp\",\"width\":528,\"height\":1473},{\"@type\":\"BreadcrumbList\",\"@id\":\"https:\/\/uvastrading.es\/tienda\/italia\/venecia\/terre-di-rai-pinot-grigio-2023\/#breadcrumb\",\"itemListElement\":[{\"@type\":\"ListItem\",\"position\":1,\"name\":\"Home\",\"item\":\"https:\/\/uvastrading.es\/\"},{\"@type\":\"ListItem\",\"position\":2,\"name\":\"Tienda\",\"item\":\"https:\/\/uvastrading.es\/tienda\/\"},{\"@type\":\"ListItem\",\"position\":3,\"name\":\"Terre Di Rai Pinot Grigio 2023\"}]},{\"@type\":\"WebSite\",\"@id\":\"https:\/\/uvastrading.es\/#website\",\"url\":\"https:\/\/uvastrading.es\/\",\"name\":\"UVAS Trading\",\"description\":\"Importador y distribuidor exclusivo de bodegas familiares y de renombre de 25 regiones vitivin\u00edcolas de todo el mundo.\",\"publisher\":{\"@id\":\"https:\/\/uvastrading.es\/#organization\"},\"alternateName\":\"Inicio - UVAS Trading\",\"potentialAction\":[{\"@type\":\"SearchAction\",\"target\":{\"@type\":\"EntryPoint\",\"urlTemplate\":\"https:\/\/uvastrading.es\/?s={search_term_string}\"},\"query-input\":{\"@type\":\"PropertyValueSpecification\",\"valueRequired\":true,\"valueName\":\"search_term_string\"}}],\"inLanguage\":\"en-US\"},{\"@type\":\"Organization\",\"@id\":\"https:\/\/uvastrading.es\/#organization\",\"name\":\"UVAS Trading\",\"alternateName\":\"UVAS Trading\",\"url\":\"https:\/\/uvastrading.es\/\",\"logo\":{\"@type\":\"ImageObject\",\"inLanguage\":\"en-US\",\"@id\":\"https:\/\/uvastrading.es\/#\/schema\/logo\/image\/\",\"url\":\"https:\/\/uvastrading.es\/wp-content\/uploads\/2024\/07\/cropped-IMAGOTIPO-COLOR-1.jpg\",\"contentUrl\":\"https:\/\/uvastrading.es\/wp-content\/uploads\/2024\/07\/cropped-IMAGOTIPO-COLOR-1.jpg\",\"width\":2195,\"height\":1901,\"caption\":\"UVAS Trading\"},\"image\":{\"@id\":\"https:\/\/uvastrading.es\/#\/schema\/logo\/image\/\"}}]}<\/script>\n<!-- \/ Yoast SEO plugin. -->","yoast_head_json":{"title":"Terre Di Rai Pinot Grigio 2023 - UVAS Trading","robots":{"index":"index","follow":"follow","max-snippet":"max-snippet:-1","max-image-preview":"max-image-preview:large","max-video-preview":"max-video-preview:-1"},"canonical":"https:\/\/uvastrading.es\/en\/tienda\/italia\/venecia\/terre-di-rai-pinot-grigio-2023\/","og_locale":"en_US","og_type":"article","og_title":"Terre Di Rai Pinot Grigio 2023 - UVAS Trading","og_description":"Este Pinot Grigio se muestra intenso, amplio y complejo. En nariz, despliega delicadas notas florales de rosa silvestre y flor de azahar, acompa\u00f1adas de sensaciones de fruta tropical, c\u00edtricos y albaricoque. En boca, es estructurado, voluminoso y denso, con un excelente equilibrio \u00e1cido y una gran persistencia arom\u00e1tica retronasal. El final es suave y persistente, [&hellip;]","og_url":"https:\/\/uvastrading.es\/en\/tienda\/italia\/venecia\/terre-di-rai-pinot-grigio-2023\/","og_site_name":"UVAS Trading","article_modified_time":"2026-04-15T12:15:13+00:00","og_image":[{"width":528,"height":1473,"url":"https:\/\/uvastrading.es\/wp-content\/uploads\/2024\/12\/Terre-Di-Rai-Pinot-Grigio-2023.webp","type":"image\/webp"}],"twitter_card":"summary_large_image","twitter_misc":{"Est. reading time":"1 minute"},"schema":{"@context":"https:\/\/schema.org","@graph":[{"@type":"WebPage","@id":"https:\/\/uvastrading.es\/tienda\/italia\/venecia\/terre-di-rai-pinot-grigio-2023\/","url":"https:\/\/uvastrading.es\/tienda\/italia\/venecia\/terre-di-rai-pinot-grigio-2023\/","name":"Terre Di Rai Pinot Grigio 2023 - UVAS Trading","isPartOf":{"@id":"https:\/\/uvastrading.es\/#website"},"primaryImageOfPage":{"@id":"https:\/\/uvastrading.es\/tienda\/italia\/venecia\/terre-di-rai-pinot-grigio-2023\/#primaryimage"},"image":{"@id":"https:\/\/uvastrading.es\/tienda\/italia\/venecia\/terre-di-rai-pinot-grigio-2023\/#primaryimage"},"thumbnailUrl":"https:\/\/uvastrading.es\/wp-content\/uploads\/2024\/12\/Terre-Di-Rai-Pinot-Grigio-2023.webp","datePublished":"2024-12-19T18:56:17+00:00","dateModified":"2026-04-15T12:15:13+00:00","breadcrumb":{"@id":"https:\/\/uvastrading.es\/tienda\/italia\/venecia\/terre-di-rai-pinot-grigio-2023\/#breadcrumb"},"inLanguage":"en-US","potentialAction":[{"@type":"ReadAction","target":["https:\/\/uvastrading.es\/tienda\/italia\/venecia\/terre-di-rai-pinot-grigio-2023\/"]}]},{"@type":"ImageObject","inLanguage":"en-US","@id":"https:\/\/uvastrading.es\/tienda\/italia\/venecia\/terre-di-rai-pinot-grigio-2023\/#primaryimage","url":"https:\/\/uvastrading.es\/wp-content\/uploads\/2024\/12\/Terre-Di-Rai-Pinot-Grigio-2023.webp","contentUrl":"https:\/\/uvastrading.es\/wp-content\/uploads\/2024\/12\/Terre-Di-Rai-Pinot-Grigio-2023.webp","width":528,"height":1473},{"@type":"BreadcrumbList","@id":"https:\/\/uvastrading.es\/tienda\/italia\/venecia\/terre-di-rai-pinot-grigio-2023\/#breadcrumb","itemListElement":[{"@type":"ListItem","position":1,"name":"Home","item":"https:\/\/uvastrading.es\/"},{"@type":"ListItem","position":2,"name":"Tienda","item":"https:\/\/uvastrading.es\/tienda\/"},{"@type":"ListItem","position":3,"name":"Terre Di Rai Pinot Grigio 2023"}]},{"@type":"WebSite","@id":"https:\/\/uvastrading.es\/#website","url":"https:\/\/uvastrading.es\/","name":"UVAS Trading","description":"Importador y distribuidor exclusivo de bodegas familiares y de renombre de 25 regiones vitivin\u00edcolas de todo el mundo.","publisher":{"@id":"https:\/\/uvastrading.es\/#organization"},"alternateName":"Inicio - UVAS Trading","potentialAction":[{"@type":"SearchAction","target":{"@type":"EntryPoint","urlTemplate":"https:\/\/uvastrading.es\/?s={search_term_string}"},"query-input":{"@type":"PropertyValueSpecification","valueRequired":true,"valueName":"search_term_string"}}],"inLanguage":"en-US"},{"@type":"Organization","@id":"https:\/\/uvastrading.es\/#organization","name":"UVAS Trading","alternateName":"UVAS Trading","url":"https:\/\/uvastrading.es\/","logo":{"@type":"ImageObject","inLanguage":"en-US","@id":"https:\/\/uvastrading.es\/#\/schema\/logo\/image\/","url":"https:\/\/uvastrading.es\/wp-content\/uploads\/2024\/07\/cropped-IMAGOTIPO-COLOR-1.jpg","contentUrl":"https:\/\/uvastrading.es\/wp-content\/uploads\/2024\/07\/cropped-IMAGOTIPO-COLOR-1.jpg","width":2195,"height":1901,"caption":"UVAS Trading"},"image":{"@id":"https:\/\/uvastrading.es\/#\/schema\/logo\/image\/"}}]}},"_links":{"self":[{"href":"https:\/\/uvastrading.es\/en\/wp-json\/wp\/v2\/product\/14098","targetHints":{"allow":["GET"]}}],"collection":[{"href":"https:\/\/uvastrading.es\/en\/wp-json\/wp\/v2\/product"}],"about":[{"href":"https:\/\/uvastrading.es\/en\/wp-json\/wp\/v2\/types\/product"}],"replies":[{"embeddable":true,"href":"https:\/\/uvastrading.es\/en\/wp-json\/wp\/v2\/comments?post=14098"}],"version-history":[{"count":4,"href":"https:\/\/uvastrading.es\/en\/wp-json\/wp\/v2\/product\/14098\/revisions"}],"predecessor-version":[{"id":14864,"href":"https:\/\/uvastrading.es\/en\/wp-json\/wp\/v2\/product\/14098\/revisions\/14864"}],"wp:featuredmedia":[{"embeddable":true,"href":"https:\/\/uvastrading.es\/en\/wp-json\/wp\/v2\/media\/14064"}],"wp:attachment":[{"href":"https:\/\/uvastrading.es\/en\/wp-json\/wp\/v2\/media?parent=14098"}],"wp:term":[{"taxonomy":"product_brand","embeddable":true,"href":"https:\/\/uvastrading.es\/en\/wp-json\/wp\/v2\/product_brand?post=14098"},{"taxonomy":"product_cat","embeddable":true,"href":"https:\/\/uvastrading.es\/en\/wp-json\/wp\/v2\/product_cat?post=14098"},{"taxonomy":"product_tag","embeddable":true,"href":"https:\/\/uvastrading.es\/en\/wp-json\/wp\/v2\/product_tag?post=14098"}],"curies":[{"name":"wp","href":"https:\/\/api.w.org\/{rel}","templated":true}]}}