
{"id":14069,"date":"2024-12-19T18:04:10","date_gmt":"2024-12-19T18:04:10","guid":{"rendered":"https:\/\/uvastrading.es\/?post_type=product&#038;p=14069"},"modified":"2025-02-03T15:29:11","modified_gmt":"2025-02-03T15:29:11","slug":"patrimony-merlot-2020","status":"publish","type":"product","link":"https:\/\/uvastrading.es\/en\/tienda\/usa\/paso-robles\/patrimony-merlot-2020\/","title":{"rendered":"Patrimony Merlot 2020"},"content":{"rendered":"<p><span data-sheets-root=\"1\">Rico, opulento y de color profundo, el PATRIMONY Merlot 2020 exhibe suntuosos aromas de cereza negra, ciruela, chocolate y salvia, con toques de roble tostado y especias de reposter\u00eda. En boca, est\u00e1 impecablemente equilibrado, presentando generosas capas de mora, ciruela, cacao, galleta Graham y fresa cocida. Una frescura \u00e1cida y taninos suaves llevan el vino a un largo y aterciopelado crescendo. Es una expresi\u00f3n deslumbrante y definitiva del Merlot de Paso Robles que solo podr\u00eda provenir de PATRIMONY Estate.<\/span><\/p>","protected":false},"excerpt":{"rendered":"<p>Rico, opulento y de color profundo, el PATRIMONY Merlot 2020 exhibe suntuosos aromas de cereza negra, ciruela, chocolate y salvia, con toques de roble tostado y especias de reposter\u00eda. En boca, est\u00e1 impecablemente equilibrado, presentando generosas capas de mora, ciruela, cacao, galleta Graham y fresa cocida. Una frescura \u00e1cida y taninos suaves llevan el vino [&hellip;]<\/p>","protected":false},"featured_media":14063,"comment_status":"open","ping_status":"closed","template":"","meta":{"_acf_changed":false,"om_disable_all_campaigns":false,"inline_featured_image":false,"_monsterinsights_skip_tracking":false,"_monsterinsights_sitenote_active":false,"_monsterinsights_sitenote_note":"","_monsterinsights_sitenote_category":0,"_joinchat":[]},"product_brand":[],"product_cat":[634,181],"product_tag":[635],"class_list":{"0":"post-14069","1":"product","2":"type-product","3":"status-publish","4":"has-post-thumbnail","6":"product_cat-paso-robles","7":"product_cat-usa","8":"product_tag-patrimony","10":"first","11":"instock","12":"taxable","13":"shipping-taxable","14":"purchasable","15":"product-type-simple"},"acf":[],"yoast_head":"<!-- This site is optimized with the Yoast SEO plugin v26.6 - https:\/\/yoast.com\/wordpress\/plugins\/seo\/ -->\n<title>Patrimony Merlot 2020 - UVAS Trading<\/title>\n<meta name=\"robots\" content=\"index, follow, max-snippet:-1, max-image-preview:large, max-video-preview:-1\" \/>\n<link rel=\"canonical\" href=\"https:\/\/uvastrading.es\/en\/tienda\/usa\/paso-robles\/patrimony-merlot-2020\/\" \/>\n<meta property=\"og:locale\" content=\"en_US\" \/>\n<meta property=\"og:type\" content=\"article\" \/>\n<meta property=\"og:title\" content=\"Patrimony Merlot 2020 - UVAS Trading\" \/>\n<meta property=\"og:description\" content=\"Rico, opulento y de color profundo, el PATRIMONY Merlot 2020 exhibe suntuosos aromas de cereza negra, ciruela, chocolate y salvia, con toques de roble tostado y especias de reposter\u00eda. En boca, est\u00e1 impecablemente equilibrado, presentando generosas capas de mora, ciruela, cacao, galleta Graham y fresa cocida. Una frescura \u00e1cida y taninos suaves llevan el vino [&hellip;]\" \/>\n<meta property=\"og:url\" content=\"https:\/\/uvastrading.es\/en\/tienda\/usa\/paso-robles\/patrimony-merlot-2020\/\" \/>\n<meta property=\"og:site_name\" content=\"UVAS Trading\" \/>\n<meta property=\"article:modified_time\" content=\"2025-02-03T15:29:11+00:00\" \/>\n<meta property=\"og:image\" content=\"https:\/\/uvastrading.es\/wp-content\/uploads\/2024\/12\/Patrimony-Merlot-2020.webp\" \/>\n\t<meta property=\"og:image:width\" content=\"528\" \/>\n\t<meta property=\"og:image:height\" content=\"1473\" \/>\n\t<meta property=\"og:image:type\" content=\"image\/webp\" \/>\n<meta name=\"twitter:card\" content=\"summary_large_image\" \/>\n<meta name=\"twitter:label1\" content=\"Est. reading time\" \/>\n\t<meta name=\"twitter:data1\" content=\"1 minute\" \/>\n<script type=\"application\/ld+json\" class=\"yoast-schema-graph\">{\"@context\":\"https:\/\/schema.org\",\"@graph\":[{\"@type\":\"WebPage\",\"@id\":\"https:\/\/uvastrading.es\/tienda\/usa\/paso-robles\/patrimony-merlot-2020\/\",\"url\":\"https:\/\/uvastrading.es\/tienda\/usa\/paso-robles\/patrimony-merlot-2020\/\",\"name\":\"Patrimony Merlot 2020 - UVAS Trading\",\"isPartOf\":{\"@id\":\"https:\/\/uvastrading.es\/#website\"},\"primaryImageOfPage\":{\"@id\":\"https:\/\/uvastrading.es\/tienda\/usa\/paso-robles\/patrimony-merlot-2020\/#primaryimage\"},\"image\":{\"@id\":\"https:\/\/uvastrading.es\/tienda\/usa\/paso-robles\/patrimony-merlot-2020\/#primaryimage\"},\"thumbnailUrl\":\"https:\/\/uvastrading.es\/wp-content\/uploads\/2024\/12\/Patrimony-Merlot-2020.webp\",\"datePublished\":\"2024-12-19T18:04:10+00:00\",\"dateModified\":\"2025-02-03T15:29:11+00:00\",\"breadcrumb\":{\"@id\":\"https:\/\/uvastrading.es\/tienda\/usa\/paso-robles\/patrimony-merlot-2020\/#breadcrumb\"},\"inLanguage\":\"en-US\",\"potentialAction\":[{\"@type\":\"ReadAction\",\"target\":[\"https:\/\/uvastrading.es\/tienda\/usa\/paso-robles\/patrimony-merlot-2020\/\"]}]},{\"@type\":\"ImageObject\",\"inLanguage\":\"en-US\",\"@id\":\"https:\/\/uvastrading.es\/tienda\/usa\/paso-robles\/patrimony-merlot-2020\/#primaryimage\",\"url\":\"https:\/\/uvastrading.es\/wp-content\/uploads\/2024\/12\/Patrimony-Merlot-2020.webp\",\"contentUrl\":\"https:\/\/uvastrading.es\/wp-content\/uploads\/2024\/12\/Patrimony-Merlot-2020.webp\",\"width\":528,\"height\":1473},{\"@type\":\"BreadcrumbList\",\"@id\":\"https:\/\/uvastrading.es\/tienda\/usa\/paso-robles\/patrimony-merlot-2020\/#breadcrumb\",\"itemListElement\":[{\"@type\":\"ListItem\",\"position\":1,\"name\":\"Home\",\"item\":\"https:\/\/uvastrading.es\/\"},{\"@type\":\"ListItem\",\"position\":2,\"name\":\"Tienda\",\"item\":\"https:\/\/uvastrading.es\/tienda\/\"},{\"@type\":\"ListItem\",\"position\":3,\"name\":\"Patrimony Merlot 2020\"}]},{\"@type\":\"WebSite\",\"@id\":\"https:\/\/uvastrading.es\/#website\",\"url\":\"https:\/\/uvastrading.es\/\",\"name\":\"UVAS Trading\",\"description\":\"Importador y distribuidor exclusivo de bodegas familiares y de renombre de 25 regiones vitivin\u00edcolas de todo el mundo.\",\"publisher\":{\"@id\":\"https:\/\/uvastrading.es\/#organization\"},\"alternateName\":\"Inicio - UVAS Trading\",\"potentialAction\":[{\"@type\":\"SearchAction\",\"target\":{\"@type\":\"EntryPoint\",\"urlTemplate\":\"https:\/\/uvastrading.es\/?s={search_term_string}\"},\"query-input\":{\"@type\":\"PropertyValueSpecification\",\"valueRequired\":true,\"valueName\":\"search_term_string\"}}],\"inLanguage\":\"en-US\"},{\"@type\":\"Organization\",\"@id\":\"https:\/\/uvastrading.es\/#organization\",\"name\":\"UVAS Trading\",\"alternateName\":\"UVAS Trading\",\"url\":\"https:\/\/uvastrading.es\/\",\"logo\":{\"@type\":\"ImageObject\",\"inLanguage\":\"en-US\",\"@id\":\"https:\/\/uvastrading.es\/#\/schema\/logo\/image\/\",\"url\":\"https:\/\/uvastrading.es\/wp-content\/uploads\/2024\/07\/cropped-IMAGOTIPO-COLOR-1.jpg\",\"contentUrl\":\"https:\/\/uvastrading.es\/wp-content\/uploads\/2024\/07\/cropped-IMAGOTIPO-COLOR-1.jpg\",\"width\":2195,\"height\":1901,\"caption\":\"UVAS Trading\"},\"image\":{\"@id\":\"https:\/\/uvastrading.es\/#\/schema\/logo\/image\/\"}}]}<\/script>\n<!-- \/ Yoast SEO plugin. -->","yoast_head_json":{"title":"Patrimony Merlot 2020 - UVAS Trading","robots":{"index":"index","follow":"follow","max-snippet":"max-snippet:-1","max-image-preview":"max-image-preview:large","max-video-preview":"max-video-preview:-1"},"canonical":"https:\/\/uvastrading.es\/en\/tienda\/usa\/paso-robles\/patrimony-merlot-2020\/","og_locale":"en_US","og_type":"article","og_title":"Patrimony Merlot 2020 - UVAS Trading","og_description":"Rico, opulento y de color profundo, el PATRIMONY Merlot 2020 exhibe suntuosos aromas de cereza negra, ciruela, chocolate y salvia, con toques de roble tostado y especias de reposter\u00eda. En boca, est\u00e1 impecablemente equilibrado, presentando generosas capas de mora, ciruela, cacao, galleta Graham y fresa cocida. Una frescura \u00e1cida y taninos suaves llevan el vino [&hellip;]","og_url":"https:\/\/uvastrading.es\/en\/tienda\/usa\/paso-robles\/patrimony-merlot-2020\/","og_site_name":"UVAS Trading","article_modified_time":"2025-02-03T15:29:11+00:00","og_image":[{"width":528,"height":1473,"url":"https:\/\/uvastrading.es\/wp-content\/uploads\/2024\/12\/Patrimony-Merlot-2020.webp","type":"image\/webp"}],"twitter_card":"summary_large_image","twitter_misc":{"Est. reading time":"1 minute"},"schema":{"@context":"https:\/\/schema.org","@graph":[{"@type":"WebPage","@id":"https:\/\/uvastrading.es\/tienda\/usa\/paso-robles\/patrimony-merlot-2020\/","url":"https:\/\/uvastrading.es\/tienda\/usa\/paso-robles\/patrimony-merlot-2020\/","name":"Patrimony Merlot 2020 - UVAS Trading","isPartOf":{"@id":"https:\/\/uvastrading.es\/#website"},"primaryImageOfPage":{"@id":"https:\/\/uvastrading.es\/tienda\/usa\/paso-robles\/patrimony-merlot-2020\/#primaryimage"},"image":{"@id":"https:\/\/uvastrading.es\/tienda\/usa\/paso-robles\/patrimony-merlot-2020\/#primaryimage"},"thumbnailUrl":"https:\/\/uvastrading.es\/wp-content\/uploads\/2024\/12\/Patrimony-Merlot-2020.webp","datePublished":"2024-12-19T18:04:10+00:00","dateModified":"2025-02-03T15:29:11+00:00","breadcrumb":{"@id":"https:\/\/uvastrading.es\/tienda\/usa\/paso-robles\/patrimony-merlot-2020\/#breadcrumb"},"inLanguage":"en-US","potentialAction":[{"@type":"ReadAction","target":["https:\/\/uvastrading.es\/tienda\/usa\/paso-robles\/patrimony-merlot-2020\/"]}]},{"@type":"ImageObject","inLanguage":"en-US","@id":"https:\/\/uvastrading.es\/tienda\/usa\/paso-robles\/patrimony-merlot-2020\/#primaryimage","url":"https:\/\/uvastrading.es\/wp-content\/uploads\/2024\/12\/Patrimony-Merlot-2020.webp","contentUrl":"https:\/\/uvastrading.es\/wp-content\/uploads\/2024\/12\/Patrimony-Merlot-2020.webp","width":528,"height":1473},{"@type":"BreadcrumbList","@id":"https:\/\/uvastrading.es\/tienda\/usa\/paso-robles\/patrimony-merlot-2020\/#breadcrumb","itemListElement":[{"@type":"ListItem","position":1,"name":"Home","item":"https:\/\/uvastrading.es\/"},{"@type":"ListItem","position":2,"name":"Tienda","item":"https:\/\/uvastrading.es\/tienda\/"},{"@type":"ListItem","position":3,"name":"Patrimony Merlot 2020"}]},{"@type":"WebSite","@id":"https:\/\/uvastrading.es\/#website","url":"https:\/\/uvastrading.es\/","name":"UVAS Trading","description":"Importador y distribuidor exclusivo de bodegas familiares y de renombre de 25 regiones vitivin\u00edcolas de todo el mundo.","publisher":{"@id":"https:\/\/uvastrading.es\/#organization"},"alternateName":"Inicio - UVAS Trading","potentialAction":[{"@type":"SearchAction","target":{"@type":"EntryPoint","urlTemplate":"https:\/\/uvastrading.es\/?s={search_term_string}"},"query-input":{"@type":"PropertyValueSpecification","valueRequired":true,"valueName":"search_term_string"}}],"inLanguage":"en-US"},{"@type":"Organization","@id":"https:\/\/uvastrading.es\/#organization","name":"UVAS Trading","alternateName":"UVAS Trading","url":"https:\/\/uvastrading.es\/","logo":{"@type":"ImageObject","inLanguage":"en-US","@id":"https:\/\/uvastrading.es\/#\/schema\/logo\/image\/","url":"https:\/\/uvastrading.es\/wp-content\/uploads\/2024\/07\/cropped-IMAGOTIPO-COLOR-1.jpg","contentUrl":"https:\/\/uvastrading.es\/wp-content\/uploads\/2024\/07\/cropped-IMAGOTIPO-COLOR-1.jpg","width":2195,"height":1901,"caption":"UVAS Trading"},"image":{"@id":"https:\/\/uvastrading.es\/#\/schema\/logo\/image\/"}}]}},"_links":{"self":[{"href":"https:\/\/uvastrading.es\/en\/wp-json\/wp\/v2\/product\/14069","targetHints":{"allow":["GET"]}}],"collection":[{"href":"https:\/\/uvastrading.es\/en\/wp-json\/wp\/v2\/product"}],"about":[{"href":"https:\/\/uvastrading.es\/en\/wp-json\/wp\/v2\/types\/product"}],"replies":[{"embeddable":true,"href":"https:\/\/uvastrading.es\/en\/wp-json\/wp\/v2\/comments?post=14069"}],"version-history":[{"count":4,"href":"https:\/\/uvastrading.es\/en\/wp-json\/wp\/v2\/product\/14069\/revisions"}],"predecessor-version":[{"id":14919,"href":"https:\/\/uvastrading.es\/en\/wp-json\/wp\/v2\/product\/14069\/revisions\/14919"}],"wp:featuredmedia":[{"embeddable":true,"href":"https:\/\/uvastrading.es\/en\/wp-json\/wp\/v2\/media\/14063"}],"wp:attachment":[{"href":"https:\/\/uvastrading.es\/en\/wp-json\/wp\/v2\/media?parent=14069"}],"wp:term":[{"taxonomy":"product_brand","embeddable":true,"href":"https:\/\/uvastrading.es\/en\/wp-json\/wp\/v2\/product_brand?post=14069"},{"taxonomy":"product_cat","embeddable":true,"href":"https:\/\/uvastrading.es\/en\/wp-json\/wp\/v2\/product_cat?post=14069"},{"taxonomy":"product_tag","embeddable":true,"href":"https:\/\/uvastrading.es\/en\/wp-json\/wp\/v2\/product_tag?post=14069"}],"curies":[{"name":"wp","href":"https:\/\/api.w.org\/{rel}","templated":true}]}}