
{"id":13927,"date":"2024-12-13T19:56:01","date_gmt":"2024-12-13T19:56:01","guid":{"rendered":"https:\/\/uvastrading.es\/?post_type=product&#038;p=13927"},"modified":"2025-09-02T10:31:07","modified_gmt":"2025-09-02T10:31:07","slug":"prosecco-doc-treviso-brut-terre-di-rai","status":"publish","type":"product","link":"https:\/\/uvastrading.es\/en\/tienda\/italia\/venecia\/prosecco-doc-treviso-brut-terre-di-rai\/","title":{"rendered":"Prosecco DOC Treviso Brut Terre di Rai"},"content":{"rendered":"<p>Este Prosecco DOC Brut se produce principalmente a partir de uvas Glera, cultivadas en las regiones de V\u00e9neto y Friuli Venezia Giulia, a una altitud de 30-50 metros sobre el nivel del mar, en suelos arcillosos.<br \/>\nLa vinificaci\u00f3n de este vino espumoso sigue el m\u00e9todo largo Charmat, con un prensado muy suave. Este m\u00e9todo permite preservar la frescura y las caracter\u00edsticas arom\u00e1ticas de la vid, garantizando una buena estructura y suavidad en el paladar.<\/p>","protected":false},"excerpt":{"rendered":"<p>Este Prosecco DOC Brut se produce principalmente a partir de uvas Glera, cultivadas en las regiones de V\u00e9neto y Friuli Venezia Giulia, a una altitud de 30-50 metros sobre el nivel del mar, en suelos arcillosos. La vinificaci\u00f3n de este vino espumoso sigue el m\u00e9todo largo Charmat, con un prensado muy suave. Este m\u00e9todo permite [&hellip;]<\/p>","protected":false},"featured_media":13928,"comment_status":"open","ping_status":"closed","template":"","meta":{"_acf_changed":false,"om_disable_all_campaigns":false,"inline_featured_image":false,"_monsterinsights_skip_tracking":false,"_monsterinsights_sitenote_active":false,"_monsterinsights_sitenote_note":"","_monsterinsights_sitenote_category":0,"_joinchat":[]},"product_brand":[],"product_cat":[26,697],"product_tag":[698],"class_list":{"0":"post-13927","1":"product","2":"type-product","3":"status-publish","4":"has-post-thumbnail","6":"product_cat-italia","7":"product_cat-venecia","8":"product_tag-terre-di-rai","10":"first","11":"instock","12":"taxable","13":"shipping-taxable","14":"purchasable","15":"product-type-simple"},"acf":[],"yoast_head":"<!-- This site is optimized with the Yoast SEO plugin v26.6 - https:\/\/yoast.com\/wordpress\/plugins\/seo\/ -->\n<title>Prosecco DOC Treviso Brut Terre di Rai - UVAS Trading<\/title>\n<meta name=\"robots\" content=\"index, follow, max-snippet:-1, max-image-preview:large, max-video-preview:-1\" \/>\n<link rel=\"canonical\" href=\"https:\/\/uvastrading.es\/en\/tienda\/italia\/venecia\/prosecco-doc-treviso-brut-terre-di-rai\/\" \/>\n<meta property=\"og:locale\" content=\"en_US\" \/>\n<meta property=\"og:type\" content=\"article\" \/>\n<meta property=\"og:title\" content=\"Prosecco DOC Treviso Brut Terre di Rai - UVAS Trading\" \/>\n<meta property=\"og:description\" content=\"Este Prosecco DOC Brut se produce principalmente a partir de uvas Glera, cultivadas en las regiones de V\u00e9neto y Friuli Venezia Giulia, a una altitud de 30-50 metros sobre el nivel del mar, en suelos arcillosos. La vinificaci\u00f3n de este vino espumoso sigue el m\u00e9todo largo Charmat, con un prensado muy suave. Este m\u00e9todo permite [&hellip;]\" \/>\n<meta property=\"og:url\" content=\"https:\/\/uvastrading.es\/en\/tienda\/italia\/venecia\/prosecco-doc-treviso-brut-terre-di-rai\/\" \/>\n<meta property=\"og:site_name\" content=\"UVAS Trading\" \/>\n<meta property=\"article:modified_time\" content=\"2025-09-02T10:31:07+00:00\" \/>\n<meta property=\"og:image\" content=\"https:\/\/uvastrading.es\/wp-content\/uploads\/2024\/12\/Prosecco-DOC-Treviso-Brut-Terre-di-Rai.webp\" \/>\n\t<meta property=\"og:image:width\" content=\"528\" \/>\n\t<meta property=\"og:image:height\" content=\"1473\" \/>\n\t<meta property=\"og:image:type\" content=\"image\/webp\" \/>\n<meta name=\"twitter:card\" content=\"summary_large_image\" \/>\n<meta name=\"twitter:label1\" content=\"Est. reading time\" \/>\n\t<meta name=\"twitter:data1\" content=\"1 minute\" \/>\n<script type=\"application\/ld+json\" class=\"yoast-schema-graph\">{\"@context\":\"https:\/\/schema.org\",\"@graph\":[{\"@type\":\"WebPage\",\"@id\":\"https:\/\/uvastrading.es\/tienda\/italia\/venecia\/prosecco-doc-treviso-brut-terre-di-rai\/\",\"url\":\"https:\/\/uvastrading.es\/tienda\/italia\/venecia\/prosecco-doc-treviso-brut-terre-di-rai\/\",\"name\":\"Prosecco DOC Treviso Brut Terre di Rai - UVAS Trading\",\"isPartOf\":{\"@id\":\"https:\/\/uvastrading.es\/#website\"},\"primaryImageOfPage\":{\"@id\":\"https:\/\/uvastrading.es\/tienda\/italia\/venecia\/prosecco-doc-treviso-brut-terre-di-rai\/#primaryimage\"},\"image\":{\"@id\":\"https:\/\/uvastrading.es\/tienda\/italia\/venecia\/prosecco-doc-treviso-brut-terre-di-rai\/#primaryimage\"},\"thumbnailUrl\":\"https:\/\/uvastrading.es\/wp-content\/uploads\/2024\/12\/Prosecco-DOC-Treviso-Brut-Terre-di-Rai.webp\",\"datePublished\":\"2024-12-13T19:56:01+00:00\",\"dateModified\":\"2025-09-02T10:31:07+00:00\",\"breadcrumb\":{\"@id\":\"https:\/\/uvastrading.es\/tienda\/italia\/venecia\/prosecco-doc-treviso-brut-terre-di-rai\/#breadcrumb\"},\"inLanguage\":\"en-US\",\"potentialAction\":[{\"@type\":\"ReadAction\",\"target\":[\"https:\/\/uvastrading.es\/tienda\/italia\/venecia\/prosecco-doc-treviso-brut-terre-di-rai\/\"]}]},{\"@type\":\"ImageObject\",\"inLanguage\":\"en-US\",\"@id\":\"https:\/\/uvastrading.es\/tienda\/italia\/venecia\/prosecco-doc-treviso-brut-terre-di-rai\/#primaryimage\",\"url\":\"https:\/\/uvastrading.es\/wp-content\/uploads\/2024\/12\/Prosecco-DOC-Treviso-Brut-Terre-di-Rai.webp\",\"contentUrl\":\"https:\/\/uvastrading.es\/wp-content\/uploads\/2024\/12\/Prosecco-DOC-Treviso-Brut-Terre-di-Rai.webp\",\"width\":528,\"height\":1473,\"caption\":\"Prosecco DOC Treviso Brut Terre di Rai\"},{\"@type\":\"BreadcrumbList\",\"@id\":\"https:\/\/uvastrading.es\/tienda\/italia\/venecia\/prosecco-doc-treviso-brut-terre-di-rai\/#breadcrumb\",\"itemListElement\":[{\"@type\":\"ListItem\",\"position\":1,\"name\":\"Home\",\"item\":\"https:\/\/uvastrading.es\/\"},{\"@type\":\"ListItem\",\"position\":2,\"name\":\"Tienda\",\"item\":\"https:\/\/uvastrading.es\/tienda\/\"},{\"@type\":\"ListItem\",\"position\":3,\"name\":\"Prosecco DOC Treviso Brut Terre di Rai\"}]},{\"@type\":\"WebSite\",\"@id\":\"https:\/\/uvastrading.es\/#website\",\"url\":\"https:\/\/uvastrading.es\/\",\"name\":\"UVAS Trading\",\"description\":\"Importador y distribuidor exclusivo de bodegas familiares y de renombre de 25 regiones vitivin\u00edcolas de todo el mundo.\",\"publisher\":{\"@id\":\"https:\/\/uvastrading.es\/#organization\"},\"alternateName\":\"Inicio - UVAS Trading\",\"potentialAction\":[{\"@type\":\"SearchAction\",\"target\":{\"@type\":\"EntryPoint\",\"urlTemplate\":\"https:\/\/uvastrading.es\/?s={search_term_string}\"},\"query-input\":{\"@type\":\"PropertyValueSpecification\",\"valueRequired\":true,\"valueName\":\"search_term_string\"}}],\"inLanguage\":\"en-US\"},{\"@type\":\"Organization\",\"@id\":\"https:\/\/uvastrading.es\/#organization\",\"name\":\"UVAS Trading\",\"alternateName\":\"UVAS Trading\",\"url\":\"https:\/\/uvastrading.es\/\",\"logo\":{\"@type\":\"ImageObject\",\"inLanguage\":\"en-US\",\"@id\":\"https:\/\/uvastrading.es\/#\/schema\/logo\/image\/\",\"url\":\"https:\/\/uvastrading.es\/wp-content\/uploads\/2024\/07\/cropped-IMAGOTIPO-COLOR-1.jpg\",\"contentUrl\":\"https:\/\/uvastrading.es\/wp-content\/uploads\/2024\/07\/cropped-IMAGOTIPO-COLOR-1.jpg\",\"width\":2195,\"height\":1901,\"caption\":\"UVAS Trading\"},\"image\":{\"@id\":\"https:\/\/uvastrading.es\/#\/schema\/logo\/image\/\"}}]}<\/script>\n<!-- \/ Yoast SEO plugin. -->","yoast_head_json":{"title":"Prosecco DOC Treviso Brut Terre di Rai - UVAS Trading","robots":{"index":"index","follow":"follow","max-snippet":"max-snippet:-1","max-image-preview":"max-image-preview:large","max-video-preview":"max-video-preview:-1"},"canonical":"https:\/\/uvastrading.es\/en\/tienda\/italia\/venecia\/prosecco-doc-treviso-brut-terre-di-rai\/","og_locale":"en_US","og_type":"article","og_title":"Prosecco DOC Treviso Brut Terre di Rai - UVAS Trading","og_description":"Este Prosecco DOC Brut se produce principalmente a partir de uvas Glera, cultivadas en las regiones de V\u00e9neto y Friuli Venezia Giulia, a una altitud de 30-50 metros sobre el nivel del mar, en suelos arcillosos. La vinificaci\u00f3n de este vino espumoso sigue el m\u00e9todo largo Charmat, con un prensado muy suave. Este m\u00e9todo permite [&hellip;]","og_url":"https:\/\/uvastrading.es\/en\/tienda\/italia\/venecia\/prosecco-doc-treviso-brut-terre-di-rai\/","og_site_name":"UVAS Trading","article_modified_time":"2025-09-02T10:31:07+00:00","og_image":[{"width":528,"height":1473,"url":"https:\/\/uvastrading.es\/wp-content\/uploads\/2024\/12\/Prosecco-DOC-Treviso-Brut-Terre-di-Rai.webp","type":"image\/webp"}],"twitter_card":"summary_large_image","twitter_misc":{"Est. reading time":"1 minute"},"schema":{"@context":"https:\/\/schema.org","@graph":[{"@type":"WebPage","@id":"https:\/\/uvastrading.es\/tienda\/italia\/venecia\/prosecco-doc-treviso-brut-terre-di-rai\/","url":"https:\/\/uvastrading.es\/tienda\/italia\/venecia\/prosecco-doc-treviso-brut-terre-di-rai\/","name":"Prosecco DOC Treviso Brut Terre di Rai - UVAS Trading","isPartOf":{"@id":"https:\/\/uvastrading.es\/#website"},"primaryImageOfPage":{"@id":"https:\/\/uvastrading.es\/tienda\/italia\/venecia\/prosecco-doc-treviso-brut-terre-di-rai\/#primaryimage"},"image":{"@id":"https:\/\/uvastrading.es\/tienda\/italia\/venecia\/prosecco-doc-treviso-brut-terre-di-rai\/#primaryimage"},"thumbnailUrl":"https:\/\/uvastrading.es\/wp-content\/uploads\/2024\/12\/Prosecco-DOC-Treviso-Brut-Terre-di-Rai.webp","datePublished":"2024-12-13T19:56:01+00:00","dateModified":"2025-09-02T10:31:07+00:00","breadcrumb":{"@id":"https:\/\/uvastrading.es\/tienda\/italia\/venecia\/prosecco-doc-treviso-brut-terre-di-rai\/#breadcrumb"},"inLanguage":"en-US","potentialAction":[{"@type":"ReadAction","target":["https:\/\/uvastrading.es\/tienda\/italia\/venecia\/prosecco-doc-treviso-brut-terre-di-rai\/"]}]},{"@type":"ImageObject","inLanguage":"en-US","@id":"https:\/\/uvastrading.es\/tienda\/italia\/venecia\/prosecco-doc-treviso-brut-terre-di-rai\/#primaryimage","url":"https:\/\/uvastrading.es\/wp-content\/uploads\/2024\/12\/Prosecco-DOC-Treviso-Brut-Terre-di-Rai.webp","contentUrl":"https:\/\/uvastrading.es\/wp-content\/uploads\/2024\/12\/Prosecco-DOC-Treviso-Brut-Terre-di-Rai.webp","width":528,"height":1473,"caption":"Prosecco DOC Treviso Brut Terre di Rai"},{"@type":"BreadcrumbList","@id":"https:\/\/uvastrading.es\/tienda\/italia\/venecia\/prosecco-doc-treviso-brut-terre-di-rai\/#breadcrumb","itemListElement":[{"@type":"ListItem","position":1,"name":"Home","item":"https:\/\/uvastrading.es\/"},{"@type":"ListItem","position":2,"name":"Tienda","item":"https:\/\/uvastrading.es\/tienda\/"},{"@type":"ListItem","position":3,"name":"Prosecco DOC Treviso Brut Terre di Rai"}]},{"@type":"WebSite","@id":"https:\/\/uvastrading.es\/#website","url":"https:\/\/uvastrading.es\/","name":"UVAS Trading","description":"Importador y distribuidor exclusivo de bodegas familiares y de renombre de 25 regiones vitivin\u00edcolas de todo el mundo.","publisher":{"@id":"https:\/\/uvastrading.es\/#organization"},"alternateName":"Inicio - UVAS Trading","potentialAction":[{"@type":"SearchAction","target":{"@type":"EntryPoint","urlTemplate":"https:\/\/uvastrading.es\/?s={search_term_string}"},"query-input":{"@type":"PropertyValueSpecification","valueRequired":true,"valueName":"search_term_string"}}],"inLanguage":"en-US"},{"@type":"Organization","@id":"https:\/\/uvastrading.es\/#organization","name":"UVAS Trading","alternateName":"UVAS Trading","url":"https:\/\/uvastrading.es\/","logo":{"@type":"ImageObject","inLanguage":"en-US","@id":"https:\/\/uvastrading.es\/#\/schema\/logo\/image\/","url":"https:\/\/uvastrading.es\/wp-content\/uploads\/2024\/07\/cropped-IMAGOTIPO-COLOR-1.jpg","contentUrl":"https:\/\/uvastrading.es\/wp-content\/uploads\/2024\/07\/cropped-IMAGOTIPO-COLOR-1.jpg","width":2195,"height":1901,"caption":"UVAS Trading"},"image":{"@id":"https:\/\/uvastrading.es\/#\/schema\/logo\/image\/"}}]}},"_links":{"self":[{"href":"https:\/\/uvastrading.es\/en\/wp-json\/wp\/v2\/product\/13927","targetHints":{"allow":["GET"]}}],"collection":[{"href":"https:\/\/uvastrading.es\/en\/wp-json\/wp\/v2\/product"}],"about":[{"href":"https:\/\/uvastrading.es\/en\/wp-json\/wp\/v2\/types\/product"}],"replies":[{"embeddable":true,"href":"https:\/\/uvastrading.es\/en\/wp-json\/wp\/v2\/comments?post=13927"}],"version-history":[{"count":2,"href":"https:\/\/uvastrading.es\/en\/wp-json\/wp\/v2\/product\/13927\/revisions"}],"predecessor-version":[{"id":13932,"href":"https:\/\/uvastrading.es\/en\/wp-json\/wp\/v2\/product\/13927\/revisions\/13932"}],"wp:featuredmedia":[{"embeddable":true,"href":"https:\/\/uvastrading.es\/en\/wp-json\/wp\/v2\/media\/13928"}],"wp:attachment":[{"href":"https:\/\/uvastrading.es\/en\/wp-json\/wp\/v2\/media?parent=13927"}],"wp:term":[{"taxonomy":"product_brand","embeddable":true,"href":"https:\/\/uvastrading.es\/en\/wp-json\/wp\/v2\/product_brand?post=13927"},{"taxonomy":"product_cat","embeddable":true,"href":"https:\/\/uvastrading.es\/en\/wp-json\/wp\/v2\/product_cat?post=13927"},{"taxonomy":"product_tag","embeddable":true,"href":"https:\/\/uvastrading.es\/en\/wp-json\/wp\/v2\/product_tag?post=13927"}],"curies":[{"name":"wp","href":"https:\/\/api.w.org\/{rel}","templated":true}]}}