
{"id":10457,"date":"2024-08-08T21:14:16","date_gmt":"2024-08-08T21:14:16","guid":{"rendered":"https:\/\/uvastrading.es\/tienda\/sin%20categor\u00eda\/chablis-1er-cru-beauroy-2021\/"},"modified":"2025-05-27T15:45:55","modified_gmt":"2025-05-27T15:45:55","slug":"chablis-1er-cru-beauroy-2021","status":"publish","type":"product","link":"https:\/\/uvastrading.es\/en\/tienda\/francia\/borgona\/chablis-1er-cru-beauroy-2021\/","title":{"rendered":"Chablis 1st Growth Beauroy 2021"},"content":{"rendered":"<p>The southeast orientation of Beauroy receives abundant morning sun but a more moderate exposure in the afternoon, which explains its perfect balance. The wine presents a charming pale straw-yellow color, and the fresh and fruity aromas are anchored by a deep and pleasant nutty note.<\/p>\n<p><span style=\"display: none;\">Domaine Roland Lavantureux<\/span><\/p>","protected":false},"excerpt":{"rendered":"<p>La orientaci\u00f3n sureste de Beauroy recibe abundante sol por la ma\u00f1ana pero una exposici\u00f3n m\u00e1s moderada por la tarde, lo que explica su equilibrio perfecto. El vino presenta un encantador color amarillo pajizo p\u00e1lido, y los arom\u00e1ticos frescos y afrutados est\u00e1n anclados por una profunda y agradable nota de nuez. Domaine Roland Lavantureux<\/p>","protected":false},"featured_media":10448,"comment_status":"open","ping_status":"closed","template":"","meta":{"_acf_changed":false,"om_disable_all_campaigns":false,"inline_featured_image":false,"_monsterinsights_skip_tracking":false,"_monsterinsights_sitenote_active":false,"_monsterinsights_sitenote_note":"","_monsterinsights_sitenote_category":0,"_joinchat":[]},"product_brand":[],"product_cat":[592,24],"product_tag":[596],"class_list":{"0":"post-10457","1":"product","2":"type-product","3":"status-publish","4":"has-post-thumbnail","6":"product_cat-borgona","7":"product_cat-francia","8":"product_tag-domaine-roland-lavantureux","10":"first","11":"instock","12":"taxable","13":"shipping-taxable","14":"purchasable","15":"product-type-simple"},"acf":[],"yoast_head":"<!-- This site is optimized with the Yoast SEO plugin v26.6 - https:\/\/yoast.com\/wordpress\/plugins\/seo\/ -->\n<title>Chablis 1er Cru Beauroy 2021 - UVAS Trading<\/title>\n<meta name=\"robots\" content=\"index, follow, max-snippet:-1, max-image-preview:large, max-video-preview:-1\" \/>\n<link rel=\"canonical\" href=\"https:\/\/uvastrading.es\/en\/tienda\/francia\/borgona\/chablis-1er-cru-beauroy-2021\/\" \/>\n<meta property=\"og:locale\" content=\"en_US\" \/>\n<meta property=\"og:type\" content=\"article\" \/>\n<meta property=\"og:title\" content=\"Chablis 1er Cru Beauroy 2021 - UVAS Trading\" \/>\n<meta property=\"og:description\" content=\"La orientaci\u00f3n sureste de Beauroy recibe abundante sol por la ma\u00f1ana pero una exposici\u00f3n m\u00e1s moderada por la tarde, lo que explica su equilibrio perfecto. El vino presenta un encantador color amarillo pajizo p\u00e1lido, y los arom\u00e1ticos frescos y afrutados est\u00e1n anclados por una profunda y agradable nota de nuez. Domaine Roland Lavantureux\" \/>\n<meta property=\"og:url\" content=\"https:\/\/uvastrading.es\/en\/tienda\/francia\/borgona\/chablis-1er-cru-beauroy-2021\/\" \/>\n<meta property=\"og:site_name\" content=\"UVAS Trading\" \/>\n<meta property=\"article:modified_time\" content=\"2025-05-27T15:45:55+00:00\" \/>\n<meta property=\"og:image\" content=\"https:\/\/uvastrading.es\/wp-content\/uploads\/2024\/08\/Chablis-1er-Cru-Beauroy-2021.png\" \/>\n\t<meta property=\"og:image:width\" content=\"520\" \/>\n\t<meta property=\"og:image:height\" content=\"1473\" \/>\n\t<meta property=\"og:image:type\" content=\"image\/png\" \/>\n<meta name=\"twitter:card\" content=\"summary_large_image\" \/>\n<meta name=\"twitter:label1\" content=\"Est. reading time\" \/>\n\t<meta name=\"twitter:data1\" content=\"1 minute\" \/>\n<script type=\"application\/ld+json\" class=\"yoast-schema-graph\">{\"@context\":\"https:\/\/schema.org\",\"@graph\":[{\"@type\":\"WebPage\",\"@id\":\"https:\/\/uvastrading.es\/tienda\/francia\/borgona\/chablis-1er-cru-beauroy-2021\/\",\"url\":\"https:\/\/uvastrading.es\/tienda\/francia\/borgona\/chablis-1er-cru-beauroy-2021\/\",\"name\":\"Chablis 1er Cru Beauroy 2021 - UVAS Trading\",\"isPartOf\":{\"@id\":\"https:\/\/uvastrading.es\/#website\"},\"primaryImageOfPage\":{\"@id\":\"https:\/\/uvastrading.es\/tienda\/francia\/borgona\/chablis-1er-cru-beauroy-2021\/#primaryimage\"},\"image\":{\"@id\":\"https:\/\/uvastrading.es\/tienda\/francia\/borgona\/chablis-1er-cru-beauroy-2021\/#primaryimage\"},\"thumbnailUrl\":\"https:\/\/uvastrading.es\/wp-content\/uploads\/2024\/08\/Chablis-1er-Cru-Beauroy-2021.png\",\"datePublished\":\"2024-08-08T21:14:16+00:00\",\"dateModified\":\"2025-05-27T15:45:55+00:00\",\"breadcrumb\":{\"@id\":\"https:\/\/uvastrading.es\/tienda\/francia\/borgona\/chablis-1er-cru-beauroy-2021\/#breadcrumb\"},\"inLanguage\":\"en-US\",\"potentialAction\":[{\"@type\":\"ReadAction\",\"target\":[\"https:\/\/uvastrading.es\/tienda\/francia\/borgona\/chablis-1er-cru-beauroy-2021\/\"]}]},{\"@type\":\"ImageObject\",\"inLanguage\":\"en-US\",\"@id\":\"https:\/\/uvastrading.es\/tienda\/francia\/borgona\/chablis-1er-cru-beauroy-2021\/#primaryimage\",\"url\":\"https:\/\/uvastrading.es\/wp-content\/uploads\/2024\/08\/Chablis-1er-Cru-Beauroy-2021.png\",\"contentUrl\":\"https:\/\/uvastrading.es\/wp-content\/uploads\/2024\/08\/Chablis-1er-Cru-Beauroy-2021.png\",\"width\":520,\"height\":1473},{\"@type\":\"BreadcrumbList\",\"@id\":\"https:\/\/uvastrading.es\/tienda\/francia\/borgona\/chablis-1er-cru-beauroy-2021\/#breadcrumb\",\"itemListElement\":[{\"@type\":\"ListItem\",\"position\":1,\"name\":\"Home\",\"item\":\"https:\/\/uvastrading.es\/\"},{\"@type\":\"ListItem\",\"position\":2,\"name\":\"Tienda\",\"item\":\"https:\/\/uvastrading.es\/tienda\/\"},{\"@type\":\"ListItem\",\"position\":3,\"name\":\"Chablis 1er Cru Beauroy 2021\"}]},{\"@type\":\"WebSite\",\"@id\":\"https:\/\/uvastrading.es\/#website\",\"url\":\"https:\/\/uvastrading.es\/\",\"name\":\"UVAS Trading\",\"description\":\"Importador y distribuidor exclusivo de bodegas familiares y de renombre de 25 regiones vitivin\u00edcolas de todo el mundo.\",\"publisher\":{\"@id\":\"https:\/\/uvastrading.es\/#organization\"},\"alternateName\":\"Inicio - UVAS Trading\",\"potentialAction\":[{\"@type\":\"SearchAction\",\"target\":{\"@type\":\"EntryPoint\",\"urlTemplate\":\"https:\/\/uvastrading.es\/?s={search_term_string}\"},\"query-input\":{\"@type\":\"PropertyValueSpecification\",\"valueRequired\":true,\"valueName\":\"search_term_string\"}}],\"inLanguage\":\"en-US\"},{\"@type\":\"Organization\",\"@id\":\"https:\/\/uvastrading.es\/#organization\",\"name\":\"UVAS Trading\",\"alternateName\":\"UVAS Trading\",\"url\":\"https:\/\/uvastrading.es\/\",\"logo\":{\"@type\":\"ImageObject\",\"inLanguage\":\"en-US\",\"@id\":\"https:\/\/uvastrading.es\/#\/schema\/logo\/image\/\",\"url\":\"https:\/\/uvastrading.es\/wp-content\/uploads\/2024\/07\/cropped-IMAGOTIPO-COLOR-1.jpg\",\"contentUrl\":\"https:\/\/uvastrading.es\/wp-content\/uploads\/2024\/07\/cropped-IMAGOTIPO-COLOR-1.jpg\",\"width\":2195,\"height\":1901,\"caption\":\"UVAS Trading\"},\"image\":{\"@id\":\"https:\/\/uvastrading.es\/#\/schema\/logo\/image\/\"}}]}<\/script>\n<!-- \/ Yoast SEO plugin. -->","yoast_head_json":{"title":"Chablis 1er Cru Beauroy 2021 - UVAS Trading","robots":{"index":"index","follow":"follow","max-snippet":"max-snippet:-1","max-image-preview":"max-image-preview:large","max-video-preview":"max-video-preview:-1"},"canonical":"https:\/\/uvastrading.es\/en\/tienda\/francia\/borgona\/chablis-1er-cru-beauroy-2021\/","og_locale":"en_US","og_type":"article","og_title":"Chablis 1er Cru Beauroy 2021 - UVAS Trading","og_description":"La orientaci\u00f3n sureste de Beauroy recibe abundante sol por la ma\u00f1ana pero una exposici\u00f3n m\u00e1s moderada por la tarde, lo que explica su equilibrio perfecto. El vino presenta un encantador color amarillo pajizo p\u00e1lido, y los arom\u00e1ticos frescos y afrutados est\u00e1n anclados por una profunda y agradable nota de nuez. Domaine Roland Lavantureux","og_url":"https:\/\/uvastrading.es\/en\/tienda\/francia\/borgona\/chablis-1er-cru-beauroy-2021\/","og_site_name":"UVAS Trading","article_modified_time":"2025-05-27T15:45:55+00:00","og_image":[{"width":520,"height":1473,"url":"https:\/\/uvastrading.es\/wp-content\/uploads\/2024\/08\/Chablis-1er-Cru-Beauroy-2021.png","type":"image\/png"}],"twitter_card":"summary_large_image","twitter_misc":{"Est. reading time":"1 minute"},"schema":{"@context":"https:\/\/schema.org","@graph":[{"@type":"WebPage","@id":"https:\/\/uvastrading.es\/tienda\/francia\/borgona\/chablis-1er-cru-beauroy-2021\/","url":"https:\/\/uvastrading.es\/tienda\/francia\/borgona\/chablis-1er-cru-beauroy-2021\/","name":"Chablis 1er Cru Beauroy 2021 - UVAS Trading","isPartOf":{"@id":"https:\/\/uvastrading.es\/#website"},"primaryImageOfPage":{"@id":"https:\/\/uvastrading.es\/tienda\/francia\/borgona\/chablis-1er-cru-beauroy-2021\/#primaryimage"},"image":{"@id":"https:\/\/uvastrading.es\/tienda\/francia\/borgona\/chablis-1er-cru-beauroy-2021\/#primaryimage"},"thumbnailUrl":"https:\/\/uvastrading.es\/wp-content\/uploads\/2024\/08\/Chablis-1er-Cru-Beauroy-2021.png","datePublished":"2024-08-08T21:14:16+00:00","dateModified":"2025-05-27T15:45:55+00:00","breadcrumb":{"@id":"https:\/\/uvastrading.es\/tienda\/francia\/borgona\/chablis-1er-cru-beauroy-2021\/#breadcrumb"},"inLanguage":"en-US","potentialAction":[{"@type":"ReadAction","target":["https:\/\/uvastrading.es\/tienda\/francia\/borgona\/chablis-1er-cru-beauroy-2021\/"]}]},{"@type":"ImageObject","inLanguage":"en-US","@id":"https:\/\/uvastrading.es\/tienda\/francia\/borgona\/chablis-1er-cru-beauroy-2021\/#primaryimage","url":"https:\/\/uvastrading.es\/wp-content\/uploads\/2024\/08\/Chablis-1er-Cru-Beauroy-2021.png","contentUrl":"https:\/\/uvastrading.es\/wp-content\/uploads\/2024\/08\/Chablis-1er-Cru-Beauroy-2021.png","width":520,"height":1473},{"@type":"BreadcrumbList","@id":"https:\/\/uvastrading.es\/tienda\/francia\/borgona\/chablis-1er-cru-beauroy-2021\/#breadcrumb","itemListElement":[{"@type":"ListItem","position":1,"name":"Home","item":"https:\/\/uvastrading.es\/"},{"@type":"ListItem","position":2,"name":"Tienda","item":"https:\/\/uvastrading.es\/tienda\/"},{"@type":"ListItem","position":3,"name":"Chablis 1er Cru Beauroy 2021"}]},{"@type":"WebSite","@id":"https:\/\/uvastrading.es\/#website","url":"https:\/\/uvastrading.es\/","name":"UVAS Trading","description":"Importador y distribuidor exclusivo de bodegas familiares y de renombre de 25 regiones vitivin\u00edcolas de todo el mundo.","publisher":{"@id":"https:\/\/uvastrading.es\/#organization"},"alternateName":"Inicio - UVAS Trading","potentialAction":[{"@type":"SearchAction","target":{"@type":"EntryPoint","urlTemplate":"https:\/\/uvastrading.es\/?s={search_term_string}"},"query-input":{"@type":"PropertyValueSpecification","valueRequired":true,"valueName":"search_term_string"}}],"inLanguage":"en-US"},{"@type":"Organization","@id":"https:\/\/uvastrading.es\/#organization","name":"UVAS Trading","alternateName":"UVAS Trading","url":"https:\/\/uvastrading.es\/","logo":{"@type":"ImageObject","inLanguage":"en-US","@id":"https:\/\/uvastrading.es\/#\/schema\/logo\/image\/","url":"https:\/\/uvastrading.es\/wp-content\/uploads\/2024\/07\/cropped-IMAGOTIPO-COLOR-1.jpg","contentUrl":"https:\/\/uvastrading.es\/wp-content\/uploads\/2024\/07\/cropped-IMAGOTIPO-COLOR-1.jpg","width":2195,"height":1901,"caption":"UVAS Trading"},"image":{"@id":"https:\/\/uvastrading.es\/#\/schema\/logo\/image\/"}}]}},"_links":{"self":[{"href":"https:\/\/uvastrading.es\/en\/wp-json\/wp\/v2\/product\/10457","targetHints":{"allow":["GET"]}}],"collection":[{"href":"https:\/\/uvastrading.es\/en\/wp-json\/wp\/v2\/product"}],"about":[{"href":"https:\/\/uvastrading.es\/en\/wp-json\/wp\/v2\/types\/product"}],"replies":[{"embeddable":true,"href":"https:\/\/uvastrading.es\/en\/wp-json\/wp\/v2\/comments?post=10457"}],"version-history":[{"count":5,"href":"https:\/\/uvastrading.es\/en\/wp-json\/wp\/v2\/product\/10457\/revisions"}],"predecessor-version":[{"id":12847,"href":"https:\/\/uvastrading.es\/en\/wp-json\/wp\/v2\/product\/10457\/revisions\/12847"}],"wp:featuredmedia":[{"embeddable":true,"href":"https:\/\/uvastrading.es\/en\/wp-json\/wp\/v2\/media\/10448"}],"wp:attachment":[{"href":"https:\/\/uvastrading.es\/en\/wp-json\/wp\/v2\/media?parent=10457"}],"wp:term":[{"taxonomy":"product_brand","embeddable":true,"href":"https:\/\/uvastrading.es\/en\/wp-json\/wp\/v2\/product_brand?post=10457"},{"taxonomy":"product_cat","embeddable":true,"href":"https:\/\/uvastrading.es\/en\/wp-json\/wp\/v2\/product_cat?post=10457"},{"taxonomy":"product_tag","embeddable":true,"href":"https:\/\/uvastrading.es\/en\/wp-json\/wp\/v2\/product_tag?post=10457"}],"curies":[{"name":"wp","href":"https:\/\/api.w.org\/{rel}","templated":true}]}}