
{"id":10389,"date":"2024-08-08T12:43:51","date_gmt":"2024-08-08T12:43:51","guid":{"rendered":"https:\/\/uvastrading.es\/tienda\/sin%20categor\u00eda\/chateau-vasinerie-puisseguin-st-emilion-2019\/"},"modified":"2024-10-06T18:49:07","modified_gmt":"2024-10-06T18:49:07","slug":"chateau-vasinerie-puisseguin-st-emilion-2019","status":"publish","type":"product","link":"https:\/\/uvastrading.es\/en\/tienda\/francia\/saint-emilion\/chateau-vasinerie-puisseguin-st-emilion-2019\/","title":{"rendered":"Vasinerie Castle Puisseguin St Emilion 2019"},"content":{"rendered":"<p>Antiguamente parte del Ch\u00e2teau de Puisseguin, Ch\u00e2teau La Vaisinerie existe desde el siglo XVII. Desde julio de 2019, Alain Moses es el nuevo propietario. Despu\u00e9s de ser corredor de vinos durante 20 a\u00f1os, Alain cre\u00f3 TWINS, una empresa de comercio de vinos especializada en vinos finos de Burdeos, ahora gestionada por sus hijos. Como empresario apasionado por los vinos, Alain quer\u00eda un nuevo desaf\u00edo enfocado en los vi\u00f1edos. Ch\u00e2teau La Vaisinerie sigue siendo una propiedad familiar.<\/p>\n<p><span style=\"display: none;\">Uvas Trading Bordeaux Selection<\/span><\/p>","protected":false},"excerpt":{"rendered":"<p>Antiguamente parte del Ch\u00e2teau de Puisseguin, Ch\u00e2teau La Vaisinerie existe desde el siglo XVII. Desde julio de 2019, Alain Moses es el nuevo propietario. Despu\u00e9s de ser corredor de vinos durante 20 a\u00f1os, Alain cre\u00f3 TWINS, una empresa de comercio de vinos especializada en vinos finos de Burdeos, ahora gestionada por sus hijos. Como empresario [&hellip;]<\/p>","protected":false},"featured_media":10382,"comment_status":"open","ping_status":"closed","template":"","meta":{"_acf_changed":false,"om_disable_all_campaigns":false,"inline_featured_image":false,"_monsterinsights_skip_tracking":false,"_monsterinsights_sitenote_active":false,"_monsterinsights_sitenote_note":"","_monsterinsights_sitenote_category":0,"_joinchat":[]},"product_brand":[],"product_cat":[597,24,119],"product_tag":[668],"class_list":{"0":"post-10389","1":"product","2":"type-product","3":"status-publish","4":"has-post-thumbnail","6":"product_cat-burdeos","7":"product_cat-francia","8":"product_cat-saint-emilion","9":"product_tag-uvas-trading-seleccion-burdeos","11":"first","12":"instock","13":"taxable","14":"shipping-taxable","15":"purchasable","16":"product-type-simple"},"acf":[],"yoast_head":"<!-- This site is optimized with the Yoast SEO plugin v26.6 - https:\/\/yoast.com\/wordpress\/plugins\/seo\/ -->\n<title>Ch\u00e2teau Vasinerie Puisseguin St Emilion 2019 - UVAS Trading<\/title>\n<meta name=\"robots\" content=\"index, follow, max-snippet:-1, max-image-preview:large, max-video-preview:-1\" \/>\n<link rel=\"canonical\" href=\"https:\/\/uvastrading.es\/en\/tienda\/francia\/saint-emilion\/chateau-vasinerie-puisseguin-st-emilion-2019\/\" \/>\n<meta property=\"og:locale\" content=\"en_US\" \/>\n<meta property=\"og:type\" content=\"article\" \/>\n<meta property=\"og:title\" content=\"Ch\u00e2teau Vasinerie Puisseguin St Emilion 2019 - UVAS Trading\" \/>\n<meta property=\"og:description\" content=\"Antiguamente parte del Ch\u00e2teau de Puisseguin, Ch\u00e2teau La Vaisinerie existe desde el siglo XVII. Desde julio de 2019, Alain Moses es el nuevo propietario. Despu\u00e9s de ser corredor de vinos durante 20 a\u00f1os, Alain cre\u00f3 TWINS, una empresa de comercio de vinos especializada en vinos finos de Burdeos, ahora gestionada por sus hijos. Como empresario [&hellip;]\" \/>\n<meta property=\"og:url\" content=\"https:\/\/uvastrading.es\/en\/tienda\/francia\/saint-emilion\/chateau-vasinerie-puisseguin-st-emilion-2019\/\" \/>\n<meta property=\"og:site_name\" content=\"UVAS Trading\" \/>\n<meta property=\"article:modified_time\" content=\"2024-10-06T18:49:07+00:00\" \/>\n<meta property=\"og:image\" content=\"https:\/\/uvastrading.es\/wp-content\/uploads\/2024\/08\/La-Vaisinerie-PNG.png\" \/>\n\t<meta property=\"og:image:width\" content=\"528\" \/>\n\t<meta property=\"og:image:height\" content=\"1481\" \/>\n\t<meta property=\"og:image:type\" content=\"image\/png\" \/>\n<meta name=\"twitter:card\" content=\"summary_large_image\" \/>\n<meta name=\"twitter:label1\" content=\"Est. reading time\" \/>\n\t<meta name=\"twitter:data1\" content=\"1 minute\" \/>\n<script type=\"application\/ld+json\" class=\"yoast-schema-graph\">{\"@context\":\"https:\/\/schema.org\",\"@graph\":[{\"@type\":\"WebPage\",\"@id\":\"https:\/\/uvastrading.es\/tienda\/francia\/saint-emilion\/chateau-vasinerie-puisseguin-st-emilion-2019\/\",\"url\":\"https:\/\/uvastrading.es\/tienda\/francia\/saint-emilion\/chateau-vasinerie-puisseguin-st-emilion-2019\/\",\"name\":\"Ch\u00e2teau Vasinerie Puisseguin St Emilion 2019 - UVAS Trading\",\"isPartOf\":{\"@id\":\"https:\/\/uvastrading.es\/#website\"},\"primaryImageOfPage\":{\"@id\":\"https:\/\/uvastrading.es\/tienda\/francia\/saint-emilion\/chateau-vasinerie-puisseguin-st-emilion-2019\/#primaryimage\"},\"image\":{\"@id\":\"https:\/\/uvastrading.es\/tienda\/francia\/saint-emilion\/chateau-vasinerie-puisseguin-st-emilion-2019\/#primaryimage\"},\"thumbnailUrl\":\"https:\/\/uvastrading.es\/wp-content\/uploads\/2024\/08\/La-Vaisinerie-PNG.png\",\"datePublished\":\"2024-08-08T12:43:51+00:00\",\"dateModified\":\"2024-10-06T18:49:07+00:00\",\"breadcrumb\":{\"@id\":\"https:\/\/uvastrading.es\/tienda\/francia\/saint-emilion\/chateau-vasinerie-puisseguin-st-emilion-2019\/#breadcrumb\"},\"inLanguage\":\"en-US\",\"potentialAction\":[{\"@type\":\"ReadAction\",\"target\":[\"https:\/\/uvastrading.es\/tienda\/francia\/saint-emilion\/chateau-vasinerie-puisseguin-st-emilion-2019\/\"]}]},{\"@type\":\"ImageObject\",\"inLanguage\":\"en-US\",\"@id\":\"https:\/\/uvastrading.es\/tienda\/francia\/saint-emilion\/chateau-vasinerie-puisseguin-st-emilion-2019\/#primaryimage\",\"url\":\"https:\/\/uvastrading.es\/wp-content\/uploads\/2024\/08\/La-Vaisinerie-PNG.png\",\"contentUrl\":\"https:\/\/uvastrading.es\/wp-content\/uploads\/2024\/08\/La-Vaisinerie-PNG.png\",\"width\":528,\"height\":1481},{\"@type\":\"BreadcrumbList\",\"@id\":\"https:\/\/uvastrading.es\/tienda\/francia\/saint-emilion\/chateau-vasinerie-puisseguin-st-emilion-2019\/#breadcrumb\",\"itemListElement\":[{\"@type\":\"ListItem\",\"position\":1,\"name\":\"Home\",\"item\":\"https:\/\/uvastrading.es\/\"},{\"@type\":\"ListItem\",\"position\":2,\"name\":\"Tienda\",\"item\":\"https:\/\/uvastrading.es\/tienda\/\"},{\"@type\":\"ListItem\",\"position\":3,\"name\":\"Ch\u00e2teau Vasinerie Puisseguin St Emilion 2019\"}]},{\"@type\":\"WebSite\",\"@id\":\"https:\/\/uvastrading.es\/#website\",\"url\":\"https:\/\/uvastrading.es\/\",\"name\":\"UVAS Trading\",\"description\":\"Importador y distribuidor exclusivo de bodegas familiares y de renombre de 25 regiones vitivin\u00edcolas de todo el mundo.\",\"publisher\":{\"@id\":\"https:\/\/uvastrading.es\/#organization\"},\"alternateName\":\"Inicio - UVAS Trading\",\"potentialAction\":[{\"@type\":\"SearchAction\",\"target\":{\"@type\":\"EntryPoint\",\"urlTemplate\":\"https:\/\/uvastrading.es\/?s={search_term_string}\"},\"query-input\":{\"@type\":\"PropertyValueSpecification\",\"valueRequired\":true,\"valueName\":\"search_term_string\"}}],\"inLanguage\":\"en-US\"},{\"@type\":\"Organization\",\"@id\":\"https:\/\/uvastrading.es\/#organization\",\"name\":\"UVAS Trading\",\"alternateName\":\"UVAS Trading\",\"url\":\"https:\/\/uvastrading.es\/\",\"logo\":{\"@type\":\"ImageObject\",\"inLanguage\":\"en-US\",\"@id\":\"https:\/\/uvastrading.es\/#\/schema\/logo\/image\/\",\"url\":\"https:\/\/uvastrading.es\/wp-content\/uploads\/2024\/07\/cropped-IMAGOTIPO-COLOR-1.jpg\",\"contentUrl\":\"https:\/\/uvastrading.es\/wp-content\/uploads\/2024\/07\/cropped-IMAGOTIPO-COLOR-1.jpg\",\"width\":2195,\"height\":1901,\"caption\":\"UVAS Trading\"},\"image\":{\"@id\":\"https:\/\/uvastrading.es\/#\/schema\/logo\/image\/\"}}]}<\/script>\n<!-- \/ Yoast SEO plugin. -->","yoast_head_json":{"title":"Ch\u00e2teau Vasinerie Puisseguin St Emilion 2019 - UVAS Trading","robots":{"index":"index","follow":"follow","max-snippet":"max-snippet:-1","max-image-preview":"max-image-preview:large","max-video-preview":"max-video-preview:-1"},"canonical":"https:\/\/uvastrading.es\/en\/tienda\/francia\/saint-emilion\/chateau-vasinerie-puisseguin-st-emilion-2019\/","og_locale":"en_US","og_type":"article","og_title":"Ch\u00e2teau Vasinerie Puisseguin St Emilion 2019 - UVAS Trading","og_description":"Antiguamente parte del Ch\u00e2teau de Puisseguin, Ch\u00e2teau La Vaisinerie existe desde el siglo XVII. Desde julio de 2019, Alain Moses es el nuevo propietario. Despu\u00e9s de ser corredor de vinos durante 20 a\u00f1os, Alain cre\u00f3 TWINS, una empresa de comercio de vinos especializada en vinos finos de Burdeos, ahora gestionada por sus hijos. Como empresario [&hellip;]","og_url":"https:\/\/uvastrading.es\/en\/tienda\/francia\/saint-emilion\/chateau-vasinerie-puisseguin-st-emilion-2019\/","og_site_name":"UVAS Trading","article_modified_time":"2024-10-06T18:49:07+00:00","og_image":[{"width":528,"height":1481,"url":"https:\/\/uvastrading.es\/wp-content\/uploads\/2024\/08\/La-Vaisinerie-PNG.png","type":"image\/png"}],"twitter_card":"summary_large_image","twitter_misc":{"Est. reading time":"1 minute"},"schema":{"@context":"https:\/\/schema.org","@graph":[{"@type":"WebPage","@id":"https:\/\/uvastrading.es\/tienda\/francia\/saint-emilion\/chateau-vasinerie-puisseguin-st-emilion-2019\/","url":"https:\/\/uvastrading.es\/tienda\/francia\/saint-emilion\/chateau-vasinerie-puisseguin-st-emilion-2019\/","name":"Ch\u00e2teau Vasinerie Puisseguin St Emilion 2019 - UVAS Trading","isPartOf":{"@id":"https:\/\/uvastrading.es\/#website"},"primaryImageOfPage":{"@id":"https:\/\/uvastrading.es\/tienda\/francia\/saint-emilion\/chateau-vasinerie-puisseguin-st-emilion-2019\/#primaryimage"},"image":{"@id":"https:\/\/uvastrading.es\/tienda\/francia\/saint-emilion\/chateau-vasinerie-puisseguin-st-emilion-2019\/#primaryimage"},"thumbnailUrl":"https:\/\/uvastrading.es\/wp-content\/uploads\/2024\/08\/La-Vaisinerie-PNG.png","datePublished":"2024-08-08T12:43:51+00:00","dateModified":"2024-10-06T18:49:07+00:00","breadcrumb":{"@id":"https:\/\/uvastrading.es\/tienda\/francia\/saint-emilion\/chateau-vasinerie-puisseguin-st-emilion-2019\/#breadcrumb"},"inLanguage":"en-US","potentialAction":[{"@type":"ReadAction","target":["https:\/\/uvastrading.es\/tienda\/francia\/saint-emilion\/chateau-vasinerie-puisseguin-st-emilion-2019\/"]}]},{"@type":"ImageObject","inLanguage":"en-US","@id":"https:\/\/uvastrading.es\/tienda\/francia\/saint-emilion\/chateau-vasinerie-puisseguin-st-emilion-2019\/#primaryimage","url":"https:\/\/uvastrading.es\/wp-content\/uploads\/2024\/08\/La-Vaisinerie-PNG.png","contentUrl":"https:\/\/uvastrading.es\/wp-content\/uploads\/2024\/08\/La-Vaisinerie-PNG.png","width":528,"height":1481},{"@type":"BreadcrumbList","@id":"https:\/\/uvastrading.es\/tienda\/francia\/saint-emilion\/chateau-vasinerie-puisseguin-st-emilion-2019\/#breadcrumb","itemListElement":[{"@type":"ListItem","position":1,"name":"Home","item":"https:\/\/uvastrading.es\/"},{"@type":"ListItem","position":2,"name":"Tienda","item":"https:\/\/uvastrading.es\/tienda\/"},{"@type":"ListItem","position":3,"name":"Ch\u00e2teau Vasinerie Puisseguin St Emilion 2019"}]},{"@type":"WebSite","@id":"https:\/\/uvastrading.es\/#website","url":"https:\/\/uvastrading.es\/","name":"UVAS Trading","description":"Importador y distribuidor exclusivo de bodegas familiares y de renombre de 25 regiones vitivin\u00edcolas de todo el mundo.","publisher":{"@id":"https:\/\/uvastrading.es\/#organization"},"alternateName":"Inicio - UVAS Trading","potentialAction":[{"@type":"SearchAction","target":{"@type":"EntryPoint","urlTemplate":"https:\/\/uvastrading.es\/?s={search_term_string}"},"query-input":{"@type":"PropertyValueSpecification","valueRequired":true,"valueName":"search_term_string"}}],"inLanguage":"en-US"},{"@type":"Organization","@id":"https:\/\/uvastrading.es\/#organization","name":"UVAS Trading","alternateName":"UVAS Trading","url":"https:\/\/uvastrading.es\/","logo":{"@type":"ImageObject","inLanguage":"en-US","@id":"https:\/\/uvastrading.es\/#\/schema\/logo\/image\/","url":"https:\/\/uvastrading.es\/wp-content\/uploads\/2024\/07\/cropped-IMAGOTIPO-COLOR-1.jpg","contentUrl":"https:\/\/uvastrading.es\/wp-content\/uploads\/2024\/07\/cropped-IMAGOTIPO-COLOR-1.jpg","width":2195,"height":1901,"caption":"UVAS Trading"},"image":{"@id":"https:\/\/uvastrading.es\/#\/schema\/logo\/image\/"}}]}},"_links":{"self":[{"href":"https:\/\/uvastrading.es\/en\/wp-json\/wp\/v2\/product\/10389","targetHints":{"allow":["GET"]}}],"collection":[{"href":"https:\/\/uvastrading.es\/en\/wp-json\/wp\/v2\/product"}],"about":[{"href":"https:\/\/uvastrading.es\/en\/wp-json\/wp\/v2\/types\/product"}],"replies":[{"embeddable":true,"href":"https:\/\/uvastrading.es\/en\/wp-json\/wp\/v2\/comments?post=10389"}],"version-history":[{"count":3,"href":"https:\/\/uvastrading.es\/en\/wp-json\/wp\/v2\/product\/10389\/revisions"}],"predecessor-version":[{"id":12852,"href":"https:\/\/uvastrading.es\/en\/wp-json\/wp\/v2\/product\/10389\/revisions\/12852"}],"wp:featuredmedia":[{"embeddable":true,"href":"https:\/\/uvastrading.es\/en\/wp-json\/wp\/v2\/media\/10382"}],"wp:attachment":[{"href":"https:\/\/uvastrading.es\/en\/wp-json\/wp\/v2\/media?parent=10389"}],"wp:term":[{"taxonomy":"product_brand","embeddable":true,"href":"https:\/\/uvastrading.es\/en\/wp-json\/wp\/v2\/product_brand?post=10389"},{"taxonomy":"product_cat","embeddable":true,"href":"https:\/\/uvastrading.es\/en\/wp-json\/wp\/v2\/product_cat?post=10389"},{"taxonomy":"product_tag","embeddable":true,"href":"https:\/\/uvastrading.es\/en\/wp-json\/wp\/v2\/product_tag?post=10389"}],"curies":[{"name":"wp","href":"https:\/\/api.w.org\/{rel}","templated":true}]}}