
{"id":26,"date":"2023-10-10T15:52:47","date_gmt":"2023-10-10T15:52:47","guid":{"rendered":"https:\/\/uvastrading.es\/?page_id=26"},"modified":"2024-10-25T14:50:33","modified_gmt":"2024-10-25T14:50:33","slug":"sobre-nosotros","status":"publish","type":"page","link":"https:\/\/uvastrading.es\/en\/sobre-nosotros\/","title":{"rendered":"About us"},"content":{"rendered":"<div data-elementor-type=\"wp-page\" data-elementor-id=\"26\" class=\"elementor elementor-26\" data-elementor-post-type=\"page\">\n\t\t\t\t<div class=\"elementor-element elementor-element-0d2ad10 e-flex e-con-boxed e-con e-parent\" data-id=\"0d2ad10\" data-element_type=\"container\">\n\t\t\t\t\t<div class=\"e-con-inner\">\n\t\t\t\t<div class=\"elementor-element elementor-element-17dcc66 elementor-widget elementor-widget-image\" data-id=\"17dcc66\" data-element_type=\"widget\" data-widget_type=\"image.default\">\n\t\t\t\t<div class=\"elementor-widget-container\">\n\t\t\t\t\t\t\t\t\t\t\t\t\t<img decoding=\"async\" width=\"231\" height=\"75\" src=\"https:\/\/uvastrading.es\/wp-content\/uploads\/2023\/10\/cropped-Recurso-3.png\" class=\"attachment-medium size-medium wp-image-810\" alt=\"cropped Recurso 3\" srcset=\"https:\/\/uvastrading.es\/wp-content\/uploads\/2023\/10\/cropped-Recurso-3.png 231w, https:\/\/uvastrading.es\/wp-content\/uploads\/2023\/10\/cropped-Recurso-3-64x21.png 64w\" sizes=\"(max-width: 231px) 100vw, 231px\" \/>\t\t\t\t\t\t\t\t\t\t\t\t\t<\/div>\n\t\t\t\t<\/div>\n\t\t\t\t\t<\/div>\n\t\t\t\t<\/div>\n\t\t<div class=\"elementor-element elementor-element-e0eccd2 e-flex e-con-boxed e-con e-parent\" data-id=\"e0eccd2\" data-element_type=\"container\">\n\t\t\t\t\t<div class=\"e-con-inner\">\n\t\t<div class=\"elementor-element elementor-element-54f072a e-con-full e-flex e-con e-child\" data-id=\"54f072a\" data-element_type=\"container\">\n\t\t\t\t<div class=\"elementor-element elementor-element-e172e95 elementor-widget elementor-widget-heading\" data-id=\"e172e95\" data-element_type=\"widget\" data-widget_type=\"heading.default\">\n\t\t\t\t<div class=\"elementor-widget-container\">\n\t\t\t<h3 class=\"elementor-heading-title elementor-size-default\">Creation\n<\/h3>\t\t<\/div>\n\t\t\t\t<\/div>\n\t\t\t\t<div class=\"elementor-element elementor-element-2c6c2bf elementor-widget elementor-widget-text-editor\" data-id=\"2c6c2bf\" data-element_type=\"widget\" data-widget_type=\"text-editor.default\">\n\t\t\t\t<div class=\"elementor-widget-container\">\n\t\t\t\t\t\t\t<p class=\"text-node\" data-pm-slice=\"1 1 []\">Uvas Trading was founded in 2022, and although the company is young, the experience in the industry is long. The founders of UVAS Trading have over 20 years of experience in the sector and developed one of the largest wine distribution companies in China over the last 20 years (EMW fine wine). Our goal is to achieve similar success in the Spanish market by sharing our passion for wine.<\/p>\t\t\t\t\t\t<\/div>\n\t\t\t\t<\/div>\n\t\t\t\t<\/div>\n\t\t<div class=\"elementor-element elementor-element-0ced016 e-con-full e-flex e-con e-child\" data-id=\"0ced016\" data-element_type=\"container\">\n\t\t\t\t<div class=\"elementor-element elementor-element-a59f858 elementor-widget elementor-widget-heading\" data-id=\"a59f858\" data-element_type=\"widget\" data-widget_type=\"heading.default\">\n\t\t\t\t<div class=\"elementor-widget-container\">\n\t\t\t<h3 class=\"elementor-heading-title elementor-size-default\">Mission and differentiation\n<\/h3>\t\t<\/div>\n\t\t\t\t<\/div>\n\t\t\t\t<div class=\"elementor-element elementor-element-d7d5826 elementor-widget elementor-widget-text-editor\" data-id=\"d7d5826\" data-element_type=\"widget\" data-widget_type=\"text-editor.default\">\n\t\t\t\t<div class=\"elementor-widget-container\">\n\t\t\t\t\t\t\t<p class=\"text-node\" data-pm-slice=\"1 1 []\"><strong>Our mission is to offer something unique and different.<\/strong> to what they already have access to, working with the best carefully selected family wineries from the most prominent wine regions in the world. Our goal is to make our clients experience what the world of wine has to offer and provide wines for all customer profiles, reasonably priced wines of the best quality and widest range, but also wines for collectors and wine lovers.<\/p>\t\t\t\t\t\t<\/div>\n\t\t\t\t<\/div>\n\t\t\t\t<\/div>\n\t\t<div class=\"elementor-element elementor-element-bcde52d e-con-full e-flex e-con e-child\" data-id=\"bcde52d\" data-element_type=\"container\">\n\t\t\t\t<div class=\"elementor-element elementor-element-4231076 elementor-widget elementor-widget-heading\" data-id=\"4231076\" data-element_type=\"widget\" data-widget_type=\"heading.default\">\n\t\t\t\t<div class=\"elementor-widget-container\">\n\t\t\t<h3 class=\"elementor-heading-title elementor-size-default\">Products and services<\/h3>\t\t<\/div>\n\t\t\t\t<\/div>\n\t\t\t\t<div class=\"elementor-element elementor-element-638ef73 elementor-widget elementor-widget-text-editor\" data-id=\"638ef73\" data-element_type=\"widget\" data-widget_type=\"text-editor.default\">\n\t\t\t\t<div class=\"elementor-widget-container\">\n\t\t\t\t\t\t\t<p class=\"text-node\" data-pm-slice=\"1 1 []\">UVAS Trading offers a selection of European wines and New World wines, promoted exclusively through the wine education program, providing the best services in terms of wine knowledge, delivery experience, and wine tasting.<\/p>\t\t\t\t\t\t<\/div>\n\t\t\t\t<\/div>\n\t\t\t\t<\/div>\n\t\t<div class=\"elementor-element elementor-element-53f2dbf e-con-full e-flex e-con e-child\" data-id=\"53f2dbf\" data-element_type=\"container\">\n\t\t\t\t<div class=\"elementor-element elementor-element-508823a elementor-widget elementor-widget-heading\" data-id=\"508823a\" data-element_type=\"widget\" data-widget_type=\"heading.default\">\n\t\t\t\t<div class=\"elementor-widget-container\">\n\t\t\t<h3 class=\"elementor-heading-title elementor-size-default\">Portfolio<\/h3>\t\t<\/div>\n\t\t\t\t<\/div>\n\t\t\t\t<div class=\"elementor-element elementor-element-a7d26f4 elementor-widget elementor-widget-text-editor\" data-id=\"a7d26f4\" data-element_type=\"widget\" data-widget_type=\"text-editor.default\">\n\t\t\t\t<div class=\"elementor-widget-container\">\n\t\t\t\t\t\t\t<p class=\"text-node\" data-pm-slice=\"1 1 []\">Since the start of its operations in September 2022, UVAS Trading has managed to build a solid catalog that covers more than 150 references from 25 brands, mainly wineries from France, Italy, and Spain but also from the New World.<\/p>\t\t\t\t\t\t<\/div>\n\t\t\t\t<\/div>\n\t\t\t\t<\/div>\n\t\t\t\t\t<\/div>\n\t\t\t\t<\/div>\n\t\t<div class=\"elementor-element elementor-element-40fbbff e-flex e-con-boxed e-con e-parent\" data-id=\"40fbbff\" data-element_type=\"container\">\n\t\t\t\t\t<div class=\"e-con-inner\">\n\t\t<div class=\"elementor-element elementor-element-c924e49 container-nosotros e-flex e-con-boxed e-con e-child\" data-id=\"c924e49\" data-element_type=\"container\" data-settings=\"{&quot;background_background&quot;:&quot;classic&quot;}\">\n\t\t\t\t\t<div class=\"e-con-inner\">\n\t\t<div class=\"elementor-element elementor-element-856bbe1 contenedores e-flex e-con-boxed e-con e-child\" data-id=\"856bbe1\" data-element_type=\"container\" data-settings=\"{&quot;background_background&quot;:&quot;classic&quot;}\">\n\t\t\t\t\t<div class=\"e-con-inner\">\n\t\t\t\t<div class=\"elementor-element elementor-element-9ef4156 elementor-widget elementor-widget-heading\" data-id=\"9ef4156\" data-element_type=\"widget\" data-widget_type=\"heading.default\">\n\t\t\t\t<div class=\"elementor-widget-container\">\n\t\t\t<p class=\"elementor-heading-title elementor-size-default\">+20<\/p>\t\t<\/div>\n\t\t\t\t<\/div>\n\t\t\t\t<div class=\"elementor-element elementor-element-bde0a10 elementor-widget elementor-widget-heading\" data-id=\"bde0a10\" data-element_type=\"widget\" data-widget_type=\"heading.default\">\n\t\t\t\t<div class=\"elementor-widget-container\">\n\t\t\t<p class=\"elementor-heading-title elementor-size-default\">Years of experience<\/p>\t\t<\/div>\n\t\t\t\t<\/div>\n\t\t\t\t\t<\/div>\n\t\t\t\t<\/div>\n\t\t<div class=\"elementor-element elementor-element-c6f6625 e-con-full elementor-hidden-tablet elementor-hidden-mobile e-flex e-con e-child\" data-id=\"c6f6625\" data-element_type=\"container\" data-settings=\"{&quot;background_background&quot;:&quot;classic&quot;}\">\n\t\t\t\t<\/div>\n\t\t<div class=\"elementor-element elementor-element-b612199 e-flex e-con-boxed e-con e-child\" data-id=\"b612199\" data-element_type=\"container\" data-settings=\"{&quot;background_background&quot;:&quot;classic&quot;}\">\n\t\t\t\t\t<div class=\"e-con-inner\">\n\t\t\t\t<div class=\"elementor-element elementor-element-3cf0ae4 elementor-widget elementor-widget-heading\" data-id=\"3cf0ae4\" data-element_type=\"widget\" data-widget_type=\"heading.default\">\n\t\t\t\t<div class=\"elementor-widget-container\">\n\t\t\t<p class=\"elementor-heading-title elementor-size-default\">+80<\/p>\t\t<\/div>\n\t\t\t\t<\/div>\n\t\t\t\t<div class=\"elementor-element elementor-element-4bc9478 elementor-widget elementor-widget-heading\" data-id=\"4bc9478\" data-element_type=\"widget\" data-widget_type=\"heading.default\">\n\t\t\t\t<div class=\"elementor-widget-container\">\n\t\t\t<p class=\"elementor-heading-title elementor-size-default\">Best wine families<\/p>\t\t<\/div>\n\t\t\t\t<\/div>\n\t\t\t\t\t<\/div>\n\t\t\t\t<\/div>\n\t\t<div class=\"elementor-element elementor-element-86f9098 e-con-full elementor-hidden-tablet elementor-hidden-mobile e-flex e-con e-child\" data-id=\"86f9098\" data-element_type=\"container\" data-settings=\"{&quot;background_background&quot;:&quot;classic&quot;}\">\n\t\t\t\t<\/div>\n\t\t<div class=\"elementor-element elementor-element-859bbf6 e-flex e-con-boxed e-con e-child\" data-id=\"859bbf6\" data-element_type=\"container\" data-settings=\"{&quot;background_background&quot;:&quot;classic&quot;}\">\n\t\t\t\t\t<div class=\"e-con-inner\">\n\t\t\t\t<div class=\"elementor-element elementor-element-33a7cb9 elementor-widget elementor-widget-heading\" data-id=\"33a7cb9\" data-element_type=\"widget\" data-widget_type=\"heading.default\">\n\t\t\t\t<div class=\"elementor-widget-container\">\n\t\t\t<p class=\"elementor-heading-title elementor-size-default\">+15<\/p>\t\t<\/div>\n\t\t\t\t<\/div>\n\t\t\t\t<div class=\"elementor-element elementor-element-397ac51 elementor-widget elementor-widget-heading\" data-id=\"397ac51\" data-element_type=\"widget\" data-widget_type=\"heading.default\">\n\t\t\t\t<div class=\"elementor-widget-container\">\n\t\t\t<p class=\"elementor-heading-title elementor-size-default\">Countries <br>of origin<\/p>\t\t<\/div>\n\t\t\t\t<\/div>\n\t\t\t\t\t<\/div>\n\t\t\t\t<\/div>\n\t\t<div class=\"elementor-element elementor-element-d3c7b25 e-con-full elementor-hidden-tablet elementor-hidden-mobile e-flex e-con e-child\" data-id=\"d3c7b25\" data-element_type=\"container\" data-settings=\"{&quot;background_background&quot;:&quot;classic&quot;}\">\n\t\t\t\t<\/div>\n\t\t<div class=\"elementor-element elementor-element-f510711 e-flex e-con-boxed e-con e-child\" data-id=\"f510711\" data-element_type=\"container\" data-settings=\"{&quot;background_background&quot;:&quot;classic&quot;}\">\n\t\t\t\t\t<div class=\"e-con-inner\">\n\t\t\t\t<div class=\"elementor-element elementor-element-33c0aec elementor-widget elementor-widget-heading\" data-id=\"33c0aec\" data-element_type=\"widget\" data-widget_type=\"heading.default\">\n\t\t\t\t<div class=\"elementor-widget-container\">\n\t\t\t<p class=\"elementor-heading-title elementor-size-default\">+150<\/p>\t\t<\/div>\n\t\t\t\t<\/div>\n\t\t\t\t<div class=\"elementor-element elementor-element-3d1791f elementor-widget elementor-widget-heading\" data-id=\"3d1791f\" data-element_type=\"widget\" data-widget_type=\"heading.default\">\n\t\t\t\t<div class=\"elementor-widget-container\">\n\t\t\t<p class=\"elementor-heading-title elementor-size-default\">Premium products<\/p>\t\t<\/div>\n\t\t\t\t<\/div>\n\t\t\t\t\t<\/div>\n\t\t\t\t<\/div>\n\t\t\t\t\t<\/div>\n\t\t\t\t<\/div>\n\t\t\t\t\t<\/div>\n\t\t\t\t<\/div>\n\t\t<div class=\"elementor-element elementor-element-1b6cb42 elementor-hidden-mobile e-flex e-con-boxed e-con e-parent\" data-id=\"1b6cb42\" data-element_type=\"container\" data-settings=\"{&quot;background_background&quot;:&quot;classic&quot;}\">\n\t\t\t\t\t<div class=\"e-con-inner\">\n\t\t<div class=\"elementor-element elementor-element-5487da7 e-con-full e-flex e-con e-child\" data-id=\"5487da7\" data-element_type=\"container\">\n\t\t\t\t<\/div>\n\t\t<div class=\"elementor-element elementor-element-9f649fa e-con-full e-flex e-con e-child\" data-id=\"9f649fa\" data-element_type=\"container\">\n\t\t\t\t<\/div>\n\t\t\t\t\t<\/div>\n\t\t\t\t<\/div>\n\t\t<div class=\"elementor-element elementor-element-f6e4c7f e-flex e-con-boxed e-con e-parent\" data-id=\"f6e4c7f\" data-element_type=\"container\" data-settings=\"{&quot;background_background&quot;:&quot;classic&quot;}\">\n\t\t\t\t\t<div class=\"e-con-inner\">\n\t\t\t\t<div class=\"elementor-element elementor-element-ff49132 elementor-widget elementor-widget-heading\" data-id=\"ff49132\" data-element_type=\"widget\" data-widget_type=\"heading.default\">\n\t\t\t\t<div class=\"elementor-widget-container\">\n\t\t\t<h3 class=\"elementor-heading-title elementor-size-default\">WE ADVISE YOU!<\/h3>\t\t<\/div>\n\t\t\t\t<\/div>\n\t\t\t\t<div class=\"elementor-element elementor-element-c8c2da0 elementor-widget__width-initial elementor-widget elementor-widget-heading\" data-id=\"c8c2da0\" data-element_type=\"widget\" data-widget_type=\"heading.default\">\n\t\t\t\t<div class=\"elementor-widget-container\">\n\t\t\t<p class=\"elementor-heading-title elementor-size-default\">Are you looking for the perfect wine? Contact us through the WhatsApp button to receive personalized advice and choose the best wine for you. At Uvas Trading, we are ready to help you!<\/p>\t\t<\/div>\n\t\t\t\t<\/div>\n\t\t\t\t\t<\/div>\n\t\t\t\t<\/div>\n\t\t\t\t<\/div>","protected":false},"excerpt":{"rendered":"<p>Creaci\u00f3n Uvas Trading se fund\u00f3 en 2022 y aunque la empresa es joven, la experiencia en la industria es larga. Los fundadores de UVAS Trading tienen m\u00e1s de 20 a\u00f1os de experiencia en el sector y desarrollaron una de las mayores empresas distribuidoras de vino en China durante los \u00faltimos 20 a\u00f1os (EMW fine wine). [&hellip;]<\/p>","protected":false},"author":1,"featured_media":0,"parent":0,"menu_order":0,"comment_status":"closed","ping_status":"closed","template":"","meta":{"_acf_changed":false,"om_disable_all_campaigns":false,"inline_featured_image":false,"_monsterinsights_skip_tracking":false,"_monsterinsights_sitenote_active":false,"_monsterinsights_sitenote_note":"","_monsterinsights_sitenote_category":0,"_joinchat":[],"footnotes":""},"class_list":["post-26","page","type-page","status-publish","hentry"],"acf":[],"yoast_head":"<!-- This site is optimized with the Yoast SEO plugin v26.6 - https:\/\/yoast.com\/wordpress\/plugins\/seo\/ -->\n<title>Sobre nosotros - UVAS Trading<\/title>\n<meta name=\"robots\" content=\"index, follow, max-snippet:-1, max-image-preview:large, max-video-preview:-1\" \/>\n<link rel=\"canonical\" href=\"https:\/\/uvastrading.es\/en\/sobre-nosotros\/\" \/>\n<meta property=\"og:locale\" content=\"en_US\" \/>\n<meta property=\"og:type\" content=\"article\" \/>\n<meta property=\"og:title\" content=\"Sobre nosotros - UVAS Trading\" \/>\n<meta property=\"og:description\" content=\"Creaci\u00f3n Uvas Trading se fund\u00f3 en 2022 y aunque la empresa es joven, la experiencia en la industria es larga. Los fundadores de UVAS Trading tienen m\u00e1s de 20 a\u00f1os de experiencia en el sector y desarrollaron una de las mayores empresas distribuidoras de vino en China durante los \u00faltimos 20 a\u00f1os (EMW fine wine). [&hellip;]\" \/>\n<meta property=\"og:url\" content=\"https:\/\/uvastrading.es\/en\/sobre-nosotros\/\" \/>\n<meta property=\"og:site_name\" content=\"UVAS Trading\" \/>\n<meta property=\"article:modified_time\" content=\"2024-10-25T14:50:33+00:00\" \/>\n<meta property=\"og:image\" content=\"https:\/\/uvastrading.es\/wp-content\/uploads\/2023\/10\/cropped-Recurso-3.png\" \/>\n\t<meta property=\"og:image:width\" content=\"231\" \/>\n\t<meta property=\"og:image:height\" content=\"75\" \/>\n\t<meta property=\"og:image:type\" content=\"image\/png\" \/>\n<meta name=\"twitter:card\" content=\"summary_large_image\" \/>\n<meta name=\"twitter:label1\" content=\"Est. reading time\" \/>\n\t<meta name=\"twitter:data1\" content=\"2 minutes\" \/>\n<script type=\"application\/ld+json\" class=\"yoast-schema-graph\">{\"@context\":\"https:\/\/schema.org\",\"@graph\":[{\"@type\":\"WebPage\",\"@id\":\"https:\/\/uvastrading.es\/sobre-nosotros\/\",\"url\":\"https:\/\/uvastrading.es\/sobre-nosotros\/\",\"name\":\"Sobre nosotros - UVAS Trading\",\"isPartOf\":{\"@id\":\"https:\/\/uvastrading.es\/#website\"},\"primaryImageOfPage\":{\"@id\":\"https:\/\/uvastrading.es\/sobre-nosotros\/#primaryimage\"},\"image\":{\"@id\":\"https:\/\/uvastrading.es\/sobre-nosotros\/#primaryimage\"},\"thumbnailUrl\":\"https:\/\/uvastrading.es\/wp-content\/uploads\/2023\/10\/cropped-Recurso-3.png\",\"datePublished\":\"2023-10-10T15:52:47+00:00\",\"dateModified\":\"2024-10-25T14:50:33+00:00\",\"breadcrumb\":{\"@id\":\"https:\/\/uvastrading.es\/sobre-nosotros\/#breadcrumb\"},\"inLanguage\":\"en-US\",\"potentialAction\":[{\"@type\":\"ReadAction\",\"target\":[\"https:\/\/uvastrading.es\/sobre-nosotros\/\"]}]},{\"@type\":\"ImageObject\",\"inLanguage\":\"en-US\",\"@id\":\"https:\/\/uvastrading.es\/sobre-nosotros\/#primaryimage\",\"url\":\"https:\/\/uvastrading.es\/wp-content\/uploads\/2023\/10\/cropped-Recurso-3.png\",\"contentUrl\":\"https:\/\/uvastrading.es\/wp-content\/uploads\/2023\/10\/cropped-Recurso-3.png\"},{\"@type\":\"BreadcrumbList\",\"@id\":\"https:\/\/uvastrading.es\/sobre-nosotros\/#breadcrumb\",\"itemListElement\":[{\"@type\":\"ListItem\",\"position\":1,\"name\":\"Home\",\"item\":\"https:\/\/uvastrading.es\/\"},{\"@type\":\"ListItem\",\"position\":2,\"name\":\"Sobre nosotros\"}]},{\"@type\":\"WebSite\",\"@id\":\"https:\/\/uvastrading.es\/#website\",\"url\":\"https:\/\/uvastrading.es\/\",\"name\":\"UVAS Trading\",\"description\":\"Importador y distribuidor exclusivo de bodegas familiares y de renombre de 25 regiones vitivin\u00edcolas de todo el mundo.\",\"publisher\":{\"@id\":\"https:\/\/uvastrading.es\/#organization\"},\"alternateName\":\"Inicio - UVAS Trading\",\"potentialAction\":[{\"@type\":\"SearchAction\",\"target\":{\"@type\":\"EntryPoint\",\"urlTemplate\":\"https:\/\/uvastrading.es\/?s={search_term_string}\"},\"query-input\":{\"@type\":\"PropertyValueSpecification\",\"valueRequired\":true,\"valueName\":\"search_term_string\"}}],\"inLanguage\":\"en-US\"},{\"@type\":\"Organization\",\"@id\":\"https:\/\/uvastrading.es\/#organization\",\"name\":\"UVAS Trading\",\"alternateName\":\"UVAS Trading\",\"url\":\"https:\/\/uvastrading.es\/\",\"logo\":{\"@type\":\"ImageObject\",\"inLanguage\":\"en-US\",\"@id\":\"https:\/\/uvastrading.es\/#\/schema\/logo\/image\/\",\"url\":\"https:\/\/uvastrading.es\/wp-content\/uploads\/2024\/07\/cropped-IMAGOTIPO-COLOR-1.jpg\",\"contentUrl\":\"https:\/\/uvastrading.es\/wp-content\/uploads\/2024\/07\/cropped-IMAGOTIPO-COLOR-1.jpg\",\"width\":2195,\"height\":1901,\"caption\":\"UVAS Trading\"},\"image\":{\"@id\":\"https:\/\/uvastrading.es\/#\/schema\/logo\/image\/\"}}]}<\/script>\n<!-- \/ Yoast SEO plugin. -->","yoast_head_json":{"title":"Sobre nosotros - UVAS Trading","robots":{"index":"index","follow":"follow","max-snippet":"max-snippet:-1","max-image-preview":"max-image-preview:large","max-video-preview":"max-video-preview:-1"},"canonical":"https:\/\/uvastrading.es\/en\/sobre-nosotros\/","og_locale":"en_US","og_type":"article","og_title":"Sobre nosotros - UVAS Trading","og_description":"Creaci\u00f3n Uvas Trading se fund\u00f3 en 2022 y aunque la empresa es joven, la experiencia en la industria es larga. Los fundadores de UVAS Trading tienen m\u00e1s de 20 a\u00f1os de experiencia en el sector y desarrollaron una de las mayores empresas distribuidoras de vino en China durante los \u00faltimos 20 a\u00f1os (EMW fine wine). [&hellip;]","og_url":"https:\/\/uvastrading.es\/en\/sobre-nosotros\/","og_site_name":"UVAS Trading","article_modified_time":"2024-10-25T14:50:33+00:00","og_image":[{"width":231,"height":75,"url":"https:\/\/uvastrading.es\/wp-content\/uploads\/2023\/10\/cropped-Recurso-3.png","type":"image\/png"}],"twitter_card":"summary_large_image","twitter_misc":{"Est. reading time":"2 minutes"},"schema":{"@context":"https:\/\/schema.org","@graph":[{"@type":"WebPage","@id":"https:\/\/uvastrading.es\/sobre-nosotros\/","url":"https:\/\/uvastrading.es\/sobre-nosotros\/","name":"Sobre nosotros - UVAS Trading","isPartOf":{"@id":"https:\/\/uvastrading.es\/#website"},"primaryImageOfPage":{"@id":"https:\/\/uvastrading.es\/sobre-nosotros\/#primaryimage"},"image":{"@id":"https:\/\/uvastrading.es\/sobre-nosotros\/#primaryimage"},"thumbnailUrl":"https:\/\/uvastrading.es\/wp-content\/uploads\/2023\/10\/cropped-Recurso-3.png","datePublished":"2023-10-10T15:52:47+00:00","dateModified":"2024-10-25T14:50:33+00:00","breadcrumb":{"@id":"https:\/\/uvastrading.es\/sobre-nosotros\/#breadcrumb"},"inLanguage":"en-US","potentialAction":[{"@type":"ReadAction","target":["https:\/\/uvastrading.es\/sobre-nosotros\/"]}]},{"@type":"ImageObject","inLanguage":"en-US","@id":"https:\/\/uvastrading.es\/sobre-nosotros\/#primaryimage","url":"https:\/\/uvastrading.es\/wp-content\/uploads\/2023\/10\/cropped-Recurso-3.png","contentUrl":"https:\/\/uvastrading.es\/wp-content\/uploads\/2023\/10\/cropped-Recurso-3.png"},{"@type":"BreadcrumbList","@id":"https:\/\/uvastrading.es\/sobre-nosotros\/#breadcrumb","itemListElement":[{"@type":"ListItem","position":1,"name":"Home","item":"https:\/\/uvastrading.es\/"},{"@type":"ListItem","position":2,"name":"Sobre nosotros"}]},{"@type":"WebSite","@id":"https:\/\/uvastrading.es\/#website","url":"https:\/\/uvastrading.es\/","name":"UVAS Trading","description":"Importador y distribuidor exclusivo de bodegas familiares y de renombre de 25 regiones vitivin\u00edcolas de todo el mundo.","publisher":{"@id":"https:\/\/uvastrading.es\/#organization"},"alternateName":"Inicio - UVAS Trading","potentialAction":[{"@type":"SearchAction","target":{"@type":"EntryPoint","urlTemplate":"https:\/\/uvastrading.es\/?s={search_term_string}"},"query-input":{"@type":"PropertyValueSpecification","valueRequired":true,"valueName":"search_term_string"}}],"inLanguage":"en-US"},{"@type":"Organization","@id":"https:\/\/uvastrading.es\/#organization","name":"UVAS Trading","alternateName":"UVAS Trading","url":"https:\/\/uvastrading.es\/","logo":{"@type":"ImageObject","inLanguage":"en-US","@id":"https:\/\/uvastrading.es\/#\/schema\/logo\/image\/","url":"https:\/\/uvastrading.es\/wp-content\/uploads\/2024\/07\/cropped-IMAGOTIPO-COLOR-1.jpg","contentUrl":"https:\/\/uvastrading.es\/wp-content\/uploads\/2024\/07\/cropped-IMAGOTIPO-COLOR-1.jpg","width":2195,"height":1901,"caption":"UVAS Trading"},"image":{"@id":"https:\/\/uvastrading.es\/#\/schema\/logo\/image\/"}}]}},"_links":{"self":[{"href":"https:\/\/uvastrading.es\/en\/wp-json\/wp\/v2\/pages\/26","targetHints":{"allow":["GET"]}}],"collection":[{"href":"https:\/\/uvastrading.es\/en\/wp-json\/wp\/v2\/pages"}],"about":[{"href":"https:\/\/uvastrading.es\/en\/wp-json\/wp\/v2\/types\/page"}],"author":[{"embeddable":true,"href":"https:\/\/uvastrading.es\/en\/wp-json\/wp\/v2\/users\/1"}],"replies":[{"embeddable":true,"href":"https:\/\/uvastrading.es\/en\/wp-json\/wp\/v2\/comments?post=26"}],"version-history":[{"count":9,"href":"https:\/\/uvastrading.es\/en\/wp-json\/wp\/v2\/pages\/26\/revisions"}],"predecessor-version":[{"id":13258,"href":"https:\/\/uvastrading.es\/en\/wp-json\/wp\/v2\/pages\/26\/revisions\/13258"}],"wp:attachment":[{"href":"https:\/\/uvastrading.es\/en\/wp-json\/wp\/v2\/media?parent=26"}],"curies":[{"name":"wp","href":"https:\/\/api.w.org\/{rel}","templated":true}]}}