
{"id":14383,"date":"2025-01-29T14:06:02","date_gmt":"2025-01-29T14:06:02","guid":{"rendered":"https:\/\/uvastrading.es\/?page_id=14383"},"modified":"2025-01-29T14:14:02","modified_gmt":"2025-01-29T14:14:02","slug":"aviso-legal","status":"publish","type":"page","link":"https:\/\/uvastrading.es\/en\/aviso-legal\/","title":{"rendered":"Aviso legal"},"content":{"rendered":"<div data-elementor-type=\"wp-page\" data-elementor-id=\"14383\" class=\"elementor elementor-14383\" data-elementor-post-type=\"page\">\n\t\t\t\t<div class=\"elementor-element elementor-element-e263ab4 e-flex e-con-boxed e-con e-parent\" data-id=\"e263ab4\" data-element_type=\"container\">\n\t\t\t\t\t<div class=\"e-con-inner\">\n\t\t\t\t<div class=\"elementor-element elementor-element-ccbc993 elementor-widget elementor-widget-heading\" data-id=\"ccbc993\" data-element_type=\"widget\" data-widget_type=\"heading.default\">\n\t\t\t\t<div class=\"elementor-widget-container\">\n\t\t\t<h2 class=\"elementor-heading-title elementor-size-default\">AVISO LEGAL<\/h2>\t\t<\/div>\n\t\t\t\t<\/div>\n\t\t\t\t\t<\/div>\n\t\t\t\t<\/div>\n\t\t<div class=\"elementor-element elementor-element-7b5f9b8a e-flex e-con-boxed e-con e-parent\" data-id=\"7b5f9b8a\" data-element_type=\"container\">\n\t\t\t\t\t<div class=\"e-con-inner\">\n\t\t\t\t<div class=\"elementor-element elementor-element-15e2627e elementor-widget elementor-widget-text-editor\" data-id=\"15e2627e\" data-element_type=\"widget\" data-widget_type=\"text-editor.default\">\n\t\t\t\t<div class=\"elementor-widget-container\">\n\t\t\t\t\t\t\t<ol><li><b> INFORMACI\u00d3N GENERAL<\/b><span style=\"font-weight: 400;\"> De conformidad con el deber de informaci\u00f3n recogido en el art\u00edculo 10 de la Ley 34\/2002, de 11 de julio, de Servicios de la Sociedad de la Informaci\u00f3n y de Comercio Electr\u00f3nico (LSSICE), a continuaci\u00f3n, se reflejan los datos identificativos de la empresa:<\/span><\/li><\/ol><ul><li style=\"font-weight: 400;\" aria-level=\"1\"><b>Raz\u00f3n social<\/b><span style=\"font-weight: 400;\">: BRING IT IN SL<\/span><\/li><li style=\"font-weight: 400;\" aria-level=\"1\"><b>CIF<\/b><span style=\"font-weight: 400;\">: B72476831<\/span><\/li><li style=\"font-weight: 400;\" aria-level=\"1\"><b>Domicilio fiscal<\/b><span style=\"font-weight: 400;\">: Calle N\u00fa\u00f1ez de Balboa 56 &#8211; Semi-basement 2, 28001 Madrid, Espa\u00f1a<\/span><\/li><li style=\"font-weight: 400;\" aria-level=\"1\"><b>Domicilio del almac\u00e9n<\/b><span style=\"font-weight: 400;\">: Avenue of Albufera, 321, Unit 2, Puente de Vallecas, 28038 Madrid, Espa\u00f1a<\/span><\/li><li style=\"font-weight: 400;\" aria-level=\"1\"><b>Email<\/b><span style=\"font-weight: 400;\">: <a href=\"mailto:info@uvastrading.com\">info@uvastrading.com<\/a><\/span><\/li><li style=\"font-weight: 400;\" aria-level=\"1\"><b>Tel\u00e9fono de contacto<\/b><span style=\"font-weight: 400;\">:\u00a0<\/span><a href=\"http:\/\/tel:+34 608699957\" target=\"_blank\" rel=\"noopener\">+34 608699957<\/a><\/li><\/ul><ol start=\"2\"><li><b> OBJETO<\/b><span style=\"font-weight: 400;\"> El presente aviso legal regula el uso del sitio web www.uvastrading.com, del que es titular BRING IT IN SL. La navegaci\u00f3n en este sitio web le otorga la condici\u00f3n de usuario e implica la aceptaci\u00f3n plena y sin reservas de todas y cada una de las disposiciones incluidas en este Aviso Legal, pudiendo ser modificado sin previo aviso por BRING IT IN SL.<\/span><\/li><li><b> CONDICIONES DE USO<\/b><span style=\"font-weight: 400;\"> El usuario se compromete a hacer un uso adecuado del contenido y los servicios ofrecidos a trav\u00e9s de este sitio web y a no emplearlos para actividades il\u00edcitas, ilegales o contrarias a la buena fe y al orden p\u00fablico. Asimismo, se proh\u00edbe su reproducci\u00f3n, distribuci\u00f3n o modificaci\u00f3n sin la debida autorizaci\u00f3n del titular.<\/span><\/li><li><b> PROTECCI\u00d3N DE DATOS<\/b><span style=\"font-weight: 400;\"> BRING IT IN SL cumple con la normativa vigente en materia de protecci\u00f3n de datos personales, de acuerdo con el Reglamento General de Protecci\u00f3n de Datos (RGPD) y la Ley Org\u00e1nica de Protecci\u00f3n de Datos Personales y garant\u00eda de los derechos digitales (LOPDGDD). Para m\u00e1s informaci\u00f3n sobre el tratamiento de datos personales, consulte nuestra Pol\u00edtica de Privacidad.<\/span><\/li><li><b> PROPIEDAD INTELECTUAL E INDUSTRIAL<\/b><span style=\"font-weight: 400;\"> Todos los derechos de propiedad intelectual e industrial del sitio web, as\u00ed como de los elementos contenidos en el mismo (textos, im\u00e1genes, logotipos, c\u00f3digo fuente, etc.), pertenecen a BRING IT IN SL o, en su caso, a terceros que han autorizado su uso. Queda estrictamente prohibida su reproducci\u00f3n, distribuci\u00f3n o modificaci\u00f3n sin autorizaci\u00f3n expresa del titular.<\/span><\/li><li><b> RESPONSABILIDAD<\/b><span style=\"font-weight: 400;\"> BRING IT IN SL no se hace responsable del uso indebido que se realice del contenido del sitio web, ni de los da\u00f1os o perjuicios que puedan derivarse del acceso o uso de la informaci\u00f3n contenida en el mismo. Adem\u00e1s, no se garantiza la ausencia de virus u otros elementos que puedan producir alteraciones en los sistemas inform\u00e1ticos de los usuarios.<\/span><\/li><li><b> LEGISLACI\u00d3N APLICABLE Y JURISDICCI\u00d3N<\/b><span style=\"font-weight: 400;\"> Para la resoluci\u00f3n de cualquier conflicto o controversia relacionada con este sitio web o las actividades en \u00e9l desarrolladas, ser\u00e1 de aplicaci\u00f3n la legislaci\u00f3n espa\u00f1ola. Las partes se someten expresamente a los juzgados y tribunales de Madrid, Espa\u00f1a, con renuncia a cualquier otro fuero que pudiera corresponderles.<\/span><\/li><\/ol><p><span style=\"font-weight: 400;\">Para cualquier duda o consulta sobre este Aviso Legal, puede contactar con nosotros a trav\u00e9s del correo electr\u00f3nico <a href=\"mailto:info@uvastrading.com\">info@uvastrading.com<\/a>.<\/span><\/p>\t\t\t\t\t\t<\/div>\n\t\t\t\t<\/div>\n\t\t\t\t\t<\/div>\n\t\t\t\t<\/div>\n\t\t\t\t<\/div>","protected":false},"excerpt":{"rendered":"<p>AVISO LEGAL INFORMACI\u00d3N GENERAL De conformidad con el deber de informaci\u00f3n recogido en el art\u00edculo 10 de la Ley 34\/2002, de 11 de julio, de Servicios de la Sociedad de la Informaci\u00f3n y de Comercio Electr\u00f3nico (LSSICE), a continuaci\u00f3n, se reflejan los datos identificativos de la empresa: Raz\u00f3n social: BRING IT IN SL CIF: B72476831 [&hellip;]<\/p>","protected":false},"author":1,"featured_media":0,"parent":0,"menu_order":0,"comment_status":"closed","ping_status":"closed","template":"","meta":{"_acf_changed":false,"om_disable_all_campaigns":false,"inline_featured_image":false,"_monsterinsights_skip_tracking":false,"_monsterinsights_sitenote_active":false,"_monsterinsights_sitenote_note":"","_monsterinsights_sitenote_category":0,"_joinchat":[],"footnotes":""},"class_list":["post-14383","page","type-page","status-publish","hentry"],"acf":[],"yoast_head":"<!-- This site is optimized with the Yoast SEO plugin v26.6 - https:\/\/yoast.com\/wordpress\/plugins\/seo\/ -->\n<title>Aviso legal - UVAS Trading<\/title>\n<meta name=\"robots\" content=\"index, follow, max-snippet:-1, max-image-preview:large, max-video-preview:-1\" \/>\n<link rel=\"canonical\" href=\"https:\/\/uvastrading.es\/en\/aviso-legal\/\" \/>\n<meta property=\"og:locale\" content=\"en_US\" \/>\n<meta property=\"og:type\" content=\"article\" \/>\n<meta property=\"og:title\" content=\"Aviso legal - UVAS Trading\" \/>\n<meta property=\"og:description\" content=\"AVISO LEGAL INFORMACI\u00d3N GENERAL De conformidad con el deber de informaci\u00f3n recogido en el art\u00edculo 10 de la Ley 34\/2002, de 11 de julio, de Servicios de la Sociedad de la Informaci\u00f3n y de Comercio Electr\u00f3nico (LSSICE), a continuaci\u00f3n, se reflejan los datos identificativos de la empresa: Raz\u00f3n social: BRING IT IN SL CIF: B72476831 [&hellip;]\" \/>\n<meta property=\"og:url\" content=\"https:\/\/uvastrading.es\/en\/aviso-legal\/\" \/>\n<meta property=\"og:site_name\" content=\"UVAS Trading\" \/>\n<meta property=\"article:modified_time\" content=\"2025-01-29T14:14:02+00:00\" \/>\n<meta property=\"og:image\" content=\"https:\/\/uvastrading.es\/wp-content\/uploads\/2024\/07\/cropped-IMAGOTIPO-COLOR-1.jpg\" \/>\n\t<meta property=\"og:image:width\" content=\"2195\" \/>\n\t<meta property=\"og:image:height\" content=\"1901\" \/>\n\t<meta property=\"og:image:type\" content=\"image\/jpeg\" \/>\n<meta name=\"twitter:card\" content=\"summary_large_image\" \/>\n<meta name=\"twitter:label1\" content=\"Est. reading time\" \/>\n\t<meta name=\"twitter:data1\" content=\"3 minutes\" \/>\n<script type=\"application\/ld+json\" class=\"yoast-schema-graph\">{\"@context\":\"https:\/\/schema.org\",\"@graph\":[{\"@type\":\"WebPage\",\"@id\":\"https:\/\/uvastrading.es\/aviso-legal\/\",\"url\":\"https:\/\/uvastrading.es\/aviso-legal\/\",\"name\":\"Aviso legal - UVAS Trading\",\"isPartOf\":{\"@id\":\"https:\/\/uvastrading.es\/#website\"},\"datePublished\":\"2025-01-29T14:06:02+00:00\",\"dateModified\":\"2025-01-29T14:14:02+00:00\",\"breadcrumb\":{\"@id\":\"https:\/\/uvastrading.es\/aviso-legal\/#breadcrumb\"},\"inLanguage\":\"en-US\",\"potentialAction\":[{\"@type\":\"ReadAction\",\"target\":[\"https:\/\/uvastrading.es\/aviso-legal\/\"]}]},{\"@type\":\"BreadcrumbList\",\"@id\":\"https:\/\/uvastrading.es\/aviso-legal\/#breadcrumb\",\"itemListElement\":[{\"@type\":\"ListItem\",\"position\":1,\"name\":\"Home\",\"item\":\"https:\/\/uvastrading.es\/\"},{\"@type\":\"ListItem\",\"position\":2,\"name\":\"Aviso legal\"}]},{\"@type\":\"WebSite\",\"@id\":\"https:\/\/uvastrading.es\/#website\",\"url\":\"https:\/\/uvastrading.es\/\",\"name\":\"UVAS Trading\",\"description\":\"Importador y distribuidor exclusivo de bodegas familiares y de renombre de 25 regiones vitivin\u00edcolas de todo el mundo.\",\"publisher\":{\"@id\":\"https:\/\/uvastrading.es\/#organization\"},\"alternateName\":\"Inicio - UVAS Trading\",\"potentialAction\":[{\"@type\":\"SearchAction\",\"target\":{\"@type\":\"EntryPoint\",\"urlTemplate\":\"https:\/\/uvastrading.es\/?s={search_term_string}\"},\"query-input\":{\"@type\":\"PropertyValueSpecification\",\"valueRequired\":true,\"valueName\":\"search_term_string\"}}],\"inLanguage\":\"en-US\"},{\"@type\":\"Organization\",\"@id\":\"https:\/\/uvastrading.es\/#organization\",\"name\":\"UVAS Trading\",\"alternateName\":\"UVAS Trading\",\"url\":\"https:\/\/uvastrading.es\/\",\"logo\":{\"@type\":\"ImageObject\",\"inLanguage\":\"en-US\",\"@id\":\"https:\/\/uvastrading.es\/#\/schema\/logo\/image\/\",\"url\":\"https:\/\/uvastrading.es\/wp-content\/uploads\/2024\/07\/cropped-IMAGOTIPO-COLOR-1.jpg\",\"contentUrl\":\"https:\/\/uvastrading.es\/wp-content\/uploads\/2024\/07\/cropped-IMAGOTIPO-COLOR-1.jpg\",\"width\":2195,\"height\":1901,\"caption\":\"UVAS Trading\"},\"image\":{\"@id\":\"https:\/\/uvastrading.es\/#\/schema\/logo\/image\/\"}}]}<\/script>\n<!-- \/ Yoast SEO plugin. -->","yoast_head_json":{"title":"Aviso legal - UVAS Trading","robots":{"index":"index","follow":"follow","max-snippet":"max-snippet:-1","max-image-preview":"max-image-preview:large","max-video-preview":"max-video-preview:-1"},"canonical":"https:\/\/uvastrading.es\/en\/aviso-legal\/","og_locale":"en_US","og_type":"article","og_title":"Aviso legal - UVAS Trading","og_description":"AVISO LEGAL INFORMACI\u00d3N GENERAL De conformidad con el deber de informaci\u00f3n recogido en el art\u00edculo 10 de la Ley 34\/2002, de 11 de julio, de Servicios de la Sociedad de la Informaci\u00f3n y de Comercio Electr\u00f3nico (LSSICE), a continuaci\u00f3n, se reflejan los datos identificativos de la empresa: Raz\u00f3n social: BRING IT IN SL CIF: B72476831 [&hellip;]","og_url":"https:\/\/uvastrading.es\/en\/aviso-legal\/","og_site_name":"UVAS Trading","article_modified_time":"2025-01-29T14:14:02+00:00","og_image":[{"width":2195,"height":1901,"url":"https:\/\/uvastrading.es\/wp-content\/uploads\/2024\/07\/cropped-IMAGOTIPO-COLOR-1.jpg","type":"image\/jpeg"}],"twitter_card":"summary_large_image","twitter_misc":{"Est. reading time":"3 minutes"},"schema":{"@context":"https:\/\/schema.org","@graph":[{"@type":"WebPage","@id":"https:\/\/uvastrading.es\/aviso-legal\/","url":"https:\/\/uvastrading.es\/aviso-legal\/","name":"Aviso legal - UVAS Trading","isPartOf":{"@id":"https:\/\/uvastrading.es\/#website"},"datePublished":"2025-01-29T14:06:02+00:00","dateModified":"2025-01-29T14:14:02+00:00","breadcrumb":{"@id":"https:\/\/uvastrading.es\/aviso-legal\/#breadcrumb"},"inLanguage":"en-US","potentialAction":[{"@type":"ReadAction","target":["https:\/\/uvastrading.es\/aviso-legal\/"]}]},{"@type":"BreadcrumbList","@id":"https:\/\/uvastrading.es\/aviso-legal\/#breadcrumb","itemListElement":[{"@type":"ListItem","position":1,"name":"Home","item":"https:\/\/uvastrading.es\/"},{"@type":"ListItem","position":2,"name":"Aviso legal"}]},{"@type":"WebSite","@id":"https:\/\/uvastrading.es\/#website","url":"https:\/\/uvastrading.es\/","name":"UVAS Trading","description":"Importador y distribuidor exclusivo de bodegas familiares y de renombre de 25 regiones vitivin\u00edcolas de todo el mundo.","publisher":{"@id":"https:\/\/uvastrading.es\/#organization"},"alternateName":"Inicio - UVAS Trading","potentialAction":[{"@type":"SearchAction","target":{"@type":"EntryPoint","urlTemplate":"https:\/\/uvastrading.es\/?s={search_term_string}"},"query-input":{"@type":"PropertyValueSpecification","valueRequired":true,"valueName":"search_term_string"}}],"inLanguage":"en-US"},{"@type":"Organization","@id":"https:\/\/uvastrading.es\/#organization","name":"UVAS Trading","alternateName":"UVAS Trading","url":"https:\/\/uvastrading.es\/","logo":{"@type":"ImageObject","inLanguage":"en-US","@id":"https:\/\/uvastrading.es\/#\/schema\/logo\/image\/","url":"https:\/\/uvastrading.es\/wp-content\/uploads\/2024\/07\/cropped-IMAGOTIPO-COLOR-1.jpg","contentUrl":"https:\/\/uvastrading.es\/wp-content\/uploads\/2024\/07\/cropped-IMAGOTIPO-COLOR-1.jpg","width":2195,"height":1901,"caption":"UVAS Trading"},"image":{"@id":"https:\/\/uvastrading.es\/#\/schema\/logo\/image\/"}}]}},"_links":{"self":[{"href":"https:\/\/uvastrading.es\/en\/wp-json\/wp\/v2\/pages\/14383","targetHints":{"allow":["GET"]}}],"collection":[{"href":"https:\/\/uvastrading.es\/en\/wp-json\/wp\/v2\/pages"}],"about":[{"href":"https:\/\/uvastrading.es\/en\/wp-json\/wp\/v2\/types\/page"}],"author":[{"embeddable":true,"href":"https:\/\/uvastrading.es\/en\/wp-json\/wp\/v2\/users\/1"}],"replies":[{"embeddable":true,"href":"https:\/\/uvastrading.es\/en\/wp-json\/wp\/v2\/comments?post=14383"}],"version-history":[{"count":7,"href":"https:\/\/uvastrading.es\/en\/wp-json\/wp\/v2\/pages\/14383\/revisions"}],"predecessor-version":[{"id":14393,"href":"https:\/\/uvastrading.es\/en\/wp-json\/wp\/v2\/pages\/14383\/revisions\/14393"}],"wp:attachment":[{"href":"https:\/\/uvastrading.es\/en\/wp-json\/wp\/v2\/media?parent=14383"}],"curies":[{"name":"wp","href":"https:\/\/api.w.org\/{rel}","templated":true}]}}